{"id":776,"date":"2021-12-18T15:47:30","date_gmt":"2021-12-18T12:47:30","guid":{"rendered":"https:\/\/myvize.com.tr\/meksika\/?page_id=776"},"modified":"2022-05-12T15:58:18","modified_gmt":"2022-05-12T12:58:18","slug":"meksika-turistik-vize-dilekce-ornegi","status":"publish","type":"page","link":"https:\/\/myvize.com.tr\/meksika\/meksika-turistik-vize-dilekce-ornegi\/","title":{"rendered":"Meksika Turistik Vize Dilek\u00e7e \u00d6rne\u011fi"},"content":{"rendered":"<h2><strong><span style=\"font-size: 27px; font-family: Roboto;\">Meksika Turistik Vize Dilek\u00e7e \u00d6rne\u011fi Hakk\u0131nda<\/span><\/strong><\/h2>\n","protected":false},"excerpt":{"rendered":"<p>Meksika Turistik Vize Dilek\u00e7e \u00d6rne\u011fi Hakk\u0131nda<\/p>\n","protected":false},"author":1,"featured_media":0,"parent":0,"menu_order":0,"comment_status":"closed","ping_status":"closed","template":"","meta":{"footnotes":""},"class_list":["post-776","page","type-page","status-publish","hentry"],"yoast_head":"<!-- This site is optimized with the Yoast SEO plugin v24.0 - https:\/\/yoast.com\/wordpress\/plugins\/seo\/ -->\n<title>Meksika Turistik Vize Dilek\u00e7e \u00d6rne\u011fi - MyVize<\/title>\n<meta name=\"description\" content=\"Meksika Turistik Vize Dilek\u00e7e \u00d6rne\u011fi nas\u0131l yaz\u0131l\u0131r? Meksika Turistik Vize Dilek\u00e7esi nas\u0131l olmal\u0131d\u0131r? Bilgi \u0130\u00e7in Hemen Aray\u0131n: 0850 346 84 93\" \/>\n<meta name=\"robots\" content=\"index, follow, max-snippet:-1, max-image-preview:large, max-video-preview:-1\" \/>\n<link rel=\"canonical\" href=\"https:\/\/myvize.com.tr\/meksika\/meksika-turistik-vize-dilekce-ornegi\/\" \/>\n<meta property=\"og:locale\" content=\"tr_TR\" \/>\n<meta property=\"og:type\" content=\"article\" \/>\n<meta property=\"og:title\" content=\"Meksika Turistik Vize Dilek\u00e7e \u00d6rne\u011fi - MyVize\" \/>\n<meta property=\"og:description\" content=\"Meksika Turistik Vize Dilek\u00e7e \u00d6rne\u011fi nas\u0131l yaz\u0131l\u0131r? Meksika Turistik Vize Dilek\u00e7esi nas\u0131l olmal\u0131d\u0131r? Bilgi \u0130\u00e7in Hemen Aray\u0131n: 0850 346 84 93\" \/>\n<meta property=\"og:url\" content=\"https:\/\/myvize.com.tr\/meksika\/meksika-turistik-vize-dilekce-ornegi\/\" \/>\n<meta property=\"og:site_name\" content=\"Meksika Vizesi\" \/>\n<meta property=\"article:modified_time\" content=\"2022-05-12T12:58:18+00:00\" \/>\n<meta name=\"twitter:card\" content=\"summary_large_image\" \/>\n<meta name=\"twitter:label1\" content=\"Tahmini okuma s\u00fcresi\" \/>\n\t<meta name=\"twitter:data1\" content=\"1 dakika\" \/>\n<script type=\"application\/ld+json\" class=\"yoast-schema-graph\">{\"@context\":\"https:\/\/schema.org\",\"@graph\":[{\"@type\":\"WebPage\",\"@id\":\"https:\/\/myvize.com.tr\/meksika\/meksika-turistik-vize-dilekce-ornegi\/\",\"url\":\"https:\/\/myvize.com.tr\/meksika\/meksika-turistik-vize-dilekce-ornegi\/\",\"name\":\"Meksika Turistik Vize Dilek\u00e7e \u00d6rne\u011fi - MyVize\",\"isPartOf\":{\"@id\":\"https:\/\/myvize.com.tr\/meksika\/#website\"},\"datePublished\":\"2021-12-18T12:47:30+00:00\",\"dateModified\":\"2022-05-12T12:58:18+00:00\",\"description\":\"Meksika Turistik Vize Dilek\u00e7e \u00d6rne\u011fi nas\u0131l yaz\u0131l\u0131r? Meksika Turistik Vize Dilek\u00e7esi nas\u0131l olmal\u0131d\u0131r? Bilgi \u0130\u00e7in Hemen Aray\u0131n: 0850 346 84 93\",\"breadcrumb\":{\"@id\":\"https:\/\/myvize.com.tr\/meksika\/meksika-turistik-vize-dilekce-ornegi\/#breadcrumb\"},\"inLanguage\":\"tr\",\"potentialAction\":[{\"@type\":\"ReadAction\",\"target\":[\"https:\/\/myvize.com.tr\/meksika\/meksika-turistik-vize-dilekce-ornegi\/\"]}]},{\"@type\":\"BreadcrumbList\",\"@id\":\"https:\/\/myvize.com.tr\/meksika\/meksika-turistik-vize-dilekce-ornegi\/#breadcrumb\",\"itemListElement\":[{\"@type\":\"ListItem\",\"position\":1,\"name\":\"Anasayfa\",\"item\":\"https:\/\/myvize.com.tr\/meksika\/\"},{\"@type\":\"ListItem\",\"position\":2,\"name\":\"Meksika Turistik Vize Dilek\u00e7e \u00d6rne\u011fi\"}]},{\"@type\":\"WebSite\",\"@id\":\"https:\/\/myvize.com.tr\/meksika\/#website\",\"url\":\"https:\/\/myvize.com.tr\/meksika\/\",\"name\":\"Meksika Vizesi\",\"description\":\"\",\"potentialAction\":[{\"@type\":\"SearchAction\",\"target\":{\"@type\":\"EntryPoint\",\"urlTemplate\":\"https:\/\/myvize.com.tr\/meksika\/?s={search_term_string}\"},\"query-input\":{\"@type\":\"PropertyValueSpecification\",\"valueRequired\":true,\"valueName\":\"search_term_string\"}}],\"inLanguage\":\"tr\"}]}<\/script>\n<!-- \/ Yoast SEO plugin. -->","yoast_head_json":{"title":"Meksika Turistik Vize Dilek\u00e7e \u00d6rne\u011fi - MyVize","description":"Meksika Turistik Vize Dilek\u00e7e \u00d6rne\u011fi nas\u0131l yaz\u0131l\u0131r? Meksika Turistik Vize Dilek\u00e7esi nas\u0131l olmal\u0131d\u0131r? Bilgi \u0130\u00e7in Hemen Aray\u0131n: 0850 346 84 93","robots":{"index":"index","follow":"follow","max-snippet":"max-snippet:-1","max-image-preview":"max-image-preview:large","max-video-preview":"max-video-preview:-1"},"canonical":"https:\/\/myvize.com.tr\/meksika\/meksika-turistik-vize-dilekce-ornegi\/","og_locale":"tr_TR","og_type":"article","og_title":"Meksika Turistik Vize Dilek\u00e7e \u00d6rne\u011fi - MyVize","og_description":"Meksika Turistik Vize Dilek\u00e7e \u00d6rne\u011fi nas\u0131l yaz\u0131l\u0131r? Meksika Turistik Vize Dilek\u00e7esi nas\u0131l olmal\u0131d\u0131r? Bilgi \u0130\u00e7in Hemen Aray\u0131n: 0850 346 84 93","og_url":"https:\/\/myvize.com.tr\/meksika\/meksika-turistik-vize-dilekce-ornegi\/","og_site_name":"Meksika Vizesi","article_modified_time":"2022-05-12T12:58:18+00:00","twitter_card":"summary_large_image","twitter_misc":{"Tahmini okuma s\u00fcresi":"1 dakika"},"schema":{"@context":"https:\/\/schema.org","@graph":[{"@type":"WebPage","@id":"https:\/\/myvize.com.tr\/meksika\/meksika-turistik-vize-dilekce-ornegi\/","url":"https:\/\/myvize.com.tr\/meksika\/meksika-turistik-vize-dilekce-ornegi\/","name":"Meksika Turistik Vize Dilek\u00e7e \u00d6rne\u011fi - MyVize","isPartOf":{"@id":"https:\/\/myvize.com.tr\/meksika\/#website"},"datePublished":"2021-12-18T12:47:30+00:00","dateModified":"2022-05-12T12:58:18+00:00","description":"Meksika Turistik Vize Dilek\u00e7e \u00d6rne\u011fi nas\u0131l yaz\u0131l\u0131r? Meksika Turistik Vize Dilek\u00e7esi nas\u0131l olmal\u0131d\u0131r? Bilgi \u0130\u00e7in Hemen Aray\u0131n: 0850 346 84 93","breadcrumb":{"@id":"https:\/\/myvize.com.tr\/meksika\/meksika-turistik-vize-dilekce-ornegi\/#breadcrumb"},"inLanguage":"tr","potentialAction":[{"@type":"ReadAction","target":["https:\/\/myvize.com.tr\/meksika\/meksika-turistik-vize-dilekce-ornegi\/"]}]},{"@type":"BreadcrumbList","@id":"https:\/\/myvize.com.tr\/meksika\/meksika-turistik-vize-dilekce-ornegi\/#breadcrumb","itemListElement":[{"@type":"ListItem","position":1,"name":"Anasayfa","item":"https:\/\/myvize.com.tr\/meksika\/"},{"@type":"ListItem","position":2,"name":"Meksika Turistik Vize Dilek\u00e7e \u00d6rne\u011fi"}]},{"@type":"WebSite","@id":"https:\/\/myvize.com.tr\/meksika\/#website","url":"https:\/\/myvize.com.tr\/meksika\/","name":"Meksika Vizesi","description":"","potentialAction":[{"@type":"SearchAction","target":{"@type":"EntryPoint","urlTemplate":"https:\/\/myvize.com.tr\/meksika\/?s={search_term_string}"},"query-input":{"@type":"PropertyValueSpecification","valueRequired":true,"valueName":"search_term_string"}}],"inLanguage":"tr"}]}},"_links":{"self":[{"href":"https:\/\/myvize.com.tr\/meksika\/wp-json\/wp\/v2\/pages\/776","targetHints":{"allow":["GET"]}}],"collection":[{"href":"https:\/\/myvize.com.tr\/meksika\/wp-json\/wp\/v2\/pages"}],"about":[{"href":"https:\/\/myvize.com.tr\/meksika\/wp-json\/wp\/v2\/types\/page"}],"author":[{"embeddable":true,"href":"https:\/\/myvize.com.tr\/meksika\/wp-json\/wp\/v2\/users\/1"}],"replies":[{"embeddable":true,"href":"https:\/\/myvize.com.tr\/meksika\/wp-json\/wp\/v2\/comments?post=776"}],"version-history":[{"count":5,"href":"https:\/\/myvize.com.tr\/meksika\/wp-json\/wp\/v2\/pages\/776\/revisions"}],"predecessor-version":[{"id":861,"href":"https:\/\/myvize.com.tr\/meksika\/wp-json\/wp\/v2\/pages\/776\/revisions\/861"}],"wp:attachment":[{"href":"https:\/\/myvize.com.tr\/meksika\/wp-json\/wp\/v2\/media?parent=776"}],"curies":[{"name":"wp","href":"https:\/\/api.w.org\/{rel}","templated":true}]}}