{"id":74,"date":"2020-11-30T13:02:26","date_gmt":"2020-11-30T10:02:26","guid":{"rendered":"http:\/\/myvize.com.tr\/meksika\/?page_id=74"},"modified":"2022-05-12T16:11:39","modified_gmt":"2022-05-12T13:11:39","slug":"antalya-konsoloslugu","status":"publish","type":"page","link":"https:\/\/myvize.com.tr\/meksika\/konsolosluklar\/antalya-konsoloslugu\/","title":{"rendered":"Meksika Antalya Konsoloslu\u011fu"},"content":{"rendered":"<h2><span style=\"font-family: Roboto; font-size: 27px;\"><strong>Meksika Antalya Konsoloslu\u011fu Hakk\u0131nda\u00a0<\/strong><\/span><\/h2>\n<p><span style=\"font-family: Roboto; font-size: 14px;\"><strong>Meksika Antalya Konsoloslu\u011fu<\/strong> g\u00f6rev alan\u0131nda say\u0131lan b\u00f6lgedeki Meksika vatanda\u015f\u0131n\u0131n do\u011fum i\u015flemi, \u00f6l\u00fcm i\u015flemi, evlilik i\u015flemi, bo\u015fanma i\u015flemi, kimlik i\u015flemi, ehliyet i\u015flemi, pasaport i\u015flemi, noterlik i\u015flemi gibi konsolosluk hizmetini vermektedir. Ayr\u0131ca Meksika vatanda\u015f\u0131n\u0131n vergi i\u015flemi ile ilgilenmektedir. Meksika <span style=\"color: #2acec2;\"><strong><a style=\"color: #2acec2;\" href=\"https:\/\/myvize.com.tr\/meksika\/subelerimiz\/antalya\/\" target=\"_blank\" rel=\"noopener\">Antalya<\/a><\/strong><\/span> Konsoloslu\u011funun, Meksika vatanda\u015f\u0131na e\u011fitim, sa\u011fl\u0131k, hukuk destekleri de sa\u011flanmaktad\u0131r.<\/span><br \/>\n<span style=\"font-family: Roboto; font-size: 14px;\"><strong>Meksika Antalya Konsoloslu\u011fu<\/strong>; Meksika \u00fclkesinin T\u00fcrkiye\u2019de bulunan temsilcili\u011finden biridir. Meksika Antalya Konsoloslu\u011funun, T\u00fcrkiye ile Meksika aras\u0131ndaki yeni ticari i\u015fbirliklerini ortaya \u00e7\u0131karmaya \u00e7al\u0131\u015fmaktad\u0131r. Ayr\u0131ca T\u00fcrkiye ile Meksika aras\u0131nda sosyal, k\u00fclt\u00fcrel, ekonomik ili\u015fkiyi geli\u015ftirmek ama\u00e7lamaktad\u0131r. Bunlar\u0131n yan\u0131 s\u0131ra T\u00fcrkiye Cumhuriyeti vatanda\u015f\u0131na vize hizmeti verilmektedir.<\/span><\/p>\n<p><span style=\"font-family: Roboto; font-size: 14px;\"><strong>Meksika Antalya Konsoloslu\u011fu<\/strong> ve \u00e7evresinde ya\u015fayan Meksika vatanda\u015f\u0131na rehberlik hizmeti vermektedir. T\u00fcrkiye Cumhuriyeti s\u0131n\u0131r\u0131 i\u00e7inde ya\u015fayan Meksika vatanda\u015f\u0131, T\u00fcrkiye Cumhuriyeti vatanda\u015f\u0131 ve yabanc\u0131 uyruklu ge\u00e7ici vatanda\u015f\u0131 bulunan vatanda\u015f Antalya\u2019da bulunan Meksika Konsoloslu\u011funa giderek \u00fclkesi ile ilgili olan resm\u00ee belge i\u015flemini \u00e7\u00f6z\u00fcme kavu\u015fturabilirler. Gerekli belgeleri size bildirerek yapaca\u011f\u0131n\u0131z i\u015flemler hakk\u0131nda sizi bilgilendirmektedirler.<\/span><\/p>\n<h2><span style=\"font-family: Roboto; font-size: 27px;\"><strong>Meksika Antalya Konsoloslu\u011fu Hakk\u0131nda 2022<\/strong><\/span><\/h2>\n<p><span style=\"font-family: Roboto; font-size: 14px;\"><strong>Antalya Konsoloslu\u011fu<\/strong>\u00a0Meksika vatanda\u015flar\u0131n\u0131n do\u011fum, \u00f6l\u00fcm, bo\u015fanma, evlilik, ehliyet, pasaport ve noterlik gibi resmi i\u015flemlerini y\u00fcr\u00fctebilecekleri T\u00fcrkiye&#8217;deki en yetkili kurumdur. Vergi i\u015flemleri ile ilgili gerekli her t\u00fcrl\u00fc hizmet de vatanda\u015flar Antalya&#8217;da Konsoloslu\u011fu\u2019ndan sa\u011flayabilir.<strong> Meksika vatanda\u015flar\u0131<\/strong> e\u011fitim, sa\u011fl\u0131k ve hukuk gibi \u00f6zel hizmetlerde de yine konsoloslu\u011fa bizzat ba\u015fvuruda bulunarak gerekli hizmeti sa\u011flayabilirler. Kurum kendi vatanda\u015flar\u0131n\u0131n t\u00fcm resmi i\u015flemlerinde hizmet vermektedir.<\/span><\/p>\n<p><span style=\"font-family: Roboto; font-size: 14px;\">Meksika \u00fclkesinin T\u00fcrkiye&#8217;de bulunan temsilciliklerinden bir tanesi de Antalya Konsoloslu\u011fu\u2019dur. \u0130ki \u00fclke aras\u0131nda ge\u00e7erli olacak ticari, sosyal, k\u00fclt\u00fcrel ve ekonomik ili\u015fkilerde<strong> Antalya Konsoloslu\u011fu<\/strong> direkt yetki sahibidir. Bunlar\u0131n yan\u0131 s\u0131ra T\u00fcrkiye Cumhuriyeti i\u00e7erisinde ikamet eden vatanda\u015flara da Meksika i\u00e7in gerekli olacak vize hizmetini yine <strong>Antalya Konsoloslu\u011fu<\/strong> sa\u011flar.<\/span><\/p>\n<p><span style=\"font-family: Roboto; font-size: 14px;\">Antalya veya \u00e7evresinde ikamet eden vatanda\u015flar, gerekli olacak her t\u00fcrl\u00fc rehberlik hizmetini konsolosluklardan alabilirler. T\u00fcrkiye Cumhuriyeti ya da yabanc\u0131 uyruklu ge\u00e7ici vatanda\u015fl\u0131\u011f\u0131 bulunan vatanda\u015flar da yine Antalya&#8217;da bulunan Meksika Konsoloslu\u011fu&#8217;na giderek buradan \u00fclkesi ile ilgili olan resmi evrak talebine ger\u00e7ekle\u015ftirebilir ve k\u0131sa s\u00fcre i\u00e7erisinde i\u015flemlerini sonu\u00e7land\u0131rabilir.<\/span><\/p>\n<h2><strong><span style=\"font-family: Roboto; font-size: 27px;\">Meksika Antalya Konsoloslu\u011fu Kimdir?<\/span><\/strong><\/h2>\n<p><span style=\"font-family: Roboto; font-size: 14px;\">Meksika\u2019n\u0131n T\u00fcrkiye\u2019deki temsilcilikleri aras\u0131nda\u00a0<strong>Meksika Antalya Konsoloslu\u011fu<\/strong>\u00a0bulunmaktad\u0131r. Meksika Antalya Konsoloslu\u011fu\u2019nun yetkili ismi Meksika Antalya Konsolosudur. Bu yaz\u0131da Meksika Antalya Konsolosunun kim oldu\u011funu merak eden ki\u015filer i\u00e7in \u201cMeksika Antalya Konsolosu kimdir?\u201d sorusunun cevab\u0131 verilmi\u015ftir.<\/span><\/p>\n<p><span style=\"font-family: Roboto; font-size: 14px;\">Meksika Antalya Konsolosu\u2019nun kim oldu\u011fu hakk\u0131nda bir bilgi bulunmamaktad\u0131r. <strong>Meksika Antalya Konsolosu<\/strong>, Meksika ile T\u00fcrkiye aras\u0131ndaki ili\u015fkileri her alanda geli\u015ftirmeyi ya da Meksika H\u00fck\u00fcmetinin belirledi\u011fi seviyede tutmay\u0131 ama\u00e7lamaktad\u0131r. Meksika Antalya Konsoloslu\u011fu, Meksika\u2019n\u0131n T\u00fcrkiye\u2019de bulunan temsilcilerinden birisidir.<\/span><\/p>\n<p><span style=\"font-family: Roboto; font-size: 14px;\"><strong>Meksika Antalya Konsolosu,<\/strong>\u00a0Antalya ve \u00e7evresindeki Meksika ticaretini ve i\u015fbirliklerini geli\u015ftirmekte, Meksika k\u00fclt\u00fcr\u00fcn\u00fc b\u00f6lgede yaymay\u0131 ama\u00e7lamaktad\u0131r. <strong>Meksika Antalya Konsolosu<\/strong> gerekti\u011finde\u00a0Meksika vatanda\u015flar\u0131na\u00a0konsolosluk hizmeti vermektedir. Meksika vatanda\u015flar\u0131na her alanda destek olmaktad\u0131r. Ayr\u0131ca Meksika Ankara B\u00fcy\u00fckel\u00e7ili\u011fi\u2019nin vermi\u015f oldu\u011fu g\u00f6revleri yerine getirmektedir.<\/span><\/p>\n<p><span style=\"font-family: Roboto; font-size: 14px;\">Meksika Antalya Konsolosu\u2019nun kim oldu\u011funu merak eden ki\u015filer,\u00a0<strong>Meksika Antalya Konsoloslu\u011fu<\/strong>\u00a0ile ileti\u015fime ge\u00e7erek bilgi alabilirler.<\/span><\/p>\n<h2><strong><span style=\"font-family: Roboto; font-size: 27px;\">Meksika Antalya Konsoloslu\u011fu Vize \u0130\u015flemleri<\/span><\/strong><\/h2>\n<p><span style=\"font-family: Roboto; font-size: 14px;\">Meksika\u2019ya belirli bir ama\u00e7la seyahat edecek olan ki\u015filer ve Antalya \u00e7evresinde ikamet eden ki\u015filer\u00a0<strong><span style=\"color: #2acec2;\"><a style=\"color: #2acec2;\" href=\"https:\/\/myvize.com.tr\/meksika\/meksika-vize-basvurusu\/\" target=\"_blank\" rel=\"noopener\">Meksika vize ba\u015fvurusu<\/a><\/span>\u00a0<\/strong>yapmal\u0131d\u0131r. <strong>Meksika Antalya vize ba\u015fvurusu<\/strong> yapacak olan ki\u015filer,\u00a0Meksika vize\u00a0ba\u015fvurular\u0131n\u0131 Meksika Antalya Konsoloslu\u011fu\u2019na yapabilir. Bu yaz\u0131da Meksika vizesi alacak olan ki\u015filer i\u00e7in Meksika Antalya Konsoloslu\u011fu vize i\u015flemleri hakk\u0131nda bilgi verilmi\u015ftir.<\/span><\/p>\n<ul>\n<li><span style=\"font-family: Roboto; font-size: 14px;\"><strong>Meksika vize ba\u015fvurusu<\/strong>\u00a0yapacak olan ki\u015filer, Meksika seyahat amac\u0131na uygun olan vize t\u00fcr\u00fcn\u00fc belirlemelidir.<\/span><\/li>\n<li><span style=\"font-family: Roboto; font-size: 14px;\">Meksika\u2019ya seyahat edecek olan ki\u015filerin Umuma Mahsus Pasaportu var ise 30 g\u00fcne kadar e-vize alabilir. Diplomatik Pasaport sahipleri ise bu k\u0131sa s\u00fcreli vizelerden muaft\u0131r.<\/span><\/li>\n<li><span style=\"font-family: Roboto; font-size: 14px;\"><strong>Meksika Antalya Konsoloslu\u011fu<\/strong>\u00a0vize i\u015flemleri i\u00e7in gerekli olan vize evraklar\u0131 eksiksiz olarak haz\u0131rlamal\u0131d\u0131r.<\/span><\/li>\n<li><span style=\"font-family: Roboto; font-size: 14px;\">Haz\u0131rlanan Meksika vize evraklar\u0131<strong> Meksika Antalya Konsoloslu\u011fu\u2019na<\/strong> verilmelidir.<\/span><\/li>\n<li><span style=\"font-family: Roboto; font-size: 14px;\">Meksika Antalya Konsoloslu\u011fu\u2019na yap\u0131lan vize ba\u015fvurular\u0131n\u0131 inceleme ve de\u011ferlendirme yetkisi\u00a0<span style=\"color: #2acec2;\"><strong><a style=\"color: #2acec2;\" href=\"https:\/\/myvize.com.tr\/meksika\/konsolosluklar\/ankara-buyukelciligi\/\" target=\"_blank\" rel=\"noopener\">Meksika Ankara B\u00fcy\u00fckel\u00e7ili\u011fi\u00a0<\/a><\/strong><\/span>ve Meksika \u0130stanbul Ba\u015fkonsoloslu\u011fu\u2019na aittir.<\/span><\/li>\n<\/ul>\n<h3><strong><span style=\"font-family: Roboto; font-size: 24px;\">Meksika Antalya Konsoloslu\u011fu Vize Ba\u015fvurusu<\/span><\/strong><\/h3>\n<p><span style=\"font-family: Roboto; font-size: 14px;\"><strong>Meksika\u2019ya seyahat etmek<\/strong> isteyen ki\u015filer,\u00a0<strong>Meksika vize<\/strong>\u00a0ba\u015fvurular\u0131n\u0131 Meksika Antalya Konsoloslu\u011fu\u2019na yap\u0131labilir. Meksika Antalya Konsoloslu\u011fu\u2019na ba\u015fvuru yapacak olan ki\u015filer,\u00a0<strong>Meksika Antalya Konsoloslu\u011fu<\/strong>\u00a0vize ba\u015fvurusu hakk\u0131nda ara\u015ft\u0131rma yapmaktad\u0131r.<\/span><\/p>\n<p><span style=\"font-family: Roboto; font-size: 14px;\">Meksika Antalya Konsoloslu\u011fu\u2019na vize ba\u015fvurusu yapacak olan ki\u015filer, Meksika Antalya Konsoloslu\u011funa vize ba\u015fvurusu yapacak olan ki\u015filer, gerekli olan vize evraklar\u0131n\u0131 eksiksiz olarak haz\u0131rlamal\u0131d\u0131r. Haz\u0131rlanan evraklar\u00a0Meksika Antalya Konsoloslu\u011fu\u2019na\u00a0teslim edilmelidir. Ba\u015fvuru i\u00e7in randevu al\u0131nmas\u0131na gerek yoktur. Diplomatik pasaport sahipleri k\u0131sa s\u00fcreli vizeden muaft\u0131r. Umuma Mahsus Pasaport sahipleri ise k\u0131sa s\u00fcreli seyahatleri i\u00e7in\u00a0e- vize\u00a0alabilir.<\/span><\/p>\n<ul>\n<li><span style=\"font-family: Roboto; font-size: 14px;\"><strong>Meksika Antalya Konsoloslu\u011fu<\/strong>\u00a0vize ba\u015fvurusu i\u00e7in gerekli olan evraklar\u0131n g\u00fcncel olmas\u0131 gerekmektedir.<\/span><\/li>\n<li><span style=\"font-family: Roboto; font-size: 14px;\">Ba\u015fvuru yapacak olan ki\u015filer, Meksika\u2019da ge\u00e7erli<strong> seyahat sigortas\u0131<\/strong> yapt\u0131rmal\u0131d\u0131r.<\/span><\/li>\n<li><span style=\"font-family: Roboto; font-size: 14px;\">Ba\u015fvuru yapacak olan ki\u015filerin adli sicil kayd\u0131n\u0131n temiz olmas\u0131 gerekmektedir.<\/span><\/li>\n<li><span style=\"font-family: Roboto; font-size: 14px;\"><strong>Meksika Antalya Konsoloslu\u011fu\u00a0<\/strong>vize ba\u015fvurusu i\u00e7in seyahat amac\u0131n\u0131z\u0131 belgeler ile kan\u0131tlanmal\u0131d\u0131r.<\/span><\/li>\n<li><span style=\"font-family: Roboto; font-size: 14px;\"><strong>Meksika vizesi<\/strong> alacak olan ki\u015filer masraflar\u0131n\u0131 kar\u015f\u0131layaca\u011f\u0131n\u0131 kan\u0131tlamal\u0131d\u0131r.<\/span><\/li>\n<\/ul>\n<h3><strong><span style=\"font-family: Roboto; font-size: 24px;\">Meksika Antalya Konsoloslu\u011fu Vize Randevusu<\/span><\/strong><\/h3>\n<p><span style=\"font-family: Roboto; font-size: 14px;\">Meksika\u2019ya seyahat edecek olan ki\u015filer,\u00a0<strong>Meksika vize<\/strong>\u00a0ba\u015fvurular\u0131n\u0131 Meksika Antalya Konsoloslu\u011fu\u2019na yapabilir. Meksika Antalya Konsoloslu\u011fu\u2019na ba\u015fvuru yapacak olan ki\u015filer,\u00a0<strong>Meksika Antalya Konsoloslu\u011fu<\/strong>\u00a0vize randevusu al\u0131n\u0131p al\u0131nmayaca\u011f\u0131n\u0131 merak etmektedir. Bu yaz\u0131da\u00a0Meksika Antalya Konsoloslu\u011fu\u00a0vize randevusu hakk\u0131nda bilgi verilmi\u015ftir.<\/span><\/p>\n<p><span style=\"font-family: Roboto; font-size: 14px;\">Meksika Antalya Konsoloslu\u011fu\u2019na vize ba\u015fvurusu yapacak olan ki\u015filerin randevu almas\u0131na gerek yoktur. Meksika Antalya Konsoloslu\u011fu vize ba\u015fvurusu randevu al\u0131n\u0131p al\u0131nmamas\u0131 karar\u0131n\u0131 verme yetkisi Meksika Antalya Konsoloslu\u011fu\u2019na aittir.<\/span><\/p>\n<p><span style=\"font-family: Roboto; font-size: 14px;\"><strong>Meksika Antalya Konsoloslu\u011fu<\/strong>,\u00a0Meksika Antalya Konsoloslu\u011fu\u2019nun yo\u011funlu\u011funa g\u00f6re vize yo\u011funlu\u011fu getirebilir. Meksika Antalya Konsoloslu\u011fu ile ileti\u015fime ge\u00e7erek vize al\u0131nmas\u0131 gerekip gerekmedi\u011fi hakk\u0131nda bilgi alabilirsiniz. Bilgi almak i\u00e7in\u00a0Meksika Antalya Konsoloslu\u011fu\u00a0ile ileti\u015fime ge\u00e7ebilirsiniz. Randevu al\u0131nmas\u0131 gerekiyor ise bu \u015fekilde <strong>Meksika Antalya Konsoloslu\u011fu<\/strong> vize randevusu alabilir.<\/span><\/p>\n<p><span style=\"font-family: Roboto; font-size: 14px;\"><strong>Meksika Antalya Konsoloslu\u011fu\u00a0<\/strong>vize ba\u015fvurusu yapacak olan ki\u015filer, randevu alm\u0131\u015f ise bu randevuyu ka\u00e7\u0131rmamal\u0131d\u0131r. Randevuyu ka\u00e7\u0131ran ki\u015filerin Meksika Antalya Konsoloslu\u011fu vize i\u015flemleri yap\u0131lmayabilir.<\/span><\/p>\n","protected":false},"excerpt":{"rendered":"<p>Meksika Antalya Konsoloslu\u011fu Hakk\u0131nda\u00a0 Meksika Antalya Konsoloslu\u011fu g\u00f6rev alan\u0131nda say\u0131lan b\u00f6lgedeki Meksika vatanda\u015f\u0131n\u0131n do\u011fum i\u015flemi, \u00f6l\u00fcm i\u015flemi, evlilik i\u015flemi, bo\u015fanma i\u015flemi, kimlik i\u015flemi, ehliyet i\u015flemi, pasaport i\u015flemi, noterlik i\u015flemi gibi konsolosluk hizmetini vermektedir. Ayr\u0131ca Meksika vatanda\u015f\u0131n\u0131n vergi i\u015flemi ile ilgilenmektedir. Meksika Antalya Konsoloslu\u011funun, Meksika vatanda\u015f\u0131na e\u011fitim, sa\u011fl\u0131k, hukuk destekleri de sa\u011flanmaktad\u0131r. Meksika Antalya Konsoloslu\u011fu; Meksika<\/p>\n","protected":false},"author":1,"featured_media":0,"parent":69,"menu_order":0,"comment_status":"closed","ping_status":"closed","template":"","meta":{"footnotes":""},"class_list":["post-74","page","type-page","status-publish","hentry"],"yoast_head":"<!-- This site is optimized with the Yoast SEO plugin v24.0 - https:\/\/yoast.com\/wordpress\/plugins\/seo\/ -->\n<title>Meksika Antalya Konsoloslu\u011fu - MyVize<\/title>\n<meta name=\"description\" content=\"Meksika Konsoloslu\u011fu Antalya \u00e7al\u0131\u015fma saatleri. Meksika Konsoloslu\u011fu Antalya ula\u015f\u0131m, ileti\u015fim bilgileri ve faaliyet alan\u0131.\" \/>\n<meta name=\"robots\" content=\"index, follow, max-snippet:-1, max-image-preview:large, max-video-preview:-1\" \/>\n<link rel=\"canonical\" href=\"https:\/\/myvize.com.tr\/meksika\/konsolosluklar\/antalya-konsoloslugu\/\" \/>\n<meta property=\"og:locale\" content=\"tr_TR\" \/>\n<meta property=\"og:type\" content=\"article\" \/>\n<meta property=\"og:title\" content=\"Meksika Antalya Konsoloslu\u011fu - MyVize\" \/>\n<meta property=\"og:description\" content=\"Meksika Konsoloslu\u011fu Antalya \u00e7al\u0131\u015fma saatleri. Meksika Konsoloslu\u011fu Antalya ula\u015f\u0131m, ileti\u015fim bilgileri ve faaliyet alan\u0131.\" \/>\n<meta property=\"og:url\" content=\"https:\/\/myvize.com.tr\/meksika\/konsolosluklar\/antalya-konsoloslugu\/\" \/>\n<meta property=\"og:site_name\" content=\"Meksika Vizesi\" \/>\n<meta property=\"article:modified_time\" content=\"2022-05-12T13:11:39+00:00\" \/>\n<meta name=\"twitter:card\" content=\"summary_large_image\" \/>\n<meta name=\"twitter:label1\" content=\"Tahmini okuma s\u00fcresi\" \/>\n\t<meta name=\"twitter:data1\" content=\"4 dakika\" \/>\n<script type=\"application\/ld+json\" class=\"yoast-schema-graph\">{\"@context\":\"https:\/\/schema.org\",\"@graph\":[{\"@type\":\"WebPage\",\"@id\":\"https:\/\/myvize.com.tr\/meksika\/konsolosluklar\/antalya-konsoloslugu\/\",\"url\":\"https:\/\/myvize.com.tr\/meksika\/konsolosluklar\/antalya-konsoloslugu\/\",\"name\":\"Meksika Antalya Konsoloslu\u011fu - MyVize\",\"isPartOf\":{\"@id\":\"https:\/\/myvize.com.tr\/meksika\/#website\"},\"datePublished\":\"2020-11-30T10:02:26+00:00\",\"dateModified\":\"2022-05-12T13:11:39+00:00\",\"description\":\"Meksika Konsoloslu\u011fu Antalya \u00e7al\u0131\u015fma saatleri. Meksika Konsoloslu\u011fu Antalya ula\u015f\u0131m, ileti\u015fim bilgileri ve faaliyet alan\u0131.\",\"breadcrumb\":{\"@id\":\"https:\/\/myvize.com.tr\/meksika\/konsolosluklar\/antalya-konsoloslugu\/#breadcrumb\"},\"inLanguage\":\"tr\",\"potentialAction\":[{\"@type\":\"ReadAction\",\"target\":[\"https:\/\/myvize.com.tr\/meksika\/konsolosluklar\/antalya-konsoloslugu\/\"]}]},{\"@type\":\"BreadcrumbList\",\"@id\":\"https:\/\/myvize.com.tr\/meksika\/konsolosluklar\/antalya-konsoloslugu\/#breadcrumb\",\"itemListElement\":[{\"@type\":\"ListItem\",\"position\":1,\"name\":\"Anasayfa\",\"item\":\"https:\/\/myvize.com.tr\/meksika\/\"},{\"@type\":\"ListItem\",\"position\":2,\"name\":\"KONSOLOSLUKLAR\",\"item\":\"https:\/\/myvize.com.tr\/meksika\/konsolosluklar\/\"},{\"@type\":\"ListItem\",\"position\":3,\"name\":\"Meksika Antalya Konsoloslu\u011fu\"}]},{\"@type\":\"WebSite\",\"@id\":\"https:\/\/myvize.com.tr\/meksika\/#website\",\"url\":\"https:\/\/myvize.com.tr\/meksika\/\",\"name\":\"Meksika Vizesi\",\"description\":\"\",\"potentialAction\":[{\"@type\":\"SearchAction\",\"target\":{\"@type\":\"EntryPoint\",\"urlTemplate\":\"https:\/\/myvize.com.tr\/meksika\/?s={search_term_string}\"},\"query-input\":{\"@type\":\"PropertyValueSpecification\",\"valueRequired\":true,\"valueName\":\"search_term_string\"}}],\"inLanguage\":\"tr\"}]}<\/script>\n<!-- \/ Yoast SEO plugin. -->","yoast_head_json":{"title":"Meksika Antalya Konsoloslu\u011fu - MyVize","description":"Meksika Konsoloslu\u011fu Antalya \u00e7al\u0131\u015fma saatleri. Meksika Konsoloslu\u011fu Antalya ula\u015f\u0131m, ileti\u015fim bilgileri ve faaliyet alan\u0131.","robots":{"index":"index","follow":"follow","max-snippet":"max-snippet:-1","max-image-preview":"max-image-preview:large","max-video-preview":"max-video-preview:-1"},"canonical":"https:\/\/myvize.com.tr\/meksika\/konsolosluklar\/antalya-konsoloslugu\/","og_locale":"tr_TR","og_type":"article","og_title":"Meksika Antalya Konsoloslu\u011fu - MyVize","og_description":"Meksika Konsoloslu\u011fu Antalya \u00e7al\u0131\u015fma saatleri. Meksika Konsoloslu\u011fu Antalya ula\u015f\u0131m, ileti\u015fim bilgileri ve faaliyet alan\u0131.","og_url":"https:\/\/myvize.com.tr\/meksika\/konsolosluklar\/antalya-konsoloslugu\/","og_site_name":"Meksika Vizesi","article_modified_time":"2022-05-12T13:11:39+00:00","twitter_card":"summary_large_image","twitter_misc":{"Tahmini okuma s\u00fcresi":"4 dakika"},"schema":{"@context":"https:\/\/schema.org","@graph":[{"@type":"WebPage","@id":"https:\/\/myvize.com.tr\/meksika\/konsolosluklar\/antalya-konsoloslugu\/","url":"https:\/\/myvize.com.tr\/meksika\/konsolosluklar\/antalya-konsoloslugu\/","name":"Meksika Antalya Konsoloslu\u011fu - MyVize","isPartOf":{"@id":"https:\/\/myvize.com.tr\/meksika\/#website"},"datePublished":"2020-11-30T10:02:26+00:00","dateModified":"2022-05-12T13:11:39+00:00","description":"Meksika Konsoloslu\u011fu Antalya \u00e7al\u0131\u015fma saatleri. Meksika Konsoloslu\u011fu Antalya ula\u015f\u0131m, ileti\u015fim bilgileri ve faaliyet alan\u0131.","breadcrumb":{"@id":"https:\/\/myvize.com.tr\/meksika\/konsolosluklar\/antalya-konsoloslugu\/#breadcrumb"},"inLanguage":"tr","potentialAction":[{"@type":"ReadAction","target":["https:\/\/myvize.com.tr\/meksika\/konsolosluklar\/antalya-konsoloslugu\/"]}]},{"@type":"BreadcrumbList","@id":"https:\/\/myvize.com.tr\/meksika\/konsolosluklar\/antalya-konsoloslugu\/#breadcrumb","itemListElement":[{"@type":"ListItem","position":1,"name":"Anasayfa","item":"https:\/\/myvize.com.tr\/meksika\/"},{"@type":"ListItem","position":2,"name":"KONSOLOSLUKLAR","item":"https:\/\/myvize.com.tr\/meksika\/konsolosluklar\/"},{"@type":"ListItem","position":3,"name":"Meksika Antalya Konsoloslu\u011fu"}]},{"@type":"WebSite","@id":"https:\/\/myvize.com.tr\/meksika\/#website","url":"https:\/\/myvize.com.tr\/meksika\/","name":"Meksika Vizesi","description":"","potentialAction":[{"@type":"SearchAction","target":{"@type":"EntryPoint","urlTemplate":"https:\/\/myvize.com.tr\/meksika\/?s={search_term_string}"},"query-input":{"@type":"PropertyValueSpecification","valueRequired":true,"valueName":"search_term_string"}}],"inLanguage":"tr"}]}},"_links":{"self":[{"href":"https:\/\/myvize.com.tr\/meksika\/wp-json\/wp\/v2\/pages\/74","targetHints":{"allow":["GET"]}}],"collection":[{"href":"https:\/\/myvize.com.tr\/meksika\/wp-json\/wp\/v2\/pages"}],"about":[{"href":"https:\/\/myvize.com.tr\/meksika\/wp-json\/wp\/v2\/types\/page"}],"author":[{"embeddable":true,"href":"https:\/\/myvize.com.tr\/meksika\/wp-json\/wp\/v2\/users\/1"}],"replies":[{"embeddable":true,"href":"https:\/\/myvize.com.tr\/meksika\/wp-json\/wp\/v2\/comments?post=74"}],"version-history":[{"count":6,"href":"https:\/\/myvize.com.tr\/meksika\/wp-json\/wp\/v2\/pages\/74\/revisions"}],"predecessor-version":[{"id":866,"href":"https:\/\/myvize.com.tr\/meksika\/wp-json\/wp\/v2\/pages\/74\/revisions\/866"}],"up":[{"embeddable":true,"href":"https:\/\/myvize.com.tr\/meksika\/wp-json\/wp\/v2\/pages\/69"}],"wp:attachment":[{"href":"https:\/\/myvize.com.tr\/meksika\/wp-json\/wp\/v2\/media?parent=74"}],"curies":[{"name":"wp","href":"https:\/\/api.w.org\/{rel}","templated":true}]}}