{"id":72,"date":"2020-11-30T12:59:09","date_gmt":"2020-11-30T09:59:09","guid":{"rendered":"http:\/\/myvize.com.tr\/meksika\/?page_id=72"},"modified":"2022-05-12T16:10:39","modified_gmt":"2022-05-12T13:10:39","slug":"ankara-buyukelciligi","status":"publish","type":"page","link":"https:\/\/myvize.com.tr\/meksika\/konsolosluklar\/ankara-buyukelciligi\/","title":{"rendered":"Meksika Ankara B\u00fcy\u00fckel\u00e7ili\u011fi"},"content":{"rendered":"<p><span style=\"font-family: Roboto;\"><\/span><\/p>\r\n<p><span style=\"font-family: Roboto; font-size: 14px;\"><strong>Meksika Ankara konsoloslu\u011fu<\/strong>, Meksika vatanda\u015flar\u0131n\u0131n sosyal ve hukuki t\u00fcm haklar\u0131n\u0131 koruyan gerekti\u011finde g\u00fcvenli\u011fini sa\u011flamay\u0131 ama\u00e7layan resmi bir makamd\u0131r. T\u00fcrkiye\u2019de ya\u015fayan Meksikal\u0131lar gibi Meksika\u2019da ya\u015fam\u0131n\u0131 s\u00fcrd\u00fcren T\u00fcrkler de konsolosluktan ayn\u0131 \u015fekilde yararlan\u0131r.\u00a0<strong>Meksika\u00a0<\/strong><a><strong>konsoloslu\u011fu viz<\/strong><\/a><strong>e<\/strong>\u00a0ba\u015fvurular\u0131n\u0131 hem T\u00fcrk hem de Meksika vatanda\u015flar\u0131 m\u00fcracaat edebilmektedir. Vize t\u00fcr\u00fcne g\u00f6re s\u00fcre\u00e7 de\u011fi\u015fkenlik g\u00f6stermektedir. Bunula birlikte konsolosluk T\u00fcrkiye\u2019de ya\u015fayan Meksikal\u0131lara \u00f6zel olarak resm\u00ee belge haz\u0131rlayabilmektedir. \u00d6zellikle do\u011fum, evlilik ve \u00f6l\u00fcm belgeleri konsolosluk imza yetkisi ile resmile\u015ftirilmektedir. B\u00f6ylece d\u00fczenlenen her belge hem Meksika\u2019da hem de T\u00fcrkiye\u2019de resmi kay\u0131tlara ge\u00e7mektedir. Konsolosluk ayr\u0131ca Meksika ve T\u00fcrk vatanda\u015flar\u0131n\u0131n evlenme ve yahut bo\u015fanma i\u015flemlerinin sonuca ula\u015fmas\u0131nda onay vermektedir.<\/span><\/p>\r\n<p><span style=\"font-family: Roboto; font-size: 14px;\">\r\n\r\n<\/span><\/p>\r\n<p><span style=\"font-family: Roboto; font-size: 14px;\">Meksika ve T\u00fcrk uyruklu vatanda\u015flar \u00fclke s\u0131n\u0131rlar\u0131nda herhangi bir su\u00e7a kar\u0131\u015fmas\u0131 halinde konsolosluk gereken sorumlulu\u011fu alarak adl\u0131 dosya takibi yapar.\u00a0<strong>Meksika\u00a0<a>konsoloslu\u011fu telefon\u00a0<\/a>numaras\u0131<\/strong>\u00a0ile t\u00fcm sorular\u0131n\u0131za cevap bulabilmeniz m\u00fcmk\u00fcnd\u00fcr. Vize, pasaport ve bir\u00e7ok resmi i\u015flenin sa\u011flanmas\u0131nda konsolos yetkilileri yard\u0131mc\u0131 olacakt\u0131r.\u00a0<strong>Meksika\u00a0<a>konsoloslu\u011fu adresi<\/a>\u00a0<\/strong>\u00f6nemli evraklar\u0131n\u0131z\u0131n posta arac\u0131l\u0131\u011f\u0131 ile makama ula\u015fmaktad\u0131r.<\/span><\/p>\r\n<p><span style=\"font-family: Roboto; font-size: 27px;\"><strong>Meksika Ankara B\u00fcy\u00fckel\u00e7ili\u011fi 2022<\/strong><\/span><\/p>\r\n<p><span style=\"font-family: Roboto; font-size: 14px;\">Meksika&#8217;n\u0131n T\u00fcrkiye d\u0131\u015f temsilcisi olarak g\u00f6revlerini y\u00fcr\u00fcten Meksika B\u00fcy\u00fckel\u00e7ili\u011fi, Meksika H\u00fck\u00fbmeti Ankara\u2019da en \u00fcst d\u00fczey temsil eden resm\u00ee kurumdur. Ankara Meksika B\u00fcy\u00fckel\u00e7ili\u011finin, devletini temsil etmesi yan\u0131 s\u0131ra T\u00fcrkiye\u2019de ya\u015fayan vatanda\u015f\u0131n\u0131n hakk\u0131n\u0131 koruyup g\u00f6zetme do\u011frultusunda g\u00f6revini s\u00fcrd\u00fcrmektedir. Ankara Meksika B\u00fcy\u00fckel\u00e7ili\u011finin, T\u00fcrkiye Cumhuriyeti d\u0131\u015f\u0131ndaki G\u00fcrcistan, Kazakistan Cumhuriyetini ve T\u00fcrkmenistan Cumhuriyetinin d\u0131\u015f temsilcili\u011fi resmi temsilcilik g\u00f6revlerini de y\u00fcr\u00fctmektedir.<\/span><\/p>\r\n<p><span style=\"font-family: Roboto; font-size: 14px;\"><strong>Meksika Konsoloslu\u011fu<\/strong> <span style=\"color: #2acec2;\"><strong><a style=\"color: #2acec2;\" href=\"https:\/\/myvize.com.tr\/meksika\/vize-islemleri\/\" target=\"_blank\" rel=\"noopener\">vize i\u015flemleri <\/a><\/strong><\/span>i\u00e7in <strong>Meksika B\u00fcy\u00fckel\u00e7ili\u011fi<\/strong> Konsolosluk vize i\u015flemi b\u00f6l\u00fcm\u00fcne m\u00fcracaat edilmesi gereklidir. <span style=\"color: #2acec2;\"><strong><a style=\"color: #2acec2;\" href=\"https:\/\/myvize.com.tr\/meksika\/subelerimiz\/ankara\/\" target=\"_blank\" rel=\"noopener\">Ankara<\/a><\/strong><\/span> Meksika B\u00fcy\u00fckel\u00e7ili\u011finin vize ba\u015fvurusu d\u0131\u015f\u0131nda vizeniz ile alakal\u0131 ak\u0131la tak\u0131lan konuda sizi bilgilendirir ve konsolosluk i\u015fleminde yol g\u00f6sterici g\u00f6rev \u00fcstlenmektedir.<\/span><br \/><span style=\"font-family: Roboto; font-size: 14px;\">Ayr\u0131ca, <strong>Meksika B\u00fcy\u00fckel\u00e7ili\u011fi<\/strong> T\u00fcrkiye&#8217;de ya\u015fam\u0131n\u0131 s\u00fcrd\u00fcren Meksika topluluk \u00fcyesinin birbiri aras\u0131ndaki ba\u011f\u0131 peki\u015ftirmek, vatanda\u015flar\u0131yla yak\u0131n ileti\u015fim i\u00e7erisinde olmak ve 2 \u00fclke aras\u0131nda s\u00fcrd\u00fcr\u00fclen proje hakk\u0131nda bilgilendirmeler yapmakt\u0131r.<\/span><br \/><span style=\"font-family: Roboto; font-size: 14px;\">Ankara Meksika B\u00fcy\u00fckel\u00e7ili\u011finin bu b\u00f6lgede ya\u015fayan Meksika vatanda\u015f\u0131n\u0131n tam ve g\u00fcncel veri taban\u0131n\u0131 olu\u015fturma i\u00e7in hesap olu\u015fturmu\u015ftur. Ki\u015fisel kay\u0131t\u0131n olu\u015fturulabilmesi i\u00e7in Meksika vatanda\u015f\u0131ndan i\u015f birlikleri beklenmektedir. <strong>Meksika B\u00fcy\u00fckel\u00e7ili\u011fi<\/strong> taraf\u0131ndan ayarlanan bu hesap sayesinde Meksika D\u0131\u015f i\u015fleri Bakanl\u0131\u011f\u0131 ile d\u0131\u015f temsilci\u011fi olarak g\u00f6rev y\u00fcr\u00fcten <strong>Ankara Meksika B\u00fcy\u00fckel\u00e7ili\u011fini<\/strong> ve \u0130stanbul Meksika Konsoloslu\u011funun aras\u0131nda temas\u0131 daha etkin k\u0131labilme i\u00e7in olu\u015fturulmaktad\u0131r.<\/span><\/p>\r\n<h2><span style=\"font-family: Roboto; font-size: 27px;\"><strong>Meksika Ankara B\u00fcy\u00fckel\u00e7ili\u011fi Hakk\u0131nda<\/strong><\/span><\/h2>\r\n<p><span style=\"font-family: Roboto; font-size: 14px;\"><strong>Meksika Ankara B\u00fcy\u00fckel\u00e7ili\u011fi<\/strong>\u00a0Aziziye Mahallesi K\u0131rkp\u0131nar Sokak No:18 Ankara T\u00fcrkiye hizmetinde adres verir. B\u00fcy\u00fckel\u00e7ili\u011fin \u00e7al\u0131\u015fma saatleri hafta i\u00e7i her g\u00fcn pazartesi ile cuma g\u00fcnleri Aras\u0131nda 09.00 ile 16.00 saatleri aras\u0131ndad\u0131r.<\/span><\/p>\r\n<p><span style=\"font-family: Roboto; font-size: 14px;\"><strong>Meksika Ankara B\u00fcy\u00fckel\u00e7ili\u011fi<\/strong> iki \u00fclke aras\u0131nda ger\u00e7ekle\u015fecek olan vize talep ba\u015fvurusu konusunda do\u011frudan yetkilidir. Vatanda\u015flar pazartesi ile cuma g\u00fcnleri aras\u0131nda 9 ve 13 saat aral\u0131\u011f\u0131nda konsoloslukta haz\u0131r bulunduklar\u0131 takdirde vize ba\u015fvurular\u0131n\u0131 bizzat ilgili ki\u015filere iletebilirler.<\/span><\/p>\r\n<p><span style=\"font-family: Roboto; font-size: 14px;\">Ankara B\u00fcy\u00fckel\u00e7ili\u011fi T\u00fcrkiye&#8217;de d\u0131\u015f temsilci olarak hizmet y\u00fcr\u00fct\u00fcr. \u0130ki \u00fclke aras\u0131nda resmi protokolde do\u011frudan s\u00f6z sahibi olan b\u00fcy\u00fckel\u00e7ilik T\u00fcrkiye&#8217;de ya\u015fayan Meksika vatanda\u015flar\u0131n\u0131n haklar\u0131n\u0131 koruyup g\u00f6zetmek konusunda da \u00f6nemli bir g\u00f6rev yetkisine sahiptir. <strong>Meksika Ankara B\u00fcy\u00fckel\u00e7ili\u011fi<\/strong> T\u00fcrkiye d\u0131\u015f\u0131nda Kazakistan Cumhuriyeti G\u00fcrcistan ve T\u00fcrkmenistan Cumhuriyeti ile de d\u0131\u015f temsilcilik g\u00f6revini sahiptir.<\/span><\/p>\r\n<p><span style=\"font-family: Roboto; font-size: 14px;\">B\u00fcy\u00fckel\u00e7ilikten vize ba\u015fvurusunda bulunacak olan vatanda\u015flar\u0131n b\u00fcy\u00fckel\u00e7ilik i\u00e7erisinde vize i\u015flemleri b\u00f6l\u00fcm\u00fcne do\u011frudan m\u00fcracaat etmeleri gerekir. <span style=\"color: #2acec2;\"><strong><a style=\"color: #2acec2;\" href=\"https:\/\/myvize.com.tr\/meksika\/vize-islemleri\/meksika-vize-basvrusu\/\" target=\"_blank\" rel=\"noopener\">Meksika Vize ba\u015fvurusu<\/a><\/strong><\/span> haricinde vize ile ilgili olarak merak edilen her t\u00fcrl\u00fc soru i\u00e7in de yan\u0131t aranmas\u0131 gereken yer yine<strong> Ankara B\u00fcy\u00fckel\u00e7ili\u011fi<\/strong> olmaktad\u0131r. T\u00fcm evraklar\u0131n\u0131z\u0131 bu kuruma teslim ederek rahatl\u0131kla vizenizi alabilirsiniz.<\/span><\/p>\r\n<h2><span style=\"font-family: Roboto; font-size: 27px;\"><strong>Meksika Ankara B\u00fcy\u00fckel\u00e7ili\u011fi \u0130le \u0130lgili\u00a0<\/strong><\/span><\/h2>\r\n<p><span style=\"font-family: Roboto; font-size: 14px;\"><strong>Meksika Ankara B\u00fcy\u00fckel\u00e7ili\u011fi<\/strong>, Meksika\u2019n\u0131n T\u00fcrkiye Cumhuriyet i\u00e7inde bulunan en b\u00fcy\u00fck ve en yetkili temsilciliktir. Meksika\u2019n\u0131n T\u00fcrkiye\u2019de bulunan resm\u00ee temsilciliklerindendir. T\u00fcrkiye\u2019de bulunan b\u00fct\u00fcn <strong>Meksika Konsoloslu\u011fu<\/strong>, Meksika Ankara B\u00fcy\u00fckel\u00e7ili\u011fi\u2019ne ba\u011fl\u0131.<\/span><br \/><span style=\"font-family: Roboto; font-size: 14px;\"><strong>Meksika Ankara B\u00fcy\u00fckel\u00e7ili\u011fi<\/strong>, T\u00fcrkiye ve Meksika aras\u0131nda ticari, sosyal, siyasal, k\u00fclt\u00fcrel ili\u015fkisi d\u00fczenlemektedir. Meksika ve T\u00fcrkiye\u2019de bulunan Meksika vatanda\u015f\u0131n\u0131n \u00e7\u0131kar\u0131n\u0131 g\u00f6zetmektedir. T\u00fcrkiye\u2019de bulunan Meksika vatanda\u015f\u0131na evlilik, bo\u015fanma, \u00f6l\u00fcm, do\u011fum, kimlik, ehliyetler gibi i\u015flemde konsolosluk hizmeti vermekte. Ayr\u0131ca vergi m\u00fckellefiyet olan Meksika vatanda\u015f\u0131ndan vergi tahsil etme yetkisi sahiptir. Bunun yan\u0131na Meksika vatanda\u015f\u0131na e\u011fitim, sa\u011fl\u0131k ve hukuk alan\u0131na destek olmaktad\u0131r.<\/span><br \/><span style=\"font-family: Roboto; font-size: 14px;\"><strong>Meksika Ankara B\u00fcy\u00fckel\u00e7ili\u011fi<\/strong>, T\u00fcrkiye Cumhuriyeti vatanda\u015f\u0131na vize hizmeti vermekte. Ayr\u0131ca T\u00fcrkiye\u2019de <span style=\"color: #2acec2;\"><strong><a style=\"color: #2acec2;\" href=\"https:\/\/myvize.com.tr\/meksika\/oturum-2\/meksika-oturum-izni\/\" target=\"_blank\" rel=\"noopener\">Meksika oturum izni<\/a><\/strong><\/span> olan di\u011fer \u00fclke vatanda\u015f\u0131na da vize hizmetleri vermektedir. Meksika\u2019ya seyahat edece\u011fi olan T\u00fcrkiye Cumhuriyeti vatanda\u015f\u0131n\u0131n vize ba\u015fvurusunu de\u011ferlendirmekte.<\/span><br \/><span style=\"font-family: Roboto; font-size: 14px;\">Meksika Ankara B\u00fcy\u00fckel\u00e7ilikleri hafta i\u00e7i her g\u00fcn saat 09.00-17.30 aras\u0131nda hizmet vermekte. Hafta son ve Meksika ve T\u00fcrkiye resm\u00ee tatilinde \u00e7al\u0131\u015fmamakta.<\/span><br \/><span style=\"font-family: Roboto; font-size: 14px;\"><strong>Meksika Ankara B\u00fcy\u00fckel\u00e7ili\u011fi<\/strong> hem T\u00fcrk vatanda\u015f\u0131n\u0131n vize ba\u015fvurusunu kabul eder hem de Meksika vatanda\u015fl\u0131k bulunan bireyin \u00e7e\u015fitli i\u015flemi i\u00e7in hizmet sa\u011flar. E\u011fer Meksika vatanda\u015fl\u0131\u011f\u0131 varsa, siz de bu kurumdan hizmetler talep edebilirsiniz. <strong>Meksika vatanda\u015f\u0131<\/strong> olarak evlilik, do\u011fum, \u00f6l\u00fcm kay\u0131t, n\u00fcfus i\u015flemi, pasaport ve noter gibi konuda kurumdan destek alabilirsiniz. T\u00fcrk vatanda\u015flar\u0131 olarak <span style=\"color: #2acec2;\"><strong><a style=\"color: #2acec2;\" href=\"https:\/\/myvize.com.tr\/meksika\/vize-islemleri\/meksika-turistik-vize\/\" target=\"_blank\" rel=\"noopener\">Meksika turistik vizesi<\/a><\/strong><\/span>, e\u011fitim vize, Meksika transit vize, uzun s\u00fcre vize gibi farkl\u0131 vize t\u00fcr\u00fcnden kendinize uygun olana ba\u015fvuruyu yapabilirsiniz.<\/span><\/p>\r\n<p><span style=\"font-family: Roboto;\"><\/span><\/p>","protected":false},"excerpt":{"rendered":"<p>Meksika Ankara konsoloslu\u011fu, Meksika vatanda\u015flar\u0131n\u0131n sosyal ve hukuki t\u00fcm haklar\u0131n\u0131 koruyan gerekti\u011finde g\u00fcvenli\u011fini sa\u011flamay\u0131 ama\u00e7layan resmi bir makamd\u0131r. T\u00fcrkiye\u2019de ya\u015fayan Meksikal\u0131lar gibi Meksika\u2019da ya\u015fam\u0131n\u0131 s\u00fcrd\u00fcren T\u00fcrkler de konsolosluktan ayn\u0131 \u015fekilde yararlan\u0131r.\u00a0Meksika\u00a0konsoloslu\u011fu vize\u00a0ba\u015fvurular\u0131n\u0131 hem T\u00fcrk hem de Meksika vatanda\u015flar\u0131 m\u00fcracaat edebilmektedir. Vize t\u00fcr\u00fcne g\u00f6re s\u00fcre\u00e7 de\u011fi\u015fkenlik g\u00f6stermektedir. Bunula birlikte konsolosluk T\u00fcrkiye\u2019de ya\u015fayan Meksikal\u0131lara \u00f6zel olarak resm\u00ee<\/p>\n","protected":false},"author":1,"featured_media":0,"parent":69,"menu_order":0,"comment_status":"closed","ping_status":"closed","template":"","meta":{"footnotes":""},"class_list":["post-72","page","type-page","status-publish","hentry"],"yoast_head":"<!-- This site is optimized with the Yoast SEO plugin v24.0 - https:\/\/yoast.com\/wordpress\/plugins\/seo\/ -->\n<title>Meksika Ankara B\u00fcy\u00fckel\u00e7ili\u011fi - MyVize<\/title>\n<meta name=\"description\" content=\"Meksika B\u00fcy\u00fckel\u00e7ili\u011fi Ankara \u00e7al\u0131\u015fma saatleri. Meksika B\u00fcy\u00fckel\u00e7ili\u011fi Ankara ula\u015f\u0131m, ileti\u015fim bilgileri ve faaliyet alan\u0131.\" \/>\n<meta name=\"robots\" content=\"index, follow, max-snippet:-1, max-image-preview:large, max-video-preview:-1\" \/>\n<link rel=\"canonical\" href=\"https:\/\/myvize.com.tr\/meksika\/konsolosluklar\/ankara-buyukelciligi\/\" \/>\n<meta property=\"og:locale\" content=\"tr_TR\" \/>\n<meta property=\"og:type\" content=\"article\" \/>\n<meta property=\"og:title\" content=\"Meksika Ankara B\u00fcy\u00fckel\u00e7ili\u011fi - MyVize\" \/>\n<meta property=\"og:description\" content=\"Meksika B\u00fcy\u00fckel\u00e7ili\u011fi Ankara \u00e7al\u0131\u015fma saatleri. Meksika B\u00fcy\u00fckel\u00e7ili\u011fi Ankara ula\u015f\u0131m, ileti\u015fim bilgileri ve faaliyet alan\u0131.\" \/>\n<meta property=\"og:url\" content=\"https:\/\/myvize.com.tr\/meksika\/konsolosluklar\/ankara-buyukelciligi\/\" \/>\n<meta property=\"og:site_name\" content=\"Meksika Vizesi\" \/>\n<meta property=\"article:modified_time\" content=\"2022-05-12T13:10:39+00:00\" \/>\n<meta name=\"twitter:card\" content=\"summary_large_image\" \/>\n<meta name=\"twitter:label1\" content=\"Tahmini okuma s\u00fcresi\" \/>\n\t<meta name=\"twitter:data1\" content=\"4 dakika\" \/>\n<script type=\"application\/ld+json\" class=\"yoast-schema-graph\">{\"@context\":\"https:\/\/schema.org\",\"@graph\":[{\"@type\":\"WebPage\",\"@id\":\"https:\/\/myvize.com.tr\/meksika\/konsolosluklar\/ankara-buyukelciligi\/\",\"url\":\"https:\/\/myvize.com.tr\/meksika\/konsolosluklar\/ankara-buyukelciligi\/\",\"name\":\"Meksika Ankara B\u00fcy\u00fckel\u00e7ili\u011fi - MyVize\",\"isPartOf\":{\"@id\":\"https:\/\/myvize.com.tr\/meksika\/#website\"},\"datePublished\":\"2020-11-30T09:59:09+00:00\",\"dateModified\":\"2022-05-12T13:10:39+00:00\",\"description\":\"Meksika B\u00fcy\u00fckel\u00e7ili\u011fi Ankara \u00e7al\u0131\u015fma saatleri. Meksika B\u00fcy\u00fckel\u00e7ili\u011fi Ankara ula\u015f\u0131m, ileti\u015fim bilgileri ve faaliyet alan\u0131.\",\"breadcrumb\":{\"@id\":\"https:\/\/myvize.com.tr\/meksika\/konsolosluklar\/ankara-buyukelciligi\/#breadcrumb\"},\"inLanguage\":\"tr\",\"potentialAction\":[{\"@type\":\"ReadAction\",\"target\":[\"https:\/\/myvize.com.tr\/meksika\/konsolosluklar\/ankara-buyukelciligi\/\"]}]},{\"@type\":\"BreadcrumbList\",\"@id\":\"https:\/\/myvize.com.tr\/meksika\/konsolosluklar\/ankara-buyukelciligi\/#breadcrumb\",\"itemListElement\":[{\"@type\":\"ListItem\",\"position\":1,\"name\":\"Anasayfa\",\"item\":\"https:\/\/myvize.com.tr\/meksika\/\"},{\"@type\":\"ListItem\",\"position\":2,\"name\":\"KONSOLOSLUKLAR\",\"item\":\"https:\/\/myvize.com.tr\/meksika\/konsolosluklar\/\"},{\"@type\":\"ListItem\",\"position\":3,\"name\":\"Meksika Ankara B\u00fcy\u00fckel\u00e7ili\u011fi\"}]},{\"@type\":\"WebSite\",\"@id\":\"https:\/\/myvize.com.tr\/meksika\/#website\",\"url\":\"https:\/\/myvize.com.tr\/meksika\/\",\"name\":\"Meksika Vizesi\",\"description\":\"\",\"potentialAction\":[{\"@type\":\"SearchAction\",\"target\":{\"@type\":\"EntryPoint\",\"urlTemplate\":\"https:\/\/myvize.com.tr\/meksika\/?s={search_term_string}\"},\"query-input\":{\"@type\":\"PropertyValueSpecification\",\"valueRequired\":true,\"valueName\":\"search_term_string\"}}],\"inLanguage\":\"tr\"}]}<\/script>\n<!-- \/ Yoast SEO plugin. -->","yoast_head_json":{"title":"Meksika Ankara B\u00fcy\u00fckel\u00e7ili\u011fi - MyVize","description":"Meksika B\u00fcy\u00fckel\u00e7ili\u011fi Ankara \u00e7al\u0131\u015fma saatleri. Meksika B\u00fcy\u00fckel\u00e7ili\u011fi Ankara ula\u015f\u0131m, ileti\u015fim bilgileri ve faaliyet alan\u0131.","robots":{"index":"index","follow":"follow","max-snippet":"max-snippet:-1","max-image-preview":"max-image-preview:large","max-video-preview":"max-video-preview:-1"},"canonical":"https:\/\/myvize.com.tr\/meksika\/konsolosluklar\/ankara-buyukelciligi\/","og_locale":"tr_TR","og_type":"article","og_title":"Meksika Ankara B\u00fcy\u00fckel\u00e7ili\u011fi - MyVize","og_description":"Meksika B\u00fcy\u00fckel\u00e7ili\u011fi Ankara \u00e7al\u0131\u015fma saatleri. Meksika B\u00fcy\u00fckel\u00e7ili\u011fi Ankara ula\u015f\u0131m, ileti\u015fim bilgileri ve faaliyet alan\u0131.","og_url":"https:\/\/myvize.com.tr\/meksika\/konsolosluklar\/ankara-buyukelciligi\/","og_site_name":"Meksika Vizesi","article_modified_time":"2022-05-12T13:10:39+00:00","twitter_card":"summary_large_image","twitter_misc":{"Tahmini okuma s\u00fcresi":"4 dakika"},"schema":{"@context":"https:\/\/schema.org","@graph":[{"@type":"WebPage","@id":"https:\/\/myvize.com.tr\/meksika\/konsolosluklar\/ankara-buyukelciligi\/","url":"https:\/\/myvize.com.tr\/meksika\/konsolosluklar\/ankara-buyukelciligi\/","name":"Meksika Ankara B\u00fcy\u00fckel\u00e7ili\u011fi - MyVize","isPartOf":{"@id":"https:\/\/myvize.com.tr\/meksika\/#website"},"datePublished":"2020-11-30T09:59:09+00:00","dateModified":"2022-05-12T13:10:39+00:00","description":"Meksika B\u00fcy\u00fckel\u00e7ili\u011fi Ankara \u00e7al\u0131\u015fma saatleri. Meksika B\u00fcy\u00fckel\u00e7ili\u011fi Ankara ula\u015f\u0131m, ileti\u015fim bilgileri ve faaliyet alan\u0131.","breadcrumb":{"@id":"https:\/\/myvize.com.tr\/meksika\/konsolosluklar\/ankara-buyukelciligi\/#breadcrumb"},"inLanguage":"tr","potentialAction":[{"@type":"ReadAction","target":["https:\/\/myvize.com.tr\/meksika\/konsolosluklar\/ankara-buyukelciligi\/"]}]},{"@type":"BreadcrumbList","@id":"https:\/\/myvize.com.tr\/meksika\/konsolosluklar\/ankara-buyukelciligi\/#breadcrumb","itemListElement":[{"@type":"ListItem","position":1,"name":"Anasayfa","item":"https:\/\/myvize.com.tr\/meksika\/"},{"@type":"ListItem","position":2,"name":"KONSOLOSLUKLAR","item":"https:\/\/myvize.com.tr\/meksika\/konsolosluklar\/"},{"@type":"ListItem","position":3,"name":"Meksika Ankara B\u00fcy\u00fckel\u00e7ili\u011fi"}]},{"@type":"WebSite","@id":"https:\/\/myvize.com.tr\/meksika\/#website","url":"https:\/\/myvize.com.tr\/meksika\/","name":"Meksika Vizesi","description":"","potentialAction":[{"@type":"SearchAction","target":{"@type":"EntryPoint","urlTemplate":"https:\/\/myvize.com.tr\/meksika\/?s={search_term_string}"},"query-input":{"@type":"PropertyValueSpecification","valueRequired":true,"valueName":"search_term_string"}}],"inLanguage":"tr"}]}},"_links":{"self":[{"href":"https:\/\/myvize.com.tr\/meksika\/wp-json\/wp\/v2\/pages\/72","targetHints":{"allow":["GET"]}}],"collection":[{"href":"https:\/\/myvize.com.tr\/meksika\/wp-json\/wp\/v2\/pages"}],"about":[{"href":"https:\/\/myvize.com.tr\/meksika\/wp-json\/wp\/v2\/types\/page"}],"author":[{"embeddable":true,"href":"https:\/\/myvize.com.tr\/meksika\/wp-json\/wp\/v2\/users\/1"}],"replies":[{"embeddable":true,"href":"https:\/\/myvize.com.tr\/meksika\/wp-json\/wp\/v2\/comments?post=72"}],"version-history":[{"count":6,"href":"https:\/\/myvize.com.tr\/meksika\/wp-json\/wp\/v2\/pages\/72\/revisions"}],"predecessor-version":[{"id":865,"href":"https:\/\/myvize.com.tr\/meksika\/wp-json\/wp\/v2\/pages\/72\/revisions\/865"}],"up":[{"embeddable":true,"href":"https:\/\/myvize.com.tr\/meksika\/wp-json\/wp\/v2\/pages\/69"}],"wp:attachment":[{"href":"https:\/\/myvize.com.tr\/meksika\/wp-json\/wp\/v2\/media?parent=72"}],"curies":[{"name":"wp","href":"https:\/\/api.w.org\/{rel}","templated":true}]}}