{"id":6,"date":"2020-11-30T08:45:13","date_gmt":"2020-11-30T05:45:13","guid":{"rendered":"http:\/\/myvize.com.tr\/meksika\/?page_id=6"},"modified":"2022-05-12T14:52:11","modified_gmt":"2022-05-12T11:52:11","slug":"meksika-2","status":"publish","type":"page","link":"https:\/\/myvize.com.tr\/meksika\/","title":{"rendered":"Meksika"},"content":{"rendered":"<h2><strong><span style=\"font-size: 27px; font-family: Roboto;\">Meksika Vizesi 2022<\/span><\/strong><\/h2>\n","protected":false},"excerpt":{"rendered":"<p>Meksika Vizesi 2022<\/p>\n","protected":false},"author":1,"featured_media":0,"parent":0,"menu_order":0,"comment_status":"closed","ping_status":"closed","template":"","meta":{"footnotes":""},"class_list":["post-6","page","type-page","status-publish","hentry"],"yoast_head":"<!-- This site is optimized with the Yoast SEO plugin v24.0 - https:\/\/yoast.com\/wordpress\/plugins\/seo\/ -->\n<title>Meksika Vizesi - Meksika Vize Ba\u015fvurusu - MyVize<\/title>\n<meta name=\"description\" content=\"Meksika vizesi evraklar\u0131 i\u00e7in hemen t\u0131klay\u0131n. Meksika vizesi nas\u0131l al\u0131n\u0131r? Meksika vize randevusu. Meksika vize i\u015flemi.\" \/>\n<meta name=\"robots\" content=\"index, follow, max-snippet:-1, max-image-preview:large, max-video-preview:-1\" \/>\n<link rel=\"canonical\" href=\"https:\/\/myvize.com.tr\/meksika\/\" \/>\n<meta property=\"og:locale\" content=\"tr_TR\" \/>\n<meta property=\"og:type\" content=\"article\" \/>\n<meta property=\"og:title\" content=\"Meksika Vizesi - Meksika Vize Ba\u015fvurusu - MyVize\" \/>\n<meta property=\"og:description\" content=\"Meksika vizesi evraklar\u0131 i\u00e7in hemen t\u0131klay\u0131n. Meksika vizesi nas\u0131l al\u0131n\u0131r? Meksika vize randevusu. Meksika vize i\u015flemi.\" \/>\n<meta property=\"og:url\" content=\"https:\/\/myvize.com.tr\/meksika\/\" \/>\n<meta property=\"og:site_name\" content=\"Meksika Vizesi\" \/>\n<meta property=\"article:modified_time\" content=\"2022-05-12T11:52:11+00:00\" \/>\n<meta name=\"twitter:card\" content=\"summary_large_image\" \/>\n<meta name=\"twitter:label1\" content=\"Tahmini okuma s\u00fcresi\" \/>\n\t<meta name=\"twitter:data1\" content=\"1 dakika\" \/>\n<script type=\"application\/ld+json\" class=\"yoast-schema-graph\">{\"@context\":\"https:\/\/schema.org\",\"@graph\":[{\"@type\":\"WebPage\",\"@id\":\"https:\/\/myvize.com.tr\/meksika\/\",\"url\":\"https:\/\/myvize.com.tr\/meksika\/\",\"name\":\"Meksika Vizesi - Meksika Vize Ba\u015fvurusu - MyVize\",\"isPartOf\":{\"@id\":\"https:\/\/myvize.com.tr\/meksika\/#website\"},\"datePublished\":\"2020-11-30T05:45:13+00:00\",\"dateModified\":\"2022-05-12T11:52:11+00:00\",\"description\":\"Meksika vizesi evraklar\u0131 i\u00e7in hemen t\u0131klay\u0131n. Meksika vizesi nas\u0131l al\u0131n\u0131r? Meksika vize randevusu. Meksika vize i\u015flemi.\",\"breadcrumb\":{\"@id\":\"https:\/\/myvize.com.tr\/meksika\/#breadcrumb\"},\"inLanguage\":\"tr\",\"potentialAction\":[{\"@type\":\"ReadAction\",\"target\":[\"https:\/\/myvize.com.tr\/meksika\/\"]}]},{\"@type\":\"BreadcrumbList\",\"@id\":\"https:\/\/myvize.com.tr\/meksika\/#breadcrumb\",\"itemListElement\":[{\"@type\":\"ListItem\",\"position\":1,\"name\":\"Anasayfa\",\"item\":\"https:\/\/myvize.com.tr\/meksika\/\"},{\"@type\":\"ListItem\",\"position\":2,\"name\":\"Meksika\"}]},{\"@type\":\"WebSite\",\"@id\":\"https:\/\/myvize.com.tr\/meksika\/#website\",\"url\":\"https:\/\/myvize.com.tr\/meksika\/\",\"name\":\"Meksika Vizesi\",\"description\":\"\",\"potentialAction\":[{\"@type\":\"SearchAction\",\"target\":{\"@type\":\"EntryPoint\",\"urlTemplate\":\"https:\/\/myvize.com.tr\/meksika\/?s={search_term_string}\"},\"query-input\":{\"@type\":\"PropertyValueSpecification\",\"valueRequired\":true,\"valueName\":\"search_term_string\"}}],\"inLanguage\":\"tr\"}]}<\/script>\n<!-- \/ Yoast SEO plugin. -->","yoast_head_json":{"title":"Meksika Vizesi - Meksika Vize Ba\u015fvurusu - MyVize","description":"Meksika vizesi evraklar\u0131 i\u00e7in hemen t\u0131klay\u0131n. Meksika vizesi nas\u0131l al\u0131n\u0131r? Meksika vize randevusu. Meksika vize i\u015flemi.","robots":{"index":"index","follow":"follow","max-snippet":"max-snippet:-1","max-image-preview":"max-image-preview:large","max-video-preview":"max-video-preview:-1"},"canonical":"https:\/\/myvize.com.tr\/meksika\/","og_locale":"tr_TR","og_type":"article","og_title":"Meksika Vizesi - Meksika Vize Ba\u015fvurusu - MyVize","og_description":"Meksika vizesi evraklar\u0131 i\u00e7in hemen t\u0131klay\u0131n. Meksika vizesi nas\u0131l al\u0131n\u0131r? Meksika vize randevusu. Meksika vize i\u015flemi.","og_url":"https:\/\/myvize.com.tr\/meksika\/","og_site_name":"Meksika Vizesi","article_modified_time":"2022-05-12T11:52:11+00:00","twitter_card":"summary_large_image","twitter_misc":{"Tahmini okuma s\u00fcresi":"1 dakika"},"schema":{"@context":"https:\/\/schema.org","@graph":[{"@type":"WebPage","@id":"https:\/\/myvize.com.tr\/meksika\/","url":"https:\/\/myvize.com.tr\/meksika\/","name":"Meksika Vizesi - Meksika Vize Ba\u015fvurusu - MyVize","isPartOf":{"@id":"https:\/\/myvize.com.tr\/meksika\/#website"},"datePublished":"2020-11-30T05:45:13+00:00","dateModified":"2022-05-12T11:52:11+00:00","description":"Meksika vizesi evraklar\u0131 i\u00e7in hemen t\u0131klay\u0131n. Meksika vizesi nas\u0131l al\u0131n\u0131r? Meksika vize randevusu. Meksika vize i\u015flemi.","breadcrumb":{"@id":"https:\/\/myvize.com.tr\/meksika\/#breadcrumb"},"inLanguage":"tr","potentialAction":[{"@type":"ReadAction","target":["https:\/\/myvize.com.tr\/meksika\/"]}]},{"@type":"BreadcrumbList","@id":"https:\/\/myvize.com.tr\/meksika\/#breadcrumb","itemListElement":[{"@type":"ListItem","position":1,"name":"Anasayfa","item":"https:\/\/myvize.com.tr\/meksika\/"},{"@type":"ListItem","position":2,"name":"Meksika"}]},{"@type":"WebSite","@id":"https:\/\/myvize.com.tr\/meksika\/#website","url":"https:\/\/myvize.com.tr\/meksika\/","name":"Meksika Vizesi","description":"","potentialAction":[{"@type":"SearchAction","target":{"@type":"EntryPoint","urlTemplate":"https:\/\/myvize.com.tr\/meksika\/?s={search_term_string}"},"query-input":{"@type":"PropertyValueSpecification","valueRequired":true,"valueName":"search_term_string"}}],"inLanguage":"tr"}]}},"_links":{"self":[{"href":"https:\/\/myvize.com.tr\/meksika\/wp-json\/wp\/v2\/pages\/6","targetHints":{"allow":["GET"]}}],"collection":[{"href":"https:\/\/myvize.com.tr\/meksika\/wp-json\/wp\/v2\/pages"}],"about":[{"href":"https:\/\/myvize.com.tr\/meksika\/wp-json\/wp\/v2\/types\/page"}],"author":[{"embeddable":true,"href":"https:\/\/myvize.com.tr\/meksika\/wp-json\/wp\/v2\/users\/1"}],"replies":[{"embeddable":true,"href":"https:\/\/myvize.com.tr\/meksika\/wp-json\/wp\/v2\/comments?post=6"}],"version-history":[{"count":5,"href":"https:\/\/myvize.com.tr\/meksika\/wp-json\/wp\/v2\/pages\/6\/revisions"}],"predecessor-version":[{"id":834,"href":"https:\/\/myvize.com.tr\/meksika\/wp-json\/wp\/v2\/pages\/6\/revisions\/834"}],"wp:attachment":[{"href":"https:\/\/myvize.com.tr\/meksika\/wp-json\/wp\/v2\/media?parent=6"}],"curies":[{"name":"wp","href":"https:\/\/api.w.org\/{rel}","templated":true}]}}