{"id":49,"date":"2020-11-30T12:48:56","date_gmt":"2020-11-30T09:48:56","guid":{"rendered":"http:\/\/myvize.com.tr\/meksika\/?page_id=49"},"modified":"2022-05-12T15:34:30","modified_gmt":"2022-05-12T12:34:30","slug":"meksika-vize-reddi","status":"publish","type":"page","link":"https:\/\/myvize.com.tr\/meksika\/vize-islemleri\/meksika-vize-reddi\/","title":{"rendered":"Meksika Vize Reddi"},"content":{"rendered":"<h2><strong><span style=\"font-family: Roboto; font-size: 27px;\">Meksika Vize Reddi Hakk\u0131nda<\/span><\/strong><\/h2>\n<p><span style=\"font-family: Roboto; font-size: 14px;\">Meksika seyahatinde bulunacak T\u00fcrk vatanda\u015flar\u0131, seyahatten \u00f6nce vize ba\u015fvurusunda bulunmal\u0131d\u0131r. <strong>Meksika konsoloslu\u011fu<\/strong> taraf\u0131ndan de\u011ferlendirilmeye al\u0131nan ba\u015fvurular b\u00fcy\u00fck oranda kabul edilmektedir. Fakat baz\u0131 durumlarda konsolosluk vize ba\u015fvurular\u0131n\u0131 reddetmektedir. Konsolosluk vize ba\u015fvurular\u0131 i\u00e7in hi\u00e7 kimseye ayr\u0131cal\u0131k veya imtiyaz tan\u0131mamaktad\u0131r. Bu sebeple ba\u015fvuru yaparken olduk\u00e7a dikkatli olmak gerekir.<\/span><\/p>\n<p><span style=\"font-family: Roboto; font-size: 14px;\"><strong>Meksika Vize ba\u015fvurular\u0131<\/strong> farkl\u0131 sebeplerden dolay\u0131 reddedilebilir. Bu sebeplerden biri konsoloslu\u011fa sunulan belgelerden kaynakl\u0131 olabilmektedir. Teslim edilecek olan belge ve evraklar eksik, yanl\u0131\u015f ve ger\u00e7e\u011fe ayk\u0131r\u0131 olmamal\u0131d\u0131r. Her vize t\u00fcr\u00fc i\u00e7in farkl\u0131 belgeler istenildi\u011fi i\u00e7in haz\u0131rlarken dikkat etmek gerekir.<\/span><\/p>\n<p><span style=\"font-family: Roboto; font-size: 14px;\">Meksika seyahat sigortas\u0131n\u0131n yapt\u0131r\u0131lmas\u0131 gerekmektedir. Meksika\u2019da ya\u015fanacak sa\u011fl\u0131k problemlerinde kullan\u0131lmas\u0131 i\u00e7in<strong> Meksika sa\u011fl\u0131k sigortas\u0131<\/strong> olmal\u0131 ve sigorta uluslararas\u0131 ge\u00e7erlili\u011fe sahip olmal\u0131d\u0131r.<\/span><\/p>\n<p><span style=\"font-family: Roboto; font-size: 14px;\">Ekonomik yeterlili\u011fe sahip olunmal\u0131d\u0131r. Meksika\u2019da kal\u0131nacak s\u00fcre i\u00e7erisinde olu\u015facak masraflar\u0131 kar\u015f\u0131layacak paran\u0131n olmas\u0131 gerekmektedir. Bunun i\u00e7in banka hesap dok\u00fcmanlar\u0131 konsoloslu\u011fa sunulmal\u0131d\u0131r.<\/span><\/p>\n<p><span style=\"font-family: Roboto; font-size: 14px;\">Sab\u0131kal\u0131 olmamak gerekir. Meksika devletinin i\u00e7i\u015fleri bir hayli kar\u0131\u015f\u0131kt\u0131r. Bu y\u00fczden d\u0131\u015far\u0131dan gelecek vatanda\u015flar\u0131n bir kar\u0131\u015f\u0131kl\u0131k yaratmamas\u0131 i\u00e7in sab\u0131kal\u0131 olmamas\u0131 \u015fart\u0131 koyulmu\u015ftur. Bu gibi sebeplerden \u00f6t\u00fcr\u00fc <span style=\"color: #2acec2;\"><strong><a style=\"color: #2acec2;\" href=\"https:\/\/myvize.com.tr\/meksika\/vize-islemleri\/meksika-vizesi\/\" target=\"_blank\" rel=\"noopener\">Meksika vizesi<\/a><\/strong><\/span> reddedilebilir.<\/span><\/p>\n<p><img decoding=\"async\" src=\"https:\/\/myvize.com.tr\/meksika\/wp-content\/uploads\/2021\/10\/19.jpg\" \/><\/p>\n<h2><span style=\"font-family: Roboto; font-size: 27px;\"><strong>Meksika Vize Reddi \u0130le \u0130lgili<\/strong><\/span><\/h2>\n<p><span style=\"font-family: Roboto; font-size: 14px;\"><strong>Meksika seyahatleri<\/strong> i\u00e7in gerekli olacak olan vizenin ba\u015fvurusunda baz\u0131 durumlarda vatanda\u015flar vize reddi ile kar\u015f\u0131 kar\u015f\u0131ya kalabilirler. Konsolosluk vatanda\u015flar\u0131 yapacaklar\u0131 ba\u015fvurularda gerekli evraklar\u0131n eksikli\u011finde veya bilgilerin do\u011frulu\u011fundan \u015f\u00fcphe ettikleri durumlarda vatanda\u015flar\u0131n vize taleplerini olumsuz olarak yan\u0131tlarlar. Gerekli \u015fartlar\u0131 kar\u015f\u0131layan vatanda\u015flar ilerleyen s\u00fcre\u00e7te tekrar vize ba\u015fvurusunda bulunarak eksiksiz belge sunmalar\u0131 halinde tekrardan de\u011ferlendirmeye al\u0131narak vizelerinin olumlu sonu\u00e7lanmas\u0131n\u0131 sa\u011flayabilirler.<\/span><\/p>\n<p><span style=\"font-family: Roboto; font-size: 14px;\"><strong>Meksika vize reddi<\/strong>\u00a0nedenleri \u015fu \u015fekilde s\u0131ralanabilir;<\/span><\/p>\n<ul>\n<li><span style=\"font-family: Roboto; font-size: 14px;\"><strong>Meksika B\u00fcy\u00fckel\u00e7ili\u011fi<\/strong> taraf\u0131ndan talep edilen belgelerde sahtecilik veya eksik bulunmas\u0131.<\/span><\/li>\n<li><span style=\"font-family: Roboto; font-size: 14px;\">Meksika&#8217;ya gidecek olan vatanda\u015flar\u0131n \u00fclke taraf\u0131ndan belirlenen yeterli ekonomik ko\u015fullara sahip olamamas\u0131.<\/span><\/li>\n<li><span style=\"font-family: Roboto; font-size: 14px;\">Meksika&#8217;ya gidecek olan vatanda\u015f\u0131n gidi\u015f amac\u0131n\u0131 a\u00e7\u0131k bir \u015fekilde ba\u015fvuru formunda belirtmemesi.<\/span><\/li>\n<li><span style=\"font-family: Roboto; font-size: 14px;\">Daha \u00f6nceden Meksika&#8217;ya seyahat eden vatanda\u015flar\u0131n burada herhangi bir \u015fekilde olumsuz izlenim b\u0131rakmas\u0131 veya \u00fclke kanunlar\u0131na uyum sa\u011flayacak \u015fekilde hareket etmemesi.<\/span><\/li>\n<li><span style=\"font-family: Roboto; font-size: 14px;\"><span style=\"color: #2acec2;\"><strong><a style=\"color: #2acec2;\" href=\"https:\/\/myvize.com.tr\/meksika\/vize-islemleri\/meksika-vize-basvrusu\/\" target=\"_blank\" rel=\"noopener\">Meksika Vize ba\u015fvurusu<\/a><\/strong><\/span> s\u0131ras\u0131nda vatanda\u015flar\u0131n d\u00f6n\u00fc\u015f tarihlerini a\u00e7\u0131k bir \u015fekilde ba\u015fvuru formunda belirtmemeleri.<\/span><\/li>\n<li><span style=\"font-family: Roboto; font-size: 14px;\">Vize ba\u015fvuru esnas\u0131nda g\u00fcncel pasaporta sahip olmama<\/span><\/li>\n<\/ul>\n<p><span style=\"font-family: Roboto; font-size: 14px;\">S\u00f6z konusu konulardan dolay\u0131 iptal ile kar\u015f\u0131 kar\u015f\u0131ya kalan vatanda\u015flar de\u011ferlendirmede olumsuz bulunan durumlar\u0131n d\u00fczeltilmesi halinde tekrar <strong>Meksika vizesi<\/strong> i\u00e7in ba\u015fvuru yapabilirler.<\/span><\/p>\n<h2><span style=\"font-family: Roboto; font-size: 27px;\"><strong>Meksika Vize Reddi \u00c7\u00f6z\u00fcm\u00fc<\/strong><\/span><\/h2>\n<p><span style=\"font-family: Roboto; font-size: 14px;\"><strong>Meksika vizesi<\/strong> olumsuz sonu\u00e7lanmas\u0131 durumu ki\u015finin itiraz etmek hakk\u0131n\u0131 do\u011fuyor. Bu do\u011frultu da itiraz mektuplar\u0131 haz\u0131rlan\u0131r ve ilgili makama teslim edilir.<\/span><br \/>\n<span style=\"font-family: Roboto; font-size: 14px;\">Seyahat edece\u011fi \u00fclke i\u00e7in <strong>Meksika vizesi reddi itiraz<\/strong> yapma i\u00e7in baz\u0131 ad\u0131m takip etmelisiniz. Ba\u015fvuru sahiplerinin a\u00e7\u0131s\u0131ndan vize \u00fccret \u00f6demesi yap\u0131lm\u0131\u015f, belge toplanm\u0131\u015ft\u0131r ama bir sebep ile el\u00e7ilikten izin al\u0131nmam\u0131\u015ft\u0131r.<\/span><br \/>\n<span style=\"font-family: Roboto; font-size: 14px;\">Unutulmas\u0131 gerekli bir noktada vize reddedilebilir bir \u015fey oldu\u011fu i\u00e7inde itiraz durum ile ilgili durum toparlama \u00e7abas\u0131d\u0131r. Yanl\u0131\u015f, eksikli evrak gibi sebeple vize ba\u015fvurusunun kabul edilmeme durumunda do\u011fru ba\u015fvuru ile itiraz etmelisiniz. <strong>Vize reddi temyiz mektubu<\/strong> haz\u0131rlamal\u0131s\u0131n\u0131z.<\/span><br \/>\n<span style=\"font-family: Roboto; font-size: 14px;\">Vize kabul edilmedikleri takdirde yaz\u0131lan mektuplar i\u00e7in \u00e7ok \u00f6nemli olan baz\u0131 ince detay vard\u0131r:<\/span><br \/>\n<span style=\"font-family: Roboto; font-size: 14px;\">Yaz\u0131lan mektup i\u00e7eri\u011fi gerekli bilgi d\u0131\u015f\u0131nda duygusal \u00f6z\u00fcr dileme mektup olmas\u0131 anlam\u0131 olmayacakt\u0131r. \u0130\u00e7erikte bulunan tart\u0131\u015fma b\u00f6l\u00fcmden de uzak durmal\u0131s\u0131n\u0131z.<\/span><br \/>\n<span style=\"font-family: Roboto; font-size: 14px;\">Sabit \u015fablon olmama sebebiyle kesin \u00e7izgiyle bir kural s\u00f6z konusu bile de\u011fil. Ancak genellikle olmalar\u0131 gereken bilgiler \u015f\u00f6yledir:<\/span><br \/>\n<span style=\"font-family: Roboto; font-size: 14px;\">\u0130tiraz eden ki\u015filerin ad\u0131 soyad\u0131.<\/span><br \/>\n<span style=\"font-family: Roboto; font-size: 14px;\">Ba\u015fvuruda kullan\u0131lm\u0131\u015f pasaport numaralar\u0131.<\/span><br \/>\n<span style=\"font-family: Roboto; font-size: 14px;\">Vizesi reddedilen ki\u015filer adresi.<\/span><br \/>\n<span style=\"font-family: Roboto; font-size: 14px;\">Do\u011fum yer ve tarih bilgileri.<\/span><br \/>\n<span style=\"font-family: Roboto; font-size: 14px;\">Telefon bilgileri.<\/span><br \/>\n<span style=\"font-family: Roboto; font-size: 14px;\">E-posta adresleri.<\/span><br \/>\n<span style=\"font-family: Roboto; font-size: 14px;\">Ayr\u0131ca olmalar\u0131 gerekli a\u015fa\u011f\u0131daki bilgi de dikkate al\u0131nmal\u0131.<\/span><br \/>\n<span style=\"font-family: Roboto; font-size: 14px;\">Hangi tarihlerde ba\u015fvuru yap\u0131ld\u0131\u011f\u0131.<\/span><br \/>\n<span style=\"font-family: Roboto; font-size: 14px;\">Neden yurt d\u0131\u015f\u0131 seyahatler i\u00e7in vize al\u0131nmas\u0131 gerekiyor.<\/span><br \/>\n<span style=\"font-family: Roboto; font-size: 14px;\">Gidi\u015f i\u00e7in ama\u00e7lar\u0131n ne oldu\u011fu.<\/span><br \/>\n<span style=\"font-family: Roboto; font-size: 14px;\">Kurum vizeyi reddetti\u011fi tarihi.<\/span><br \/>\n<span style=\"font-family: Roboto; font-size: 14px;\">Vize ret sebeplerini, hangi kurum reddetti ise kurum ad\u0131.<\/span><br \/>\n<span style=\"font-family: Roboto; font-size: 14px;\">Yanl\u0131\u015f oldu\u011fu d\u00fc\u015f\u00fcn\u00fclen vize reddi detay\u0131, gerek\u00e7eli a\u00e7\u0131klanmal\u0131d\u0131r.<\/span><br \/>\n<span style=\"font-family: Roboto; font-size: 14px;\">Red itiraz ba\u015fvurular\u0131 yapan\u0131n imzas\u0131.<\/span><\/p>\n<p><span style=\"font-family: Roboto; font-size: 14px;\"><span style=\"color: #2acec2;\"><strong><a style=\"color: #2acec2;\" href=\"https:\/\/myvize.com.tr\/meksika\/vize-islemleri\/meksika-vize-basvuru-formu\/\" target=\"_blank\" rel=\"noopener\">Meksika Vize Ba\u015fvuru Formu<\/a><\/strong><\/span> ile ilgili bilgi almak i\u00e7in bizi aray\u0131n\u0131z.<\/span><\/p>\n","protected":false},"excerpt":{"rendered":"<p>Meksika Vize Reddi Hakk\u0131nda Meksika seyahatinde bulunacak T\u00fcrk vatanda\u015flar\u0131, seyahatten \u00f6nce vize ba\u015fvurusunda bulunmal\u0131d\u0131r. Meksika konsoloslu\u011fu taraf\u0131ndan de\u011ferlendirilmeye al\u0131nan ba\u015fvurular b\u00fcy\u00fck oranda kabul edilmektedir. Fakat baz\u0131 durumlarda konsolosluk vize ba\u015fvurular\u0131n\u0131 reddetmektedir. Konsolosluk vize ba\u015fvurular\u0131 i\u00e7in hi\u00e7 kimseye ayr\u0131cal\u0131k veya imtiyaz tan\u0131mamaktad\u0131r. Bu sebeple ba\u015fvuru yaparken olduk\u00e7a dikkatli olmak gerekir. Meksika Vize ba\u015fvurular\u0131 farkl\u0131 sebeplerden dolay\u0131<\/p>\n","protected":false},"author":1,"featured_media":0,"parent":18,"menu_order":0,"comment_status":"closed","ping_status":"closed","template":"","meta":{"footnotes":""},"class_list":["post-49","page","type-page","status-publish","hentry"],"yoast_head":"<!-- This site is optimized with the Yoast SEO plugin v24.0 - https:\/\/yoast.com\/wordpress\/plugins\/seo\/ -->\n<title>Meksika Vize Reddi - Meksika Vizesi - MyVize<\/title>\n<meta name=\"description\" content=\"Meksika vizesi reddi alman\u0131zda ki sebepler neler? Meksika vize reddi i\u00e7in detayl\u0131 itiraz dilek\u00e7esi i\u00e7in ileti\u015fime ge\u00e7ebilirsiniz.\" \/>\n<meta name=\"robots\" content=\"index, follow, max-snippet:-1, max-image-preview:large, max-video-preview:-1\" \/>\n<link rel=\"canonical\" href=\"https:\/\/myvize.com.tr\/meksika\/vize-islemleri\/meksika-vize-reddi\/\" \/>\n<meta property=\"og:locale\" content=\"tr_TR\" \/>\n<meta property=\"og:type\" content=\"article\" \/>\n<meta property=\"og:title\" content=\"Meksika Vize Reddi - Meksika Vizesi - MyVize\" \/>\n<meta property=\"og:description\" content=\"Meksika vizesi reddi alman\u0131zda ki sebepler neler? Meksika vize reddi i\u00e7in detayl\u0131 itiraz dilek\u00e7esi i\u00e7in ileti\u015fime ge\u00e7ebilirsiniz.\" \/>\n<meta property=\"og:url\" content=\"https:\/\/myvize.com.tr\/meksika\/vize-islemleri\/meksika-vize-reddi\/\" \/>\n<meta property=\"og:site_name\" content=\"Meksika Vizesi\" \/>\n<meta property=\"article:modified_time\" content=\"2022-05-12T12:34:30+00:00\" \/>\n<meta property=\"og:image\" content=\"https:\/\/myvize.com.tr\/meksika\/wp-content\/uploads\/2021\/10\/19.jpg\" \/>\n<meta name=\"twitter:card\" content=\"summary_large_image\" \/>\n<meta name=\"twitter:label1\" content=\"Tahmini okuma s\u00fcresi\" \/>\n\t<meta name=\"twitter:data1\" content=\"3 dakika\" \/>\n<script type=\"application\/ld+json\" class=\"yoast-schema-graph\">{\"@context\":\"https:\/\/schema.org\",\"@graph\":[{\"@type\":\"WebPage\",\"@id\":\"https:\/\/myvize.com.tr\/meksika\/vize-islemleri\/meksika-vize-reddi\/\",\"url\":\"https:\/\/myvize.com.tr\/meksika\/vize-islemleri\/meksika-vize-reddi\/\",\"name\":\"Meksika Vize Reddi - Meksika Vizesi - MyVize\",\"isPartOf\":{\"@id\":\"https:\/\/myvize.com.tr\/meksika\/#website\"},\"primaryImageOfPage\":{\"@id\":\"https:\/\/myvize.com.tr\/meksika\/vize-islemleri\/meksika-vize-reddi\/#primaryimage\"},\"image\":{\"@id\":\"https:\/\/myvize.com.tr\/meksika\/vize-islemleri\/meksika-vize-reddi\/#primaryimage\"},\"thumbnailUrl\":\"https:\/\/myvize.com.tr\/meksika\/wp-content\/uploads\/2021\/10\/19.jpg\",\"datePublished\":\"2020-11-30T09:48:56+00:00\",\"dateModified\":\"2022-05-12T12:34:30+00:00\",\"description\":\"Meksika vizesi reddi alman\u0131zda ki sebepler neler? Meksika vize reddi i\u00e7in detayl\u0131 itiraz dilek\u00e7esi i\u00e7in ileti\u015fime ge\u00e7ebilirsiniz.\",\"breadcrumb\":{\"@id\":\"https:\/\/myvize.com.tr\/meksika\/vize-islemleri\/meksika-vize-reddi\/#breadcrumb\"},\"inLanguage\":\"tr\",\"potentialAction\":[{\"@type\":\"ReadAction\",\"target\":[\"https:\/\/myvize.com.tr\/meksika\/vize-islemleri\/meksika-vize-reddi\/\"]}]},{\"@type\":\"ImageObject\",\"inLanguage\":\"tr\",\"@id\":\"https:\/\/myvize.com.tr\/meksika\/vize-islemleri\/meksika-vize-reddi\/#primaryimage\",\"url\":\"https:\/\/myvize.com.tr\/meksika\/wp-content\/uploads\/2021\/10\/19.jpg\",\"contentUrl\":\"https:\/\/myvize.com.tr\/meksika\/wp-content\/uploads\/2021\/10\/19.jpg\",\"width\":800,\"height\":500,\"caption\":\"Meksika Vize Reddi\"},{\"@type\":\"BreadcrumbList\",\"@id\":\"https:\/\/myvize.com.tr\/meksika\/vize-islemleri\/meksika-vize-reddi\/#breadcrumb\",\"itemListElement\":[{\"@type\":\"ListItem\",\"position\":1,\"name\":\"Anasayfa\",\"item\":\"https:\/\/myvize.com.tr\/meksika\/\"},{\"@type\":\"ListItem\",\"position\":2,\"name\":\"V\u0130ZE \u0130\u015eLEMLER\u0130\",\"item\":\"https:\/\/myvize.com.tr\/meksika\/vize-islemleri\/\"},{\"@type\":\"ListItem\",\"position\":3,\"name\":\"Meksika Vize Reddi\"}]},{\"@type\":\"WebSite\",\"@id\":\"https:\/\/myvize.com.tr\/meksika\/#website\",\"url\":\"https:\/\/myvize.com.tr\/meksika\/\",\"name\":\"Meksika Vizesi\",\"description\":\"\",\"potentialAction\":[{\"@type\":\"SearchAction\",\"target\":{\"@type\":\"EntryPoint\",\"urlTemplate\":\"https:\/\/myvize.com.tr\/meksika\/?s={search_term_string}\"},\"query-input\":{\"@type\":\"PropertyValueSpecification\",\"valueRequired\":true,\"valueName\":\"search_term_string\"}}],\"inLanguage\":\"tr\"}]}<\/script>\n<!-- \/ Yoast SEO plugin. -->","yoast_head_json":{"title":"Meksika Vize Reddi - Meksika Vizesi - MyVize","description":"Meksika vizesi reddi alman\u0131zda ki sebepler neler? Meksika vize reddi i\u00e7in detayl\u0131 itiraz dilek\u00e7esi i\u00e7in ileti\u015fime ge\u00e7ebilirsiniz.","robots":{"index":"index","follow":"follow","max-snippet":"max-snippet:-1","max-image-preview":"max-image-preview:large","max-video-preview":"max-video-preview:-1"},"canonical":"https:\/\/myvize.com.tr\/meksika\/vize-islemleri\/meksika-vize-reddi\/","og_locale":"tr_TR","og_type":"article","og_title":"Meksika Vize Reddi - Meksika Vizesi - MyVize","og_description":"Meksika vizesi reddi alman\u0131zda ki sebepler neler? Meksika vize reddi i\u00e7in detayl\u0131 itiraz dilek\u00e7esi i\u00e7in ileti\u015fime ge\u00e7ebilirsiniz.","og_url":"https:\/\/myvize.com.tr\/meksika\/vize-islemleri\/meksika-vize-reddi\/","og_site_name":"Meksika Vizesi","article_modified_time":"2022-05-12T12:34:30+00:00","og_image":[{"url":"https:\/\/myvize.com.tr\/meksika\/wp-content\/uploads\/2021\/10\/19.jpg","type":"","width":"","height":""}],"twitter_card":"summary_large_image","twitter_misc":{"Tahmini okuma s\u00fcresi":"3 dakika"},"schema":{"@context":"https:\/\/schema.org","@graph":[{"@type":"WebPage","@id":"https:\/\/myvize.com.tr\/meksika\/vize-islemleri\/meksika-vize-reddi\/","url":"https:\/\/myvize.com.tr\/meksika\/vize-islemleri\/meksika-vize-reddi\/","name":"Meksika Vize Reddi - Meksika Vizesi - MyVize","isPartOf":{"@id":"https:\/\/myvize.com.tr\/meksika\/#website"},"primaryImageOfPage":{"@id":"https:\/\/myvize.com.tr\/meksika\/vize-islemleri\/meksika-vize-reddi\/#primaryimage"},"image":{"@id":"https:\/\/myvize.com.tr\/meksika\/vize-islemleri\/meksika-vize-reddi\/#primaryimage"},"thumbnailUrl":"https:\/\/myvize.com.tr\/meksika\/wp-content\/uploads\/2021\/10\/19.jpg","datePublished":"2020-11-30T09:48:56+00:00","dateModified":"2022-05-12T12:34:30+00:00","description":"Meksika vizesi reddi alman\u0131zda ki sebepler neler? Meksika vize reddi i\u00e7in detayl\u0131 itiraz dilek\u00e7esi i\u00e7in ileti\u015fime ge\u00e7ebilirsiniz.","breadcrumb":{"@id":"https:\/\/myvize.com.tr\/meksika\/vize-islemleri\/meksika-vize-reddi\/#breadcrumb"},"inLanguage":"tr","potentialAction":[{"@type":"ReadAction","target":["https:\/\/myvize.com.tr\/meksika\/vize-islemleri\/meksika-vize-reddi\/"]}]},{"@type":"ImageObject","inLanguage":"tr","@id":"https:\/\/myvize.com.tr\/meksika\/vize-islemleri\/meksika-vize-reddi\/#primaryimage","url":"https:\/\/myvize.com.tr\/meksika\/wp-content\/uploads\/2021\/10\/19.jpg","contentUrl":"https:\/\/myvize.com.tr\/meksika\/wp-content\/uploads\/2021\/10\/19.jpg","width":800,"height":500,"caption":"Meksika Vize Reddi"},{"@type":"BreadcrumbList","@id":"https:\/\/myvize.com.tr\/meksika\/vize-islemleri\/meksika-vize-reddi\/#breadcrumb","itemListElement":[{"@type":"ListItem","position":1,"name":"Anasayfa","item":"https:\/\/myvize.com.tr\/meksika\/"},{"@type":"ListItem","position":2,"name":"V\u0130ZE \u0130\u015eLEMLER\u0130","item":"https:\/\/myvize.com.tr\/meksika\/vize-islemleri\/"},{"@type":"ListItem","position":3,"name":"Meksika Vize Reddi"}]},{"@type":"WebSite","@id":"https:\/\/myvize.com.tr\/meksika\/#website","url":"https:\/\/myvize.com.tr\/meksika\/","name":"Meksika Vizesi","description":"","potentialAction":[{"@type":"SearchAction","target":{"@type":"EntryPoint","urlTemplate":"https:\/\/myvize.com.tr\/meksika\/?s={search_term_string}"},"query-input":{"@type":"PropertyValueSpecification","valueRequired":true,"valueName":"search_term_string"}}],"inLanguage":"tr"}]}},"_links":{"self":[{"href":"https:\/\/myvize.com.tr\/meksika\/wp-json\/wp\/v2\/pages\/49","targetHints":{"allow":["GET"]}}],"collection":[{"href":"https:\/\/myvize.com.tr\/meksika\/wp-json\/wp\/v2\/pages"}],"about":[{"href":"https:\/\/myvize.com.tr\/meksika\/wp-json\/wp\/v2\/types\/page"}],"author":[{"embeddable":true,"href":"https:\/\/myvize.com.tr\/meksika\/wp-json\/wp\/v2\/users\/1"}],"replies":[{"embeddable":true,"href":"https:\/\/myvize.com.tr\/meksika\/wp-json\/wp\/v2\/comments?post=49"}],"version-history":[{"count":8,"href":"https:\/\/myvize.com.tr\/meksika\/wp-json\/wp\/v2\/pages\/49\/revisions"}],"predecessor-version":[{"id":607,"href":"https:\/\/myvize.com.tr\/meksika\/wp-json\/wp\/v2\/pages\/49\/revisions\/607"}],"up":[{"embeddable":true,"href":"https:\/\/myvize.com.tr\/meksika\/wp-json\/wp\/v2\/pages\/18"}],"wp:attachment":[{"href":"https:\/\/myvize.com.tr\/meksika\/wp-json\/wp\/v2\/media?parent=49"}],"curies":[{"name":"wp","href":"https:\/\/api.w.org\/{rel}","templated":true}]}}