{"id":424,"date":"2021-10-09T13:55:42","date_gmt":"2021-10-09T10:55:42","guid":{"rendered":"https:\/\/myvize.com.tr\/meksika\/?page_id=424"},"modified":"2022-05-12T16:51:30","modified_gmt":"2022-05-12T13:51:30","slug":"canakkale","status":"publish","type":"page","link":"https:\/\/myvize.com.tr\/meksika\/canakkale\/","title":{"rendered":"Meksika Vizesi , \u00c7anakkale"},"content":{"rendered":"<h2><strong><span style=\"font-family: Roboto; font-size: 27px;\">\u00c7anakkale Meksika Vize Ba\u015fvurusu<\/span><\/strong><\/h2>\n<p><span style=\"font-family: Roboto; font-size: 14px;\">Meksika\u2019ya seyahat edecek olan T\u00fcrk vatanda\u015flar\u0131n\u0131n, Meksika\u2019ya girebilmek i\u00e7in vize almas\u0131 gerekmektedir. Diplomatik (Siyah) Pasaport sahipleri k\u0131sa s\u00fcreli Meksika vizesinden muaft\u0131r. Umuma Mahsus Pasaport, Hususi ve Hizmet Pasaportu sahibi olan T\u00fcrk vatanda\u015flar\u0131 <strong>Meksika vizesi<\/strong> almal\u0131d\u0131r. Umuma Mahsus Pasaport sahipleri 30 g\u00fcne kadar <strong>Meksika e-vizesi<\/strong> alabilir.<\/span><\/p>\n<p><span style=\"font-family: Roboto; font-size: 14px;\">\u00c7anakkale ve \u00e7evresinde yer ikamet eden ki\u015filer, <strong>\u00c7anakkale Meksika vize<\/strong> ba\u015fvurular\u0131n\u0131 a\u015fa\u011f\u0131daki \u015fekilde yapmaktad\u0131r.<\/span><\/p>\n<ul>\n<li><span style=\"font-family: Roboto; font-size: 14px;\">\u00c7anakkale ve \u00e7evresinde ikamet eden ki\u015filer, <strong>Meksika vize ba\u015fvurusunu<\/strong> Meksika Ankara B\u00fcy\u00fckel\u00e7ili\u011fi\u2019ne yapabilmektedir.<\/span><\/li>\n<li><span style=\"font-family: Roboto; font-size: 14px;\">\u00c7anakkale ve \u00e7evresinde ikamet eden ki\u015filer,<strong> Meksika vize<\/strong> ba\u015fvurusunu <strong>Meksika Ankara B\u00fcy\u00fckel\u00e7ili\u011fi<\/strong> taraf\u0131ndan yetkilendirilmi\u015f acentelere yap\u0131lmaktad\u0131r.<\/span><\/li>\n<li><span style=\"font-family: Roboto; font-size: 14px;\">\u00c7anakkale ve \u00e7evresinde ikamet eden ki\u015filer, Meksika vize ba\u015fvurusunu Meksika Ankara B\u00fcy\u00fckel\u00e7ili\u011fi\u2019nin yetkilendirilmi\u015f oldu\u011fu vize ba\u015fvuru merkezlerine yap\u0131lmaktad\u0131r.<\/span><\/li>\n<li><span style=\"font-family: Roboto; font-size: 14px;\">\u00c7anakkale ve \u00e7evresinde ikamet eden ki\u015filer, <strong>Meksika vize ba\u015fvurusunu<\/strong> internet \u00fczerinden yapabilmektedir.<\/span><\/li>\n<li><span style=\"font-family: Roboto; font-size: 14px;\">\u00c7anakkale ve \u00e7evresinde ikamet eden T\u00fcrk vatanda\u015flar\u0131 uzun s\u00fcreli vize ba\u015fvurular\u0131n\u0131 Ankara B\u00fcy\u00fckel\u00e7ili\u011fi\u2019ne yapmal\u0131d\u0131r.<\/span><\/li>\n<\/ul>\n<p><span style=\"font-family: Roboto; font-size: 14px;\">\u00c7anakkale ve \u00e7evresinde ikamet eden T\u00fcrk vatanda\u015flar\u0131, <span style=\"color: #2acec2;\"><strong><a style=\"color: #2acec2;\" href=\"https:\/\/myvize.com.tr\/meksika\/vize-islemleri\/meksika-vize-basvrusu\/\" target=\"_blank\" rel=\"noopener\">Meksika vize ba\u015fvurusu <\/a><\/strong><\/span>i\u00e7in Meksika Konsoloslu\u011fu\u2019na yap\u0131lacak ba\u015fvurularda randevu al\u0131nmas\u0131 gerekmektedir. Ancak acenteler ve vize ba\u015fvurular\u0131 ile yap\u0131lacak ba\u015fvurularda randevu al\u0131nmas\u0131na gerek bulunmamaktad\u0131r. <strong>\u00c7anakkale vize ba\u015fvurusu<\/strong> yapacak olan ki\u015filer gerekli belgeler ile vize ba\u015fvurusu yapabilmelidir.<\/span><\/p>\n","protected":false},"excerpt":{"rendered":"<p>\u00c7anakkale Meksika Vize Ba\u015fvurusu Meksika\u2019ya seyahat edecek olan T\u00fcrk vatanda\u015flar\u0131n\u0131n, Meksika\u2019ya girebilmek i\u00e7in vize almas\u0131 gerekmektedir. Diplomatik (Siyah) Pasaport sahipleri k\u0131sa s\u00fcreli Meksika vizesinden muaft\u0131r. Umuma Mahsus Pasaport, Hususi ve Hizmet Pasaportu sahibi olan T\u00fcrk vatanda\u015flar\u0131 Meksika vizesi almal\u0131d\u0131r. Umuma Mahsus Pasaport sahipleri 30 g\u00fcne kadar Meksika e-vizesi alabilir. \u00c7anakkale ve \u00e7evresinde yer ikamet eden<\/p>\n","protected":false},"author":1,"featured_media":0,"parent":0,"menu_order":0,"comment_status":"closed","ping_status":"closed","template":"","meta":{"footnotes":""},"class_list":["post-424","page","type-page","status-publish","hentry"],"yoast_head":"<!-- This site is optimized with the Yoast SEO plugin v24.0 - https:\/\/yoast.com\/wordpress\/plugins\/seo\/ -->\n<title>Meksika Vize Ba\u015fvuru \u015eubesi \u00c7anakkale - MyVize<\/title>\n<meta name=\"description\" content=\"Meksika vizesi \u00c7anakkale ofisimiz, hangi \u00fclkeye seyahat etmek isterseniz gerekli b\u00fct\u00fcn bilgilere ula\u015fabilirsiniz: 0850 346 84 93\" \/>\n<meta name=\"robots\" content=\"index, follow, max-snippet:-1, max-image-preview:large, max-video-preview:-1\" \/>\n<link rel=\"canonical\" href=\"https:\/\/myvize.com.tr\/meksika\/canakkale\/\" \/>\n<meta property=\"og:locale\" content=\"tr_TR\" \/>\n<meta property=\"og:type\" content=\"article\" \/>\n<meta property=\"og:title\" content=\"Meksika Vize Ba\u015fvuru \u015eubesi \u00c7anakkale - MyVize\" \/>\n<meta property=\"og:description\" content=\"Meksika vizesi \u00c7anakkale ofisimiz, hangi \u00fclkeye seyahat etmek isterseniz gerekli b\u00fct\u00fcn bilgilere ula\u015fabilirsiniz: 0850 346 84 93\" \/>\n<meta property=\"og:url\" content=\"https:\/\/myvize.com.tr\/meksika\/canakkale\/\" \/>\n<meta property=\"og:site_name\" content=\"Meksika Vizesi\" \/>\n<meta property=\"article:modified_time\" content=\"2022-05-12T13:51:30+00:00\" \/>\n<meta name=\"twitter:card\" content=\"summary_large_image\" \/>\n<meta name=\"twitter:label1\" content=\"Tahmini okuma s\u00fcresi\" \/>\n\t<meta name=\"twitter:data1\" content=\"1 dakika\" \/>\n<script type=\"application\/ld+json\" class=\"yoast-schema-graph\">{\"@context\":\"https:\/\/schema.org\",\"@graph\":[{\"@type\":\"WebPage\",\"@id\":\"https:\/\/myvize.com.tr\/meksika\/canakkale\/\",\"url\":\"https:\/\/myvize.com.tr\/meksika\/canakkale\/\",\"name\":\"Meksika Vize Ba\u015fvuru \u015eubesi \u00c7anakkale - MyVize\",\"isPartOf\":{\"@id\":\"https:\/\/myvize.com.tr\/meksika\/#website\"},\"datePublished\":\"2021-10-09T10:55:42+00:00\",\"dateModified\":\"2022-05-12T13:51:30+00:00\",\"description\":\"Meksika vizesi \u00c7anakkale ofisimiz, hangi \u00fclkeye seyahat etmek isterseniz gerekli b\u00fct\u00fcn bilgilere ula\u015fabilirsiniz: 0850 346 84 93\",\"breadcrumb\":{\"@id\":\"https:\/\/myvize.com.tr\/meksika\/canakkale\/#breadcrumb\"},\"inLanguage\":\"tr\",\"potentialAction\":[{\"@type\":\"ReadAction\",\"target\":[\"https:\/\/myvize.com.tr\/meksika\/canakkale\/\"]}]},{\"@type\":\"BreadcrumbList\",\"@id\":\"https:\/\/myvize.com.tr\/meksika\/canakkale\/#breadcrumb\",\"itemListElement\":[{\"@type\":\"ListItem\",\"position\":1,\"name\":\"Anasayfa\",\"item\":\"https:\/\/myvize.com.tr\/meksika\/\"},{\"@type\":\"ListItem\",\"position\":2,\"name\":\"Meksika Vizesi , \u00c7anakkale\"}]},{\"@type\":\"WebSite\",\"@id\":\"https:\/\/myvize.com.tr\/meksika\/#website\",\"url\":\"https:\/\/myvize.com.tr\/meksika\/\",\"name\":\"Meksika Vizesi\",\"description\":\"\",\"potentialAction\":[{\"@type\":\"SearchAction\",\"target\":{\"@type\":\"EntryPoint\",\"urlTemplate\":\"https:\/\/myvize.com.tr\/meksika\/?s={search_term_string}\"},\"query-input\":{\"@type\":\"PropertyValueSpecification\",\"valueRequired\":true,\"valueName\":\"search_term_string\"}}],\"inLanguage\":\"tr\"}]}<\/script>\n<!-- \/ Yoast SEO plugin. -->","yoast_head_json":{"title":"Meksika Vize Ba\u015fvuru \u015eubesi \u00c7anakkale - MyVize","description":"Meksika vizesi \u00c7anakkale ofisimiz, hangi \u00fclkeye seyahat etmek isterseniz gerekli b\u00fct\u00fcn bilgilere ula\u015fabilirsiniz: 0850 346 84 93","robots":{"index":"index","follow":"follow","max-snippet":"max-snippet:-1","max-image-preview":"max-image-preview:large","max-video-preview":"max-video-preview:-1"},"canonical":"https:\/\/myvize.com.tr\/meksika\/canakkale\/","og_locale":"tr_TR","og_type":"article","og_title":"Meksika Vize Ba\u015fvuru \u015eubesi \u00c7anakkale - MyVize","og_description":"Meksika vizesi \u00c7anakkale ofisimiz, hangi \u00fclkeye seyahat etmek isterseniz gerekli b\u00fct\u00fcn bilgilere ula\u015fabilirsiniz: 0850 346 84 93","og_url":"https:\/\/myvize.com.tr\/meksika\/canakkale\/","og_site_name":"Meksika Vizesi","article_modified_time":"2022-05-12T13:51:30+00:00","twitter_card":"summary_large_image","twitter_misc":{"Tahmini okuma s\u00fcresi":"1 dakika"},"schema":{"@context":"https:\/\/schema.org","@graph":[{"@type":"WebPage","@id":"https:\/\/myvize.com.tr\/meksika\/canakkale\/","url":"https:\/\/myvize.com.tr\/meksika\/canakkale\/","name":"Meksika Vize Ba\u015fvuru \u015eubesi \u00c7anakkale - MyVize","isPartOf":{"@id":"https:\/\/myvize.com.tr\/meksika\/#website"},"datePublished":"2021-10-09T10:55:42+00:00","dateModified":"2022-05-12T13:51:30+00:00","description":"Meksika vizesi \u00c7anakkale ofisimiz, hangi \u00fclkeye seyahat etmek isterseniz gerekli b\u00fct\u00fcn bilgilere ula\u015fabilirsiniz: 0850 346 84 93","breadcrumb":{"@id":"https:\/\/myvize.com.tr\/meksika\/canakkale\/#breadcrumb"},"inLanguage":"tr","potentialAction":[{"@type":"ReadAction","target":["https:\/\/myvize.com.tr\/meksika\/canakkale\/"]}]},{"@type":"BreadcrumbList","@id":"https:\/\/myvize.com.tr\/meksika\/canakkale\/#breadcrumb","itemListElement":[{"@type":"ListItem","position":1,"name":"Anasayfa","item":"https:\/\/myvize.com.tr\/meksika\/"},{"@type":"ListItem","position":2,"name":"Meksika Vizesi , \u00c7anakkale"}]},{"@type":"WebSite","@id":"https:\/\/myvize.com.tr\/meksika\/#website","url":"https:\/\/myvize.com.tr\/meksika\/","name":"Meksika Vizesi","description":"","potentialAction":[{"@type":"SearchAction","target":{"@type":"EntryPoint","urlTemplate":"https:\/\/myvize.com.tr\/meksika\/?s={search_term_string}"},"query-input":{"@type":"PropertyValueSpecification","valueRequired":true,"valueName":"search_term_string"}}],"inLanguage":"tr"}]}},"_links":{"self":[{"href":"https:\/\/myvize.com.tr\/meksika\/wp-json\/wp\/v2\/pages\/424","targetHints":{"allow":["GET"]}}],"collection":[{"href":"https:\/\/myvize.com.tr\/meksika\/wp-json\/wp\/v2\/pages"}],"about":[{"href":"https:\/\/myvize.com.tr\/meksika\/wp-json\/wp\/v2\/types\/page"}],"author":[{"embeddable":true,"href":"https:\/\/myvize.com.tr\/meksika\/wp-json\/wp\/v2\/users\/1"}],"replies":[{"embeddable":true,"href":"https:\/\/myvize.com.tr\/meksika\/wp-json\/wp\/v2\/comments?post=424"}],"version-history":[{"count":5,"href":"https:\/\/myvize.com.tr\/meksika\/wp-json\/wp\/v2\/pages\/424\/revisions"}],"predecessor-version":[{"id":893,"href":"https:\/\/myvize.com.tr\/meksika\/wp-json\/wp\/v2\/pages\/424\/revisions\/893"}],"wp:attachment":[{"href":"https:\/\/myvize.com.tr\/meksika\/wp-json\/wp\/v2\/media?parent=424"}],"curies":[{"name":"wp","href":"https:\/\/api.w.org\/{rel}","templated":true}]}}