{"id":35,"date":"2020-11-30T12:44:42","date_gmt":"2020-11-30T09:44:42","guid":{"rendered":"http:\/\/myvize.com.tr\/meksika\/?page_id=35"},"modified":"2022-05-12T15:18:04","modified_gmt":"2022-05-12T12:18:04","slug":"meksika-ticari-vize","status":"publish","type":"page","link":"https:\/\/myvize.com.tr\/meksika\/vize-islemleri\/meksika-ticari-vize\/","title":{"rendered":"Meksika Ticari Vize"},"content":{"rendered":"<p><span style=\"font-family: Roboto;\"><\/span><\/p>\r\n<p><span style=\"font-family: Roboto; font-size: 14px;\"><strong>Meksika s\u0131n\u0131rlar\u0131<\/strong> i\u00e7erisine ticari kazan\u00e7 ama\u00e7l\u0131 ve \u00e7e\u015fitli ticari i\u015f ama\u00e7l\u0131 seyahat edecek olan ki\u015filerin <strong>Meksika ticari vize<\/strong> almas\u0131 zorunludur. <span style=\"color: #000000;\"><strong>Ticari vize<\/strong><\/span> olmadan i\u015flerinizi halletmeniz olanaks\u0131zd\u0131r. Meksika vizesi \u00e7\u0131karacak olan ki\u015filer, konsolosluklardan ya da <a href=\"https:\/\/myvize.com.tr\/meksika\/vize-islemleri\/meksika-vizesi\/\" target=\"_blank\" rel=\"noopener\"><span style=\"color: #2acec2;\"><strong>Meksika vizesi<\/strong><\/span><\/a> i\u015flemlerini y\u00fcr\u00fcten temsilciliklerden bu hizmeti alabilirler.<strong> Meksika vizesi<\/strong> almadan \u00f6nce konsolosluklara ve temsilcilik ofislerine g\u00f6nderece\u011finiz evraklar \u015fu \u015fekildedir;<\/span><\/p>\r\n<p><span style=\"font-family: Roboto; font-size: 14px;\">\r\n\r\n<\/span><\/p>\r\n<p><span style=\"font-family: Roboto; font-size: 14px;\">l <strong>Ticari vize<\/strong> ba\u015fvurusunda bulunurken eksiksiz bir \u015fekilde doldurman\u0131z gereken vize takip formu mevcuttur. Ger\u00e7e\u011fe uygun bilgileri doldurarak formunuzu teslim etmeniz gerekir.<\/span><\/p>\r\n<p><span style=\"font-family: Roboto; font-size: 14px;\">\r\n\r\n<\/span><\/p>\r\n<p><span style=\"font-family: Roboto; font-size: 14px;\">l Vize bilgi formu,<\/span><\/p>\r\n<p><span style=\"font-family: Roboto; font-size: 14px;\">\r\n\r\n<\/span><\/p>\r\n<p><span style=\"font-family: Roboto; font-size: 14px;\">l Seyahat edece\u011finiz tarihe ili\u015fkin konaklayaca\u011f\u0131n\u0131z noktan\u0131n rezervasyon bilgileri, u\u00e7ak biletleri,<\/span><\/p>\r\n<p><span style=\"font-family: Roboto; font-size: 14px;\">\r\n\r\n<\/span><\/p>\r\n<p><span style=\"font-family: Roboto; font-size: 14px;\">l N\u00fcfus c\u00fczdan\u0131n\u0131z\u0131n renkli ve okunakl\u0131 \u00e7ekilen fotokopisi,<\/span><\/p>\r\n<p><span style=\"font-family: Roboto; font-size: 14px;\">\r\n\r\n<\/span><\/p>\r\n<p><span style=\"font-family: Roboto; font-size: 14px;\">l Seyahat tarihinizden sonra en az 6 ay daha kullanabilece\u011finiz bordro pasaportunuzun fotokopisi,<\/span><\/p>\r\n<p><span style=\"font-family: Roboto; font-size: 14px;\">\r\n\r\n<\/span><\/p>\r\n<p><span style=\"font-family: Roboto; font-size: 14px;\">Ticari kazan\u00e7 i\u00e7in vize alacaksan\u0131z ve Meksika\u2019da ki \u00e7e\u015fitli firmalardan davet ald\u0131ysan\u0131z davet formlar\u0131n\u0131 vize evraklar\u0131n\u0131z\u0131n i\u00e7erisine koyman\u0131z gerekir. Davetiyelerin de mutlaka belirtilen vize standartlar\u0131na uygun olmas\u0131 gerekiyor. G\u00f6nderen ki\u015finin t\u00fcm bilgilerinin bu davetiyeler \u00fczerinde bulunmas\u0131 olduk\u00e7a \u00f6nemlidir.<\/span><\/p>\r\n<blockquote>\r\n<p><span style=\"font-family: Roboto; font-size: 14px;\"><a href=\"https:\/\/myvize.com.tr\/meksika\/vize-islemleri\/meksika-vize-randevusu\/\" target=\"_blank\" rel=\"noopener\"><span style=\"color: #2acec2;\"><strong>Meksika Vize Randevusu<\/strong><\/span><\/a><\/span><\/p>\r\n<\/blockquote>\r\n<h2><span style=\"font-size: 27px;\"><strong><span style=\"font-family: Roboto;\">Meksika Ticari Vize Hakk\u0131nda<\/span><\/strong><\/span><\/h2>\r\n<p><span style=\"font-family: Roboto; font-size: 14px;\">Meksika\u2019da mesleki e\u011fitim, i\u015f toplant\u0131s\u0131, denetleme g\u00f6revi, fuar, konferans, firmalara ait teknik \u00e7al\u0131\u015fmalar, yat\u0131r\u0131m alternatifleri hakk\u0131nda ara\u015ft\u0131rma, yat\u0131r\u0131m faaliyeti y\u00fcr\u00fctme, firmalar aras\u0131 ticari i\u015flemler y\u00fcr\u00fctme ve bir \u015firketi temsil etme gibi ticari sebepler do\u011frultusunda seyahat edilecek olmas\u0131 durumunda <strong>Meksika ticari vize<\/strong> al\u0131nmas\u0131 gerekmektedir. <strong>Meksika ticari vize<\/strong> ile Meksika\u2019ya 30 g\u00fcn i\u00e7erisinde tek giri\u015f hakk\u0131 verilir ve vatanda\u015f toplamda 180 g\u00fcn ikamet edilebilir. \u00a0<\/span><\/p>\r\n<p><span style=\"font-family: Roboto; font-size: 14px;\"><strong>Meksika ticari vize i\u015flemleri<\/strong> elektronik ortamda ger\u00e7ekle\u015ftirilecekse, seyahat tarihinden 20 g\u00fcn \u00f6nce ba\u015fvuru yap\u0131lmal\u0131d\u0131r. Meksika konsoloslu\u011funda vize ba\u015fvuru i\u015flemleri ger\u00e7ekle\u015ftirilecekse e\u011fer istenilen evraklar\u0131 kuruma iletmek yeterli olacakt\u0131r. <strong>Meksika ticari vize<\/strong> i\u00e7in gerekli evraklar aras\u0131nda olan vize takip formu, ger\u00e7e\u011fe uygun bilgilerle noksans\u0131z ve \u00f6zenli olarak doldurulmal\u0131d\u0131r. <strong>Meksika vize formu<\/strong> da ayn\u0131 \u015fekilde eksiksiz bir \u015fekilde doldurularak imzalanmal\u0131d\u0131r. Renkli \u00e7ekilmi\u015f kimlik fotokopisi ve ki\u015fisel bilgilerin bulundu\u011fu en az 6 ay daha ge\u00e7erli olan, renkli \u00e7ekilmi\u015f pasaportun Konsoloslu\u011fa ula\u015ft\u0131r\u0131lmas\u0131 gerekmektedir. <strong>Meksika ticari vize ba\u015fvuru<\/strong> i\u015flemleri esnas\u0131nda Meksika s\u0131n\u0131rlar\u0131nda bulunan \u00f6zel veya resmi firmadan al\u0131nan davetiyenin ibra edilmesi gerekmektedir.<\/span><\/p>\r\n<p><span style=\"font-family: Roboto; font-size: 14px;\"> <img decoding=\"async\" src=\"https:\/\/myvize.com.tr\/meksika\/wp-content\/uploads\/2021\/10\/10.jpg\" \/> <\/span><\/p>\r\n<h2><span style=\"font-family: Roboto; font-size: 27px;\"><strong>Meksika Ticari Vize Nas\u0131l Al\u0131n\u0131r?<\/strong><\/span><\/h2>\r\n<p><span style=\"font-family: Roboto; font-size: 14px;\">Amerika k\u0131tas\u0131n\u0131n en \u00f6nemli \u00fclkelerinden birisi olan Meksika bug\u00fcnlerde \u00fclkemizle ve d\u00fcnyan\u0131n daha bir\u00e7ok farkl\u0131 yerinden \u00e7e\u015fitli kurum, i\u015fletmeler ile \u00e7al\u0131\u015f\u0131yor. Bu olduk\u00e7a do\u011fal bir durum \u00e7\u00fcnk\u00fc her \u00fclke ticaret yapmak ister ve ticaret ger\u00e7ekten de \u00fclkeleri kalk\u0131nd\u0131ran, kapitalizmi ya\u015fatan olgulardan bir tanesi. T\u00fcm bu s\u00fcrecin en \u00f6nemli noktas\u0131ndaysa \u00fclkemizdeki kurulu\u015flar var. E\u011fer siz de bir i\u015fletme sahibiyseniz ve <strong>Meksika ile i\u015f yapmak<\/strong> istiyorsan\u0131z yapman\u0131z gereken ilk \u015fey tabi ki de <strong>Meksika Ticari Vizesi\u00a0<\/strong>almak olacakt\u0131r. Bu \u00fclkeden <strong>Meksika <\/strong><strong>ticari vize<\/strong> almak a\u00e7\u0131k\u00e7as\u0131 Avrupa \u00fclkelerinden b\u00f6yle bir vize almaya k\u0131yasla \u00e7ok daha kolay bir i\u015flem. Bunun temelinde yatan sebep tabi ki de Meksika\u2019n\u0131n ticarete daha a\u00e7 bir \u00fclke olmas\u0131 denilebilir.<\/span><\/p>\r\n<h2><span style=\"font-family: Roboto; font-size: 27px;\"><strong>Meksika Ticari Vizesi Kimlere Verilir?<\/strong><\/span><\/h2>\r\n<p><span style=\"font-family: Roboto; font-size: 14px;\">\r\n\r\n<\/span><\/p>\r\n<p><span style=\"font-family: Roboto; font-size: 14px;\"><strong>Meksika ticari vizesi<\/strong> almak isteyen insanlar\u0131n en \u00e7ok sordu\u011fu sorulardan bir tanesi bu vizenin kimlere verilece\u011fi ve vize al\u0131rken \u015fartlar\u0131n neler oldu\u011fudur. <strong>Meksika vizesi,<\/strong> ticari ama\u00e7 g\u00fcden ve vize evraklar\u0131n\u0131 sorunsuz bir \u015fekilde teslim eden, 18 ya\u015f\u0131n\u0131 doldurmu\u015f herkes vize ba\u015fvurusunda bulunabilir. Ancak vize ba\u015fvurular\u0131, konsolosluklar\u0131n uygun g\u00f6r\u00fcld\u00fc\u011f\u00fc ki\u015filere onay verilir. Bu nedenle ticari vize alabilmek i\u00e7in mesle\u011finiz ile ilgili \u00e7e\u015fitli seminerlere, e\u011fitimlere kat\u0131lman\u0131z durumunda daha kolay vize alabilirsiniz.<\/span><\/p>\r\n<p><span style=\"font-family: Roboto; font-size: 14px;\">\r\n\r\n<\/span><\/p>\r\n<h2><span style=\"font-family: Roboto; font-size: 27px;\"><strong>Meksika Ticari Vizesi Ka\u00e7 G\u00fcn \u0130\u00e7erisinde Sonu\u00e7lan\u0131r?<\/strong><\/span><\/h2>\r\n<p><span style=\"font-family: Roboto; font-size: 14px;\">\r\n\r\n<\/span><\/p>\r\n<p><span style=\"font-family: Roboto; font-size: 14px;\"><strong>Meksika ticari vizesi<\/strong> di\u011fer vizelerden farkl\u0131 olmas\u0131ndan dolay\u0131 sonu\u00e7lanma s\u00fcresi olduk\u00e7a k\u0131sad\u0131r. Konsolosluklar, t\u00fcm \u015fartlar\u0131 ta\u015f\u0131yan vatanda\u015flar\u0131n ticari vizesi yakla\u015f\u0131k olarak 2 ila3 i\u015f g\u00fcn\u00fc i\u00e7erisinde tamamlan\u0131r.<strong> Meksika Ticari vize<\/strong> almak s\u00fcre\u00e7 ve istenen belgeler dolay\u0131s\u0131 ile di\u011fer vizelere g\u00f6re daha zordur.<\/span><\/p>\r\n<p><img decoding=\"async\" src=\"https:\/\/myvize.com.tr\/meksika\/wp-content\/uploads\/2021\/10\/11.jpg\" \/><\/p>\r\n<h3><span style=\"font-family: Roboto; font-size: 24px;\"><strong>Meksika Ticari Vize Al\u0131rken Dikkat Edilmesi Gerekenler<\/strong><\/span><\/h3>\r\n<p><span style=\"font-family: Roboto; font-size: 14px;\">Meksika\u2019dan <strong>ticari vize<\/strong> almak istiyorsan\u0131z yapmak istedi\u011finiz \u00e7ok \u00e7e\u015fitli planlar\u0131n\u0131z vard\u0131r demek do\u011fru olacakt\u0131r \u00e7\u00fcnk\u00fc buradan al\u0131nan ticari vizeler genellikle ihracat ve ithalat\u0131 tetikleyici bir rol oynarlar. Bu durumda yapt\u0131\u011f\u0131n\u0131z \u015fey hem sizin hem de \u00fclkemiz ad\u0131na olduk\u00e7a faydal\u0131 ve gerekli diyebiliriz. Ancak en temel de bu vizeyi al\u0131rken dikkat etmeniz gereken baz\u0131 \u00e7ok \u00f6nemli ad\u0131mlar var. \u00d6rnek olarak <strong>Meksika yasalar\u0131n\u0131<\/strong> bilmek ve bu yasalara g\u00f6re hareket etmek sizin ad\u0131n\u0131za \u00e7ok \u00f6nemli bir davran\u0131\u015f bi\u00e7imi olacakt\u0131r. \u00c7\u00fcnk\u00fc bu yasalarla ilgili olarak yeterince bilgi sahibi olmazsan\u0131z uzun d\u00f6nemde s\u0131k\u0131nt\u0131 ya\u015fayabilirsiniz ve almak istedi\u011finiz vizeyi olmas\u0131 gereken s\u00fcrede alamayabilirsiniz. Bu durum \u00e7ok do\u011fal olarak istenmeyen ve anla\u015f\u0131lamayan bir durum olarak kar\u015f\u0131m\u0131za \u00e7\u0131k\u0131yor. Bu nedenle dikkatli ve titiz olmak gerekti\u011fini hat\u0131rlatmakta fayda var.<\/span><\/p>\r\n<blockquote>\r\n<p><span style=\"font-family: Roboto; font-size: 14px;\"><a href=\"https:\/\/myvize.com.tr\/meksika\/vize-islemleri\/meksika-vize-reddi\/\" target=\"_blank\" rel=\"noopener\"><strong><span style=\"color: #2acec2;\">Meksika Vize Reddi<\/span><\/strong><\/a><\/span><\/p>\r\n<\/blockquote>\r\n<h3><span style=\"font-family: Roboto; font-size: 24px;\"><strong>MyV<\/strong><\/span><span style=\"font-family: Roboto; font-size: 24px;\"><strong>ize Arac\u0131l\u0131\u011f\u0131yla Meksika Ticari Vize<\/strong><\/span><\/h3>\r\n<p><span style=\"font-family: Roboto; font-size: 14px;\">Vize alma s\u00fcreci \u00e7o\u011funlukla stresli ve hata yapmaya a\u00e7\u0131k s\u00fcre\u00e7lerdendir. Bunun en temel sebebi vize alman\u0131n \u00e7o\u011funlukla d\u00fc\u015f\u00fcn\u00fcld\u00fc\u011f\u00fcnden daha b\u00fcrokrasiye yatk\u0131n bir i\u015flem olmas\u0131d\u0131r. B\u00fcrokrasi temelli i\u015flemlerde genellikle tecr\u00fcbeli ki\u015filere i\u015fi b\u0131rakmak mant\u0131kl\u0131 olacakt\u0131r. E\u011fer ilk defa vize al\u0131yorsan\u0131z ve bu s\u00fcreci en do\u011fru \u015fekilde bitirmek istiyorsan\u0131z MyVize ile \u00e7al\u0131\u015fman\u0131z sizin ad\u0131n\u0131za \u00e7ok ak\u0131ll\u0131ca olacak \u00e7\u00fcnk\u00fc MyVize bir\u00e7ok i\u015flemi sizin yerinize halledecektir. <strong>MyVize Arac\u0131l\u0131\u011f\u0131yla Meksika Vizesi Almak<\/strong>\u00a0ilk ba\u015fta \u00e7ok mant\u0131kl\u0131 gelmeyebilir ancak uzun vadeli d\u00fc\u015f\u00fcn\u00fcld\u00fc\u011f\u00fcnde son derece ak\u0131lc\u0131 bir davran\u0131\u015ft\u0131r. \u00c7\u00fcnk\u00fc bu s\u00fcre\u00e7te yap\u0131lacak hatalar size arac\u0131 bir kurumun kesece\u011fi faturalardan daha pahal\u0131ya patlayabilir. Bu durumu iyi analiz edip arac\u0131 kurumlarla \u00e7al\u0131\u015f\u0131p \u00e7al\u0131\u015fmayaca\u011f\u0131n\u0131za karar vermeniz son derece \u00f6nemli.<\/span><\/p>\r\n<p><img decoding=\"async\" src=\"https:\/\/myvize.com.tr\/meksika\/wp-content\/uploads\/2021\/10\/13.jpg\" \/><\/p>\r\n<p><span style=\"font-family: Roboto;\"><\/span><\/p>","protected":false},"excerpt":{"rendered":"<p>Meksika s\u0131n\u0131rlar\u0131 i\u00e7erisine ticari kazan\u00e7 ama\u00e7l\u0131 ve \u00e7e\u015fitli ticari i\u015f ama\u00e7l\u0131 seyahat edecek olan ki\u015filerin Meksika ticari vize almas\u0131 zorunludur. Ticari vize olmadan i\u015flerinizi halletmeniz olanaks\u0131zd\u0131r. Meksika vizesi \u00e7\u0131karacak olan ki\u015filer, konsolosluklardan ya da Meksika vizesi i\u015flemlerini y\u00fcr\u00fcten temsilciliklerden bu hizmeti alabilirler. Meksika vizesi almadan \u00f6nce konsolosluklara ve temsilcilik ofislerine g\u00f6nderece\u011finiz evraklar \u015fu \u015fekildedir; l<\/p>\n","protected":false},"author":1,"featured_media":0,"parent":18,"menu_order":0,"comment_status":"closed","ping_status":"closed","template":"","meta":{"footnotes":""},"class_list":["post-35","page","type-page","status-publish","hentry"],"yoast_head":"<!-- This site is optimized with the Yoast SEO plugin v24.0 - https:\/\/yoast.com\/wordpress\/plugins\/seo\/ -->\n<title>Meksika Ticari Vize - Meksika Vizesi - MyVize<\/title>\n<meta name=\"description\" content=\"Meksika ticari vizesi evrak listesi. Meksika ticari vize randevusu nas\u0131l al\u0131n\u0131r? Vize ile ihtiyac\u0131n\u0131z olan t\u00fcm bilgi bu sayfada.\" \/>\n<meta name=\"robots\" content=\"index, follow, max-snippet:-1, max-image-preview:large, max-video-preview:-1\" \/>\n<link rel=\"canonical\" href=\"https:\/\/myvize.com.tr\/meksika\/vize-islemleri\/meksika-ticari-vize\/\" \/>\n<meta property=\"og:locale\" content=\"tr_TR\" \/>\n<meta property=\"og:type\" content=\"article\" \/>\n<meta property=\"og:title\" content=\"Meksika Ticari Vize - Meksika Vizesi - MyVize\" \/>\n<meta property=\"og:description\" content=\"Meksika ticari vizesi evrak listesi. Meksika ticari vize randevusu nas\u0131l al\u0131n\u0131r? Vize ile ihtiyac\u0131n\u0131z olan t\u00fcm bilgi bu sayfada.\" \/>\n<meta property=\"og:url\" content=\"https:\/\/myvize.com.tr\/meksika\/vize-islemleri\/meksika-ticari-vize\/\" \/>\n<meta property=\"og:site_name\" content=\"Meksika Vizesi\" \/>\n<meta property=\"article:modified_time\" content=\"2022-05-12T12:18:04+00:00\" \/>\n<meta property=\"og:image\" content=\"https:\/\/myvize.com.tr\/meksika\/wp-content\/uploads\/2021\/10\/10.jpg\" \/>\n<meta name=\"twitter:card\" content=\"summary_large_image\" \/>\n<meta name=\"twitter:label1\" content=\"Tahmini okuma s\u00fcresi\" \/>\n\t<meta name=\"twitter:data1\" content=\"5 dakika\" \/>\n<script type=\"application\/ld+json\" class=\"yoast-schema-graph\">{\"@context\":\"https:\/\/schema.org\",\"@graph\":[{\"@type\":\"WebPage\",\"@id\":\"https:\/\/myvize.com.tr\/meksika\/vize-islemleri\/meksika-ticari-vize\/\",\"url\":\"https:\/\/myvize.com.tr\/meksika\/vize-islemleri\/meksika-ticari-vize\/\",\"name\":\"Meksika Ticari Vize - Meksika Vizesi - MyVize\",\"isPartOf\":{\"@id\":\"https:\/\/myvize.com.tr\/meksika\/#website\"},\"primaryImageOfPage\":{\"@id\":\"https:\/\/myvize.com.tr\/meksika\/vize-islemleri\/meksika-ticari-vize\/#primaryimage\"},\"image\":{\"@id\":\"https:\/\/myvize.com.tr\/meksika\/vize-islemleri\/meksika-ticari-vize\/#primaryimage\"},\"thumbnailUrl\":\"https:\/\/myvize.com.tr\/meksika\/wp-content\/uploads\/2021\/10\/10.jpg\",\"datePublished\":\"2020-11-30T09:44:42+00:00\",\"dateModified\":\"2022-05-12T12:18:04+00:00\",\"description\":\"Meksika ticari vizesi evrak listesi. Meksika ticari vize randevusu nas\u0131l al\u0131n\u0131r? Vize ile ihtiyac\u0131n\u0131z olan t\u00fcm bilgi bu sayfada.\",\"breadcrumb\":{\"@id\":\"https:\/\/myvize.com.tr\/meksika\/vize-islemleri\/meksika-ticari-vize\/#breadcrumb\"},\"inLanguage\":\"tr\",\"potentialAction\":[{\"@type\":\"ReadAction\",\"target\":[\"https:\/\/myvize.com.tr\/meksika\/vize-islemleri\/meksika-ticari-vize\/\"]}]},{\"@type\":\"ImageObject\",\"inLanguage\":\"tr\",\"@id\":\"https:\/\/myvize.com.tr\/meksika\/vize-islemleri\/meksika-ticari-vize\/#primaryimage\",\"url\":\"https:\/\/myvize.com.tr\/meksika\/wp-content\/uploads\/2021\/10\/10.jpg\",\"contentUrl\":\"https:\/\/myvize.com.tr\/meksika\/wp-content\/uploads\/2021\/10\/10.jpg\",\"width\":800,\"height\":500,\"caption\":\"Meksika Ticari Vize\"},{\"@type\":\"BreadcrumbList\",\"@id\":\"https:\/\/myvize.com.tr\/meksika\/vize-islemleri\/meksika-ticari-vize\/#breadcrumb\",\"itemListElement\":[{\"@type\":\"ListItem\",\"position\":1,\"name\":\"Anasayfa\",\"item\":\"https:\/\/myvize.com.tr\/meksika\/\"},{\"@type\":\"ListItem\",\"position\":2,\"name\":\"V\u0130ZE \u0130\u015eLEMLER\u0130\",\"item\":\"https:\/\/myvize.com.tr\/meksika\/vize-islemleri\/\"},{\"@type\":\"ListItem\",\"position\":3,\"name\":\"Meksika Ticari Vize\"}]},{\"@type\":\"WebSite\",\"@id\":\"https:\/\/myvize.com.tr\/meksika\/#website\",\"url\":\"https:\/\/myvize.com.tr\/meksika\/\",\"name\":\"Meksika Vizesi\",\"description\":\"\",\"potentialAction\":[{\"@type\":\"SearchAction\",\"target\":{\"@type\":\"EntryPoint\",\"urlTemplate\":\"https:\/\/myvize.com.tr\/meksika\/?s={search_term_string}\"},\"query-input\":{\"@type\":\"PropertyValueSpecification\",\"valueRequired\":true,\"valueName\":\"search_term_string\"}}],\"inLanguage\":\"tr\"}]}<\/script>\n<!-- \/ Yoast SEO plugin. -->","yoast_head_json":{"title":"Meksika Ticari Vize - Meksika Vizesi - MyVize","description":"Meksika ticari vizesi evrak listesi. Meksika ticari vize randevusu nas\u0131l al\u0131n\u0131r? Vize ile ihtiyac\u0131n\u0131z olan t\u00fcm bilgi bu sayfada.","robots":{"index":"index","follow":"follow","max-snippet":"max-snippet:-1","max-image-preview":"max-image-preview:large","max-video-preview":"max-video-preview:-1"},"canonical":"https:\/\/myvize.com.tr\/meksika\/vize-islemleri\/meksika-ticari-vize\/","og_locale":"tr_TR","og_type":"article","og_title":"Meksika Ticari Vize - Meksika Vizesi - MyVize","og_description":"Meksika ticari vizesi evrak listesi. Meksika ticari vize randevusu nas\u0131l al\u0131n\u0131r? Vize ile ihtiyac\u0131n\u0131z olan t\u00fcm bilgi bu sayfada.","og_url":"https:\/\/myvize.com.tr\/meksika\/vize-islemleri\/meksika-ticari-vize\/","og_site_name":"Meksika Vizesi","article_modified_time":"2022-05-12T12:18:04+00:00","og_image":[{"url":"https:\/\/myvize.com.tr\/meksika\/wp-content\/uploads\/2021\/10\/10.jpg","type":"","width":"","height":""}],"twitter_card":"summary_large_image","twitter_misc":{"Tahmini okuma s\u00fcresi":"5 dakika"},"schema":{"@context":"https:\/\/schema.org","@graph":[{"@type":"WebPage","@id":"https:\/\/myvize.com.tr\/meksika\/vize-islemleri\/meksika-ticari-vize\/","url":"https:\/\/myvize.com.tr\/meksika\/vize-islemleri\/meksika-ticari-vize\/","name":"Meksika Ticari Vize - Meksika Vizesi - MyVize","isPartOf":{"@id":"https:\/\/myvize.com.tr\/meksika\/#website"},"primaryImageOfPage":{"@id":"https:\/\/myvize.com.tr\/meksika\/vize-islemleri\/meksika-ticari-vize\/#primaryimage"},"image":{"@id":"https:\/\/myvize.com.tr\/meksika\/vize-islemleri\/meksika-ticari-vize\/#primaryimage"},"thumbnailUrl":"https:\/\/myvize.com.tr\/meksika\/wp-content\/uploads\/2021\/10\/10.jpg","datePublished":"2020-11-30T09:44:42+00:00","dateModified":"2022-05-12T12:18:04+00:00","description":"Meksika ticari vizesi evrak listesi. Meksika ticari vize randevusu nas\u0131l al\u0131n\u0131r? Vize ile ihtiyac\u0131n\u0131z olan t\u00fcm bilgi bu sayfada.","breadcrumb":{"@id":"https:\/\/myvize.com.tr\/meksika\/vize-islemleri\/meksika-ticari-vize\/#breadcrumb"},"inLanguage":"tr","potentialAction":[{"@type":"ReadAction","target":["https:\/\/myvize.com.tr\/meksika\/vize-islemleri\/meksika-ticari-vize\/"]}]},{"@type":"ImageObject","inLanguage":"tr","@id":"https:\/\/myvize.com.tr\/meksika\/vize-islemleri\/meksika-ticari-vize\/#primaryimage","url":"https:\/\/myvize.com.tr\/meksika\/wp-content\/uploads\/2021\/10\/10.jpg","contentUrl":"https:\/\/myvize.com.tr\/meksika\/wp-content\/uploads\/2021\/10\/10.jpg","width":800,"height":500,"caption":"Meksika Ticari Vize"},{"@type":"BreadcrumbList","@id":"https:\/\/myvize.com.tr\/meksika\/vize-islemleri\/meksika-ticari-vize\/#breadcrumb","itemListElement":[{"@type":"ListItem","position":1,"name":"Anasayfa","item":"https:\/\/myvize.com.tr\/meksika\/"},{"@type":"ListItem","position":2,"name":"V\u0130ZE \u0130\u015eLEMLER\u0130","item":"https:\/\/myvize.com.tr\/meksika\/vize-islemleri\/"},{"@type":"ListItem","position":3,"name":"Meksika Ticari Vize"}]},{"@type":"WebSite","@id":"https:\/\/myvize.com.tr\/meksika\/#website","url":"https:\/\/myvize.com.tr\/meksika\/","name":"Meksika Vizesi","description":"","potentialAction":[{"@type":"SearchAction","target":{"@type":"EntryPoint","urlTemplate":"https:\/\/myvize.com.tr\/meksika\/?s={search_term_string}"},"query-input":{"@type":"PropertyValueSpecification","valueRequired":true,"valueName":"search_term_string"}}],"inLanguage":"tr"}]}},"_links":{"self":[{"href":"https:\/\/myvize.com.tr\/meksika\/wp-json\/wp\/v2\/pages\/35","targetHints":{"allow":["GET"]}}],"collection":[{"href":"https:\/\/myvize.com.tr\/meksika\/wp-json\/wp\/v2\/pages"}],"about":[{"href":"https:\/\/myvize.com.tr\/meksika\/wp-json\/wp\/v2\/types\/page"}],"author":[{"embeddable":true,"href":"https:\/\/myvize.com.tr\/meksika\/wp-json\/wp\/v2\/users\/1"}],"replies":[{"embeddable":true,"href":"https:\/\/myvize.com.tr\/meksika\/wp-json\/wp\/v2\/comments?post=35"}],"version-history":[{"count":12,"href":"https:\/\/myvize.com.tr\/meksika\/wp-json\/wp\/v2\/pages\/35\/revisions"}],"predecessor-version":[{"id":842,"href":"https:\/\/myvize.com.tr\/meksika\/wp-json\/wp\/v2\/pages\/35\/revisions\/842"}],"up":[{"embeddable":true,"href":"https:\/\/myvize.com.tr\/meksika\/wp-json\/wp\/v2\/pages\/18"}],"wp:attachment":[{"href":"https:\/\/myvize.com.tr\/meksika\/wp-json\/wp\/v2\/media?parent=35"}],"curies":[{"name":"wp","href":"https:\/\/api.w.org\/{rel}","templated":true}]}}