{"id":21,"date":"2020-11-30T08:52:07","date_gmt":"2020-11-30T05:52:07","guid":{"rendered":"http:\/\/myvize.com.tr\/meksika\/?page_id=21"},"modified":"2022-05-12T15:04:43","modified_gmt":"2022-05-12T12:04:43","slug":"meksika-turistik-vize","status":"publish","type":"page","link":"https:\/\/myvize.com.tr\/meksika\/vize-islemleri\/meksika-turistik-vize\/","title":{"rendered":"Meksika Turistik Vize"},"content":{"rendered":"<p><span style=\"font-family: Roboto;\"><\/span><\/p>\r\n<p><span style=\"font-family: Roboto; font-size: 14px;\">Meksika d\u00fcnyada en fazla ziyaret edilen ve son derece ilgin\u00e7 gezilecek lokasyonlar\u0131 bulunan \u00fclkeler aras\u0131ndad\u0131r. \u00c7ok cazip gezilecek noktalar\u0131 bulunan bu \u00fclkeye T\u00fcrkiye&#8217;den de b\u00fcy\u00fck bir ilgi bulunuyor. Meksika&#8217;ya seyahat etmek isteyen ki\u015filerin \u00f6ncelikle <strong>turistik vize<\/strong> alma \u015fart\u0131 bulunuyor.<\/span><\/p>\r\n<p><span style=\"font-family: Roboto; font-size: 14px;\">\r\n\r\n<\/span><\/p>\r\n<p><span style=\"font-family: Roboto; font-size: 14px;\">Bu i\u015flemler s\u0131ras\u0131nda ki\u015filerin haz\u0131rlamas\u0131 gereken bir\u00e7ok farkl\u0131 evrak bulunuyor. Bu evraklarda g\u00fcncellik ve taml\u0131k ki\u015filerin mutlaka dikkat etmesi gereken detaylardan biridir. <strong>Meksika turist vizesi<\/strong> alabilmek i\u00e7in ki\u015filer ya kendi acenteleri arac\u0131l\u0131\u011f\u0131yla ya da ki\u015fisel olarak ba\u015fvurular\u0131n\u0131 ger\u00e7ekle\u015ftirebilirler.<\/span><\/p>\r\n<p><span style=\"font-family: Roboto; font-size: 14px;\">\r\n\r\n<\/span><\/p>\r\n<p><span style=\"font-family: Roboto; font-size: 14px;\">Bu s\u00fcre\u00e7te dikkat edilmesi gereken noktalardan birisi de evraklar\u0131n turist vizesine uygun bir \u015fekilde haz\u0131rlanm\u0131\u015f olmas\u0131d\u0131r. Bununla birlikte bu belgelerin resmi nitelikte oldu\u011fu da unutulmamal\u0131d\u0131r ve yanl\u0131\u015f bilgi beyan edilmemelidir.<\/span><\/p>\r\n<h2><span style=\"font-family: Roboto; font-size: 27px;\"><strong>Meksika Turistik Vize Hakk\u0131nda\u00a0<\/strong><\/span><\/h2>\r\n<p><span style=\"font-family: Roboto; font-size: 14px;\"><strong>Meksika<\/strong> turizm ziyaretinde ki\u015finin ilgili kategoride vize almas\u0131 gerekmekte. Bu vize i\u015fleminde en \u00e7ok dikkat edilen nokta g\u00fcncellik ve eksiksiz bilgi vermektir. Belgenin tam olmas\u0131 bu s\u00fcre\u00e7lerde en \u00e7ok \u00f6nem verilen noktalard\u0131r. <strong>Turistik vize<\/strong> al\u0131rken<strong> Meksika Konsoloslu\u011funu<\/strong> ya da yetkilendirilmi\u015f vize merkezinden hizmet almas\u0131 gereklidir. <strong>Meksika vizesi<\/strong> i\u015flemi s\u0131ras\u0131nda g\u00fcncel bir pasaporta sahip olunmas\u0131 son derece \u00f6nemlidir. Pasaport da bo\u015f 2 yaprak olmas\u0131 ve g\u00fcncelli\u011fini koruyor olmalar\u0131 gerekiyor. Meksika vize alacak ki\u015fi ba\u015fvuru formu i\u015flemini elektronik ortamda yapabilir. Elektronik sistemden doldurulma gereken evrak i\u00e7in ki\u015finin bir\u00e7ok alanda bilgi sunmalar\u0131 gereklidir. Bu i\u015flem i\u00e7in <strong>Meksika Konsolosluk<\/strong> resmi sitesinden i\u015flemler yap\u0131lmal\u0131d\u0131r.<\/span><br \/><span style=\"font-family: Roboto; font-size: 14px;\">Ba\u015fvuru formunu istenilen dil kritere uygun bir \u015fekilde doldurulmak ve \u0131slak imzal\u0131 olarak dosya eklenmesi gereklidir. Bu s\u00fcre\u00e7lerde en \u00e7ok dikkat edilen nokta da formlarda istenilen belgenin <strong>turistik vize<\/strong>ye uygun \u015fekilde verilmesidir. <strong>Meksika turistik vizesi<\/strong> i\u015fleminde ba\u015fvuru form ve dilek\u00e7e tutarl\u0131 olmas\u0131na \u00f6nem vermek gereklidir. <strong>Meksika turistik vizesi<\/strong> alacak ki\u015finin haz\u0131rlamas\u0131 gereken standart belge bulunmaktad\u0131r. Bu belge d\u0131\u015f\u0131nda sizden farkl\u0131 ek evrak da talep edilebilmektedir. <strong>Meksika turistik vizesi evraklar\u0131 \u015fu \u015fekildedir:<\/strong><\/span><\/p>\r\n<ul>\r\n<li><span style=\"font-family: Roboto; font-size: 14px;\">Son 10 y\u0131l i\u00e7inde al\u0131nm\u0131\u015f pasaport.<\/span><\/li>\r\n<li><span style=\"font-family: Roboto; font-size: 14px;\">Meksika Vizesi Ba\u015fvuru form ve dilek\u00e7e.<\/span><\/li>\r\n<li><span style=\"font-family: Roboto; font-size: 14px;\">Seyahat acentesi taraf\u0131ndan al\u0131nm\u0131\u015f davetiye.<\/span><\/li>\r\n<li><span style=\"font-family: Roboto; font-size: 14px;\">30 bin Euro teminat seyahat sa\u011fl\u0131k sigortas\u0131.<\/span><\/li>\r\n<li><span style=\"font-family: Roboto; font-size: 14px;\">Meslek ve \u00f6\u011frenimi belgeleri.<\/span><\/li>\r\n<li><span style=\"font-family: Roboto; font-size: 14px;\">Ya\u015f\u0131 k\u00fc\u00e7\u00fck i\u00e7in aileden izin belgesi.<\/span><\/li>\r\n<li><span style=\"font-family: Roboto; font-size: 14px;\">Biyometrik foto\u011fraflar ve n\u00fcfus c\u00fczdan fotokopisi.<\/span><\/li>\r\n<li><span style=\"font-family: Roboto; font-size: 14px;\">Tam vukuat n\u00fcfus kay\u0131t \u00f6rne\u011fi.<\/span><\/li>\r\n<li><span style=\"font-family: Roboto; font-size: 14px;\">\u0130kametg\u00e2h belgeleri.<\/span><\/li>\r\n<li><span style=\"font-family: Roboto; font-size: 14px;\">Har\u00e7lar\u0131n yat\u0131r\u0131ld\u0131\u011f\u0131 g\u00f6steren dekont.<\/span><\/li>\r\n<\/ul>\r\n<h2><span style=\"font-family: Roboto; font-size: 27px;\"><strong>Meksika Turistik Vizesi \u0130\u015flem S\u00fcresi\u00a0<\/strong><\/span><\/h2>\r\n<p><span style=\"font-family: Roboto; font-size: 14px;\">Meksika Vize Ba\u015fvuru Formunu indirip doldurman\u0131z gerekir. Ba\u015fvuru formunu genellikle ba\u015fvuraca\u011f\u0131n\u0131z Meksika b\u00fcy\u00fckel\u00e7ili\u011finin web sitesinde bulabilirsiniz. Baz\u0131 durumlarda ba\u015fvuru formunuzu, ba\u015fvuruyu g\u00f6nderdi\u011finizde el\u00e7ilikte alacaks\u0131n\u0131z.\u00a0<\/span><\/p>\r\n<p><span style=\"font-family: Roboto; font-size: 14px;\">Formu bilgisayar\u0131n\u0131zda (m\u00fcmk\u00fcnse) yaz\u0131p \u00e7\u0131kt\u0131 alarak\u00a0ya\u00a0da \u00e7\u0131kt\u0131s\u0131n\u0131 ald\u0131ktan sonra okunakl\u0131 harflerle yazarak\u00a0doldurabilirsiniz .\u00a0\u0130lk se\u00e7enek her zaman mevcut olmayabilir, bu nedenle formdaki veya el\u00e7ilikteki talimatlar\u0131 izleyin.\u00a0<\/span><\/p>\r\n<ul>\r\n<li>\r\n<p><span style=\"font-family: Roboto; font-size: 14px;\">Ad\u0131n\u0131z, do\u011fum g\u00fcn\u00fcn\u00fcz, cinsiyetiniz ve do\u011fum yeriniz\u00a0<\/span><\/p>\r\n<\/li>\r\n<li>\r\n<p><span style=\"font-family: Roboto; font-size: 14px;\">pasaport\u00a0bilgileri\u00a0<\/span><\/p>\r\n<\/li>\r\n<\/ul>\r\n<ul>\r\n<li>\r\n<p><span style=\"font-family: Roboto; font-size: 14px;\">Medeni hal\u00a0<\/span><\/p>\r\n<\/li>\r\n<li>\r\n<p><span style=\"font-family: Roboto; font-size: 14px;\">\u0130kamet edilen \u00fclke ve adres\u00a0<\/span><\/p>\r\n<\/li>\r\n<li>\r\n<p><span style=\"font-family: Roboto; font-size: 14px;\">\u0130\u015finiz\/mesle\u011finiz hakk\u0131nda bilgi\u00a0<\/span><\/p>\r\n<\/li>\r\n<li>\r\n<p><span style=\"font-family: Roboto; font-size: 14px;\">Meksika&#8217;ya seyahat amac\u0131n\u0131zla ilgili sorular\u00a0<\/span><\/p>\r\n<\/li>\r\n<\/ul>\r\n<p><span style=\"font-family: Roboto; font-size: 14px;\"><span style=\"color: #2acec2;\"><strong><a style=\"color: #2acec2;\" href=\"https:\/\/myvize.com.tr\/meksika\/form-ve-dilekce\/meksika-vize-basvuru-formu\/\" target=\"_blank\" rel=\"noopener\">Meksika vize ba\u015fvuru formu<\/a><\/strong><\/span> doldurduktan sonra imzalaman\u0131z gerekmektedir. Ba\u015fvuru sahibi re\u015fit de\u011filse velisi formu imzalamal\u0131d\u0131r.\u00a0<\/span><\/p>\r\n<p><span style=\"font-family: Roboto; font-size: 14px;\">Randevu tarihinizde Meksika b\u00fcy\u00fckel\u00e7ili\u011fine belgeleri ve ba\u015fvuru formunu teslim etmeniz gerekmektedir. Ayr\u0131ca <span style=\"color: #2acec2;\"><strong><a style=\"color: #2acec2;\" href=\"https:\/\/myvize.com.tr\/meksika\/meksika-vize-ucreti\/\" target=\"_blank\" rel=\"noopener\">Meksika vize \u00fccreti<\/a><\/strong><\/span> \u00f6demeniz gerekiyor.\u00a0<\/span><\/p>\r\n<p><span style=\"font-family: Roboto; font-size: 14px;\"><span style=\"color: #2acec2;\"><strong><a style=\"color: #2acec2;\" href=\"https:\/\/myvize.com.tr\/meksika\/vize-islemleri\/meksika-vizesi\/\" target=\"_blank\" rel=\"noopener\">Meksika vizesi <\/a><\/strong><\/span>yakla\u015f\u0131k 36 dolard\u0131r. Ancak vize \u00fccreti, ba\u015fvurdu\u011funuz vize t\u00fcr\u00fcne ve ba\u015fvurunuzu yapt\u0131\u011f\u0131n\u0131z \u00fclkeye g\u00f6re de\u011fi\u015fiklik g\u00f6sterebilir. \u00d6deme y\u00f6ntemi de \u00fclkeden \u00fclkeye farkl\u0131l\u0131k g\u00f6sterir, \u00e7\u00fcnk\u00fc baz\u0131lar\u0131 banka yoluyla pe\u015fin \u00f6deme yapman\u0131z\u0131 gerektirebilir, baz\u0131lar\u0131 ise nakit \u00f6deme yapman\u0131z\u0131 isteyebilir.\u00a0<\/span><\/p>\r\n<p><span style=\"font-family: Roboto; font-size: 14px;\">Ek olarak, 15-30 $ aras\u0131nda olabilen Turist Kart\u0131 i\u00e7in de \u00f6deme yapman\u0131z gerekecektir.<strong> Meksika Turist Kart\u0131<\/strong> fiyatlar\u0131 zaman zaman biraz de\u011fi\u015febilir.\u00a0<\/span><\/p>\r\n<p><span style=\"font-family: Roboto; font-size: 14px;\">Meksika vizesinin i\u015flenmesi i\u00e7in gereken s\u00fcre, ba\u015fvurdu\u011funuz el\u00e7ili\u011fe ba\u011fl\u0131d\u0131r. Baz\u0131lar\u0131n\u0131n vizenizi i\u015fleme koymas\u0131 sadece iki g\u00fcn al\u0131rken, di\u011ferleri d\u00f6rt haftaya kadar s\u00fcrebilir.\u00a0<\/span><\/p>\r\n<p><span style=\"font-family: Roboto; font-size: 14px;\">Vizenizin i\u015fleme koyulmas\u0131n\u0131n ne kadar s\u00fcrece\u011fini \u00f6\u011frenmek i\u00e7in ba\u015fvuraca\u011f\u0131n\u0131z <strong>Meksika b\u00fcy\u00fckel\u00e7ili\u011fi<\/strong>nin web sitesini kontrol etmeli veya onlarla ileti\u015fime ge\u00e7melisiniz. Bunun nedeni, t\u00fcm b\u00fcy\u00fckel\u00e7iliklerin ayn\u0131 h\u0131zda \u00e7al\u0131\u015fmamas\u0131d\u0131r ve biri vizenizi 2 i\u015f g\u00fcn\u00fc i\u00e7inde i\u015fleme koyarken, di\u011feri 10 i\u015f g\u00fcn\u00fc s\u00fcrebilir. Bu nedenle baz\u0131 el\u00e7ilikler, seyahatinizden en az d\u00f6rt hafta \u00f6nce randevunuzu planlaman\u0131z\u0131 \u00f6nerir.\u00a0<\/span><\/p>\r\n<p><span style=\"font-family: Roboto; font-size: 14px;\">Ayn\u0131 zamanda T\u00fcrkiye\u2019den \u00e7evrimi\u00e7i <strong>Meksika vizesi<\/strong> al\u0131nabilir.\u00a0<\/span><\/p>\r\n<p><span style=\"font-family: Roboto; font-size: 14px;\">\r\n\r\n<\/span><\/p>\r\n<h2><span style=\"font-family: Roboto; font-size: 27px;\"><strong>Meksika Turist Vizesi Nas\u0131l Al\u0131n\u0131r?<\/strong><\/span><\/h2>\r\n<p><span style=\"font-family: Roboto; font-size: 14px;\">\r\n\r\n<\/span><\/p>\r\n<p><span style=\"font-family: Roboto; font-size: 14px;\"><strong>Meksika turist vizesi<\/strong>nin al\u0131nabilmesi i\u00e7in ki\u015filerin dikkat etmesi gereken \u00e7ok fazla ufak detay bulunuyor. Bunlardan ilki \u00f6ncelikle ki\u015filerin ge\u00e7erli bir pasaportunun olmas\u0131 \u00f6nemli bir detayd\u0131r. Pasaportun son 10 y\u0131l i\u00e7erisinde al\u0131nm\u0131\u015f olmas\u0131 veya yenilenmi\u015f olmas\u0131 gerekiyor. Bununla birlikte pasaport i\u00e7erisinde bo\u015f yaprak bulunmuyorsa ki\u015filerin pasaportlar\u0131n\u0131 yenilemeleri isteniliyor.<\/span><\/p>\r\n<p><span style=\"font-family: Roboto; font-size: 14px;\">\r\n\r\n<\/span><\/p>\r\n<p><span style=\"font-family: Roboto; font-size: 14px;\">Bu evraklar i\u00e7erisinde dikkat edilmesi gereken bir di\u011fer \u00f6nemli husus ise ba\u015fvuru formudur. Ba\u015fvuru formunun belirtilen dil ko\u015fullar\u0131na uygun bir \u015fekilde doldurulmas\u0131 ve turistik vize b\u00f6l\u00fcm\u00fcn\u00fcn i\u015faretlenmesi en \u00f6nemli kriterlerdir. Ki\u015filer ba\u015fvuru formundaki di\u011fer bilgileri de mutlaka turist vizesini uygun olarak doldurmal\u0131 ve t\u00fcm evraklar\u0131n\u0131 da yine bu vize t\u00fcr\u00fcne uygun bir \u015fekilde haz\u0131rlayarak dosya haline getirmelidir.<\/span><\/p>\r\n<p><span style=\"font-family: Roboto; font-size: 14px;\"><span style=\"color: #2acec2;\"><strong><a style=\"color: #2acec2;\" href=\"https:\/\/myvize.com.tr\/meksika\/form-ve-dilekce\/meksika-vizesi-dilekce-ornekleri\/\" target=\"_blank\" rel=\"noopener\">Meksika Turistik Vize Dilek\u00e7e \u00d6rne\u011fi<\/a><\/strong><\/span> ile ilgili bilgi almak i\u00e7in bizi aray\u0131n\u0131z.\u00a0<\/span><\/p>\r\n<p><span style=\"font-family: Roboto; font-size: 14px;\"> <img decoding=\"async\" src=\"https:\/\/myvize.com.tr\/meksika\/wp-content\/uploads\/2021\/10\/4.jpg\" \/> <\/span><\/p>\r\n<h2><span style=\"font-family: Roboto; font-size: 27px;\"><strong>Meksika Turist Vizesi Ka\u00e7 G\u00fcnde Al\u0131n\u0131r?<\/strong><\/span><\/h2>\r\n<p><span style=\"font-family: Roboto; font-size: 14px;\">\r\n\r\n<\/span><\/p>\r\n<p><span style=\"font-family: Roboto; font-size: 14px;\"><strong>Meksika turist vizesi<\/strong>nin al\u0131nmaz s\u00fcresi kesirlerin evraklar\u0131n\u0131 tam bir \u015fekilde teslim etmesine ba\u011fl\u0131d\u0131r. Ayn\u0131 zamanda evraklar\u0131 teslim ettikten sonra araya uzun bir bayram tatili veya resmi tatil girmemi\u015fse ki\u015filer bu evraklar\u0131n\u0131 yakla\u015f\u0131k 10 i\u015f g\u00fcn\u00fc i\u00e7erisinde alabilirler.<\/span><\/p>\r\n<h3><span style=\"font-family: Roboto; font-size: 24px;\"><strong>Meksika\u00a0<\/strong><strong>Turistik Vize Ba\u015fvurusu<\/strong><\/span><\/h3>\r\n<p><span style=\"font-family: Roboto; font-size: 14px;\">Meksika\u2019ya turistik ziyarette bulunmak isteyen ki\u015filerin almas\u0131 gereken vize t\u00fcr\u00fc k\u0131sa s\u00fcreli vizedir.\u00a0Yaln\u0131zca T\u00fcrkiye Cumhuriyeti Diplomatik (Siyah) Pasaport sahibi ki\u015filer\u00a0d\u0131\u015f\u0131nda b\u00fct\u00fcn pasaport hamileri\u00a0<strong>Meksika turistik vizesi<\/strong>ne ba\u015fvurmak zorundad\u0131rlar.<\/span><\/p>\r\n<p><span style=\"font-family: Roboto; font-size: 14px;\">Meksika devletine<strong> turistik vize<\/strong> alarak seyahat edecek T\u00fcrkiye Cumhuriyeti vatanda\u015flar\u0131 <strong>Meksika e-visa<\/strong> uygulamas\u0131ndan yararlanarak ba\u015fvuruda bulunabilirler. Ba\u015fvuru i\u015flemlerini do\u011fru ve eksiksiz tamamlayan ki\u015filer Meksika G\u00f6\u00e7menlik Ofisi onay\u0131 ile vizelerini alabileceklerdir.\u00a0<\/span><\/p>\r\n<p><span style=\"font-family: Roboto; font-size: 14px;\"><strong>Meksika turist vizesi<\/strong> sahibi olan ki\u015filer vizelerini ald\u0131klar\u0131 tarihten itibaren 30 g\u00fcn i\u00e7erisinde Meksika\u2019ya giri\u015f yapmal\u0131d\u0131rlar. Aksi takdirde vizeleri ge\u00e7erliliklerini kaybetmektedir. Vize sahipleri maksimum 180 g\u00fcn \u00fclkede kal\u0131\u015f hakk\u0131na sahip olurlar.<\/span><\/p>\r\n<p><span style=\"font-family: Roboto; font-size: 14px;\"><span style=\"color: #2acec2;\"><strong><a style=\"color: #2acec2;\" href=\"https:\/\/myvize.com.tr\/meksika\/vize-islemleri\/meksika-ticari-vize\/\" target=\"_blank\" rel=\"noopener\">Meksika Ticari Vize<\/a><\/strong><\/span> ile ilgili bilgi almak i\u00e7in bizi aray\u0131n\u0131z.<\/span><\/p>\r\n<h3><span style=\"font-family: Roboto; font-size: 24px;\"><strong>Meksika\u00a0<\/strong><strong>Turistik Vize Talep Dilek\u00e7esi Nas\u0131l Yaz\u0131l\u0131r?<\/strong><\/span><\/h3>\r\n<ul>\r\n<li><span style=\"font-family: Roboto; font-size: 14px;\"><strong>Meksika turistik vize ba\u015fvuru<\/strong> sahibi seyahat ba\u015flang\u0131\u00e7 ve biti\u015f s\u00fcrelerini net bir \u015fekilde belirtmelidir.<\/span><\/li>\r\n<li><span style=\"font-family: Roboto; font-size: 14px;\">Meksika turistik vize ba\u015fvuru sahibi seyahat sebebini net bir \u015fekilde ifade etmelidir.<\/span><\/li>\r\n<li><span style=\"font-family: Roboto; font-size: 14px;\">Meksika\u2019ya turistik ziyarette bulunacak ki\u015filerin yemek, konaklama gibi masraflar\u0131n\u0131 nas\u0131l kar\u015f\u0131layaca\u011f\u0131n\u0131 detayl\u0131 \u015fekilde a\u00e7\u0131klamal\u0131d\u0131r.<\/span><\/li>\r\n<\/ul>\r\n<h3><span style=\"font-family: Roboto; font-size: 20px;\"><strong>Meksika\u00a0<\/strong><strong>Turistik Vize Al\u0131n\u0131rken Dikkat Edilmesi Gerekenler:<\/strong><\/span><\/h3>\r\n<p><span style=\"font-family: Roboto; font-size: 14px;\"><strong>Meksika turistik vize<\/strong> ba\u015fvurular\u0131nda ek dilek\u00e7e gerektiren nedenler:<\/span><\/p>\r\n<ul>\r\n<li><span style=\"font-family: Roboto; font-size: 14px;\">Meksika turistik vizesine ba\u015fvuran ki\u015filerin e\u011fer sponsorlar\u0131 var ise dilek\u00e7elerine ek olarak sponsor dilek\u00e7esi eklemeleri gereklidir.\u00a0(Ev han\u0131mlar\u0131 ve \u00f6\u011frenciler vb. Durumlar i\u00e7in ge\u00e7erlidir.)<\/span><\/li>\r\n<li><span style=\"font-family: Roboto; font-size: 14px;\"><strong>Meksika turistik vizesine<\/strong> ba\u015fvuran ki\u015filer e\u011fer \u00e7al\u0131\u015fan\u0131 ise dilek\u00e7elerine ek olarak \u015firket dilek\u00e7esi eklemeleri gereklidir. \u015eirket dilek\u00e7esinin mutlaka ka\u015feli ve imzal\u0131 olmas\u0131 gereklidir. \u0130\u00e7eri\u011finde ise ki\u015finin hangi tarihlerde izinli oldu\u011fu a\u00e7\u0131klanmal\u0131d\u0131r.<\/span><\/li>\r\n<\/ul>\r\n<p><img decoding=\"async\" src=\"https:\/\/myvize.com.tr\/meksika\/wp-content\/uploads\/2021\/10\/5.jpg\" \/><\/p>\r\n<p><span style=\"font-family: Roboto;\"><\/span><\/p>","protected":false},"excerpt":{"rendered":"<p>Meksika d\u00fcnyada en fazla ziyaret edilen ve son derece ilgin\u00e7 gezilecek lokasyonlar\u0131 bulunan \u00fclkeler aras\u0131ndad\u0131r. \u00c7ok cazip gezilecek noktalar\u0131 bulunan bu \u00fclkeye T\u00fcrkiye&#8217;den de b\u00fcy\u00fck bir ilgi bulunuyor. Meksika&#8217;ya seyahat etmek isteyen ki\u015filerin \u00f6ncelikle turistik vize alma \u015fart\u0131 bulunuyor. Bu i\u015flemler s\u0131ras\u0131nda ki\u015filerin haz\u0131rlamas\u0131 gereken bir\u00e7ok farkl\u0131 evrak bulunuyor. Bu evraklarda g\u00fcncellik ve taml\u0131k ki\u015filerin<\/p>\n","protected":false},"author":1,"featured_media":0,"parent":18,"menu_order":0,"comment_status":"closed","ping_status":"closed","template":"","meta":{"footnotes":""},"class_list":["post-21","page","type-page","status-publish","hentry"],"yoast_head":"<!-- This site is optimized with the Yoast SEO plugin v24.0 - https:\/\/yoast.com\/wordpress\/plugins\/seo\/ -->\n<title>Meksika Turistik Vize - Meksika Vizesi - MyVize<\/title>\n<meta name=\"description\" content=\"Meksika Turistik Vize i\u015flemleri gerekli evraklar g\u00fcncel. Meksika Turistik Vize i\u015flemleri randevu al\u0131m\u0131 ve i\u015flem s\u00fcreci g\u00f6rsel anlat\u0131m.\" \/>\n<meta name=\"robots\" content=\"index, follow, max-snippet:-1, max-image-preview:large, max-video-preview:-1\" \/>\n<link rel=\"canonical\" href=\"https:\/\/myvize.com.tr\/meksika\/vize-islemleri\/meksika-turistik-vize\/\" \/>\n<meta property=\"og:locale\" content=\"tr_TR\" \/>\n<meta property=\"og:type\" content=\"article\" \/>\n<meta property=\"og:title\" content=\"Meksika Turistik Vize - Meksika Vizesi - MyVize\" \/>\n<meta property=\"og:description\" content=\"Meksika Turistik Vize i\u015flemleri gerekli evraklar g\u00fcncel. Meksika Turistik Vize i\u015flemleri randevu al\u0131m\u0131 ve i\u015flem s\u00fcreci g\u00f6rsel anlat\u0131m.\" \/>\n<meta property=\"og:url\" content=\"https:\/\/myvize.com.tr\/meksika\/vize-islemleri\/meksika-turistik-vize\/\" \/>\n<meta property=\"og:site_name\" content=\"Meksika Vizesi\" \/>\n<meta property=\"article:modified_time\" content=\"2022-05-12T12:04:43+00:00\" \/>\n<meta property=\"og:image\" content=\"https:\/\/myvize.com.tr\/meksika\/wp-content\/uploads\/2021\/10\/4.jpg\" \/>\n<meta name=\"twitter:card\" content=\"summary_large_image\" \/>\n<meta name=\"twitter:label1\" content=\"Tahmini okuma s\u00fcresi\" \/>\n\t<meta name=\"twitter:data1\" content=\"5 dakika\" \/>\n<script type=\"application\/ld+json\" class=\"yoast-schema-graph\">{\"@context\":\"https:\/\/schema.org\",\"@graph\":[{\"@type\":\"WebPage\",\"@id\":\"https:\/\/myvize.com.tr\/meksika\/vize-islemleri\/meksika-turistik-vize\/\",\"url\":\"https:\/\/myvize.com.tr\/meksika\/vize-islemleri\/meksika-turistik-vize\/\",\"name\":\"Meksika Turistik Vize - Meksika Vizesi - MyVize\",\"isPartOf\":{\"@id\":\"https:\/\/myvize.com.tr\/meksika\/#website\"},\"primaryImageOfPage\":{\"@id\":\"https:\/\/myvize.com.tr\/meksika\/vize-islemleri\/meksika-turistik-vize\/#primaryimage\"},\"image\":{\"@id\":\"https:\/\/myvize.com.tr\/meksika\/vize-islemleri\/meksika-turistik-vize\/#primaryimage\"},\"thumbnailUrl\":\"https:\/\/myvize.com.tr\/meksika\/wp-content\/uploads\/2021\/10\/4.jpg\",\"datePublished\":\"2020-11-30T05:52:07+00:00\",\"dateModified\":\"2022-05-12T12:04:43+00:00\",\"description\":\"Meksika Turistik Vize i\u015flemleri gerekli evraklar g\u00fcncel. Meksika Turistik Vize i\u015flemleri randevu al\u0131m\u0131 ve i\u015flem s\u00fcreci g\u00f6rsel anlat\u0131m.\",\"breadcrumb\":{\"@id\":\"https:\/\/myvize.com.tr\/meksika\/vize-islemleri\/meksika-turistik-vize\/#breadcrumb\"},\"inLanguage\":\"tr\",\"potentialAction\":[{\"@type\":\"ReadAction\",\"target\":[\"https:\/\/myvize.com.tr\/meksika\/vize-islemleri\/meksika-turistik-vize\/\"]}]},{\"@type\":\"ImageObject\",\"inLanguage\":\"tr\",\"@id\":\"https:\/\/myvize.com.tr\/meksika\/vize-islemleri\/meksika-turistik-vize\/#primaryimage\",\"url\":\"https:\/\/myvize.com.tr\/meksika\/wp-content\/uploads\/2021\/10\/4.jpg\",\"contentUrl\":\"https:\/\/myvize.com.tr\/meksika\/wp-content\/uploads\/2021\/10\/4.jpg\",\"width\":800,\"height\":500,\"caption\":\"Meksika Turistik Vize\"},{\"@type\":\"BreadcrumbList\",\"@id\":\"https:\/\/myvize.com.tr\/meksika\/vize-islemleri\/meksika-turistik-vize\/#breadcrumb\",\"itemListElement\":[{\"@type\":\"ListItem\",\"position\":1,\"name\":\"Anasayfa\",\"item\":\"https:\/\/myvize.com.tr\/meksika\/\"},{\"@type\":\"ListItem\",\"position\":2,\"name\":\"V\u0130ZE \u0130\u015eLEMLER\u0130\",\"item\":\"https:\/\/myvize.com.tr\/meksika\/vize-islemleri\/\"},{\"@type\":\"ListItem\",\"position\":3,\"name\":\"Meksika Turistik Vize\"}]},{\"@type\":\"WebSite\",\"@id\":\"https:\/\/myvize.com.tr\/meksika\/#website\",\"url\":\"https:\/\/myvize.com.tr\/meksika\/\",\"name\":\"Meksika Vizesi\",\"description\":\"\",\"potentialAction\":[{\"@type\":\"SearchAction\",\"target\":{\"@type\":\"EntryPoint\",\"urlTemplate\":\"https:\/\/myvize.com.tr\/meksika\/?s={search_term_string}\"},\"query-input\":{\"@type\":\"PropertyValueSpecification\",\"valueRequired\":true,\"valueName\":\"search_term_string\"}}],\"inLanguage\":\"tr\"}]}<\/script>\n<!-- \/ Yoast SEO plugin. -->","yoast_head_json":{"title":"Meksika Turistik Vize - Meksika Vizesi - MyVize","description":"Meksika Turistik Vize i\u015flemleri gerekli evraklar g\u00fcncel. Meksika Turistik Vize i\u015flemleri randevu al\u0131m\u0131 ve i\u015flem s\u00fcreci g\u00f6rsel anlat\u0131m.","robots":{"index":"index","follow":"follow","max-snippet":"max-snippet:-1","max-image-preview":"max-image-preview:large","max-video-preview":"max-video-preview:-1"},"canonical":"https:\/\/myvize.com.tr\/meksika\/vize-islemleri\/meksika-turistik-vize\/","og_locale":"tr_TR","og_type":"article","og_title":"Meksika Turistik Vize - Meksika Vizesi - MyVize","og_description":"Meksika Turistik Vize i\u015flemleri gerekli evraklar g\u00fcncel. Meksika Turistik Vize i\u015flemleri randevu al\u0131m\u0131 ve i\u015flem s\u00fcreci g\u00f6rsel anlat\u0131m.","og_url":"https:\/\/myvize.com.tr\/meksika\/vize-islemleri\/meksika-turistik-vize\/","og_site_name":"Meksika Vizesi","article_modified_time":"2022-05-12T12:04:43+00:00","og_image":[{"url":"https:\/\/myvize.com.tr\/meksika\/wp-content\/uploads\/2021\/10\/4.jpg","type":"","width":"","height":""}],"twitter_card":"summary_large_image","twitter_misc":{"Tahmini okuma s\u00fcresi":"5 dakika"},"schema":{"@context":"https:\/\/schema.org","@graph":[{"@type":"WebPage","@id":"https:\/\/myvize.com.tr\/meksika\/vize-islemleri\/meksika-turistik-vize\/","url":"https:\/\/myvize.com.tr\/meksika\/vize-islemleri\/meksika-turistik-vize\/","name":"Meksika Turistik Vize - Meksika Vizesi - MyVize","isPartOf":{"@id":"https:\/\/myvize.com.tr\/meksika\/#website"},"primaryImageOfPage":{"@id":"https:\/\/myvize.com.tr\/meksika\/vize-islemleri\/meksika-turistik-vize\/#primaryimage"},"image":{"@id":"https:\/\/myvize.com.tr\/meksika\/vize-islemleri\/meksika-turistik-vize\/#primaryimage"},"thumbnailUrl":"https:\/\/myvize.com.tr\/meksika\/wp-content\/uploads\/2021\/10\/4.jpg","datePublished":"2020-11-30T05:52:07+00:00","dateModified":"2022-05-12T12:04:43+00:00","description":"Meksika Turistik Vize i\u015flemleri gerekli evraklar g\u00fcncel. Meksika Turistik Vize i\u015flemleri randevu al\u0131m\u0131 ve i\u015flem s\u00fcreci g\u00f6rsel anlat\u0131m.","breadcrumb":{"@id":"https:\/\/myvize.com.tr\/meksika\/vize-islemleri\/meksika-turistik-vize\/#breadcrumb"},"inLanguage":"tr","potentialAction":[{"@type":"ReadAction","target":["https:\/\/myvize.com.tr\/meksika\/vize-islemleri\/meksika-turistik-vize\/"]}]},{"@type":"ImageObject","inLanguage":"tr","@id":"https:\/\/myvize.com.tr\/meksika\/vize-islemleri\/meksika-turistik-vize\/#primaryimage","url":"https:\/\/myvize.com.tr\/meksika\/wp-content\/uploads\/2021\/10\/4.jpg","contentUrl":"https:\/\/myvize.com.tr\/meksika\/wp-content\/uploads\/2021\/10\/4.jpg","width":800,"height":500,"caption":"Meksika Turistik Vize"},{"@type":"BreadcrumbList","@id":"https:\/\/myvize.com.tr\/meksika\/vize-islemleri\/meksika-turistik-vize\/#breadcrumb","itemListElement":[{"@type":"ListItem","position":1,"name":"Anasayfa","item":"https:\/\/myvize.com.tr\/meksika\/"},{"@type":"ListItem","position":2,"name":"V\u0130ZE \u0130\u015eLEMLER\u0130","item":"https:\/\/myvize.com.tr\/meksika\/vize-islemleri\/"},{"@type":"ListItem","position":3,"name":"Meksika Turistik Vize"}]},{"@type":"WebSite","@id":"https:\/\/myvize.com.tr\/meksika\/#website","url":"https:\/\/myvize.com.tr\/meksika\/","name":"Meksika Vizesi","description":"","potentialAction":[{"@type":"SearchAction","target":{"@type":"EntryPoint","urlTemplate":"https:\/\/myvize.com.tr\/meksika\/?s={search_term_string}"},"query-input":{"@type":"PropertyValueSpecification","valueRequired":true,"valueName":"search_term_string"}}],"inLanguage":"tr"}]}},"_links":{"self":[{"href":"https:\/\/myvize.com.tr\/meksika\/wp-json\/wp\/v2\/pages\/21","targetHints":{"allow":["GET"]}}],"collection":[{"href":"https:\/\/myvize.com.tr\/meksika\/wp-json\/wp\/v2\/pages"}],"about":[{"href":"https:\/\/myvize.com.tr\/meksika\/wp-json\/wp\/v2\/types\/page"}],"author":[{"embeddable":true,"href":"https:\/\/myvize.com.tr\/meksika\/wp-json\/wp\/v2\/users\/1"}],"replies":[{"embeddable":true,"href":"https:\/\/myvize.com.tr\/meksika\/wp-json\/wp\/v2\/comments?post=21"}],"version-history":[{"count":11,"href":"https:\/\/myvize.com.tr\/meksika\/wp-json\/wp\/v2\/pages\/21\/revisions"}],"predecessor-version":[{"id":837,"href":"https:\/\/myvize.com.tr\/meksika\/wp-json\/wp\/v2\/pages\/21\/revisions\/837"}],"up":[{"embeddable":true,"href":"https:\/\/myvize.com.tr\/meksika\/wp-json\/wp\/v2\/pages\/18"}],"wp:attachment":[{"href":"https:\/\/myvize.com.tr\/meksika\/wp-json\/wp\/v2\/media?parent=21"}],"curies":[{"name":"wp","href":"https:\/\/api.w.org\/{rel}","templated":true}]}}