{"id":162,"date":"2021-01-15T16:15:24","date_gmt":"2021-01-15T13:15:24","guid":{"rendered":"http:\/\/myvize.com.tr\/meksika\/?page_id=162"},"modified":"2022-09-05T12:39:54","modified_gmt":"2022-09-05T09:39:54","slug":"diyarbakir","status":"publish","type":"page","link":"https:\/\/myvize.com.tr\/meksika\/subelerimiz\/diyarbakir\/","title":{"rendered":"Meksika Vizesi , Diyarbak\u0131r"},"content":{"rendered":"<h2><strong><span style=\"font-family: Roboto; font-size: 27px;\">Diyarbak\u0131r Meksika Vize Ba\u015fvurusu<\/span><\/strong><\/h2>\n<p><span style=\"font-family: Roboto; font-size: 14px;\">Meksika\u2019ya seyahat edecek olan T\u00fcrk vatanda\u015flar\u0131n\u0131n, Meksika\u2019ya girebilmek i\u00e7in vize almas\u0131 gerekmektedir. Diplomatik (Siyah) Pasaport sahipleri k\u0131sa s\u00fcreli Meksika vizesinden muaft\u0131r. Umuma Mahsus Pasaport, Hizmet ve Hususi Pasaport sahibi olan T\u00fcrk vatanda\u015flar\u0131 Meksika vizesi almal\u0131d\u0131r.<\/span><\/p>\n<p><span style=\"font-family: Roboto; font-size: 14px;\">Diyarbak\u0131r ve \u00e7evresinde ikamet eden ve Meksika\u2019ya seyahat etmek isteyen T\u00fcrkiye vatanda\u015flar\u0131n\u0131n,<strong> Meksika vizesi ba\u015fvurusu<\/strong> yapmas\u0131 gerekmektedir. <strong>Diyarbak\u0131r Meksika vize ba\u015fvurusu<\/strong>, Meksika Ankara B\u00fcy\u00fckel\u00e7ili\u011fi,<strong> Meksika Konsoloslu\u011fu<\/strong> taraf\u0131ndan Diyarbak\u0131r ve \u00e7evresinde yetkilendirilmi\u015f acenteler ve vize ba\u015fvuru merkezlerine yap\u0131labilmektedir. Ayr\u0131ca <strong>Diyarbak\u0131r Meksika vize ba\u015fvurusu<\/strong> internet \u00fczerinden de yap\u0131labilmektedir. E-vize sadece Umuma Mahsus Pasaport sahiplerine verilmektedir.<\/span><\/p>\n<p><span style=\"font-family: Roboto; font-size: 14px;\"><strong>Diyarbak\u0131r Meksika vize ba\u015fvurusu<\/strong> i\u00e7in randevu alman\u0131z gerekebilmektedir. Bunun i\u00e7in <strong>Meksika vize<\/strong> ba\u015fvurusunu ne \u015fekilde yapaca\u011f\u0131n\u0131z \u00f6nemlidir. Baz\u0131 Meksika vize ba\u015fvuru merkezleri randevu isterken, baz\u0131 Meksika vize ba\u015fvuru merkezleri randevu istememektedir.<span style=\"color: #2acec2;\"><strong><a style=\"color: #2acec2;\" href=\"https:\/\/myvize.com.tr\/meksika\/konsolosluklar\/ankara-buyukelciligi\/\" target=\"_blank\" rel=\"noopener\"> Meksika Ankara B\u00fcy\u00fckel\u00e7ili\u011fi<\/a><\/strong><\/span>, Diyarbak\u0131r Meksika vize ba\u015fvurusu i\u00e7in randevu al\u0131nmal\u0131d\u0131r.<\/span><\/p>\n<p><span style=\"font-family: Roboto; font-size: 14px;\"><strong>Diyarbak\u0131r Meksika vize ba\u015fvurusu<\/strong> i\u00e7in gerekli belgeleri haz\u0131rlayarak, <strong>Meksika vize ba\u015fvurusu<\/strong> yap\u0131lacak yere teslim edilmelidir. Belgeler teslim edildikten sonra Meksika vize ba\u015fvurunuz incelemeye al\u0131n\u0131r.<\/span><\/p>\n","protected":false},"excerpt":{"rendered":"<p>Diyarbak\u0131r Meksika Vize Ba\u015fvurusu Meksika\u2019ya seyahat edecek olan T\u00fcrk vatanda\u015flar\u0131n\u0131n, Meksika\u2019ya girebilmek i\u00e7in vize almas\u0131 gerekmektedir. Diplomatik (Siyah) Pasaport sahipleri k\u0131sa s\u00fcreli Meksika vizesinden muaft\u0131r. Umuma Mahsus Pasaport, Hizmet ve Hususi Pasaport sahibi olan T\u00fcrk vatanda\u015flar\u0131 Meksika vizesi almal\u0131d\u0131r. Diyarbak\u0131r ve \u00e7evresinde ikamet eden ve Meksika\u2019ya seyahat etmek isteyen T\u00fcrkiye vatanda\u015flar\u0131n\u0131n, Meksika vizesi ba\u015fvurusu yapmas\u0131<\/p>\n","protected":false},"author":1,"featured_media":0,"parent":147,"menu_order":0,"comment_status":"closed","ping_status":"closed","template":"","meta":{"footnotes":""},"class_list":["post-162","page","type-page","status-publish","hentry"],"yoast_head":"<!-- This site is optimized with the Yoast SEO plugin v24.0 - https:\/\/yoast.com\/wordpress\/plugins\/seo\/ -->\n<title>Meksika Vize Ba\u015fvuru \u015eubesi Diyarbak\u0131r - MyVize<\/title>\n<meta name=\"description\" content=\"Meksika vizesi Diyarbak\u0131r ofisimiz, hangi \u00fclkeye seyahat etmek isterseniz gerekli b\u00fct\u00fcn bilgilere ula\u015fabilirsiniz: 0850 346 84 93\" \/>\n<meta name=\"robots\" content=\"index, follow, max-snippet:-1, max-image-preview:large, max-video-preview:-1\" \/>\n<link rel=\"canonical\" href=\"https:\/\/myvize.com.tr\/meksika\/subelerimiz\/diyarbakir\/\" \/>\n<meta property=\"og:locale\" content=\"tr_TR\" \/>\n<meta property=\"og:type\" content=\"article\" \/>\n<meta property=\"og:title\" content=\"Meksika Vize Ba\u015fvuru \u015eubesi Diyarbak\u0131r - MyVize\" \/>\n<meta property=\"og:description\" content=\"Meksika vizesi Diyarbak\u0131r ofisimiz, hangi \u00fclkeye seyahat etmek isterseniz gerekli b\u00fct\u00fcn bilgilere ula\u015fabilirsiniz: 0850 346 84 93\" \/>\n<meta property=\"og:url\" content=\"https:\/\/myvize.com.tr\/meksika\/subelerimiz\/diyarbakir\/\" \/>\n<meta property=\"og:site_name\" content=\"Meksika Vizesi\" \/>\n<meta property=\"article:modified_time\" content=\"2022-09-05T09:39:54+00:00\" \/>\n<meta name=\"twitter:card\" content=\"summary_large_image\" \/>\n<meta name=\"twitter:label1\" content=\"Tahmini okuma s\u00fcresi\" \/>\n\t<meta name=\"twitter:data1\" content=\"1 dakika\" \/>\n<script type=\"application\/ld+json\" class=\"yoast-schema-graph\">{\"@context\":\"https:\/\/schema.org\",\"@graph\":[{\"@type\":\"WebPage\",\"@id\":\"https:\/\/myvize.com.tr\/meksika\/subelerimiz\/diyarbakir\/\",\"url\":\"https:\/\/myvize.com.tr\/meksika\/subelerimiz\/diyarbakir\/\",\"name\":\"Meksika Vize Ba\u015fvuru \u015eubesi Diyarbak\u0131r - MyVize\",\"isPartOf\":{\"@id\":\"https:\/\/myvize.com.tr\/meksika\/#website\"},\"datePublished\":\"2021-01-15T13:15:24+00:00\",\"dateModified\":\"2022-09-05T09:39:54+00:00\",\"description\":\"Meksika vizesi Diyarbak\u0131r ofisimiz, hangi \u00fclkeye seyahat etmek isterseniz gerekli b\u00fct\u00fcn bilgilere ula\u015fabilirsiniz: 0850 346 84 93\",\"breadcrumb\":{\"@id\":\"https:\/\/myvize.com.tr\/meksika\/subelerimiz\/diyarbakir\/#breadcrumb\"},\"inLanguage\":\"tr\",\"potentialAction\":[{\"@type\":\"ReadAction\",\"target\":[\"https:\/\/myvize.com.tr\/meksika\/subelerimiz\/diyarbakir\/\"]}]},{\"@type\":\"BreadcrumbList\",\"@id\":\"https:\/\/myvize.com.tr\/meksika\/subelerimiz\/diyarbakir\/#breadcrumb\",\"itemListElement\":[{\"@type\":\"ListItem\",\"position\":1,\"name\":\"Anasayfa\",\"item\":\"https:\/\/myvize.com.tr\/meksika\/\"},{\"@type\":\"ListItem\",\"position\":2,\"name\":\"\u015eUBELER\u0130M\u0130Z\",\"item\":\"https:\/\/myvize.com.tr\/meksika\/subelerimiz\/\"},{\"@type\":\"ListItem\",\"position\":3,\"name\":\"Meksika Vizesi , Diyarbak\u0131r\"}]},{\"@type\":\"WebSite\",\"@id\":\"https:\/\/myvize.com.tr\/meksika\/#website\",\"url\":\"https:\/\/myvize.com.tr\/meksika\/\",\"name\":\"Meksika Vizesi\",\"description\":\"\",\"potentialAction\":[{\"@type\":\"SearchAction\",\"target\":{\"@type\":\"EntryPoint\",\"urlTemplate\":\"https:\/\/myvize.com.tr\/meksika\/?s={search_term_string}\"},\"query-input\":{\"@type\":\"PropertyValueSpecification\",\"valueRequired\":true,\"valueName\":\"search_term_string\"}}],\"inLanguage\":\"tr\"}]}<\/script>\n<!-- \/ Yoast SEO plugin. -->","yoast_head_json":{"title":"Meksika Vize Ba\u015fvuru \u015eubesi Diyarbak\u0131r - MyVize","description":"Meksika vizesi Diyarbak\u0131r ofisimiz, hangi \u00fclkeye seyahat etmek isterseniz gerekli b\u00fct\u00fcn bilgilere ula\u015fabilirsiniz: 0850 346 84 93","robots":{"index":"index","follow":"follow","max-snippet":"max-snippet:-1","max-image-preview":"max-image-preview:large","max-video-preview":"max-video-preview:-1"},"canonical":"https:\/\/myvize.com.tr\/meksika\/subelerimiz\/diyarbakir\/","og_locale":"tr_TR","og_type":"article","og_title":"Meksika Vize Ba\u015fvuru \u015eubesi Diyarbak\u0131r - MyVize","og_description":"Meksika vizesi Diyarbak\u0131r ofisimiz, hangi \u00fclkeye seyahat etmek isterseniz gerekli b\u00fct\u00fcn bilgilere ula\u015fabilirsiniz: 0850 346 84 93","og_url":"https:\/\/myvize.com.tr\/meksika\/subelerimiz\/diyarbakir\/","og_site_name":"Meksika Vizesi","article_modified_time":"2022-09-05T09:39:54+00:00","twitter_card":"summary_large_image","twitter_misc":{"Tahmini okuma s\u00fcresi":"1 dakika"},"schema":{"@context":"https:\/\/schema.org","@graph":[{"@type":"WebPage","@id":"https:\/\/myvize.com.tr\/meksika\/subelerimiz\/diyarbakir\/","url":"https:\/\/myvize.com.tr\/meksika\/subelerimiz\/diyarbakir\/","name":"Meksika Vize Ba\u015fvuru \u015eubesi Diyarbak\u0131r - MyVize","isPartOf":{"@id":"https:\/\/myvize.com.tr\/meksika\/#website"},"datePublished":"2021-01-15T13:15:24+00:00","dateModified":"2022-09-05T09:39:54+00:00","description":"Meksika vizesi Diyarbak\u0131r ofisimiz, hangi \u00fclkeye seyahat etmek isterseniz gerekli b\u00fct\u00fcn bilgilere ula\u015fabilirsiniz: 0850 346 84 93","breadcrumb":{"@id":"https:\/\/myvize.com.tr\/meksika\/subelerimiz\/diyarbakir\/#breadcrumb"},"inLanguage":"tr","potentialAction":[{"@type":"ReadAction","target":["https:\/\/myvize.com.tr\/meksika\/subelerimiz\/diyarbakir\/"]}]},{"@type":"BreadcrumbList","@id":"https:\/\/myvize.com.tr\/meksika\/subelerimiz\/diyarbakir\/#breadcrumb","itemListElement":[{"@type":"ListItem","position":1,"name":"Anasayfa","item":"https:\/\/myvize.com.tr\/meksika\/"},{"@type":"ListItem","position":2,"name":"\u015eUBELER\u0130M\u0130Z","item":"https:\/\/myvize.com.tr\/meksika\/subelerimiz\/"},{"@type":"ListItem","position":3,"name":"Meksika Vizesi , Diyarbak\u0131r"}]},{"@type":"WebSite","@id":"https:\/\/myvize.com.tr\/meksika\/#website","url":"https:\/\/myvize.com.tr\/meksika\/","name":"Meksika Vizesi","description":"","potentialAction":[{"@type":"SearchAction","target":{"@type":"EntryPoint","urlTemplate":"https:\/\/myvize.com.tr\/meksika\/?s={search_term_string}"},"query-input":{"@type":"PropertyValueSpecification","valueRequired":true,"valueName":"search_term_string"}}],"inLanguage":"tr"}]}},"_links":{"self":[{"href":"https:\/\/myvize.com.tr\/meksika\/wp-json\/wp\/v2\/pages\/162","targetHints":{"allow":["GET"]}}],"collection":[{"href":"https:\/\/myvize.com.tr\/meksika\/wp-json\/wp\/v2\/pages"}],"about":[{"href":"https:\/\/myvize.com.tr\/meksika\/wp-json\/wp\/v2\/types\/page"}],"author":[{"embeddable":true,"href":"https:\/\/myvize.com.tr\/meksika\/wp-json\/wp\/v2\/users\/1"}],"replies":[{"embeddable":true,"href":"https:\/\/myvize.com.tr\/meksika\/wp-json\/wp\/v2\/comments?post=162"}],"version-history":[{"count":5,"href":"https:\/\/myvize.com.tr\/meksika\/wp-json\/wp\/v2\/pages\/162\/revisions"}],"predecessor-version":[{"id":918,"href":"https:\/\/myvize.com.tr\/meksika\/wp-json\/wp\/v2\/pages\/162\/revisions\/918"}],"up":[{"embeddable":true,"href":"https:\/\/myvize.com.tr\/meksika\/wp-json\/wp\/v2\/pages\/147"}],"wp:attachment":[{"href":"https:\/\/myvize.com.tr\/meksika\/wp-json\/wp\/v2\/media?parent=162"}],"curies":[{"name":"wp","href":"https:\/\/api.w.org\/{rel}","templated":true}]}}