{"id":158,"date":"2021-01-15T16:14:48","date_gmt":"2021-01-15T13:14:48","guid":{"rendered":"http:\/\/myvize.com.tr\/meksika\/?page_id=158"},"modified":"2022-05-12T16:49:24","modified_gmt":"2022-05-12T13:49:24","slug":"antalya","status":"publish","type":"page","link":"https:\/\/myvize.com.tr\/meksika\/subelerimiz\/antalya\/","title":{"rendered":"Meksika Vizesi , Antalya"},"content":{"rendered":"<h2><strong><span style=\"font-family: Roboto; font-size: 27px;\">Antalya Meksika Vize Ba\u015fvurusu<\/span><\/strong><\/h2>\n<p><span style=\"font-family: Roboto; font-size: 14px;\">Meksika\u2019ya seyahat edecek olan T\u00fcrk vatanda\u015flar\u0131n\u0131n, Meksika\u2019ya girebilmek i\u00e7in vize almas\u0131 gerekmektedir. Diplomatik (Siyah) Pasaport sahipleri k\u0131sa s\u00fcreli Meksika vizesinden muaft\u0131r. Umuma Mahsus Pasaport sahibi, Hizmet ve Hususi Pasaport sahibi olan T\u00fcrk vatanda\u015flar\u0131 <strong>Meksika vizesi<\/strong> almal\u0131d\u0131r.<\/span><\/p>\n<p><span style=\"font-family: Roboto; font-size: 14px;\">Antalya ve \u00e7evresinde ikamet eden ve Meksika\u2019ya seyahat etmek isteyen T\u00fcrkiye vatanda\u015flar\u0131n\u0131n, Antalya Meksika vize ba\u015fvuru i\u015flemi yapmas\u0131 gerekmektedir. <strong>Antalya Meksika vize ba\u015fvurusu<\/strong>, Meksika Ankara B\u00fcy\u00fckel\u00e7ili\u011fi, <strong>Meksika Ankara B\u00fcy\u00fckel\u00e7ili\u011fi<\/strong> taraf\u0131ndan Antalya ve \u00e7evresinde yetkilendirilmi\u015f acenteler ve Antalya Meksika vize ba\u015fvuru merkezlerine yap\u0131labilmektedir. Ayr\u0131ca Antalya Meksika vize ba\u015fvurusu internet \u00fczerinden de yap\u0131labilmektedir.<\/span><\/p>\n<p><span style=\"font-family: Roboto; font-size: 14px;\"><strong>Antalya Meksika vize ba\u015fvurusu<\/strong> i\u00e7in randevu alman\u0131z gerekebilmektedir. Bunun i\u00e7in Antalya<strong> Meksika vize <\/strong>ba\u015fvurusunun nereye yap\u0131laca\u011f\u0131 \u00f6nemlidir. Meksika vize ba\u015fvurusunu Meksika temsilcili\u011fine yapacak olan ki\u015filerin randevu almas\u0131 gerekmektedir. Acente ve vize ba\u015fvuru merkezleri arac\u0131l\u0131\u011f\u0131 ile vize ba\u015fvurusu yapacak ki\u015filerin randevu almas\u0131na gerek bulunmamaktad\u0131r.<\/span><\/p>\n<p><span style=\"font-family: Roboto; font-size: 14px;\"><strong>Antalya Meksika vize ba\u015fvurusu<\/strong> i\u00e7in gerekli belgeleri haz\u0131rlayarak,<span style=\"color: #2acec2;\"><strong><a style=\"color: #2acec2;\" href=\"https:\/\/myvize.com.tr\/meksika\/vize-islemleri\/meksika-vize-basvrusu\/\" target=\"_blank\" rel=\"noopener\"> Meksika vize ba\u015fvurusu<\/a><\/strong><\/span> yap\u0131lacak yere teslim edilmelidir. Belgeler teslim edildikten sonra Meksika vize ba\u015fvurunuz incelemeye al\u0131n\u0131r.<\/span><\/p>\n","protected":false},"excerpt":{"rendered":"<p>Antalya Meksika Vize Ba\u015fvurusu Meksika\u2019ya seyahat edecek olan T\u00fcrk vatanda\u015flar\u0131n\u0131n, Meksika\u2019ya girebilmek i\u00e7in vize almas\u0131 gerekmektedir. Diplomatik (Siyah) Pasaport sahipleri k\u0131sa s\u00fcreli Meksika vizesinden muaft\u0131r. Umuma Mahsus Pasaport sahibi, Hizmet ve Hususi Pasaport sahibi olan T\u00fcrk vatanda\u015flar\u0131 Meksika vizesi almal\u0131d\u0131r. Antalya ve \u00e7evresinde ikamet eden ve Meksika\u2019ya seyahat etmek isteyen T\u00fcrkiye vatanda\u015flar\u0131n\u0131n, Antalya Meksika vize<\/p>\n","protected":false},"author":1,"featured_media":0,"parent":147,"menu_order":0,"comment_status":"closed","ping_status":"closed","template":"","meta":{"footnotes":""},"class_list":["post-158","page","type-page","status-publish","hentry"],"yoast_head":"<!-- This site is optimized with the Yoast SEO plugin v24.0 - https:\/\/yoast.com\/wordpress\/plugins\/seo\/ -->\n<title>Meksika Vize Ba\u015fvuru \u015eubesi Antalya - MyVize<\/title>\n<meta name=\"description\" content=\"Meksika vizesi Antalya ofisimiz, hangi \u00fclkeye seyahat etmek isterseniz gerekli b\u00fct\u00fcn bilgilere ula\u015fabilirsiniz: 0850 346 84 93\" \/>\n<meta name=\"robots\" content=\"index, follow, max-snippet:-1, max-image-preview:large, max-video-preview:-1\" \/>\n<link rel=\"canonical\" href=\"https:\/\/myvize.com.tr\/meksika\/subelerimiz\/antalya\/\" \/>\n<meta property=\"og:locale\" content=\"tr_TR\" \/>\n<meta property=\"og:type\" content=\"article\" \/>\n<meta property=\"og:title\" content=\"Meksika Vize Ba\u015fvuru \u015eubesi Antalya - MyVize\" \/>\n<meta property=\"og:description\" content=\"Meksika vizesi Antalya ofisimiz, hangi \u00fclkeye seyahat etmek isterseniz gerekli b\u00fct\u00fcn bilgilere ula\u015fabilirsiniz: 0850 346 84 93\" \/>\n<meta property=\"og:url\" content=\"https:\/\/myvize.com.tr\/meksika\/subelerimiz\/antalya\/\" \/>\n<meta property=\"og:site_name\" content=\"Meksika Vizesi\" \/>\n<meta property=\"article:modified_time\" content=\"2022-05-12T13:49:24+00:00\" \/>\n<meta name=\"twitter:card\" content=\"summary_large_image\" \/>\n<meta name=\"twitter:label1\" content=\"Tahmini okuma s\u00fcresi\" \/>\n\t<meta name=\"twitter:data1\" content=\"1 dakika\" \/>\n<script type=\"application\/ld+json\" class=\"yoast-schema-graph\">{\"@context\":\"https:\/\/schema.org\",\"@graph\":[{\"@type\":\"WebPage\",\"@id\":\"https:\/\/myvize.com.tr\/meksika\/subelerimiz\/antalya\/\",\"url\":\"https:\/\/myvize.com.tr\/meksika\/subelerimiz\/antalya\/\",\"name\":\"Meksika Vize Ba\u015fvuru \u015eubesi Antalya - MyVize\",\"isPartOf\":{\"@id\":\"https:\/\/myvize.com.tr\/meksika\/#website\"},\"datePublished\":\"2021-01-15T13:14:48+00:00\",\"dateModified\":\"2022-05-12T13:49:24+00:00\",\"description\":\"Meksika vizesi Antalya ofisimiz, hangi \u00fclkeye seyahat etmek isterseniz gerekli b\u00fct\u00fcn bilgilere ula\u015fabilirsiniz: 0850 346 84 93\",\"breadcrumb\":{\"@id\":\"https:\/\/myvize.com.tr\/meksika\/subelerimiz\/antalya\/#breadcrumb\"},\"inLanguage\":\"tr\",\"potentialAction\":[{\"@type\":\"ReadAction\",\"target\":[\"https:\/\/myvize.com.tr\/meksika\/subelerimiz\/antalya\/\"]}]},{\"@type\":\"BreadcrumbList\",\"@id\":\"https:\/\/myvize.com.tr\/meksika\/subelerimiz\/antalya\/#breadcrumb\",\"itemListElement\":[{\"@type\":\"ListItem\",\"position\":1,\"name\":\"Anasayfa\",\"item\":\"https:\/\/myvize.com.tr\/meksika\/\"},{\"@type\":\"ListItem\",\"position\":2,\"name\":\"\u015eUBELER\u0130M\u0130Z\",\"item\":\"https:\/\/myvize.com.tr\/meksika\/subelerimiz\/\"},{\"@type\":\"ListItem\",\"position\":3,\"name\":\"Meksika Vizesi , Antalya\"}]},{\"@type\":\"WebSite\",\"@id\":\"https:\/\/myvize.com.tr\/meksika\/#website\",\"url\":\"https:\/\/myvize.com.tr\/meksika\/\",\"name\":\"Meksika Vizesi\",\"description\":\"\",\"potentialAction\":[{\"@type\":\"SearchAction\",\"target\":{\"@type\":\"EntryPoint\",\"urlTemplate\":\"https:\/\/myvize.com.tr\/meksika\/?s={search_term_string}\"},\"query-input\":{\"@type\":\"PropertyValueSpecification\",\"valueRequired\":true,\"valueName\":\"search_term_string\"}}],\"inLanguage\":\"tr\"}]}<\/script>\n<!-- \/ Yoast SEO plugin. -->","yoast_head_json":{"title":"Meksika Vize Ba\u015fvuru \u015eubesi Antalya - MyVize","description":"Meksika vizesi Antalya ofisimiz, hangi \u00fclkeye seyahat etmek isterseniz gerekli b\u00fct\u00fcn bilgilere ula\u015fabilirsiniz: 0850 346 84 93","robots":{"index":"index","follow":"follow","max-snippet":"max-snippet:-1","max-image-preview":"max-image-preview:large","max-video-preview":"max-video-preview:-1"},"canonical":"https:\/\/myvize.com.tr\/meksika\/subelerimiz\/antalya\/","og_locale":"tr_TR","og_type":"article","og_title":"Meksika Vize Ba\u015fvuru \u015eubesi Antalya - MyVize","og_description":"Meksika vizesi Antalya ofisimiz, hangi \u00fclkeye seyahat etmek isterseniz gerekli b\u00fct\u00fcn bilgilere ula\u015fabilirsiniz: 0850 346 84 93","og_url":"https:\/\/myvize.com.tr\/meksika\/subelerimiz\/antalya\/","og_site_name":"Meksika Vizesi","article_modified_time":"2022-05-12T13:49:24+00:00","twitter_card":"summary_large_image","twitter_misc":{"Tahmini okuma s\u00fcresi":"1 dakika"},"schema":{"@context":"https:\/\/schema.org","@graph":[{"@type":"WebPage","@id":"https:\/\/myvize.com.tr\/meksika\/subelerimiz\/antalya\/","url":"https:\/\/myvize.com.tr\/meksika\/subelerimiz\/antalya\/","name":"Meksika Vize Ba\u015fvuru \u015eubesi Antalya - MyVize","isPartOf":{"@id":"https:\/\/myvize.com.tr\/meksika\/#website"},"datePublished":"2021-01-15T13:14:48+00:00","dateModified":"2022-05-12T13:49:24+00:00","description":"Meksika vizesi Antalya ofisimiz, hangi \u00fclkeye seyahat etmek isterseniz gerekli b\u00fct\u00fcn bilgilere ula\u015fabilirsiniz: 0850 346 84 93","breadcrumb":{"@id":"https:\/\/myvize.com.tr\/meksika\/subelerimiz\/antalya\/#breadcrumb"},"inLanguage":"tr","potentialAction":[{"@type":"ReadAction","target":["https:\/\/myvize.com.tr\/meksika\/subelerimiz\/antalya\/"]}]},{"@type":"BreadcrumbList","@id":"https:\/\/myvize.com.tr\/meksika\/subelerimiz\/antalya\/#breadcrumb","itemListElement":[{"@type":"ListItem","position":1,"name":"Anasayfa","item":"https:\/\/myvize.com.tr\/meksika\/"},{"@type":"ListItem","position":2,"name":"\u015eUBELER\u0130M\u0130Z","item":"https:\/\/myvize.com.tr\/meksika\/subelerimiz\/"},{"@type":"ListItem","position":3,"name":"Meksika Vizesi , Antalya"}]},{"@type":"WebSite","@id":"https:\/\/myvize.com.tr\/meksika\/#website","url":"https:\/\/myvize.com.tr\/meksika\/","name":"Meksika Vizesi","description":"","potentialAction":[{"@type":"SearchAction","target":{"@type":"EntryPoint","urlTemplate":"https:\/\/myvize.com.tr\/meksika\/?s={search_term_string}"},"query-input":{"@type":"PropertyValueSpecification","valueRequired":true,"valueName":"search_term_string"}}],"inLanguage":"tr"}]}},"_links":{"self":[{"href":"https:\/\/myvize.com.tr\/meksika\/wp-json\/wp\/v2\/pages\/158","targetHints":{"allow":["GET"]}}],"collection":[{"href":"https:\/\/myvize.com.tr\/meksika\/wp-json\/wp\/v2\/pages"}],"about":[{"href":"https:\/\/myvize.com.tr\/meksika\/wp-json\/wp\/v2\/types\/page"}],"author":[{"embeddable":true,"href":"https:\/\/myvize.com.tr\/meksika\/wp-json\/wp\/v2\/users\/1"}],"replies":[{"embeddable":true,"href":"https:\/\/myvize.com.tr\/meksika\/wp-json\/wp\/v2\/comments?post=158"}],"version-history":[{"count":5,"href":"https:\/\/myvize.com.tr\/meksika\/wp-json\/wp\/v2\/pages\/158\/revisions"}],"predecessor-version":[{"id":890,"href":"https:\/\/myvize.com.tr\/meksika\/wp-json\/wp\/v2\/pages\/158\/revisions\/890"}],"up":[{"embeddable":true,"href":"https:\/\/myvize.com.tr\/meksika\/wp-json\/wp\/v2\/pages\/147"}],"wp:attachment":[{"href":"https:\/\/myvize.com.tr\/meksika\/wp-json\/wp\/v2\/media?parent=158"}],"curies":[{"name":"wp","href":"https:\/\/api.w.org\/{rel}","templated":true}]}}