{"id":156,"date":"2021-01-15T16:14:31","date_gmt":"2021-01-15T13:14:31","guid":{"rendered":"http:\/\/myvize.com.tr\/meksika\/?page_id=156"},"modified":"2022-05-12T16:50:01","modified_gmt":"2022-05-12T13:50:01","slug":"gaziantep","status":"publish","type":"page","link":"https:\/\/myvize.com.tr\/meksika\/subelerimiz\/gaziantep\/","title":{"rendered":"Meksika Vizesi , Gaziantep"},"content":{"rendered":"<h2><strong><span style=\"font-family: Roboto; font-size: 27px;\">Gaziantep Meksika Vize Ba\u015fvurusu<\/span><\/strong><\/h2>\n<p><span style=\"font-family: Roboto; font-size: 14px;\">Meksika\u2019ya seyahat edecek ve Gaziantep \u00e7evresinde ikamet eden T\u00fcrk vatanda\u015flar\u0131n\u0131n, Meksika\u2019ya girebilmek i\u00e7in Meksika vizesi almas\u0131 gerekmektedir. Diplomatik (Siyah) Pasaport sahipleri k\u0131sa s\u00fcreli Meksika vizesinden muaft\u0131r. Ancak uzun s\u00fcreli <strong>Meksika vizesi<\/strong> almal\u0131d\u0131r. Umuma Mahsus Pasaport, Hususi ve Hizmet Pasaportu sahibi olan T\u00fcrk vatanda\u015flar\u0131 <strong>Meksika vizesi<\/strong> almal\u0131d\u0131r. Ayr\u0131ca Umuma Mahsus Pasaport sahipleri 30 g\u00fcnl\u00fck e-vize alabilir.<\/span><\/p>\n<p><span style=\"font-family: Roboto; font-size: 14px;\">Gaziantep ve \u00e7evresinde ikamet eden ve Meksika\u2019ya seyahat etmek isteyen T\u00fcrkiye vatanda\u015flar\u0131n\u0131n, <strong>Meksika vizesi<\/strong> ba\u015fvurusu yapmas\u0131 gerekmektedir. <strong>Gaziantep Meksika vize ba\u015fvurusu<\/strong>, <span style=\"color: #2acec2;\"><strong><a style=\"color: #2acec2;\" href=\"https:\/\/myvize.com.tr\/meksika\/konsolosluklar\/ankara-buyukelciligi\/\" target=\"_blank\" rel=\"noopener\">Meksika Ankara B\u00fcy\u00fckel\u00e7ili\u011fi<\/a><\/strong><\/span>, Meksika Konsoloslu\u011fu taraf\u0131ndan Gaziantep ve \u00e7evresinde yetkilendirilmi\u015f acenteler ve vize ba\u015fvuru merkezlerine yap\u0131labilmektedir. Gaziantep ve \u00e7evresinde<strong> Meksika vize ba\u015fvurusu<\/strong> yapacak olan T\u00fcrk vatanda\u015flar\u0131, Meksika vize ba\u015fvurular\u0131n\u0131 internet \u00fczerinden yapmal\u0131d\u0131r.<\/span><\/p>\n<p><span style=\"font-family: Roboto; font-size: 14px;\"><strong>Gaziantep Meksika vize ba\u015fvurusu<\/strong> i\u00e7in randevu alman\u0131z gerekebilmektedir. Bunun i\u00e7in Gaziantep\u2019te Meksika vize ba\u015fvurusunu ne \u015fekilde yapaca\u011f\u0131n\u0131z \u00f6nemlidir. Baz\u0131<strong> Meksika vize ba\u015fvuru merkezleri<\/strong>; Gaziantep \u00e7evresinde randevu isterken, baz\u0131 <strong>Meksika vize ba\u015fvuru<\/strong> merkezleri randevu istememektedir. Meksika temsilciliklerine yap\u0131lacak ba\u015fvurularda randevu al\u0131nmas\u0131 gerekmektedir.<\/span><\/p>\n<p><span style=\"font-family: Roboto; font-size: 14px;\"><strong>Gaziantep Meksika vize ba\u015fvurusu<\/strong> i\u00e7in gerekli belgeleri haz\u0131rlayarak, Meksika vize ba\u015fvurusu yap\u0131lacak yere teslim edilmelidir. Belgeler teslim edildikten sonra Meksika vize ba\u015fvurunuz incelemeye al\u0131n\u0131r.<\/span><\/p>\n","protected":false},"excerpt":{"rendered":"<p>Gaziantep Meksika Vize Ba\u015fvurusu Meksika\u2019ya seyahat edecek ve Gaziantep \u00e7evresinde ikamet eden T\u00fcrk vatanda\u015flar\u0131n\u0131n, Meksika\u2019ya girebilmek i\u00e7in Meksika vizesi almas\u0131 gerekmektedir. Diplomatik (Siyah) Pasaport sahipleri k\u0131sa s\u00fcreli Meksika vizesinden muaft\u0131r. Ancak uzun s\u00fcreli Meksika vizesi almal\u0131d\u0131r. Umuma Mahsus Pasaport, Hususi ve Hizmet Pasaportu sahibi olan T\u00fcrk vatanda\u015flar\u0131 Meksika vizesi almal\u0131d\u0131r. Ayr\u0131ca Umuma Mahsus Pasaport sahipleri<\/p>\n","protected":false},"author":1,"featured_media":0,"parent":147,"menu_order":0,"comment_status":"closed","ping_status":"closed","template":"","meta":{"footnotes":""},"class_list":["post-156","page","type-page","status-publish","hentry"],"yoast_head":"<!-- This site is optimized with the Yoast SEO plugin v24.0 - https:\/\/yoast.com\/wordpress\/plugins\/seo\/ -->\n<title>Meksika Vize Ba\u015fvuru \u015eubesi Gaziantep - MyVize<\/title>\n<meta name=\"description\" content=\"Meksika vizesi Gaziantep ofisimiz, hangi \u00fclkeye seyahat etmek isterseniz gerekli b\u00fct\u00fcn bilgilere ula\u015fabilirsiniz: 0850 346 84 93\" \/>\n<meta name=\"robots\" content=\"index, follow, max-snippet:-1, max-image-preview:large, max-video-preview:-1\" \/>\n<link rel=\"canonical\" href=\"https:\/\/myvize.com.tr\/meksika\/subelerimiz\/gaziantep\/\" \/>\n<meta property=\"og:locale\" content=\"tr_TR\" \/>\n<meta property=\"og:type\" content=\"article\" \/>\n<meta property=\"og:title\" content=\"Meksika Vize Ba\u015fvuru \u015eubesi Gaziantep - MyVize\" \/>\n<meta property=\"og:description\" content=\"Meksika vizesi Gaziantep ofisimiz, hangi \u00fclkeye seyahat etmek isterseniz gerekli b\u00fct\u00fcn bilgilere ula\u015fabilirsiniz: 0850 346 84 93\" \/>\n<meta property=\"og:url\" content=\"https:\/\/myvize.com.tr\/meksika\/subelerimiz\/gaziantep\/\" \/>\n<meta property=\"og:site_name\" content=\"Meksika Vizesi\" \/>\n<meta property=\"article:modified_time\" content=\"2022-05-12T13:50:01+00:00\" \/>\n<meta name=\"twitter:card\" content=\"summary_large_image\" \/>\n<meta name=\"twitter:label1\" content=\"Tahmini okuma s\u00fcresi\" \/>\n\t<meta name=\"twitter:data1\" content=\"1 dakika\" \/>\n<script type=\"application\/ld+json\" class=\"yoast-schema-graph\">{\"@context\":\"https:\/\/schema.org\",\"@graph\":[{\"@type\":\"WebPage\",\"@id\":\"https:\/\/myvize.com.tr\/meksika\/subelerimiz\/gaziantep\/\",\"url\":\"https:\/\/myvize.com.tr\/meksika\/subelerimiz\/gaziantep\/\",\"name\":\"Meksika Vize Ba\u015fvuru \u015eubesi Gaziantep - MyVize\",\"isPartOf\":{\"@id\":\"https:\/\/myvize.com.tr\/meksika\/#website\"},\"datePublished\":\"2021-01-15T13:14:31+00:00\",\"dateModified\":\"2022-05-12T13:50:01+00:00\",\"description\":\"Meksika vizesi Gaziantep ofisimiz, hangi \u00fclkeye seyahat etmek isterseniz gerekli b\u00fct\u00fcn bilgilere ula\u015fabilirsiniz: 0850 346 84 93\",\"breadcrumb\":{\"@id\":\"https:\/\/myvize.com.tr\/meksika\/subelerimiz\/gaziantep\/#breadcrumb\"},\"inLanguage\":\"tr\",\"potentialAction\":[{\"@type\":\"ReadAction\",\"target\":[\"https:\/\/myvize.com.tr\/meksika\/subelerimiz\/gaziantep\/\"]}]},{\"@type\":\"BreadcrumbList\",\"@id\":\"https:\/\/myvize.com.tr\/meksika\/subelerimiz\/gaziantep\/#breadcrumb\",\"itemListElement\":[{\"@type\":\"ListItem\",\"position\":1,\"name\":\"Anasayfa\",\"item\":\"https:\/\/myvize.com.tr\/meksika\/\"},{\"@type\":\"ListItem\",\"position\":2,\"name\":\"\u015eUBELER\u0130M\u0130Z\",\"item\":\"https:\/\/myvize.com.tr\/meksika\/subelerimiz\/\"},{\"@type\":\"ListItem\",\"position\":3,\"name\":\"Meksika Vizesi , Gaziantep\"}]},{\"@type\":\"WebSite\",\"@id\":\"https:\/\/myvize.com.tr\/meksika\/#website\",\"url\":\"https:\/\/myvize.com.tr\/meksika\/\",\"name\":\"Meksika Vizesi\",\"description\":\"\",\"potentialAction\":[{\"@type\":\"SearchAction\",\"target\":{\"@type\":\"EntryPoint\",\"urlTemplate\":\"https:\/\/myvize.com.tr\/meksika\/?s={search_term_string}\"},\"query-input\":{\"@type\":\"PropertyValueSpecification\",\"valueRequired\":true,\"valueName\":\"search_term_string\"}}],\"inLanguage\":\"tr\"}]}<\/script>\n<!-- \/ Yoast SEO plugin. -->","yoast_head_json":{"title":"Meksika Vize Ba\u015fvuru \u015eubesi Gaziantep - MyVize","description":"Meksika vizesi Gaziantep ofisimiz, hangi \u00fclkeye seyahat etmek isterseniz gerekli b\u00fct\u00fcn bilgilere ula\u015fabilirsiniz: 0850 346 84 93","robots":{"index":"index","follow":"follow","max-snippet":"max-snippet:-1","max-image-preview":"max-image-preview:large","max-video-preview":"max-video-preview:-1"},"canonical":"https:\/\/myvize.com.tr\/meksika\/subelerimiz\/gaziantep\/","og_locale":"tr_TR","og_type":"article","og_title":"Meksika Vize Ba\u015fvuru \u015eubesi Gaziantep - MyVize","og_description":"Meksika vizesi Gaziantep ofisimiz, hangi \u00fclkeye seyahat etmek isterseniz gerekli b\u00fct\u00fcn bilgilere ula\u015fabilirsiniz: 0850 346 84 93","og_url":"https:\/\/myvize.com.tr\/meksika\/subelerimiz\/gaziantep\/","og_site_name":"Meksika Vizesi","article_modified_time":"2022-05-12T13:50:01+00:00","twitter_card":"summary_large_image","twitter_misc":{"Tahmini okuma s\u00fcresi":"1 dakika"},"schema":{"@context":"https:\/\/schema.org","@graph":[{"@type":"WebPage","@id":"https:\/\/myvize.com.tr\/meksika\/subelerimiz\/gaziantep\/","url":"https:\/\/myvize.com.tr\/meksika\/subelerimiz\/gaziantep\/","name":"Meksika Vize Ba\u015fvuru \u015eubesi Gaziantep - MyVize","isPartOf":{"@id":"https:\/\/myvize.com.tr\/meksika\/#website"},"datePublished":"2021-01-15T13:14:31+00:00","dateModified":"2022-05-12T13:50:01+00:00","description":"Meksika vizesi Gaziantep ofisimiz, hangi \u00fclkeye seyahat etmek isterseniz gerekli b\u00fct\u00fcn bilgilere ula\u015fabilirsiniz: 0850 346 84 93","breadcrumb":{"@id":"https:\/\/myvize.com.tr\/meksika\/subelerimiz\/gaziantep\/#breadcrumb"},"inLanguage":"tr","potentialAction":[{"@type":"ReadAction","target":["https:\/\/myvize.com.tr\/meksika\/subelerimiz\/gaziantep\/"]}]},{"@type":"BreadcrumbList","@id":"https:\/\/myvize.com.tr\/meksika\/subelerimiz\/gaziantep\/#breadcrumb","itemListElement":[{"@type":"ListItem","position":1,"name":"Anasayfa","item":"https:\/\/myvize.com.tr\/meksika\/"},{"@type":"ListItem","position":2,"name":"\u015eUBELER\u0130M\u0130Z","item":"https:\/\/myvize.com.tr\/meksika\/subelerimiz\/"},{"@type":"ListItem","position":3,"name":"Meksika Vizesi , Gaziantep"}]},{"@type":"WebSite","@id":"https:\/\/myvize.com.tr\/meksika\/#website","url":"https:\/\/myvize.com.tr\/meksika\/","name":"Meksika Vizesi","description":"","potentialAction":[{"@type":"SearchAction","target":{"@type":"EntryPoint","urlTemplate":"https:\/\/myvize.com.tr\/meksika\/?s={search_term_string}"},"query-input":{"@type":"PropertyValueSpecification","valueRequired":true,"valueName":"search_term_string"}}],"inLanguage":"tr"}]}},"_links":{"self":[{"href":"https:\/\/myvize.com.tr\/meksika\/wp-json\/wp\/v2\/pages\/156","targetHints":{"allow":["GET"]}}],"collection":[{"href":"https:\/\/myvize.com.tr\/meksika\/wp-json\/wp\/v2\/pages"}],"about":[{"href":"https:\/\/myvize.com.tr\/meksika\/wp-json\/wp\/v2\/types\/page"}],"author":[{"embeddable":true,"href":"https:\/\/myvize.com.tr\/meksika\/wp-json\/wp\/v2\/users\/1"}],"replies":[{"embeddable":true,"href":"https:\/\/myvize.com.tr\/meksika\/wp-json\/wp\/v2\/comments?post=156"}],"version-history":[{"count":5,"href":"https:\/\/myvize.com.tr\/meksika\/wp-json\/wp\/v2\/pages\/156\/revisions"}],"predecessor-version":[{"id":891,"href":"https:\/\/myvize.com.tr\/meksika\/wp-json\/wp\/v2\/pages\/156\/revisions\/891"}],"up":[{"embeddable":true,"href":"https:\/\/myvize.com.tr\/meksika\/wp-json\/wp\/v2\/pages\/147"}],"wp:attachment":[{"href":"https:\/\/myvize.com.tr\/meksika\/wp-json\/wp\/v2\/media?parent=156"}],"curies":[{"name":"wp","href":"https:\/\/api.w.org\/{rel}","templated":true}]}}