{"id":138,"date":"2021-01-15T16:02:54","date_gmt":"2021-01-15T13:02:54","guid":{"rendered":"http:\/\/myvize.com.tr\/meksika\/?page_id=138"},"modified":"2022-05-12T15:39:18","modified_gmt":"2022-05-12T12:39:18","slug":"oturum-2","status":"publish","type":"page","link":"https:\/\/myvize.com.tr\/meksika\/oturum-2\/","title":{"rendered":"OTURUM"},"content":{"rendered":"<p><span style=\"font-family: Roboto;\"><\/span><\/p>\r\n<p><span style=\"font-family: Roboto; font-size: 14px;\">Meksika\u2019ya seyahat d\u00fczenleyecek ki\u015filer e\u011fer 4 y\u0131ldan az olup 6 y\u0131ldan az kalmay\u0131 planl\u0131yorlarsa <strong>Meksika oturma izni<\/strong> almalar\u0131 gereklidir. Bu izin belgesi g\u00f6\u00e7men olmayan ve \u00fclkenin s\u0131n\u0131rlar\u0131 i\u00e7inde belli bir zaman diliminde kalmay\u0131 d\u00fc\u015f\u00fcnen ki\u015filer i\u00e7in verilmektedir. Meksika ge\u00e7ici oturma izni alacak ki\u015filer bu izni farkl\u0131 kategorilerde alabilmektedirler.<\/span><\/p>\r\n<p><span style=\"font-family: Roboto; font-size: 14px;\">\r\n\r\n<\/span><\/p>\r\n<p><span style=\"font-family: Roboto; font-size: 14px;\">Bu izin genel olarak ilk defa ba\u015fvuru yapt\u0131\u011f\u0131n\u0131zda yaln\u0131zca 1 y\u0131l i\u00e7in verilmektedir. Bununla birlikte Sahip oldu\u011funuz bu izni farkl\u0131 s\u00fcrelerle yenileme \u015fans\u0131n\u0131z bulunmaktad\u0131r. <strong>Ge\u00e7ici oturma izni<\/strong> en fazla 4 y\u0131l kalabilmenize imk\u00e2n tan\u0131maktad\u0131r. E\u011fer kal\u0131c\u0131 bir izin istiyorsan\u0131z bu konuda resmi makamlar\u0131n tamam\u0131n\u0131 ikna etmeniz ve yeterli kaynaklara da sahip olman\u0131z gerekmektedir.<\/span><\/p>\r\n<p><span style=\"font-family: Roboto; font-size: 14px;\">\r\n\r\n<\/span><\/p>\r\n<h2><span style=\"font-family: Roboto; font-size: 27px;\"><strong>Meksika Oturum \u0130zin \u015eartlar\u0131<\/strong><\/span><\/h2>\r\n<p><span style=\"font-family: Roboto; font-size: 14px;\">\r\n\r\n<\/span><\/p>\r\n<p><span style=\"font-family: Roboto; font-size: 14px;\"><strong>Meksika Oturum izin \u015fartlar\u0131<\/strong> ki\u015filerin mutlaka yerine getirmesi gereken \u015fartlard\u0131r. Bu \u015fartlar \u015funlard\u0131r:<\/span><\/p>\r\n<p><span style=\"font-family: Roboto; font-size: 14px;\">\r\n\r\n<\/span><\/p>\r\n<p><span style=\"font-family: Roboto; font-size: 14px;\">l Meksika oturum izni almak istiyorsan\u0131z bu \u00fclkede ikamet eden bir yak\u0131n\u0131n\u0131z olmas\u0131 gerekiyor.<\/span><\/p>\r\n<p><span style=\"font-family: Roboto; font-size: 14px;\">\r\n\r\n<\/span><\/p>\r\n<p><span style=\"font-family: Roboto; font-size: 14px;\">l Emeklilik stat\u00fcs\u00fcnde ba\u015fvuracaksan\u0131z maddi ge\u00e7imi sa\u011flayacak gelir kayna\u011f\u0131n\u0131z\u0131 ispatlamal\u0131s\u0131n\u0131z.<\/span><\/p>\r\n<p><span style=\"font-family: Roboto; font-size: 14px;\">\r\n\r\n<\/span><\/p>\r\n<p><span style=\"font-family: Roboto; font-size: 14px;\">l Meksika i\u00e7erisinde 4 y\u0131l boyunca kesintisiz ikamet etmi\u015f olman\u0131z gereklidir.<\/span><\/p>\r\n<p><span style=\"font-family: Roboto; font-size: 14px;\">\r\n\r\n<\/span><\/p>\r\n<p><span style=\"font-family: Roboto; font-size: 14px;\">l Bir <strong>Meksika vatanda\u015f\u0131<\/strong> ile ya da burada s\u00fcresiz oturma izni olan biriyle evlenmek izni alabilmeniz i\u00e7in bir yoldur.<\/span><\/p>\r\n<p><span style=\"font-family: Roboto; font-size: 14px;\">\r\n\r\n<\/span><\/p>\r\n<p><span style=\"font-family: Roboto; font-size: 14px;\">l Puanlar sisteminde en d\u00fc\u015f\u00fck puan limitini kar\u015f\u0131layabiliyor olman\u0131z gerekiyor.<\/span><\/p>\r\n<p><span style=\"font-family: Roboto; font-size: 14px;\"> <img decoding=\"async\" src=\"https:\/\/myvize.com.tr\/meksika\/wp-content\/uploads\/2021\/10\/23.jpg\" \/> <\/span><\/p>\r\n<p><span style=\"font-family: Roboto; font-size: 14px;\">Bu izne ba\u015fvurabilecek ki\u015filer aras\u0131nda emekli ya da ba\u011f\u0131ms\u0131z olarak geliri olanlar, yat\u0131r\u0131mc\u0131lar, uzmanlar, teknik meslek sahibi ki\u015filer, bilim insanlar\u0131, \u00f6nemli ki\u015fi stat\u00fcs\u00fcnde olanlar ba\u015fvuru yapabilmektedirler. Bu izni alabilmek i\u00e7in ki\u015filerin Meksika\u2019ya gittikten sonra 30 g\u00fcn i\u00e7erisinde G\u00f6\u00e7menlik B\u00fcrosuna gidilmesi ve oturum izin kart\u0131 al\u0131nmas\u0131 gereklidir. E\u011fer izniniz biterse \u00fclkeden \u00e7\u0131kmal\u0131 ve sonras\u0131nda yeniden oturma izni i\u00e7in ba\u015fvuru yapman\u0131z gereklidir. Ba\u015fvurular\u0131n\u0131z\u0131 ilgili mercilere yapt\u0131\u011f\u0131n\u0131z s\u0131rada evraklar\u0131n\u0131z\u0131n da eksiksiz olmas\u0131 aran\u0131lan \u00f6nemli kriterler aras\u0131nda yer almaktad\u0131r.<\/span><\/p>\r\n<h2><strong><span style=\"font-family: Roboto; font-size: 27px;\">Meksika Oturum \u0130\u015flemleri<\/span><\/strong><\/h2>\r\n<p><span style=\"font-family: Roboto; font-size: 14px;\"><strong>Meksika\u2019da oturum izni<\/strong> alarak, Meksika\u2018da 6 aydan fazla veya 4 y\u0131ldan k\u0131sa s\u00fcreli oturulabilmektedir. \u00a0Oturum izni doldu\u011funda ba\u015fvuru \u015fartlar\u0131 kar\u015f\u0131lan\u0131rsa bu s\u00fcre\u00e7 uzayabilmektedir. Meksika konsoloslu\u011funun oturum izni prosed\u00fcrleri eksiksiz bir \u015fekilde tamamlanmal\u0131d\u0131r.<\/span><\/p>\r\n<p><span style=\"font-family: Roboto; font-size: 14px;\"><strong>Meksika oturum i\u015flemleri<\/strong>, Meksika s\u0131n\u0131rlar\u0131nda yat\u0131r\u0131m yapmak,<strong> Meksika vatanda\u015f\u0131yla<\/strong> evlenmek, ba\u011f\u0131ms\u0131z gelir elde etmek, \u00f6nemli ki\u015fi ayr\u0131cal\u0131\u011f\u0131ndan olmak, bilimsel veya teknik meslek sahibi olma ko\u015fuluyla daha kolay tamamlanabilmektedir. Oturum izni taleplerini <strong>Meksika konsoloslu\u011fu<\/strong> vermektedir. Meksika oturum i\u015flemleri i\u00e7in son 3 ay i\u00e7erisinde \u00e7ekilen ve arka fonu beyaz olan bir foto\u011fraf\u0131n sunulmas\u0131 gerekir. Bu foto\u011fraf \u00f6nceki vize ba\u015fvurular\u0131nda ve pasaportlarda kullan\u0131lmam\u0131\u015f olmal\u0131d\u0131r. Son 10 y\u0131l i\u00e7erisinde \u00e7\u0131kar\u0131lan ve izin s\u00fcresinden sonra 6 ay daha ge\u00e7erlili\u011fi olan pasaport olmal\u0131 ve 2 bo\u015f sayfas\u0131 bulunmal\u0131d\u0131r. Tam vukuatl\u0131 n\u00fcfus kay\u0131t \u00f6rne\u011fi ve n\u00fcfus c\u00fczdan\u0131n\u0131n fotokopisi, uluslararas\u0131 evlenme kay\u0131t \u00f6rne\u011fi, ilgili ki\u015fi 18 ya\u015f\u0131ndan k\u00fc\u00e7\u00fckse ebeveynden al\u0131nan muvafakatname, bo\u015fanma karar\u0131 ve bo\u015fanma ilam\u0131, dil yeterlili\u011fini g\u00f6steren belgeler, her iki e\u015fe ait uluslararas\u0131 do\u011fum kay\u0131t \u00f6rne\u011fi ve <strong>Meksika vatanda\u015f\u0131<\/strong> olan e\u015fin pasaportu, <span style=\"color: #2acec2;\"><strong><a style=\"color: #2acec2;\" href=\"https:\/\/myvize.com.tr\/meksika\/vize-islemleri\/meksika-oturum-izni\/\" target=\"_blank\" rel=\"noopener\">Meksika oturum izni<\/a><\/strong><\/span> ve kimlik kart\u0131 gerekmektedir.<\/span><\/p>\r\n<p><span style=\"font-family: Roboto;\"><\/span><\/p>","protected":false},"excerpt":{"rendered":"<p>Meksika\u2019ya seyahat d\u00fczenleyecek ki\u015filer e\u011fer 4 y\u0131ldan az olup 6 y\u0131ldan az kalmay\u0131 planl\u0131yorlarsa Meksika oturma izni almalar\u0131 gereklidir. Bu izin belgesi g\u00f6\u00e7men olmayan ve \u00fclkenin s\u0131n\u0131rlar\u0131 i\u00e7inde belli bir zaman diliminde kalmay\u0131 d\u00fc\u015f\u00fcnen ki\u015filer i\u00e7in verilmektedir. Meksika ge\u00e7ici oturma izni alacak ki\u015filer bu izni farkl\u0131 kategorilerde alabilmektedirler. Bu izin genel olarak ilk defa ba\u015fvuru<\/p>\n","protected":false},"author":1,"featured_media":0,"parent":0,"menu_order":0,"comment_status":"closed","ping_status":"closed","template":"","meta":{"footnotes":""},"class_list":["post-138","page","type-page","status-publish","hentry"],"yoast_head":"<!-- This site is optimized with the Yoast SEO plugin v24.0 - https:\/\/yoast.com\/wordpress\/plugins\/seo\/ -->\n<title>Meksika Oturum Vizesi - Meksika Vizesi - MyVize<\/title>\n<meta name=\"description\" content=\"Meksika oturum vizesi i\u00e7in gerekli evraklar ve \u015fartlar g\u00fcncel. Meksika oturum vizesi ba\u015fvurusunda dikkat edilmesi gerekenler.\" \/>\n<meta name=\"robots\" content=\"index, follow, max-snippet:-1, max-image-preview:large, max-video-preview:-1\" \/>\n<link rel=\"canonical\" href=\"https:\/\/myvize.com.tr\/meksika\/oturum-2\/\" \/>\n<meta property=\"og:locale\" content=\"tr_TR\" \/>\n<meta property=\"og:type\" content=\"article\" \/>\n<meta property=\"og:title\" content=\"Meksika Oturum Vizesi - Meksika Vizesi - MyVize\" \/>\n<meta property=\"og:description\" content=\"Meksika oturum vizesi i\u00e7in gerekli evraklar ve \u015fartlar g\u00fcncel. Meksika oturum vizesi ba\u015fvurusunda dikkat edilmesi gerekenler.\" \/>\n<meta property=\"og:url\" content=\"https:\/\/myvize.com.tr\/meksika\/oturum-2\/\" \/>\n<meta property=\"og:site_name\" content=\"Meksika Vizesi\" \/>\n<meta property=\"article:modified_time\" content=\"2022-05-12T12:39:18+00:00\" \/>\n<meta property=\"og:image\" content=\"https:\/\/myvize.com.tr\/meksika\/wp-content\/uploads\/2021\/10\/23.jpg\" \/>\n<meta name=\"twitter:card\" content=\"summary_large_image\" \/>\n<meta name=\"twitter:label1\" content=\"Tahmini okuma s\u00fcresi\" \/>\n\t<meta name=\"twitter:data1\" content=\"3 dakika\" \/>\n<script type=\"application\/ld+json\" class=\"yoast-schema-graph\">{\"@context\":\"https:\/\/schema.org\",\"@graph\":[{\"@type\":\"WebPage\",\"@id\":\"https:\/\/myvize.com.tr\/meksika\/oturum-2\/\",\"url\":\"https:\/\/myvize.com.tr\/meksika\/oturum-2\/\",\"name\":\"Meksika Oturum Vizesi - Meksika Vizesi - MyVize\",\"isPartOf\":{\"@id\":\"https:\/\/myvize.com.tr\/meksika\/#website\"},\"primaryImageOfPage\":{\"@id\":\"https:\/\/myvize.com.tr\/meksika\/oturum-2\/#primaryimage\"},\"image\":{\"@id\":\"https:\/\/myvize.com.tr\/meksika\/oturum-2\/#primaryimage\"},\"thumbnailUrl\":\"https:\/\/myvize.com.tr\/meksika\/wp-content\/uploads\/2021\/10\/23.jpg\",\"datePublished\":\"2021-01-15T13:02:54+00:00\",\"dateModified\":\"2022-05-12T12:39:18+00:00\",\"description\":\"Meksika oturum vizesi i\u00e7in gerekli evraklar ve \u015fartlar g\u00fcncel. Meksika oturum vizesi ba\u015fvurusunda dikkat edilmesi gerekenler.\",\"breadcrumb\":{\"@id\":\"https:\/\/myvize.com.tr\/meksika\/oturum-2\/#breadcrumb\"},\"inLanguage\":\"tr\",\"potentialAction\":[{\"@type\":\"ReadAction\",\"target\":[\"https:\/\/myvize.com.tr\/meksika\/oturum-2\/\"]}]},{\"@type\":\"ImageObject\",\"inLanguage\":\"tr\",\"@id\":\"https:\/\/myvize.com.tr\/meksika\/oturum-2\/#primaryimage\",\"url\":\"https:\/\/myvize.com.tr\/meksika\/wp-content\/uploads\/2021\/10\/23.jpg\",\"contentUrl\":\"https:\/\/myvize.com.tr\/meksika\/wp-content\/uploads\/2021\/10\/23.jpg\",\"width\":800,\"height\":500,\"caption\":\"Meksika Oturum\"},{\"@type\":\"BreadcrumbList\",\"@id\":\"https:\/\/myvize.com.tr\/meksika\/oturum-2\/#breadcrumb\",\"itemListElement\":[{\"@type\":\"ListItem\",\"position\":1,\"name\":\"Anasayfa\",\"item\":\"https:\/\/myvize.com.tr\/meksika\/\"},{\"@type\":\"ListItem\",\"position\":2,\"name\":\"OTURUM\"}]},{\"@type\":\"WebSite\",\"@id\":\"https:\/\/myvize.com.tr\/meksika\/#website\",\"url\":\"https:\/\/myvize.com.tr\/meksika\/\",\"name\":\"Meksika Vizesi\",\"description\":\"\",\"potentialAction\":[{\"@type\":\"SearchAction\",\"target\":{\"@type\":\"EntryPoint\",\"urlTemplate\":\"https:\/\/myvize.com.tr\/meksika\/?s={search_term_string}\"},\"query-input\":{\"@type\":\"PropertyValueSpecification\",\"valueRequired\":true,\"valueName\":\"search_term_string\"}}],\"inLanguage\":\"tr\"}]}<\/script>\n<!-- \/ Yoast SEO plugin. -->","yoast_head_json":{"title":"Meksika Oturum Vizesi - Meksika Vizesi - MyVize","description":"Meksika oturum vizesi i\u00e7in gerekli evraklar ve \u015fartlar g\u00fcncel. Meksika oturum vizesi ba\u015fvurusunda dikkat edilmesi gerekenler.","robots":{"index":"index","follow":"follow","max-snippet":"max-snippet:-1","max-image-preview":"max-image-preview:large","max-video-preview":"max-video-preview:-1"},"canonical":"https:\/\/myvize.com.tr\/meksika\/oturum-2\/","og_locale":"tr_TR","og_type":"article","og_title":"Meksika Oturum Vizesi - Meksika Vizesi - MyVize","og_description":"Meksika oturum vizesi i\u00e7in gerekli evraklar ve \u015fartlar g\u00fcncel. Meksika oturum vizesi ba\u015fvurusunda dikkat edilmesi gerekenler.","og_url":"https:\/\/myvize.com.tr\/meksika\/oturum-2\/","og_site_name":"Meksika Vizesi","article_modified_time":"2022-05-12T12:39:18+00:00","og_image":[{"url":"https:\/\/myvize.com.tr\/meksika\/wp-content\/uploads\/2021\/10\/23.jpg","type":"","width":"","height":""}],"twitter_card":"summary_large_image","twitter_misc":{"Tahmini okuma s\u00fcresi":"3 dakika"},"schema":{"@context":"https:\/\/schema.org","@graph":[{"@type":"WebPage","@id":"https:\/\/myvize.com.tr\/meksika\/oturum-2\/","url":"https:\/\/myvize.com.tr\/meksika\/oturum-2\/","name":"Meksika Oturum Vizesi - Meksika Vizesi - MyVize","isPartOf":{"@id":"https:\/\/myvize.com.tr\/meksika\/#website"},"primaryImageOfPage":{"@id":"https:\/\/myvize.com.tr\/meksika\/oturum-2\/#primaryimage"},"image":{"@id":"https:\/\/myvize.com.tr\/meksika\/oturum-2\/#primaryimage"},"thumbnailUrl":"https:\/\/myvize.com.tr\/meksika\/wp-content\/uploads\/2021\/10\/23.jpg","datePublished":"2021-01-15T13:02:54+00:00","dateModified":"2022-05-12T12:39:18+00:00","description":"Meksika oturum vizesi i\u00e7in gerekli evraklar ve \u015fartlar g\u00fcncel. Meksika oturum vizesi ba\u015fvurusunda dikkat edilmesi gerekenler.","breadcrumb":{"@id":"https:\/\/myvize.com.tr\/meksika\/oturum-2\/#breadcrumb"},"inLanguage":"tr","potentialAction":[{"@type":"ReadAction","target":["https:\/\/myvize.com.tr\/meksika\/oturum-2\/"]}]},{"@type":"ImageObject","inLanguage":"tr","@id":"https:\/\/myvize.com.tr\/meksika\/oturum-2\/#primaryimage","url":"https:\/\/myvize.com.tr\/meksika\/wp-content\/uploads\/2021\/10\/23.jpg","contentUrl":"https:\/\/myvize.com.tr\/meksika\/wp-content\/uploads\/2021\/10\/23.jpg","width":800,"height":500,"caption":"Meksika Oturum"},{"@type":"BreadcrumbList","@id":"https:\/\/myvize.com.tr\/meksika\/oturum-2\/#breadcrumb","itemListElement":[{"@type":"ListItem","position":1,"name":"Anasayfa","item":"https:\/\/myvize.com.tr\/meksika\/"},{"@type":"ListItem","position":2,"name":"OTURUM"}]},{"@type":"WebSite","@id":"https:\/\/myvize.com.tr\/meksika\/#website","url":"https:\/\/myvize.com.tr\/meksika\/","name":"Meksika Vizesi","description":"","potentialAction":[{"@type":"SearchAction","target":{"@type":"EntryPoint","urlTemplate":"https:\/\/myvize.com.tr\/meksika\/?s={search_term_string}"},"query-input":{"@type":"PropertyValueSpecification","valueRequired":true,"valueName":"search_term_string"}}],"inLanguage":"tr"}]}},"_links":{"self":[{"href":"https:\/\/myvize.com.tr\/meksika\/wp-json\/wp\/v2\/pages\/138","targetHints":{"allow":["GET"]}}],"collection":[{"href":"https:\/\/myvize.com.tr\/meksika\/wp-json\/wp\/v2\/pages"}],"about":[{"href":"https:\/\/myvize.com.tr\/meksika\/wp-json\/wp\/v2\/types\/page"}],"author":[{"embeddable":true,"href":"https:\/\/myvize.com.tr\/meksika\/wp-json\/wp\/v2\/users\/1"}],"replies":[{"embeddable":true,"href":"https:\/\/myvize.com.tr\/meksika\/wp-json\/wp\/v2\/comments?post=138"}],"version-history":[{"count":5,"href":"https:\/\/myvize.com.tr\/meksika\/wp-json\/wp\/v2\/pages\/138\/revisions"}],"predecessor-version":[{"id":853,"href":"https:\/\/myvize.com.tr\/meksika\/wp-json\/wp\/v2\/pages\/138\/revisions\/853"}],"wp:attachment":[{"href":"https:\/\/myvize.com.tr\/meksika\/wp-json\/wp\/v2\/media?parent=138"}],"curies":[{"name":"wp","href":"https:\/\/api.w.org\/{rel}","templated":true}]}}