{"id":309,"date":"2021-01-25T10:25:27","date_gmt":"2021-01-25T07:25:27","guid":{"rendered":"https:\/\/myvize.com.tr\/malavi\/?page_id=309"},"modified":"2022-01-14T16:26:43","modified_gmt":"2022-01-14T13:26:43","slug":"malavi-online-basvuru-malavi-e-vize","status":"publish","type":"page","link":"https:\/\/myvize.com.tr\/malavi\/vize-islemleri\/malavi-online-basvuru-malavi-e-vize\/","title":{"rendered":"Malavi Online Ba\u015fvuru &#8211; Malavi E-Vize"},"content":{"rendered":"\n<h2 class=\"wp-block-heading\"><strong>Malavi Online Ba\u015fvuru &#8211; Malavi E-Vize Hakk\u0131nda<\/strong><\/h2>\n","protected":false},"excerpt":{"rendered":"<p>Malavi Online Ba\u015fvuru &#8211; Malavi E-Vize Hakk\u0131nda<\/p>\n","protected":false},"author":1,"featured_media":0,"parent":18,"menu_order":0,"comment_status":"closed","ping_status":"closed","template":"","meta":{"footnotes":""},"class_list":["post-309","page","type-page","status-publish","hentry"],"yoast_head":"<!-- This site is optimized with the Yoast SEO plugin v24.0 - https:\/\/yoast.com\/wordpress\/plugins\/seo\/ -->\n<title>Malavi Online Ba\u015fvuru - Malavi E-Vize - MyVize<\/title>\n<meta name=\"description\" content=\"Malavi Online Ba\u015fvuru Nas\u0131l Yap\u0131l\u0131r? Malavi E-Vize Nedir? Malavi Online Ba\u015fvuru \u0130\u00e7in Gerekli Evraklar Nelerdir?\" \/>\n<meta name=\"robots\" content=\"index, follow, max-snippet:-1, max-image-preview:large, max-video-preview:-1\" \/>\n<link rel=\"canonical\" href=\"https:\/\/myvize.com.tr\/malavi\/vize-islemleri\/malavi-online-basvuru-malavi-e-vize\/\" \/>\n<meta property=\"og:locale\" content=\"tr_TR\" \/>\n<meta property=\"og:type\" content=\"article\" \/>\n<meta property=\"og:title\" content=\"Malavi Online Ba\u015fvuru - Malavi E-Vize - MyVize\" \/>\n<meta property=\"og:description\" content=\"Malavi Online Ba\u015fvuru Nas\u0131l Yap\u0131l\u0131r? Malavi E-Vize Nedir? Malavi Online Ba\u015fvuru \u0130\u00e7in Gerekli Evraklar Nelerdir?\" \/>\n<meta property=\"og:url\" content=\"https:\/\/myvize.com.tr\/malavi\/vize-islemleri\/malavi-online-basvuru-malavi-e-vize\/\" \/>\n<meta property=\"og:site_name\" content=\"Malavi Vizesi\" \/>\n<meta property=\"article:modified_time\" content=\"2022-01-14T13:26:43+00:00\" \/>\n<meta name=\"twitter:card\" content=\"summary_large_image\" \/>\n<meta name=\"twitter:label1\" content=\"Tahmini okuma s\u00fcresi\" \/>\n\t<meta name=\"twitter:data1\" content=\"1 dakika\" \/>\n<script type=\"application\/ld+json\" class=\"yoast-schema-graph\">{\"@context\":\"https:\/\/schema.org\",\"@graph\":[{\"@type\":\"WebPage\",\"@id\":\"https:\/\/myvize.com.tr\/malavi\/vize-islemleri\/malavi-online-basvuru-malavi-e-vize\/\",\"url\":\"https:\/\/myvize.com.tr\/malavi\/vize-islemleri\/malavi-online-basvuru-malavi-e-vize\/\",\"name\":\"Malavi Online Ba\u015fvuru - Malavi E-Vize - MyVize\",\"isPartOf\":{\"@id\":\"https:\/\/myvize.com.tr\/malavi\/#website\"},\"datePublished\":\"2021-01-25T07:25:27+00:00\",\"dateModified\":\"2022-01-14T13:26:43+00:00\",\"description\":\"Malavi Online Ba\u015fvuru Nas\u0131l Yap\u0131l\u0131r? Malavi E-Vize Nedir? Malavi Online Ba\u015fvuru \u0130\u00e7in Gerekli Evraklar Nelerdir?\",\"breadcrumb\":{\"@id\":\"https:\/\/myvize.com.tr\/malavi\/vize-islemleri\/malavi-online-basvuru-malavi-e-vize\/#breadcrumb\"},\"inLanguage\":\"tr\",\"potentialAction\":[{\"@type\":\"ReadAction\",\"target\":[\"https:\/\/myvize.com.tr\/malavi\/vize-islemleri\/malavi-online-basvuru-malavi-e-vize\/\"]}]},{\"@type\":\"BreadcrumbList\",\"@id\":\"https:\/\/myvize.com.tr\/malavi\/vize-islemleri\/malavi-online-basvuru-malavi-e-vize\/#breadcrumb\",\"itemListElement\":[{\"@type\":\"ListItem\",\"position\":1,\"name\":\"Anasayfa\",\"item\":\"https:\/\/myvize.com.tr\/malavi\/\"},{\"@type\":\"ListItem\",\"position\":2,\"name\":\"V\u0130ZE \u0130\u015eLEMLER\u0130\",\"item\":\"https:\/\/myvize.com.tr\/malavi\/vize-islemleri\/\"},{\"@type\":\"ListItem\",\"position\":3,\"name\":\"Malavi Online Ba\u015fvuru &#8211; Malavi E-Vize\"}]},{\"@type\":\"WebSite\",\"@id\":\"https:\/\/myvize.com.tr\/malavi\/#website\",\"url\":\"https:\/\/myvize.com.tr\/malavi\/\",\"name\":\"Malavi Vizesi\",\"description\":\"\",\"potentialAction\":[{\"@type\":\"SearchAction\",\"target\":{\"@type\":\"EntryPoint\",\"urlTemplate\":\"https:\/\/myvize.com.tr\/malavi\/?s={search_term_string}\"},\"query-input\":{\"@type\":\"PropertyValueSpecification\",\"valueRequired\":true,\"valueName\":\"search_term_string\"}}],\"inLanguage\":\"tr\"}]}<\/script>\n<!-- \/ Yoast SEO plugin. -->","yoast_head_json":{"title":"Malavi Online Ba\u015fvuru - Malavi E-Vize - MyVize","description":"Malavi Online Ba\u015fvuru Nas\u0131l Yap\u0131l\u0131r? Malavi E-Vize Nedir? Malavi Online Ba\u015fvuru \u0130\u00e7in Gerekli Evraklar Nelerdir?","robots":{"index":"index","follow":"follow","max-snippet":"max-snippet:-1","max-image-preview":"max-image-preview:large","max-video-preview":"max-video-preview:-1"},"canonical":"https:\/\/myvize.com.tr\/malavi\/vize-islemleri\/malavi-online-basvuru-malavi-e-vize\/","og_locale":"tr_TR","og_type":"article","og_title":"Malavi Online Ba\u015fvuru - Malavi E-Vize - MyVize","og_description":"Malavi Online Ba\u015fvuru Nas\u0131l Yap\u0131l\u0131r? Malavi E-Vize Nedir? Malavi Online Ba\u015fvuru \u0130\u00e7in Gerekli Evraklar Nelerdir?","og_url":"https:\/\/myvize.com.tr\/malavi\/vize-islemleri\/malavi-online-basvuru-malavi-e-vize\/","og_site_name":"Malavi Vizesi","article_modified_time":"2022-01-14T13:26:43+00:00","twitter_card":"summary_large_image","twitter_misc":{"Tahmini okuma s\u00fcresi":"1 dakika"},"schema":{"@context":"https:\/\/schema.org","@graph":[{"@type":"WebPage","@id":"https:\/\/myvize.com.tr\/malavi\/vize-islemleri\/malavi-online-basvuru-malavi-e-vize\/","url":"https:\/\/myvize.com.tr\/malavi\/vize-islemleri\/malavi-online-basvuru-malavi-e-vize\/","name":"Malavi Online Ba\u015fvuru - Malavi E-Vize - MyVize","isPartOf":{"@id":"https:\/\/myvize.com.tr\/malavi\/#website"},"datePublished":"2021-01-25T07:25:27+00:00","dateModified":"2022-01-14T13:26:43+00:00","description":"Malavi Online Ba\u015fvuru Nas\u0131l Yap\u0131l\u0131r? Malavi E-Vize Nedir? Malavi Online Ba\u015fvuru \u0130\u00e7in Gerekli Evraklar Nelerdir?","breadcrumb":{"@id":"https:\/\/myvize.com.tr\/malavi\/vize-islemleri\/malavi-online-basvuru-malavi-e-vize\/#breadcrumb"},"inLanguage":"tr","potentialAction":[{"@type":"ReadAction","target":["https:\/\/myvize.com.tr\/malavi\/vize-islemleri\/malavi-online-basvuru-malavi-e-vize\/"]}]},{"@type":"BreadcrumbList","@id":"https:\/\/myvize.com.tr\/malavi\/vize-islemleri\/malavi-online-basvuru-malavi-e-vize\/#breadcrumb","itemListElement":[{"@type":"ListItem","position":1,"name":"Anasayfa","item":"https:\/\/myvize.com.tr\/malavi\/"},{"@type":"ListItem","position":2,"name":"V\u0130ZE \u0130\u015eLEMLER\u0130","item":"https:\/\/myvize.com.tr\/malavi\/vize-islemleri\/"},{"@type":"ListItem","position":3,"name":"Malavi Online Ba\u015fvuru &#8211; Malavi E-Vize"}]},{"@type":"WebSite","@id":"https:\/\/myvize.com.tr\/malavi\/#website","url":"https:\/\/myvize.com.tr\/malavi\/","name":"Malavi Vizesi","description":"","potentialAction":[{"@type":"SearchAction","target":{"@type":"EntryPoint","urlTemplate":"https:\/\/myvize.com.tr\/malavi\/?s={search_term_string}"},"query-input":{"@type":"PropertyValueSpecification","valueRequired":true,"valueName":"search_term_string"}}],"inLanguage":"tr"}]}},"_links":{"self":[{"href":"https:\/\/myvize.com.tr\/malavi\/wp-json\/wp\/v2\/pages\/309","targetHints":{"allow":["GET"]}}],"collection":[{"href":"https:\/\/myvize.com.tr\/malavi\/wp-json\/wp\/v2\/pages"}],"about":[{"href":"https:\/\/myvize.com.tr\/malavi\/wp-json\/wp\/v2\/types\/page"}],"author":[{"embeddable":true,"href":"https:\/\/myvize.com.tr\/malavi\/wp-json\/wp\/v2\/users\/1"}],"replies":[{"embeddable":true,"href":"https:\/\/myvize.com.tr\/malavi\/wp-json\/wp\/v2\/comments?post=309"}],"version-history":[{"count":2,"href":"https:\/\/myvize.com.tr\/malavi\/wp-json\/wp\/v2\/pages\/309\/revisions"}],"predecessor-version":[{"id":354,"href":"https:\/\/myvize.com.tr\/malavi\/wp-json\/wp\/v2\/pages\/309\/revisions\/354"}],"up":[{"embeddable":true,"href":"https:\/\/myvize.com.tr\/malavi\/wp-json\/wp\/v2\/pages\/18"}],"wp:attachment":[{"href":"https:\/\/myvize.com.tr\/malavi\/wp-json\/wp\/v2\/media?parent=309"}],"curies":[{"name":"wp","href":"https:\/\/api.w.org\/{rel}","templated":true}]}}