{"id":141,"date":"2021-01-15T16:03:15","date_gmt":"2021-01-15T13:03:15","guid":{"rendered":"https:\/\/myvize.com.tr\/malavi\/?page_id=141"},"modified":"2022-01-14T16:26:55","modified_gmt":"2022-01-14T13:26:55","slug":"vatandaslik","status":"publish","type":"page","link":"https:\/\/myvize.com.tr\/malavi\/vatandaslik\/","title":{"rendered":"VATANDA\u015eLIK"},"content":{"rendered":"\n<h2 class=\"wp-block-heading\"><strong>Malavi Vatanda\u015fl\u0131k \u0130\u015flemleri<\/strong><\/h2>\n","protected":false},"excerpt":{"rendered":"<p>Malavi Vatanda\u015fl\u0131k \u0130\u015flemleri<\/p>\n","protected":false},"author":1,"featured_media":0,"parent":0,"menu_order":0,"comment_status":"closed","ping_status":"closed","template":"","meta":{"footnotes":""},"class_list":["post-141","page","type-page","status-publish","hentry"],"yoast_head":"<!-- This site is optimized with the Yoast SEO plugin v24.0 - https:\/\/yoast.com\/wordpress\/plugins\/seo\/ -->\n<title>Malavi Vatanda\u015fl\u0131k \u0130\u015flemleri - Malavi Vizesi - MyVize<\/title>\n<meta name=\"description\" content=\"Malavi Vatanda\u015fl\u0131k \u0130\u015flemleri nas\u0131l yap\u0131l\u0131r? Malavi Vatanda\u015fl\u0131\u011f\u0131 nas\u0131l al\u0131n\u0131r? Malavi Vatanda\u015fl\u0131k \u015eartlar\u0131 Nelerdir? Malavi Vatanda\u015fl\u0131k \u00dccreti\" \/>\n<meta name=\"robots\" content=\"index, follow, max-snippet:-1, max-image-preview:large, max-video-preview:-1\" \/>\n<link rel=\"canonical\" href=\"https:\/\/myvize.com.tr\/malavi\/vatandaslik\/\" \/>\n<meta property=\"og:locale\" content=\"tr_TR\" \/>\n<meta property=\"og:type\" content=\"article\" \/>\n<meta property=\"og:title\" content=\"Malavi Vatanda\u015fl\u0131k \u0130\u015flemleri - Malavi Vizesi - MyVize\" \/>\n<meta property=\"og:description\" content=\"Malavi Vatanda\u015fl\u0131k \u0130\u015flemleri nas\u0131l yap\u0131l\u0131r? Malavi Vatanda\u015fl\u0131\u011f\u0131 nas\u0131l al\u0131n\u0131r? Malavi Vatanda\u015fl\u0131k \u015eartlar\u0131 Nelerdir? Malavi Vatanda\u015fl\u0131k \u00dccreti\" \/>\n<meta property=\"og:url\" content=\"https:\/\/myvize.com.tr\/malavi\/vatandaslik\/\" \/>\n<meta property=\"og:site_name\" content=\"Malavi Vizesi\" \/>\n<meta property=\"article:modified_time\" content=\"2022-01-14T13:26:55+00:00\" \/>\n<meta name=\"twitter:card\" content=\"summary_large_image\" \/>\n<meta name=\"twitter:label1\" content=\"Tahmini okuma s\u00fcresi\" \/>\n\t<meta name=\"twitter:data1\" content=\"1 dakika\" \/>\n<script type=\"application\/ld+json\" class=\"yoast-schema-graph\">{\"@context\":\"https:\/\/schema.org\",\"@graph\":[{\"@type\":\"WebPage\",\"@id\":\"https:\/\/myvize.com.tr\/malavi\/vatandaslik\/\",\"url\":\"https:\/\/myvize.com.tr\/malavi\/vatandaslik\/\",\"name\":\"Malavi Vatanda\u015fl\u0131k \u0130\u015flemleri - Malavi Vizesi - MyVize\",\"isPartOf\":{\"@id\":\"https:\/\/myvize.com.tr\/malavi\/#website\"},\"datePublished\":\"2021-01-15T13:03:15+00:00\",\"dateModified\":\"2022-01-14T13:26:55+00:00\",\"description\":\"Malavi Vatanda\u015fl\u0131k \u0130\u015flemleri nas\u0131l yap\u0131l\u0131r? Malavi Vatanda\u015fl\u0131\u011f\u0131 nas\u0131l al\u0131n\u0131r? Malavi Vatanda\u015fl\u0131k \u015eartlar\u0131 Nelerdir? Malavi Vatanda\u015fl\u0131k \u00dccreti\",\"breadcrumb\":{\"@id\":\"https:\/\/myvize.com.tr\/malavi\/vatandaslik\/#breadcrumb\"},\"inLanguage\":\"tr\",\"potentialAction\":[{\"@type\":\"ReadAction\",\"target\":[\"https:\/\/myvize.com.tr\/malavi\/vatandaslik\/\"]}]},{\"@type\":\"BreadcrumbList\",\"@id\":\"https:\/\/myvize.com.tr\/malavi\/vatandaslik\/#breadcrumb\",\"itemListElement\":[{\"@type\":\"ListItem\",\"position\":1,\"name\":\"Anasayfa\",\"item\":\"https:\/\/myvize.com.tr\/malavi\/\"},{\"@type\":\"ListItem\",\"position\":2,\"name\":\"VATANDA\u015eLIK\"}]},{\"@type\":\"WebSite\",\"@id\":\"https:\/\/myvize.com.tr\/malavi\/#website\",\"url\":\"https:\/\/myvize.com.tr\/malavi\/\",\"name\":\"Malavi Vizesi\",\"description\":\"\",\"potentialAction\":[{\"@type\":\"SearchAction\",\"target\":{\"@type\":\"EntryPoint\",\"urlTemplate\":\"https:\/\/myvize.com.tr\/malavi\/?s={search_term_string}\"},\"query-input\":{\"@type\":\"PropertyValueSpecification\",\"valueRequired\":true,\"valueName\":\"search_term_string\"}}],\"inLanguage\":\"tr\"}]}<\/script>\n<!-- \/ Yoast SEO plugin. -->","yoast_head_json":{"title":"Malavi Vatanda\u015fl\u0131k \u0130\u015flemleri - Malavi Vizesi - MyVize","description":"Malavi Vatanda\u015fl\u0131k \u0130\u015flemleri nas\u0131l yap\u0131l\u0131r? Malavi Vatanda\u015fl\u0131\u011f\u0131 nas\u0131l al\u0131n\u0131r? Malavi Vatanda\u015fl\u0131k \u015eartlar\u0131 Nelerdir? Malavi Vatanda\u015fl\u0131k \u00dccreti","robots":{"index":"index","follow":"follow","max-snippet":"max-snippet:-1","max-image-preview":"max-image-preview:large","max-video-preview":"max-video-preview:-1"},"canonical":"https:\/\/myvize.com.tr\/malavi\/vatandaslik\/","og_locale":"tr_TR","og_type":"article","og_title":"Malavi Vatanda\u015fl\u0131k \u0130\u015flemleri - Malavi Vizesi - MyVize","og_description":"Malavi Vatanda\u015fl\u0131k \u0130\u015flemleri nas\u0131l yap\u0131l\u0131r? Malavi Vatanda\u015fl\u0131\u011f\u0131 nas\u0131l al\u0131n\u0131r? Malavi Vatanda\u015fl\u0131k \u015eartlar\u0131 Nelerdir? Malavi Vatanda\u015fl\u0131k \u00dccreti","og_url":"https:\/\/myvize.com.tr\/malavi\/vatandaslik\/","og_site_name":"Malavi Vizesi","article_modified_time":"2022-01-14T13:26:55+00:00","twitter_card":"summary_large_image","twitter_misc":{"Tahmini okuma s\u00fcresi":"1 dakika"},"schema":{"@context":"https:\/\/schema.org","@graph":[{"@type":"WebPage","@id":"https:\/\/myvize.com.tr\/malavi\/vatandaslik\/","url":"https:\/\/myvize.com.tr\/malavi\/vatandaslik\/","name":"Malavi Vatanda\u015fl\u0131k \u0130\u015flemleri - Malavi Vizesi - MyVize","isPartOf":{"@id":"https:\/\/myvize.com.tr\/malavi\/#website"},"datePublished":"2021-01-15T13:03:15+00:00","dateModified":"2022-01-14T13:26:55+00:00","description":"Malavi Vatanda\u015fl\u0131k \u0130\u015flemleri nas\u0131l yap\u0131l\u0131r? Malavi Vatanda\u015fl\u0131\u011f\u0131 nas\u0131l al\u0131n\u0131r? Malavi Vatanda\u015fl\u0131k \u015eartlar\u0131 Nelerdir? Malavi Vatanda\u015fl\u0131k \u00dccreti","breadcrumb":{"@id":"https:\/\/myvize.com.tr\/malavi\/vatandaslik\/#breadcrumb"},"inLanguage":"tr","potentialAction":[{"@type":"ReadAction","target":["https:\/\/myvize.com.tr\/malavi\/vatandaslik\/"]}]},{"@type":"BreadcrumbList","@id":"https:\/\/myvize.com.tr\/malavi\/vatandaslik\/#breadcrumb","itemListElement":[{"@type":"ListItem","position":1,"name":"Anasayfa","item":"https:\/\/myvize.com.tr\/malavi\/"},{"@type":"ListItem","position":2,"name":"VATANDA\u015eLIK"}]},{"@type":"WebSite","@id":"https:\/\/myvize.com.tr\/malavi\/#website","url":"https:\/\/myvize.com.tr\/malavi\/","name":"Malavi Vizesi","description":"","potentialAction":[{"@type":"SearchAction","target":{"@type":"EntryPoint","urlTemplate":"https:\/\/myvize.com.tr\/malavi\/?s={search_term_string}"},"query-input":{"@type":"PropertyValueSpecification","valueRequired":true,"valueName":"search_term_string"}}],"inLanguage":"tr"}]}},"_links":{"self":[{"href":"https:\/\/myvize.com.tr\/malavi\/wp-json\/wp\/v2\/pages\/141","targetHints":{"allow":["GET"]}}],"collection":[{"href":"https:\/\/myvize.com.tr\/malavi\/wp-json\/wp\/v2\/pages"}],"about":[{"href":"https:\/\/myvize.com.tr\/malavi\/wp-json\/wp\/v2\/types\/page"}],"author":[{"embeddable":true,"href":"https:\/\/myvize.com.tr\/malavi\/wp-json\/wp\/v2\/users\/1"}],"replies":[{"embeddable":true,"href":"https:\/\/myvize.com.tr\/malavi\/wp-json\/wp\/v2\/comments?post=141"}],"version-history":[{"count":4,"href":"https:\/\/myvize.com.tr\/malavi\/wp-json\/wp\/v2\/pages\/141\/revisions"}],"predecessor-version":[{"id":449,"href":"https:\/\/myvize.com.tr\/malavi\/wp-json\/wp\/v2\/pages\/141\/revisions\/449"}],"wp:attachment":[{"href":"https:\/\/myvize.com.tr\/malavi\/wp-json\/wp\/v2\/media?parent=141"}],"curies":[{"name":"wp","href":"https:\/\/api.w.org\/{rel}","templated":true}]}}