{"id":320,"date":"2021-06-28T15:22:25","date_gmt":"2021-06-28T12:22:25","guid":{"rendered":"https:\/\/myvize.com.tr\/lesotho\/?page_id=320"},"modified":"2022-05-12T13:18:01","modified_gmt":"2022-05-12T10:18:01","slug":"vize-basvurusu","status":"publish","type":"page","link":"https:\/\/myvize.com.tr\/lesotho\/vize-basvurusu\/","title":{"rendered":"Lesotho Vize Ba\u015fvurusu"},"content":{"rendered":"\n<h2 class=\"wp-block-heading\"><strong>Lesotho Vize Ba\u015fvurusu Hakk\u0131nda<\/strong><\/h2>\n\n\n\n<p>T\u00fcrk yurtta\u015flar\u0131 Lesotho\u2019ya yasal olarak giri\u015f yapabilmeleri i\u00e7in Lesotho seyahati bundan \u00f6nce Lesotho vizesi bulundurmak zorundad\u0131rlar. Lesotho Devleti, hizmet, umumi, \u00f6zel, diplomatik ge\u00e7i\u015flik T\u00fcrkiye Cumhuriyeti yurtta\u015flar\u0131na vize uygulamaktad\u0131r. Bu nedenle her T\u00fcrk bireyi pasaport t\u00fcr\u00fc fark etmeksizin Lesotho seyahati bundan \u00f6nce Lesotho vizesi almas\u0131 gerekiyor. Lesotho vizesi olarak tek tip vize uygulanmay\u0131p Lesotho\u2019ya yap\u0131lacak gezi amac\u0131na bak\u0131l\u0131rsa de\u011fi\u015fik Lesotho vize \u00e7e\u015fitleri verilmektedir. Lesotho vizesi almak i\u00e7in pasaportunuzun ge\u00e7erli olmas\u0131 gerekmesiyle beraber pasaportunuzun ba\u015fvurulacak vize cinsine g\u00f6re asgari 6 ay ya da 9 ay ge\u00e7erlili\u011fi olmas\u0131 gerekiyor. Bununla beraber pasaportunuzda an azca 2 tane bo\u015f vize ka\u011f\u0131d\u0131&nbsp;olmal\u0131d\u0131r.<\/p>\n\n\n\n<p>Lesotho hudut kap\u0131s\u0131nda vize vermeyip Lesotho vizesi i\u00e7in Lesotho\u2019nun d\u0131\u015f hamillerine ba\u015fvurulmas\u0131 gerekiyor. Lesotho\u2019nun T\u00fcrkiye\u2019de d\u0131\u015f temsilcili\u011fi bulunmamaktad\u0131r. Bu nedenle Lesotho vizesi i\u00e7in T\u00fcrkiye Cumhuriyeti Devleti i\u00e7in akredite olan T\u00fcrkiye haricinde bulunan d\u0131\u015f temsilcili\u011fine m\u00fcracaat etmeleri gerekiyor. Peki Lesotho Vize \u0130stiyor Mu? Lesotho\u2019ya gidecek olan T\u00fcrk yurtta\u015flar\u0131n\u0131n Umuma Mahsus (Bordo), Hususi (Ye\u015fil), Hizmet (Gri) ve Diplomatik (Siyah) pasaport abone olmalar\u0131 fark etmeksizin vize almalar\u0131 gerekiyor.<\/p>\n","protected":false},"excerpt":{"rendered":"<p>Lesotho Vize Ba\u015fvurusu Hakk\u0131nda T\u00fcrk yurtta\u015flar\u0131 Lesotho\u2019ya yasal olarak giri\u015f yapabilmeleri i\u00e7in Lesotho seyahati bundan \u00f6nce Lesotho vizesi bulundurmak zorundad\u0131rlar. Lesotho Devleti, hizmet, umumi, \u00f6zel, diplomatik ge\u00e7i\u015flik T\u00fcrkiye Cumhuriyeti yurtta\u015flar\u0131na vize uygulamaktad\u0131r. Bu nedenle her T\u00fcrk bireyi pasaport t\u00fcr\u00fc fark etmeksizin Lesotho seyahati bundan \u00f6nce Lesotho vizesi almas\u0131 gerekiyor. Lesotho vizesi olarak tek tip vize<\/p>\n","protected":false},"author":1,"featured_media":0,"parent":0,"menu_order":0,"comment_status":"closed","ping_status":"closed","template":"","meta":{"footnotes":""},"class_list":["post-320","page","type-page","status-publish","hentry"],"yoast_head":"<!-- This site is optimized with the Yoast SEO plugin v24.0 - https:\/\/yoast.com\/wordpress\/plugins\/seo\/ -->\n<title>Lesotho Vize Ba\u015fvurusu - Lesotho Vizesi - MyVize<\/title>\n<meta name=\"description\" content=\"Lesotho Vize Ba\u015fvurusu nas\u0131l yap\u0131l\u0131r? Lesotho Vize Ba\u015fvurusu 2022 g\u00fcncel bilgileri. Bilgi \u0130\u00e7in Vize Uzmanlar\u0131m\u0131z\u0131 Aray\u0131n: 0850 346 84 93\" \/>\n<meta name=\"robots\" content=\"index, follow, max-snippet:-1, max-image-preview:large, max-video-preview:-1\" \/>\n<link rel=\"canonical\" href=\"https:\/\/myvize.com.tr\/lesotho\/vize-basvurusu\/\" \/>\n<meta property=\"og:locale\" content=\"tr_TR\" \/>\n<meta property=\"og:type\" content=\"article\" \/>\n<meta property=\"og:title\" content=\"Lesotho Vize Ba\u015fvurusu - Lesotho Vizesi - MyVize\" \/>\n<meta property=\"og:description\" content=\"Lesotho Vize Ba\u015fvurusu nas\u0131l yap\u0131l\u0131r? Lesotho Vize Ba\u015fvurusu 2022 g\u00fcncel bilgileri. Bilgi \u0130\u00e7in Vize Uzmanlar\u0131m\u0131z\u0131 Aray\u0131n: 0850 346 84 93\" \/>\n<meta property=\"og:url\" content=\"https:\/\/myvize.com.tr\/lesotho\/vize-basvurusu\/\" \/>\n<meta property=\"og:site_name\" content=\"Lesotho Vizesi\" \/>\n<meta property=\"article:modified_time\" content=\"2022-05-12T10:18:01+00:00\" \/>\n<meta name=\"twitter:card\" content=\"summary_large_image\" \/>\n<meta name=\"twitter:label1\" content=\"Tahmini okuma s\u00fcresi\" \/>\n\t<meta name=\"twitter:data1\" content=\"1 dakika\" \/>\n<script type=\"application\/ld+json\" class=\"yoast-schema-graph\">{\"@context\":\"https:\/\/schema.org\",\"@graph\":[{\"@type\":\"WebPage\",\"@id\":\"https:\/\/myvize.com.tr\/lesotho\/vize-basvurusu\/\",\"url\":\"https:\/\/myvize.com.tr\/lesotho\/vize-basvurusu\/\",\"name\":\"Lesotho Vize Ba\u015fvurusu - Lesotho Vizesi - MyVize\",\"isPartOf\":{\"@id\":\"https:\/\/myvize.com.tr\/lesotho\/#website\"},\"datePublished\":\"2021-06-28T12:22:25+00:00\",\"dateModified\":\"2022-05-12T10:18:01+00:00\",\"description\":\"Lesotho Vize Ba\u015fvurusu nas\u0131l yap\u0131l\u0131r? Lesotho Vize Ba\u015fvurusu 2022 g\u00fcncel bilgileri. Bilgi \u0130\u00e7in Vize Uzmanlar\u0131m\u0131z\u0131 Aray\u0131n: 0850 346 84 93\",\"breadcrumb\":{\"@id\":\"https:\/\/myvize.com.tr\/lesotho\/vize-basvurusu\/#breadcrumb\"},\"inLanguage\":\"tr\",\"potentialAction\":[{\"@type\":\"ReadAction\",\"target\":[\"https:\/\/myvize.com.tr\/lesotho\/vize-basvurusu\/\"]}]},{\"@type\":\"BreadcrumbList\",\"@id\":\"https:\/\/myvize.com.tr\/lesotho\/vize-basvurusu\/#breadcrumb\",\"itemListElement\":[{\"@type\":\"ListItem\",\"position\":1,\"name\":\"Anasayfa\",\"item\":\"https:\/\/myvize.com.tr\/lesotho\/\"},{\"@type\":\"ListItem\",\"position\":2,\"name\":\"Lesotho Vize Ba\u015fvurusu\"}]},{\"@type\":\"WebSite\",\"@id\":\"https:\/\/myvize.com.tr\/lesotho\/#website\",\"url\":\"https:\/\/myvize.com.tr\/lesotho\/\",\"name\":\"Lesotho Vizesi\",\"description\":\"\",\"potentialAction\":[{\"@type\":\"SearchAction\",\"target\":{\"@type\":\"EntryPoint\",\"urlTemplate\":\"https:\/\/myvize.com.tr\/lesotho\/?s={search_term_string}\"},\"query-input\":{\"@type\":\"PropertyValueSpecification\",\"valueRequired\":true,\"valueName\":\"search_term_string\"}}],\"inLanguage\":\"tr\"}]}<\/script>\n<!-- \/ Yoast SEO plugin. -->","yoast_head_json":{"title":"Lesotho Vize Ba\u015fvurusu - Lesotho Vizesi - MyVize","description":"Lesotho Vize Ba\u015fvurusu nas\u0131l yap\u0131l\u0131r? Lesotho Vize Ba\u015fvurusu 2022 g\u00fcncel bilgileri. Bilgi \u0130\u00e7in Vize Uzmanlar\u0131m\u0131z\u0131 Aray\u0131n: 0850 346 84 93","robots":{"index":"index","follow":"follow","max-snippet":"max-snippet:-1","max-image-preview":"max-image-preview:large","max-video-preview":"max-video-preview:-1"},"canonical":"https:\/\/myvize.com.tr\/lesotho\/vize-basvurusu\/","og_locale":"tr_TR","og_type":"article","og_title":"Lesotho Vize Ba\u015fvurusu - Lesotho Vizesi - MyVize","og_description":"Lesotho Vize Ba\u015fvurusu nas\u0131l yap\u0131l\u0131r? Lesotho Vize Ba\u015fvurusu 2022 g\u00fcncel bilgileri. Bilgi \u0130\u00e7in Vize Uzmanlar\u0131m\u0131z\u0131 Aray\u0131n: 0850 346 84 93","og_url":"https:\/\/myvize.com.tr\/lesotho\/vize-basvurusu\/","og_site_name":"Lesotho Vizesi","article_modified_time":"2022-05-12T10:18:01+00:00","twitter_card":"summary_large_image","twitter_misc":{"Tahmini okuma s\u00fcresi":"1 dakika"},"schema":{"@context":"https:\/\/schema.org","@graph":[{"@type":"WebPage","@id":"https:\/\/myvize.com.tr\/lesotho\/vize-basvurusu\/","url":"https:\/\/myvize.com.tr\/lesotho\/vize-basvurusu\/","name":"Lesotho Vize Ba\u015fvurusu - Lesotho Vizesi - MyVize","isPartOf":{"@id":"https:\/\/myvize.com.tr\/lesotho\/#website"},"datePublished":"2021-06-28T12:22:25+00:00","dateModified":"2022-05-12T10:18:01+00:00","description":"Lesotho Vize Ba\u015fvurusu nas\u0131l yap\u0131l\u0131r? Lesotho Vize Ba\u015fvurusu 2022 g\u00fcncel bilgileri. Bilgi \u0130\u00e7in Vize Uzmanlar\u0131m\u0131z\u0131 Aray\u0131n: 0850 346 84 93","breadcrumb":{"@id":"https:\/\/myvize.com.tr\/lesotho\/vize-basvurusu\/#breadcrumb"},"inLanguage":"tr","potentialAction":[{"@type":"ReadAction","target":["https:\/\/myvize.com.tr\/lesotho\/vize-basvurusu\/"]}]},{"@type":"BreadcrumbList","@id":"https:\/\/myvize.com.tr\/lesotho\/vize-basvurusu\/#breadcrumb","itemListElement":[{"@type":"ListItem","position":1,"name":"Anasayfa","item":"https:\/\/myvize.com.tr\/lesotho\/"},{"@type":"ListItem","position":2,"name":"Lesotho Vize Ba\u015fvurusu"}]},{"@type":"WebSite","@id":"https:\/\/myvize.com.tr\/lesotho\/#website","url":"https:\/\/myvize.com.tr\/lesotho\/","name":"Lesotho Vizesi","description":"","potentialAction":[{"@type":"SearchAction","target":{"@type":"EntryPoint","urlTemplate":"https:\/\/myvize.com.tr\/lesotho\/?s={search_term_string}"},"query-input":{"@type":"PropertyValueSpecification","valueRequired":true,"valueName":"search_term_string"}}],"inLanguage":"tr"}]}},"_links":{"self":[{"href":"https:\/\/myvize.com.tr\/lesotho\/wp-json\/wp\/v2\/pages\/320","targetHints":{"allow":["GET"]}}],"collection":[{"href":"https:\/\/myvize.com.tr\/lesotho\/wp-json\/wp\/v2\/pages"}],"about":[{"href":"https:\/\/myvize.com.tr\/lesotho\/wp-json\/wp\/v2\/types\/page"}],"author":[{"embeddable":true,"href":"https:\/\/myvize.com.tr\/lesotho\/wp-json\/wp\/v2\/users\/1"}],"replies":[{"embeddable":true,"href":"https:\/\/myvize.com.tr\/lesotho\/wp-json\/wp\/v2\/comments?post=320"}],"version-history":[{"count":5,"href":"https:\/\/myvize.com.tr\/lesotho\/wp-json\/wp\/v2\/pages\/320\/revisions"}],"predecessor-version":[{"id":427,"href":"https:\/\/myvize.com.tr\/lesotho\/wp-json\/wp\/v2\/pages\/320\/revisions\/427"}],"wp:attachment":[{"href":"https:\/\/myvize.com.tr\/lesotho\/wp-json\/wp\/v2\/media?parent=320"}],"curies":[{"name":"wp","href":"https:\/\/api.w.org\/{rel}","templated":true}]}}