{"id":311,"date":"2021-01-25T09:51:32","date_gmt":"2021-01-25T06:51:32","guid":{"rendered":"https:\/\/myvize.com.tr\/lesotho\/?page_id=311"},"modified":"2021-11-20T16:11:10","modified_gmt":"2021-11-20T13:11:10","slug":"pretorya-buyukelciligi","status":"publish","type":"page","link":"https:\/\/myvize.com.tr\/lesotho\/konsolosluklar\/pretorya-buyukelciligi\/","title":{"rendered":"Lesotho Pretorya B\u00fcy\u00fckel\u00e7ili\u011fi"},"content":{"rendered":"\n<h2 class=\"wp-block-heading\"><strong>Lesotho Pretorya B\u00fcy\u00fckel\u00e7ili\u011fi \u0130leti\u015fim Bilgileri<\/strong><\/h2>\n","protected":false},"excerpt":{"rendered":"<p>Lesotho Pretorya B\u00fcy\u00fckel\u00e7ili\u011fi \u0130leti\u015fim Bilgileri<\/p>\n","protected":false},"author":1,"featured_media":0,"parent":69,"menu_order":0,"comment_status":"closed","ping_status":"closed","template":"","meta":{"footnotes":""},"class_list":["post-311","page","type-page","status-publish","hentry"],"yoast_head":"<!-- This site is optimized with the Yoast SEO plugin v24.0 - https:\/\/yoast.com\/wordpress\/plugins\/seo\/ -->\n<title>Lesotho Pretorya B\u00fcy\u00fckel\u00e7ili\u011fi - MyVize Vize Ba\u015fvuru Merkezi<\/title>\n<meta name=\"description\" content=\"Lesotho Pretorya B\u00fcy\u00fckel\u00e7ili\u011fi \u0130leti\u015fim Bilgileri Telefon Numaras\u0131 Mail Adresi Bilgileri \u0130\u00e7erir. Lesotho Vize Dan\u0131\u015fman\u0131 \u0130\u00e7in Hemen Aray\u0131n.\" \/>\n<meta name=\"robots\" content=\"index, follow, max-snippet:-1, max-image-preview:large, max-video-preview:-1\" \/>\n<link rel=\"canonical\" href=\"https:\/\/myvize.com.tr\/lesotho\/konsolosluklar\/pretorya-buyukelciligi\/\" \/>\n<meta property=\"og:locale\" content=\"tr_TR\" \/>\n<meta property=\"og:type\" content=\"article\" \/>\n<meta property=\"og:title\" content=\"Lesotho Pretorya B\u00fcy\u00fckel\u00e7ili\u011fi - MyVize Vize Ba\u015fvuru Merkezi\" \/>\n<meta property=\"og:description\" content=\"Lesotho Pretorya B\u00fcy\u00fckel\u00e7ili\u011fi \u0130leti\u015fim Bilgileri Telefon Numaras\u0131 Mail Adresi Bilgileri \u0130\u00e7erir. Lesotho Vize Dan\u0131\u015fman\u0131 \u0130\u00e7in Hemen Aray\u0131n.\" \/>\n<meta property=\"og:url\" content=\"https:\/\/myvize.com.tr\/lesotho\/konsolosluklar\/pretorya-buyukelciligi\/\" \/>\n<meta property=\"og:site_name\" content=\"Lesotho Vizesi\" \/>\n<meta property=\"article:modified_time\" content=\"2021-11-20T13:11:10+00:00\" \/>\n<meta name=\"twitter:card\" content=\"summary_large_image\" \/>\n<meta name=\"twitter:label1\" content=\"Tahmini okuma s\u00fcresi\" \/>\n\t<meta name=\"twitter:data1\" content=\"1 dakika\" \/>\n<script type=\"application\/ld+json\" class=\"yoast-schema-graph\">{\"@context\":\"https:\/\/schema.org\",\"@graph\":[{\"@type\":\"WebPage\",\"@id\":\"https:\/\/myvize.com.tr\/lesotho\/konsolosluklar\/pretorya-buyukelciligi\/\",\"url\":\"https:\/\/myvize.com.tr\/lesotho\/konsolosluklar\/pretorya-buyukelciligi\/\",\"name\":\"Lesotho Pretorya B\u00fcy\u00fckel\u00e7ili\u011fi - MyVize Vize Ba\u015fvuru Merkezi\",\"isPartOf\":{\"@id\":\"https:\/\/myvize.com.tr\/lesotho\/#website\"},\"datePublished\":\"2021-01-25T06:51:32+00:00\",\"dateModified\":\"2021-11-20T13:11:10+00:00\",\"description\":\"Lesotho Pretorya B\u00fcy\u00fckel\u00e7ili\u011fi \u0130leti\u015fim Bilgileri Telefon Numaras\u0131 Mail Adresi Bilgileri \u0130\u00e7erir. Lesotho Vize Dan\u0131\u015fman\u0131 \u0130\u00e7in Hemen Aray\u0131n.\",\"breadcrumb\":{\"@id\":\"https:\/\/myvize.com.tr\/lesotho\/konsolosluklar\/pretorya-buyukelciligi\/#breadcrumb\"},\"inLanguage\":\"tr\",\"potentialAction\":[{\"@type\":\"ReadAction\",\"target\":[\"https:\/\/myvize.com.tr\/lesotho\/konsolosluklar\/pretorya-buyukelciligi\/\"]}]},{\"@type\":\"BreadcrumbList\",\"@id\":\"https:\/\/myvize.com.tr\/lesotho\/konsolosluklar\/pretorya-buyukelciligi\/#breadcrumb\",\"itemListElement\":[{\"@type\":\"ListItem\",\"position\":1,\"name\":\"Anasayfa\",\"item\":\"https:\/\/myvize.com.tr\/lesotho\/\"},{\"@type\":\"ListItem\",\"position\":2,\"name\":\"KONSOLOSLUKLAR\",\"item\":\"https:\/\/myvize.com.tr\/lesotho\/konsolosluklar\/\"},{\"@type\":\"ListItem\",\"position\":3,\"name\":\"Lesotho Pretorya B\u00fcy\u00fckel\u00e7ili\u011fi\"}]},{\"@type\":\"WebSite\",\"@id\":\"https:\/\/myvize.com.tr\/lesotho\/#website\",\"url\":\"https:\/\/myvize.com.tr\/lesotho\/\",\"name\":\"Lesotho Vizesi\",\"description\":\"\",\"potentialAction\":[{\"@type\":\"SearchAction\",\"target\":{\"@type\":\"EntryPoint\",\"urlTemplate\":\"https:\/\/myvize.com.tr\/lesotho\/?s={search_term_string}\"},\"query-input\":{\"@type\":\"PropertyValueSpecification\",\"valueRequired\":true,\"valueName\":\"search_term_string\"}}],\"inLanguage\":\"tr\"}]}<\/script>\n<!-- \/ Yoast SEO plugin. -->","yoast_head_json":{"title":"Lesotho Pretorya B\u00fcy\u00fckel\u00e7ili\u011fi - MyVize Vize Ba\u015fvuru Merkezi","description":"Lesotho Pretorya B\u00fcy\u00fckel\u00e7ili\u011fi \u0130leti\u015fim Bilgileri Telefon Numaras\u0131 Mail Adresi Bilgileri \u0130\u00e7erir. Lesotho Vize Dan\u0131\u015fman\u0131 \u0130\u00e7in Hemen Aray\u0131n.","robots":{"index":"index","follow":"follow","max-snippet":"max-snippet:-1","max-image-preview":"max-image-preview:large","max-video-preview":"max-video-preview:-1"},"canonical":"https:\/\/myvize.com.tr\/lesotho\/konsolosluklar\/pretorya-buyukelciligi\/","og_locale":"tr_TR","og_type":"article","og_title":"Lesotho Pretorya B\u00fcy\u00fckel\u00e7ili\u011fi - MyVize Vize Ba\u015fvuru Merkezi","og_description":"Lesotho Pretorya B\u00fcy\u00fckel\u00e7ili\u011fi \u0130leti\u015fim Bilgileri Telefon Numaras\u0131 Mail Adresi Bilgileri \u0130\u00e7erir. Lesotho Vize Dan\u0131\u015fman\u0131 \u0130\u00e7in Hemen Aray\u0131n.","og_url":"https:\/\/myvize.com.tr\/lesotho\/konsolosluklar\/pretorya-buyukelciligi\/","og_site_name":"Lesotho Vizesi","article_modified_time":"2021-11-20T13:11:10+00:00","twitter_card":"summary_large_image","twitter_misc":{"Tahmini okuma s\u00fcresi":"1 dakika"},"schema":{"@context":"https:\/\/schema.org","@graph":[{"@type":"WebPage","@id":"https:\/\/myvize.com.tr\/lesotho\/konsolosluklar\/pretorya-buyukelciligi\/","url":"https:\/\/myvize.com.tr\/lesotho\/konsolosluklar\/pretorya-buyukelciligi\/","name":"Lesotho Pretorya B\u00fcy\u00fckel\u00e7ili\u011fi - MyVize Vize Ba\u015fvuru Merkezi","isPartOf":{"@id":"https:\/\/myvize.com.tr\/lesotho\/#website"},"datePublished":"2021-01-25T06:51:32+00:00","dateModified":"2021-11-20T13:11:10+00:00","description":"Lesotho Pretorya B\u00fcy\u00fckel\u00e7ili\u011fi \u0130leti\u015fim Bilgileri Telefon Numaras\u0131 Mail Adresi Bilgileri \u0130\u00e7erir. Lesotho Vize Dan\u0131\u015fman\u0131 \u0130\u00e7in Hemen Aray\u0131n.","breadcrumb":{"@id":"https:\/\/myvize.com.tr\/lesotho\/konsolosluklar\/pretorya-buyukelciligi\/#breadcrumb"},"inLanguage":"tr","potentialAction":[{"@type":"ReadAction","target":["https:\/\/myvize.com.tr\/lesotho\/konsolosluklar\/pretorya-buyukelciligi\/"]}]},{"@type":"BreadcrumbList","@id":"https:\/\/myvize.com.tr\/lesotho\/konsolosluklar\/pretorya-buyukelciligi\/#breadcrumb","itemListElement":[{"@type":"ListItem","position":1,"name":"Anasayfa","item":"https:\/\/myvize.com.tr\/lesotho\/"},{"@type":"ListItem","position":2,"name":"KONSOLOSLUKLAR","item":"https:\/\/myvize.com.tr\/lesotho\/konsolosluklar\/"},{"@type":"ListItem","position":3,"name":"Lesotho Pretorya B\u00fcy\u00fckel\u00e7ili\u011fi"}]},{"@type":"WebSite","@id":"https:\/\/myvize.com.tr\/lesotho\/#website","url":"https:\/\/myvize.com.tr\/lesotho\/","name":"Lesotho Vizesi","description":"","potentialAction":[{"@type":"SearchAction","target":{"@type":"EntryPoint","urlTemplate":"https:\/\/myvize.com.tr\/lesotho\/?s={search_term_string}"},"query-input":{"@type":"PropertyValueSpecification","valueRequired":true,"valueName":"search_term_string"}}],"inLanguage":"tr"}]}},"_links":{"self":[{"href":"https:\/\/myvize.com.tr\/lesotho\/wp-json\/wp\/v2\/pages\/311","targetHints":{"allow":["GET"]}}],"collection":[{"href":"https:\/\/myvize.com.tr\/lesotho\/wp-json\/wp\/v2\/pages"}],"about":[{"href":"https:\/\/myvize.com.tr\/lesotho\/wp-json\/wp\/v2\/types\/page"}],"author":[{"embeddable":true,"href":"https:\/\/myvize.com.tr\/lesotho\/wp-json\/wp\/v2\/users\/1"}],"replies":[{"embeddable":true,"href":"https:\/\/myvize.com.tr\/lesotho\/wp-json\/wp\/v2\/comments?post=311"}],"version-history":[{"count":2,"href":"https:\/\/myvize.com.tr\/lesotho\/wp-json\/wp\/v2\/pages\/311\/revisions"}],"predecessor-version":[{"id":344,"href":"https:\/\/myvize.com.tr\/lesotho\/wp-json\/wp\/v2\/pages\/311\/revisions\/344"}],"up":[{"embeddable":true,"href":"https:\/\/myvize.com.tr\/lesotho\/wp-json\/wp\/v2\/pages\/69"}],"wp:attachment":[{"href":"https:\/\/myvize.com.tr\/lesotho\/wp-json\/wp\/v2\/media?parent=311"}],"curies":[{"name":"wp","href":"https:\/\/api.w.org\/{rel}","templated":true}]}}