{"id":154,"date":"2021-01-15T16:14:02","date_gmt":"2021-01-15T13:14:02","guid":{"rendered":"https:\/\/myvize.com.tr\/lesotho\/?page_id=154"},"modified":"2022-01-14T15:23:17","modified_gmt":"2022-01-14T12:23:17","slug":"trabzon","status":"publish","type":"page","link":"https:\/\/myvize.com.tr\/lesotho\/subelerimiz\/trabzon\/","title":{"rendered":"Trabzon"},"content":{"rendered":"\n<h2 class=\"wp-block-heading\"><strong>Lesotho Vize Ba\u015fvuru Merkezi, Trabzon<\/strong><\/h2>\n","protected":false},"excerpt":{"rendered":"<p>Lesotho Vize Ba\u015fvuru Merkezi, Trabzon<\/p>\n","protected":false},"author":1,"featured_media":0,"parent":147,"menu_order":0,"comment_status":"closed","ping_status":"closed","template":"","meta":{"footnotes":""},"class_list":["post-154","page","type-page","status-publish","hentry"],"yoast_head":"<!-- This site is optimized with the Yoast SEO plugin v24.0 - https:\/\/yoast.com\/wordpress\/plugins\/seo\/ -->\n<title>Lesotho Vizesi Trabzon Ba\u015fvuru \u015eubesi - MyVize<\/title>\n<meta name=\"description\" content=\"Lesotho Vizesi Trabzon Vize Ba\u015fvuru Merkezi. Lesotho Vizesi i\u00e7in Trabzon \u015eubemizden Bilgi Almak \u0130\u00e7in Bizi Aray\u0131n: 0850 346 84 93\" \/>\n<meta name=\"robots\" content=\"index, follow, max-snippet:-1, max-image-preview:large, max-video-preview:-1\" \/>\n<link rel=\"canonical\" href=\"https:\/\/myvize.com.tr\/lesotho\/subelerimiz\/trabzon\/\" \/>\n<meta property=\"og:locale\" content=\"tr_TR\" \/>\n<meta property=\"og:type\" content=\"article\" \/>\n<meta property=\"og:title\" content=\"Lesotho Vizesi Trabzon Ba\u015fvuru \u015eubesi - MyVize\" \/>\n<meta property=\"og:description\" content=\"Lesotho Vizesi Trabzon Vize Ba\u015fvuru Merkezi. Lesotho Vizesi i\u00e7in Trabzon \u015eubemizden Bilgi Almak \u0130\u00e7in Bizi Aray\u0131n: 0850 346 84 93\" \/>\n<meta property=\"og:url\" content=\"https:\/\/myvize.com.tr\/lesotho\/subelerimiz\/trabzon\/\" \/>\n<meta property=\"og:site_name\" content=\"Lesotho Vizesi\" \/>\n<meta property=\"article:modified_time\" content=\"2022-01-14T12:23:17+00:00\" \/>\n<meta name=\"twitter:card\" content=\"summary_large_image\" \/>\n<meta name=\"twitter:label1\" content=\"Tahmini okuma s\u00fcresi\" \/>\n\t<meta name=\"twitter:data1\" content=\"1 dakika\" \/>\n<script type=\"application\/ld+json\" class=\"yoast-schema-graph\">{\"@context\":\"https:\/\/schema.org\",\"@graph\":[{\"@type\":\"WebPage\",\"@id\":\"https:\/\/myvize.com.tr\/lesotho\/subelerimiz\/trabzon\/\",\"url\":\"https:\/\/myvize.com.tr\/lesotho\/subelerimiz\/trabzon\/\",\"name\":\"Lesotho Vizesi Trabzon Ba\u015fvuru \u015eubesi - MyVize\",\"isPartOf\":{\"@id\":\"https:\/\/myvize.com.tr\/lesotho\/#website\"},\"datePublished\":\"2021-01-15T13:14:02+00:00\",\"dateModified\":\"2022-01-14T12:23:17+00:00\",\"description\":\"Lesotho Vizesi Trabzon Vize Ba\u015fvuru Merkezi. Lesotho Vizesi i\u00e7in Trabzon \u015eubemizden Bilgi Almak \u0130\u00e7in Bizi Aray\u0131n: 0850 346 84 93\",\"breadcrumb\":{\"@id\":\"https:\/\/myvize.com.tr\/lesotho\/subelerimiz\/trabzon\/#breadcrumb\"},\"inLanguage\":\"tr\",\"potentialAction\":[{\"@type\":\"ReadAction\",\"target\":[\"https:\/\/myvize.com.tr\/lesotho\/subelerimiz\/trabzon\/\"]}]},{\"@type\":\"BreadcrumbList\",\"@id\":\"https:\/\/myvize.com.tr\/lesotho\/subelerimiz\/trabzon\/#breadcrumb\",\"itemListElement\":[{\"@type\":\"ListItem\",\"position\":1,\"name\":\"Anasayfa\",\"item\":\"https:\/\/myvize.com.tr\/lesotho\/\"},{\"@type\":\"ListItem\",\"position\":2,\"name\":\"\u015eUBELER\u0130M\u0130Z\",\"item\":\"https:\/\/myvize.com.tr\/lesotho\/subelerimiz\/\"},{\"@type\":\"ListItem\",\"position\":3,\"name\":\"Trabzon\"}]},{\"@type\":\"WebSite\",\"@id\":\"https:\/\/myvize.com.tr\/lesotho\/#website\",\"url\":\"https:\/\/myvize.com.tr\/lesotho\/\",\"name\":\"Lesotho Vizesi\",\"description\":\"\",\"potentialAction\":[{\"@type\":\"SearchAction\",\"target\":{\"@type\":\"EntryPoint\",\"urlTemplate\":\"https:\/\/myvize.com.tr\/lesotho\/?s={search_term_string}\"},\"query-input\":{\"@type\":\"PropertyValueSpecification\",\"valueRequired\":true,\"valueName\":\"search_term_string\"}}],\"inLanguage\":\"tr\"}]}<\/script>\n<!-- \/ Yoast SEO plugin. -->","yoast_head_json":{"title":"Lesotho Vizesi Trabzon Ba\u015fvuru \u015eubesi - MyVize","description":"Lesotho Vizesi Trabzon Vize Ba\u015fvuru Merkezi. Lesotho Vizesi i\u00e7in Trabzon \u015eubemizden Bilgi Almak \u0130\u00e7in Bizi Aray\u0131n: 0850 346 84 93","robots":{"index":"index","follow":"follow","max-snippet":"max-snippet:-1","max-image-preview":"max-image-preview:large","max-video-preview":"max-video-preview:-1"},"canonical":"https:\/\/myvize.com.tr\/lesotho\/subelerimiz\/trabzon\/","og_locale":"tr_TR","og_type":"article","og_title":"Lesotho Vizesi Trabzon Ba\u015fvuru \u015eubesi - MyVize","og_description":"Lesotho Vizesi Trabzon Vize Ba\u015fvuru Merkezi. Lesotho Vizesi i\u00e7in Trabzon \u015eubemizden Bilgi Almak \u0130\u00e7in Bizi Aray\u0131n: 0850 346 84 93","og_url":"https:\/\/myvize.com.tr\/lesotho\/subelerimiz\/trabzon\/","og_site_name":"Lesotho Vizesi","article_modified_time":"2022-01-14T12:23:17+00:00","twitter_card":"summary_large_image","twitter_misc":{"Tahmini okuma s\u00fcresi":"1 dakika"},"schema":{"@context":"https:\/\/schema.org","@graph":[{"@type":"WebPage","@id":"https:\/\/myvize.com.tr\/lesotho\/subelerimiz\/trabzon\/","url":"https:\/\/myvize.com.tr\/lesotho\/subelerimiz\/trabzon\/","name":"Lesotho Vizesi Trabzon Ba\u015fvuru \u015eubesi - MyVize","isPartOf":{"@id":"https:\/\/myvize.com.tr\/lesotho\/#website"},"datePublished":"2021-01-15T13:14:02+00:00","dateModified":"2022-01-14T12:23:17+00:00","description":"Lesotho Vizesi Trabzon Vize Ba\u015fvuru Merkezi. Lesotho Vizesi i\u00e7in Trabzon \u015eubemizden Bilgi Almak \u0130\u00e7in Bizi Aray\u0131n: 0850 346 84 93","breadcrumb":{"@id":"https:\/\/myvize.com.tr\/lesotho\/subelerimiz\/trabzon\/#breadcrumb"},"inLanguage":"tr","potentialAction":[{"@type":"ReadAction","target":["https:\/\/myvize.com.tr\/lesotho\/subelerimiz\/trabzon\/"]}]},{"@type":"BreadcrumbList","@id":"https:\/\/myvize.com.tr\/lesotho\/subelerimiz\/trabzon\/#breadcrumb","itemListElement":[{"@type":"ListItem","position":1,"name":"Anasayfa","item":"https:\/\/myvize.com.tr\/lesotho\/"},{"@type":"ListItem","position":2,"name":"\u015eUBELER\u0130M\u0130Z","item":"https:\/\/myvize.com.tr\/lesotho\/subelerimiz\/"},{"@type":"ListItem","position":3,"name":"Trabzon"}]},{"@type":"WebSite","@id":"https:\/\/myvize.com.tr\/lesotho\/#website","url":"https:\/\/myvize.com.tr\/lesotho\/","name":"Lesotho Vizesi","description":"","potentialAction":[{"@type":"SearchAction","target":{"@type":"EntryPoint","urlTemplate":"https:\/\/myvize.com.tr\/lesotho\/?s={search_term_string}"},"query-input":{"@type":"PropertyValueSpecification","valueRequired":true,"valueName":"search_term_string"}}],"inLanguage":"tr"}]}},"_links":{"self":[{"href":"https:\/\/myvize.com.tr\/lesotho\/wp-json\/wp\/v2\/pages\/154","targetHints":{"allow":["GET"]}}],"collection":[{"href":"https:\/\/myvize.com.tr\/lesotho\/wp-json\/wp\/v2\/pages"}],"about":[{"href":"https:\/\/myvize.com.tr\/lesotho\/wp-json\/wp\/v2\/types\/page"}],"author":[{"embeddable":true,"href":"https:\/\/myvize.com.tr\/lesotho\/wp-json\/wp\/v2\/users\/1"}],"replies":[{"embeddable":true,"href":"https:\/\/myvize.com.tr\/lesotho\/wp-json\/wp\/v2\/comments?post=154"}],"version-history":[{"count":4,"href":"https:\/\/myvize.com.tr\/lesotho\/wp-json\/wp\/v2\/pages\/154\/revisions"}],"predecessor-version":[{"id":413,"href":"https:\/\/myvize.com.tr\/lesotho\/wp-json\/wp\/v2\/pages\/154\/revisions\/413"}],"up":[{"embeddable":true,"href":"https:\/\/myvize.com.tr\/lesotho\/wp-json\/wp\/v2\/pages\/147"}],"wp:attachment":[{"href":"https:\/\/myvize.com.tr\/lesotho\/wp-json\/wp\/v2\/media?parent=154"}],"curies":[{"name":"wp","href":"https:\/\/api.w.org\/{rel}","templated":true}]}}