{"id":150,"date":"2021-01-15T16:07:36","date_gmt":"2021-01-15T13:07:36","guid":{"rendered":"https:\/\/myvize.com.tr\/lesotho\/?page_id=150"},"modified":"2022-01-14T16:52:45","modified_gmt":"2022-01-14T13:52:45","slug":"duyurular","status":"publish","type":"page","link":"https:\/\/myvize.com.tr\/lesotho\/duyurular\/","title":{"rendered":"DUYURULAR"},"content":{"rendered":"\n<h2 class=\"wp-block-heading\"><strong>Lesotho Vizesi Duyurular\u0131<\/strong><\/h2>\n","protected":false},"excerpt":{"rendered":"<p>Lesotho Vizesi Duyurular\u0131<\/p>\n","protected":false},"author":1,"featured_media":0,"parent":0,"menu_order":0,"comment_status":"closed","ping_status":"closed","template":"","meta":{"footnotes":""},"class_list":["post-150","page","type-page","status-publish","hentry"],"yoast_head":"<!-- This site is optimized with the Yoast SEO plugin v24.0 - https:\/\/yoast.com\/wordpress\/plugins\/seo\/ -->\n<title>Lesotho Vizesi Duyurular\u0131 - MyVize<\/title>\n<meta name=\"description\" content=\"Lesotho Vizesi Duyurular\u0131 Nelerdir? Lesotho \u00dclkesi Covid19 Duyurular\u0131. Lesotho Duyurular\u0131 Hakk\u0131nda Bizimle \u0130leti\u015fime Ge\u00e7in: 0850 346 84 93\" \/>\n<meta name=\"robots\" content=\"index, follow, max-snippet:-1, max-image-preview:large, max-video-preview:-1\" \/>\n<link rel=\"canonical\" href=\"https:\/\/myvize.com.tr\/lesotho\/duyurular\/\" \/>\n<meta property=\"og:locale\" content=\"tr_TR\" \/>\n<meta property=\"og:type\" content=\"article\" \/>\n<meta property=\"og:title\" content=\"Lesotho Vizesi Duyurular\u0131 - MyVize\" \/>\n<meta property=\"og:description\" content=\"Lesotho Vizesi Duyurular\u0131 Nelerdir? Lesotho \u00dclkesi Covid19 Duyurular\u0131. Lesotho Duyurular\u0131 Hakk\u0131nda Bizimle \u0130leti\u015fime Ge\u00e7in: 0850 346 84 93\" \/>\n<meta property=\"og:url\" content=\"https:\/\/myvize.com.tr\/lesotho\/duyurular\/\" \/>\n<meta property=\"og:site_name\" content=\"Lesotho Vizesi\" \/>\n<meta property=\"article:modified_time\" content=\"2022-01-14T13:52:45+00:00\" \/>\n<meta name=\"twitter:card\" content=\"summary_large_image\" \/>\n<meta name=\"twitter:label1\" content=\"Tahmini okuma s\u00fcresi\" \/>\n\t<meta name=\"twitter:data1\" content=\"1 dakika\" \/>\n<script type=\"application\/ld+json\" class=\"yoast-schema-graph\">{\"@context\":\"https:\/\/schema.org\",\"@graph\":[{\"@type\":\"WebPage\",\"@id\":\"https:\/\/myvize.com.tr\/lesotho\/duyurular\/\",\"url\":\"https:\/\/myvize.com.tr\/lesotho\/duyurular\/\",\"name\":\"Lesotho Vizesi Duyurular\u0131 - MyVize\",\"isPartOf\":{\"@id\":\"https:\/\/myvize.com.tr\/lesotho\/#website\"},\"datePublished\":\"2021-01-15T13:07:36+00:00\",\"dateModified\":\"2022-01-14T13:52:45+00:00\",\"description\":\"Lesotho Vizesi Duyurular\u0131 Nelerdir? Lesotho \u00dclkesi Covid19 Duyurular\u0131. Lesotho Duyurular\u0131 Hakk\u0131nda Bizimle \u0130leti\u015fime Ge\u00e7in: 0850 346 84 93\",\"breadcrumb\":{\"@id\":\"https:\/\/myvize.com.tr\/lesotho\/duyurular\/#breadcrumb\"},\"inLanguage\":\"tr\",\"potentialAction\":[{\"@type\":\"ReadAction\",\"target\":[\"https:\/\/myvize.com.tr\/lesotho\/duyurular\/\"]}]},{\"@type\":\"BreadcrumbList\",\"@id\":\"https:\/\/myvize.com.tr\/lesotho\/duyurular\/#breadcrumb\",\"itemListElement\":[{\"@type\":\"ListItem\",\"position\":1,\"name\":\"Anasayfa\",\"item\":\"https:\/\/myvize.com.tr\/lesotho\/\"},{\"@type\":\"ListItem\",\"position\":2,\"name\":\"DUYURULAR\"}]},{\"@type\":\"WebSite\",\"@id\":\"https:\/\/myvize.com.tr\/lesotho\/#website\",\"url\":\"https:\/\/myvize.com.tr\/lesotho\/\",\"name\":\"Lesotho Vizesi\",\"description\":\"\",\"potentialAction\":[{\"@type\":\"SearchAction\",\"target\":{\"@type\":\"EntryPoint\",\"urlTemplate\":\"https:\/\/myvize.com.tr\/lesotho\/?s={search_term_string}\"},\"query-input\":{\"@type\":\"PropertyValueSpecification\",\"valueRequired\":true,\"valueName\":\"search_term_string\"}}],\"inLanguage\":\"tr\"}]}<\/script>\n<!-- \/ Yoast SEO plugin. -->","yoast_head_json":{"title":"Lesotho Vizesi Duyurular\u0131 - MyVize","description":"Lesotho Vizesi Duyurular\u0131 Nelerdir? Lesotho \u00dclkesi Covid19 Duyurular\u0131. Lesotho Duyurular\u0131 Hakk\u0131nda Bizimle \u0130leti\u015fime Ge\u00e7in: 0850 346 84 93","robots":{"index":"index","follow":"follow","max-snippet":"max-snippet:-1","max-image-preview":"max-image-preview:large","max-video-preview":"max-video-preview:-1"},"canonical":"https:\/\/myvize.com.tr\/lesotho\/duyurular\/","og_locale":"tr_TR","og_type":"article","og_title":"Lesotho Vizesi Duyurular\u0131 - MyVize","og_description":"Lesotho Vizesi Duyurular\u0131 Nelerdir? Lesotho \u00dclkesi Covid19 Duyurular\u0131. Lesotho Duyurular\u0131 Hakk\u0131nda Bizimle \u0130leti\u015fime Ge\u00e7in: 0850 346 84 93","og_url":"https:\/\/myvize.com.tr\/lesotho\/duyurular\/","og_site_name":"Lesotho Vizesi","article_modified_time":"2022-01-14T13:52:45+00:00","twitter_card":"summary_large_image","twitter_misc":{"Tahmini okuma s\u00fcresi":"1 dakika"},"schema":{"@context":"https:\/\/schema.org","@graph":[{"@type":"WebPage","@id":"https:\/\/myvize.com.tr\/lesotho\/duyurular\/","url":"https:\/\/myvize.com.tr\/lesotho\/duyurular\/","name":"Lesotho Vizesi Duyurular\u0131 - MyVize","isPartOf":{"@id":"https:\/\/myvize.com.tr\/lesotho\/#website"},"datePublished":"2021-01-15T13:07:36+00:00","dateModified":"2022-01-14T13:52:45+00:00","description":"Lesotho Vizesi Duyurular\u0131 Nelerdir? Lesotho \u00dclkesi Covid19 Duyurular\u0131. Lesotho Duyurular\u0131 Hakk\u0131nda Bizimle \u0130leti\u015fime Ge\u00e7in: 0850 346 84 93","breadcrumb":{"@id":"https:\/\/myvize.com.tr\/lesotho\/duyurular\/#breadcrumb"},"inLanguage":"tr","potentialAction":[{"@type":"ReadAction","target":["https:\/\/myvize.com.tr\/lesotho\/duyurular\/"]}]},{"@type":"BreadcrumbList","@id":"https:\/\/myvize.com.tr\/lesotho\/duyurular\/#breadcrumb","itemListElement":[{"@type":"ListItem","position":1,"name":"Anasayfa","item":"https:\/\/myvize.com.tr\/lesotho\/"},{"@type":"ListItem","position":2,"name":"DUYURULAR"}]},{"@type":"WebSite","@id":"https:\/\/myvize.com.tr\/lesotho\/#website","url":"https:\/\/myvize.com.tr\/lesotho\/","name":"Lesotho Vizesi","description":"","potentialAction":[{"@type":"SearchAction","target":{"@type":"EntryPoint","urlTemplate":"https:\/\/myvize.com.tr\/lesotho\/?s={search_term_string}"},"query-input":{"@type":"PropertyValueSpecification","valueRequired":true,"valueName":"search_term_string"}}],"inLanguage":"tr"}]}},"_links":{"self":[{"href":"https:\/\/myvize.com.tr\/lesotho\/wp-json\/wp\/v2\/pages\/150","targetHints":{"allow":["GET"]}}],"collection":[{"href":"https:\/\/myvize.com.tr\/lesotho\/wp-json\/wp\/v2\/pages"}],"about":[{"href":"https:\/\/myvize.com.tr\/lesotho\/wp-json\/wp\/v2\/types\/page"}],"author":[{"embeddable":true,"href":"https:\/\/myvize.com.tr\/lesotho\/wp-json\/wp\/v2\/users\/1"}],"replies":[{"embeddable":true,"href":"https:\/\/myvize.com.tr\/lesotho\/wp-json\/wp\/v2\/comments?post=150"}],"version-history":[{"count":3,"href":"https:\/\/myvize.com.tr\/lesotho\/wp-json\/wp\/v2\/pages\/150\/revisions"}],"predecessor-version":[{"id":376,"href":"https:\/\/myvize.com.tr\/lesotho\/wp-json\/wp\/v2\/pages\/150\/revisions\/376"}],"wp:attachment":[{"href":"https:\/\/myvize.com.tr\/lesotho\/wp-json\/wp\/v2\/media?parent=150"}],"curies":[{"name":"wp","href":"https:\/\/api.w.org\/{rel}","templated":true}]}}