{"id":308,"date":"2021-01-25T09:39:43","date_gmt":"2021-01-25T06:39:43","guid":{"rendered":"https:\/\/myvize.com.tr\/laos\/?page_id=308"},"modified":"2022-01-14T15:37:52","modified_gmt":"2022-01-14T12:37:52","slug":"yatirimcilara-laos-vatandasligi","status":"publish","type":"page","link":"https:\/\/myvize.com.tr\/laos\/oturum-2\/yatirimcilara-laos-vatandasligi\/","title":{"rendered":"Yat\u0131r\u0131mc\u0131lara Laos Vatanda\u015fl\u0131\u011f\u0131"},"content":{"rendered":"\n<h2 class=\"wp-block-heading\">Yat\u0131r\u0131mc\u0131lara Laos Vatanda\u015fl\u0131\u011f\u0131 Hakk\u0131nda<\/h2>\n","protected":false},"excerpt":{"rendered":"<p>Yat\u0131r\u0131mc\u0131lara Laos Vatanda\u015fl\u0131\u011f\u0131 Hakk\u0131nda<\/p>\n","protected":false},"author":1,"featured_media":0,"parent":138,"menu_order":0,"comment_status":"closed","ping_status":"closed","template":"","meta":{"footnotes":""},"class_list":["post-308","page","type-page","status-publish","hentry"],"yoast_head":"<!-- This site is optimized with the Yoast SEO plugin v24.0 - https:\/\/yoast.com\/wordpress\/plugins\/seo\/ -->\n<title>Yat\u0131r\u0131mc\u0131lara Laos Vatanda\u015fl\u0131\u011f\u0131 - MyVize<\/title>\n<meta name=\"description\" content=\"Yat\u0131r\u0131mc\u0131lara Laos Vatanda\u015fl\u0131\u011f\u0131 nas\u0131l al\u0131n\u0131r? Yat\u0131r\u0131mc\u0131lara Laos Vatanda\u015fl\u0131k \u015eartlar\u0131 neler? Yat\u0131r\u0131mc\u0131lara Laos Vatanda\u015fl\u0131k \u00dccreti nedir?\" \/>\n<meta name=\"robots\" content=\"index, follow, max-snippet:-1, max-image-preview:large, max-video-preview:-1\" \/>\n<link rel=\"canonical\" href=\"https:\/\/myvize.com.tr\/laos\/oturum-2\/yatirimcilara-laos-vatandasligi\/\" \/>\n<meta property=\"og:locale\" content=\"tr_TR\" \/>\n<meta property=\"og:type\" content=\"article\" \/>\n<meta property=\"og:title\" content=\"Yat\u0131r\u0131mc\u0131lara Laos Vatanda\u015fl\u0131\u011f\u0131 - MyVize\" \/>\n<meta property=\"og:description\" content=\"Yat\u0131r\u0131mc\u0131lara Laos Vatanda\u015fl\u0131\u011f\u0131 nas\u0131l al\u0131n\u0131r? Yat\u0131r\u0131mc\u0131lara Laos Vatanda\u015fl\u0131k \u015eartlar\u0131 neler? Yat\u0131r\u0131mc\u0131lara Laos Vatanda\u015fl\u0131k \u00dccreti nedir?\" \/>\n<meta property=\"og:url\" content=\"https:\/\/myvize.com.tr\/laos\/oturum-2\/yatirimcilara-laos-vatandasligi\/\" \/>\n<meta property=\"og:site_name\" content=\"Laos Vizesi\" \/>\n<meta property=\"article:modified_time\" content=\"2022-01-14T12:37:52+00:00\" \/>\n<meta name=\"twitter:card\" content=\"summary_large_image\" \/>\n<meta name=\"twitter:label1\" content=\"Tahmini okuma s\u00fcresi\" \/>\n\t<meta name=\"twitter:data1\" content=\"1 dakika\" \/>\n<script type=\"application\/ld+json\" class=\"yoast-schema-graph\">{\"@context\":\"https:\/\/schema.org\",\"@graph\":[{\"@type\":\"WebPage\",\"@id\":\"https:\/\/myvize.com.tr\/laos\/oturum-2\/yatirimcilara-laos-vatandasligi\/\",\"url\":\"https:\/\/myvize.com.tr\/laos\/oturum-2\/yatirimcilara-laos-vatandasligi\/\",\"name\":\"Yat\u0131r\u0131mc\u0131lara Laos Vatanda\u015fl\u0131\u011f\u0131 - MyVize\",\"isPartOf\":{\"@id\":\"https:\/\/myvize.com.tr\/laos\/#website\"},\"datePublished\":\"2021-01-25T06:39:43+00:00\",\"dateModified\":\"2022-01-14T12:37:52+00:00\",\"description\":\"Yat\u0131r\u0131mc\u0131lara Laos Vatanda\u015fl\u0131\u011f\u0131 nas\u0131l al\u0131n\u0131r? Yat\u0131r\u0131mc\u0131lara Laos Vatanda\u015fl\u0131k \u015eartlar\u0131 neler? Yat\u0131r\u0131mc\u0131lara Laos Vatanda\u015fl\u0131k \u00dccreti nedir?\",\"breadcrumb\":{\"@id\":\"https:\/\/myvize.com.tr\/laos\/oturum-2\/yatirimcilara-laos-vatandasligi\/#breadcrumb\"},\"inLanguage\":\"tr\",\"potentialAction\":[{\"@type\":\"ReadAction\",\"target\":[\"https:\/\/myvize.com.tr\/laos\/oturum-2\/yatirimcilara-laos-vatandasligi\/\"]}]},{\"@type\":\"BreadcrumbList\",\"@id\":\"https:\/\/myvize.com.tr\/laos\/oturum-2\/yatirimcilara-laos-vatandasligi\/#breadcrumb\",\"itemListElement\":[{\"@type\":\"ListItem\",\"position\":1,\"name\":\"Anasayfa\",\"item\":\"https:\/\/myvize.com.tr\/laos\/\"},{\"@type\":\"ListItem\",\"position\":2,\"name\":\"OTURUM\",\"item\":\"https:\/\/myvize.com.tr\/laos\/oturum-2\/\"},{\"@type\":\"ListItem\",\"position\":3,\"name\":\"Yat\u0131r\u0131mc\u0131lara Laos Vatanda\u015fl\u0131\u011f\u0131\"}]},{\"@type\":\"WebSite\",\"@id\":\"https:\/\/myvize.com.tr\/laos\/#website\",\"url\":\"https:\/\/myvize.com.tr\/laos\/\",\"name\":\"Laos Vizesi\",\"description\":\"\",\"potentialAction\":[{\"@type\":\"SearchAction\",\"target\":{\"@type\":\"EntryPoint\",\"urlTemplate\":\"https:\/\/myvize.com.tr\/laos\/?s={search_term_string}\"},\"query-input\":{\"@type\":\"PropertyValueSpecification\",\"valueRequired\":true,\"valueName\":\"search_term_string\"}}],\"inLanguage\":\"tr\"}]}<\/script>\n<!-- \/ Yoast SEO plugin. -->","yoast_head_json":{"title":"Yat\u0131r\u0131mc\u0131lara Laos Vatanda\u015fl\u0131\u011f\u0131 - MyVize","description":"Yat\u0131r\u0131mc\u0131lara Laos Vatanda\u015fl\u0131\u011f\u0131 nas\u0131l al\u0131n\u0131r? Yat\u0131r\u0131mc\u0131lara Laos Vatanda\u015fl\u0131k \u015eartlar\u0131 neler? Yat\u0131r\u0131mc\u0131lara Laos Vatanda\u015fl\u0131k \u00dccreti nedir?","robots":{"index":"index","follow":"follow","max-snippet":"max-snippet:-1","max-image-preview":"max-image-preview:large","max-video-preview":"max-video-preview:-1"},"canonical":"https:\/\/myvize.com.tr\/laos\/oturum-2\/yatirimcilara-laos-vatandasligi\/","og_locale":"tr_TR","og_type":"article","og_title":"Yat\u0131r\u0131mc\u0131lara Laos Vatanda\u015fl\u0131\u011f\u0131 - MyVize","og_description":"Yat\u0131r\u0131mc\u0131lara Laos Vatanda\u015fl\u0131\u011f\u0131 nas\u0131l al\u0131n\u0131r? Yat\u0131r\u0131mc\u0131lara Laos Vatanda\u015fl\u0131k \u015eartlar\u0131 neler? Yat\u0131r\u0131mc\u0131lara Laos Vatanda\u015fl\u0131k \u00dccreti nedir?","og_url":"https:\/\/myvize.com.tr\/laos\/oturum-2\/yatirimcilara-laos-vatandasligi\/","og_site_name":"Laos Vizesi","article_modified_time":"2022-01-14T12:37:52+00:00","twitter_card":"summary_large_image","twitter_misc":{"Tahmini okuma s\u00fcresi":"1 dakika"},"schema":{"@context":"https:\/\/schema.org","@graph":[{"@type":"WebPage","@id":"https:\/\/myvize.com.tr\/laos\/oturum-2\/yatirimcilara-laos-vatandasligi\/","url":"https:\/\/myvize.com.tr\/laos\/oturum-2\/yatirimcilara-laos-vatandasligi\/","name":"Yat\u0131r\u0131mc\u0131lara Laos Vatanda\u015fl\u0131\u011f\u0131 - MyVize","isPartOf":{"@id":"https:\/\/myvize.com.tr\/laos\/#website"},"datePublished":"2021-01-25T06:39:43+00:00","dateModified":"2022-01-14T12:37:52+00:00","description":"Yat\u0131r\u0131mc\u0131lara Laos Vatanda\u015fl\u0131\u011f\u0131 nas\u0131l al\u0131n\u0131r? Yat\u0131r\u0131mc\u0131lara Laos Vatanda\u015fl\u0131k \u015eartlar\u0131 neler? Yat\u0131r\u0131mc\u0131lara Laos Vatanda\u015fl\u0131k \u00dccreti nedir?","breadcrumb":{"@id":"https:\/\/myvize.com.tr\/laos\/oturum-2\/yatirimcilara-laos-vatandasligi\/#breadcrumb"},"inLanguage":"tr","potentialAction":[{"@type":"ReadAction","target":["https:\/\/myvize.com.tr\/laos\/oturum-2\/yatirimcilara-laos-vatandasligi\/"]}]},{"@type":"BreadcrumbList","@id":"https:\/\/myvize.com.tr\/laos\/oturum-2\/yatirimcilara-laos-vatandasligi\/#breadcrumb","itemListElement":[{"@type":"ListItem","position":1,"name":"Anasayfa","item":"https:\/\/myvize.com.tr\/laos\/"},{"@type":"ListItem","position":2,"name":"OTURUM","item":"https:\/\/myvize.com.tr\/laos\/oturum-2\/"},{"@type":"ListItem","position":3,"name":"Yat\u0131r\u0131mc\u0131lara Laos Vatanda\u015fl\u0131\u011f\u0131"}]},{"@type":"WebSite","@id":"https:\/\/myvize.com.tr\/laos\/#website","url":"https:\/\/myvize.com.tr\/laos\/","name":"Laos Vizesi","description":"","potentialAction":[{"@type":"SearchAction","target":{"@type":"EntryPoint","urlTemplate":"https:\/\/myvize.com.tr\/laos\/?s={search_term_string}"},"query-input":{"@type":"PropertyValueSpecification","valueRequired":true,"valueName":"search_term_string"}}],"inLanguage":"tr"}]}},"_links":{"self":[{"href":"https:\/\/myvize.com.tr\/laos\/wp-json\/wp\/v2\/pages\/308","targetHints":{"allow":["GET"]}}],"collection":[{"href":"https:\/\/myvize.com.tr\/laos\/wp-json\/wp\/v2\/pages"}],"about":[{"href":"https:\/\/myvize.com.tr\/laos\/wp-json\/wp\/v2\/types\/page"}],"author":[{"embeddable":true,"href":"https:\/\/myvize.com.tr\/laos\/wp-json\/wp\/v2\/users\/1"}],"replies":[{"embeddable":true,"href":"https:\/\/myvize.com.tr\/laos\/wp-json\/wp\/v2\/comments?post=308"}],"version-history":[{"count":2,"href":"https:\/\/myvize.com.tr\/laos\/wp-json\/wp\/v2\/pages\/308\/revisions"}],"predecessor-version":[{"id":338,"href":"https:\/\/myvize.com.tr\/laos\/wp-json\/wp\/v2\/pages\/308\/revisions\/338"}],"up":[{"embeddable":true,"href":"https:\/\/myvize.com.tr\/laos\/wp-json\/wp\/v2\/pages\/138"}],"wp:attachment":[{"href":"https:\/\/myvize.com.tr\/laos\/wp-json\/wp\/v2\/media?parent=308"}],"curies":[{"name":"wp","href":"https:\/\/api.w.org\/{rel}","templated":true}]}}