{"id":270,"date":"2021-01-20T15:12:36","date_gmt":"2021-01-20T12:12:36","guid":{"rendered":"https:\/\/myvize.com.tr\/kore\/?page_id=270"},"modified":"2022-01-14T11:56:04","modified_gmt":"2022-01-14T08:56:04","slug":"ticari-vize","status":"publish","type":"page","link":"https:\/\/myvize.com.tr\/kore\/vize-islemleri\/ticari-vize\/","title":{"rendered":"Kore Ticari Vize"},"content":{"rendered":"\n<h2 class=\"wp-block-heading\"><strong>Kore Ticari Vize \u0130\u015flemleri<\/strong><\/h2>\n","protected":false},"excerpt":{"rendered":"<p>Kore Ticari Vize \u0130\u015flemleri<\/p>\n","protected":false},"author":1,"featured_media":0,"parent":18,"menu_order":0,"comment_status":"closed","ping_status":"closed","template":"","meta":{"footnotes":""},"class_list":["post-270","page","type-page","status-publish","hentry"],"yoast_head":"<!-- This site is optimized with the Yoast SEO plugin v24.0 - https:\/\/yoast.com\/wordpress\/plugins\/seo\/ -->\n<title>Kore Ticari Vize \u0130\u015flemleri - Kore Vizesi - MyVize<\/title>\n<meta name=\"description\" content=\"Kore Ticari Vize \u0130\u015flemleri nelerdir? Kore Ticari Vizesi nas\u0131l al\u0131n\u0131r? Kore Ticari Vize alma \u015fartlar\u0131 nelerdir? Kore Ticari Vize \u00fccreti nedir?\" \/>\n<meta name=\"robots\" content=\"index, follow, max-snippet:-1, max-image-preview:large, max-video-preview:-1\" \/>\n<link rel=\"canonical\" href=\"https:\/\/myvize.com.tr\/kore\/vize-islemleri\/ticari-vize\/\" \/>\n<meta property=\"og:locale\" content=\"tr_TR\" \/>\n<meta property=\"og:type\" content=\"article\" \/>\n<meta property=\"og:title\" content=\"Kore Ticari Vize \u0130\u015flemleri - Kore Vizesi - MyVize\" \/>\n<meta property=\"og:description\" content=\"Kore Ticari Vize \u0130\u015flemleri nelerdir? Kore Ticari Vizesi nas\u0131l al\u0131n\u0131r? Kore Ticari Vize alma \u015fartlar\u0131 nelerdir? Kore Ticari Vize \u00fccreti nedir?\" \/>\n<meta property=\"og:url\" content=\"https:\/\/myvize.com.tr\/kore\/vize-islemleri\/ticari-vize\/\" \/>\n<meta property=\"og:site_name\" content=\"Kore Vizesi\" \/>\n<meta property=\"article:modified_time\" content=\"2022-01-14T08:56:04+00:00\" \/>\n<meta name=\"twitter:card\" content=\"summary_large_image\" \/>\n<meta name=\"twitter:label1\" content=\"Tahmini okuma s\u00fcresi\" \/>\n\t<meta name=\"twitter:data1\" content=\"1 dakika\" \/>\n<script type=\"application\/ld+json\" class=\"yoast-schema-graph\">{\"@context\":\"https:\/\/schema.org\",\"@graph\":[{\"@type\":\"WebPage\",\"@id\":\"https:\/\/myvize.com.tr\/kore\/vize-islemleri\/ticari-vize\/\",\"url\":\"https:\/\/myvize.com.tr\/kore\/vize-islemleri\/ticari-vize\/\",\"name\":\"Kore Ticari Vize \u0130\u015flemleri - Kore Vizesi - MyVize\",\"isPartOf\":{\"@id\":\"https:\/\/myvize.com.tr\/kore\/#website\"},\"datePublished\":\"2021-01-20T12:12:36+00:00\",\"dateModified\":\"2022-01-14T08:56:04+00:00\",\"description\":\"Kore Ticari Vize \u0130\u015flemleri nelerdir? Kore Ticari Vizesi nas\u0131l al\u0131n\u0131r? Kore Ticari Vize alma \u015fartlar\u0131 nelerdir? Kore Ticari Vize \u00fccreti nedir?\",\"breadcrumb\":{\"@id\":\"https:\/\/myvize.com.tr\/kore\/vize-islemleri\/ticari-vize\/#breadcrumb\"},\"inLanguage\":\"tr\",\"potentialAction\":[{\"@type\":\"ReadAction\",\"target\":[\"https:\/\/myvize.com.tr\/kore\/vize-islemleri\/ticari-vize\/\"]}]},{\"@type\":\"BreadcrumbList\",\"@id\":\"https:\/\/myvize.com.tr\/kore\/vize-islemleri\/ticari-vize\/#breadcrumb\",\"itemListElement\":[{\"@type\":\"ListItem\",\"position\":1,\"name\":\"Anasayfa\",\"item\":\"https:\/\/myvize.com.tr\/kore\/\"},{\"@type\":\"ListItem\",\"position\":2,\"name\":\"V\u0130ZE \u0130\u015eLEMLER\u0130\",\"item\":\"https:\/\/myvize.com.tr\/kore\/vize-islemleri\/\"},{\"@type\":\"ListItem\",\"position\":3,\"name\":\"Kore Ticari Vize\"}]},{\"@type\":\"WebSite\",\"@id\":\"https:\/\/myvize.com.tr\/kore\/#website\",\"url\":\"https:\/\/myvize.com.tr\/kore\/\",\"name\":\"Kore Vizesi\",\"description\":\"\",\"potentialAction\":[{\"@type\":\"SearchAction\",\"target\":{\"@type\":\"EntryPoint\",\"urlTemplate\":\"https:\/\/myvize.com.tr\/kore\/?s={search_term_string}\"},\"query-input\":{\"@type\":\"PropertyValueSpecification\",\"valueRequired\":true,\"valueName\":\"search_term_string\"}}],\"inLanguage\":\"tr\"}]}<\/script>\n<!-- \/ Yoast SEO plugin. -->","yoast_head_json":{"title":"Kore Ticari Vize \u0130\u015flemleri - Kore Vizesi - MyVize","description":"Kore Ticari Vize \u0130\u015flemleri nelerdir? Kore Ticari Vizesi nas\u0131l al\u0131n\u0131r? Kore Ticari Vize alma \u015fartlar\u0131 nelerdir? Kore Ticari Vize \u00fccreti nedir?","robots":{"index":"index","follow":"follow","max-snippet":"max-snippet:-1","max-image-preview":"max-image-preview:large","max-video-preview":"max-video-preview:-1"},"canonical":"https:\/\/myvize.com.tr\/kore\/vize-islemleri\/ticari-vize\/","og_locale":"tr_TR","og_type":"article","og_title":"Kore Ticari Vize \u0130\u015flemleri - Kore Vizesi - MyVize","og_description":"Kore Ticari Vize \u0130\u015flemleri nelerdir? Kore Ticari Vizesi nas\u0131l al\u0131n\u0131r? Kore Ticari Vize alma \u015fartlar\u0131 nelerdir? Kore Ticari Vize \u00fccreti nedir?","og_url":"https:\/\/myvize.com.tr\/kore\/vize-islemleri\/ticari-vize\/","og_site_name":"Kore Vizesi","article_modified_time":"2022-01-14T08:56:04+00:00","twitter_card":"summary_large_image","twitter_misc":{"Tahmini okuma s\u00fcresi":"1 dakika"},"schema":{"@context":"https:\/\/schema.org","@graph":[{"@type":"WebPage","@id":"https:\/\/myvize.com.tr\/kore\/vize-islemleri\/ticari-vize\/","url":"https:\/\/myvize.com.tr\/kore\/vize-islemleri\/ticari-vize\/","name":"Kore Ticari Vize \u0130\u015flemleri - Kore Vizesi - MyVize","isPartOf":{"@id":"https:\/\/myvize.com.tr\/kore\/#website"},"datePublished":"2021-01-20T12:12:36+00:00","dateModified":"2022-01-14T08:56:04+00:00","description":"Kore Ticari Vize \u0130\u015flemleri nelerdir? Kore Ticari Vizesi nas\u0131l al\u0131n\u0131r? Kore Ticari Vize alma \u015fartlar\u0131 nelerdir? Kore Ticari Vize \u00fccreti nedir?","breadcrumb":{"@id":"https:\/\/myvize.com.tr\/kore\/vize-islemleri\/ticari-vize\/#breadcrumb"},"inLanguage":"tr","potentialAction":[{"@type":"ReadAction","target":["https:\/\/myvize.com.tr\/kore\/vize-islemleri\/ticari-vize\/"]}]},{"@type":"BreadcrumbList","@id":"https:\/\/myvize.com.tr\/kore\/vize-islemleri\/ticari-vize\/#breadcrumb","itemListElement":[{"@type":"ListItem","position":1,"name":"Anasayfa","item":"https:\/\/myvize.com.tr\/kore\/"},{"@type":"ListItem","position":2,"name":"V\u0130ZE \u0130\u015eLEMLER\u0130","item":"https:\/\/myvize.com.tr\/kore\/vize-islemleri\/"},{"@type":"ListItem","position":3,"name":"Kore Ticari Vize"}]},{"@type":"WebSite","@id":"https:\/\/myvize.com.tr\/kore\/#website","url":"https:\/\/myvize.com.tr\/kore\/","name":"Kore Vizesi","description":"","potentialAction":[{"@type":"SearchAction","target":{"@type":"EntryPoint","urlTemplate":"https:\/\/myvize.com.tr\/kore\/?s={search_term_string}"},"query-input":{"@type":"PropertyValueSpecification","valueRequired":true,"valueName":"search_term_string"}}],"inLanguage":"tr"}]}},"_links":{"self":[{"href":"https:\/\/myvize.com.tr\/kore\/wp-json\/wp\/v2\/pages\/270","targetHints":{"allow":["GET"]}}],"collection":[{"href":"https:\/\/myvize.com.tr\/kore\/wp-json\/wp\/v2\/pages"}],"about":[{"href":"https:\/\/myvize.com.tr\/kore\/wp-json\/wp\/v2\/types\/page"}],"author":[{"embeddable":true,"href":"https:\/\/myvize.com.tr\/kore\/wp-json\/wp\/v2\/users\/1"}],"replies":[{"embeddable":true,"href":"https:\/\/myvize.com.tr\/kore\/wp-json\/wp\/v2\/comments?post=270"}],"version-history":[{"count":3,"href":"https:\/\/myvize.com.tr\/kore\/wp-json\/wp\/v2\/pages\/270\/revisions"}],"predecessor-version":[{"id":397,"href":"https:\/\/myvize.com.tr\/kore\/wp-json\/wp\/v2\/pages\/270\/revisions\/397"}],"up":[{"embeddable":true,"href":"https:\/\/myvize.com.tr\/kore\/wp-json\/wp\/v2\/pages\/18"}],"wp:attachment":[{"href":"https:\/\/myvize.com.tr\/kore\/wp-json\/wp\/v2\/media?parent=270"}],"curies":[{"name":"wp","href":"https:\/\/api.w.org\/{rel}","templated":true}]}}