{"id":18,"date":"2020-11-30T08:50:13","date_gmt":"2020-11-30T05:50:13","guid":{"rendered":"https:\/\/myvize.com.tr\/kore\/?page_id=18"},"modified":"2022-01-14T11:55:57","modified_gmt":"2022-01-14T08:55:57","slug":"vize-islemleri","status":"publish","type":"page","link":"https:\/\/myvize.com.tr\/kore\/vize-islemleri\/","title":{"rendered":"V\u0130ZE \u0130\u015eLEMLER\u0130"},"content":{"rendered":"\n<h2 class=\"wp-block-heading\"><strong>Kore Vize \u0130\u015flemleri \u0130le \u0130lgili<\/strong><\/h2>\n\n\n\n<p><\/p>\n","protected":false},"excerpt":{"rendered":"<p>Kore Vize \u0130\u015flemleri \u0130le \u0130lgili<\/p>\n","protected":false},"author":1,"featured_media":0,"parent":0,"menu_order":0,"comment_status":"closed","ping_status":"closed","template":"","meta":{"footnotes":""},"class_list":["post-18","page","type-page","status-publish","hentry"],"yoast_head":"<!-- This site is optimized with the Yoast SEO plugin v24.0 - https:\/\/yoast.com\/wordpress\/plugins\/seo\/ -->\n<title>Kore Vize \u0130\u015flemleri - Kore Vizesi - MyVize<\/title>\n<meta name=\"description\" content=\"Kore Vize \u0130\u015flemleri Nelerdir? Kore Vize \u0130\u015flemleri Nas\u0131l Yap\u0131l\u0131r? Kore Vize \u0130\u015flemleri \u0130\u00e7in Gerekli Evraklar Nelerdir?\" \/>\n<meta name=\"robots\" content=\"index, follow, max-snippet:-1, max-image-preview:large, max-video-preview:-1\" \/>\n<link rel=\"canonical\" href=\"https:\/\/myvize.com.tr\/kore\/vize-islemleri\/\" \/>\n<meta property=\"og:locale\" content=\"tr_TR\" \/>\n<meta property=\"og:type\" content=\"article\" \/>\n<meta property=\"og:title\" content=\"Kore Vize \u0130\u015flemleri - Kore Vizesi - MyVize\" \/>\n<meta property=\"og:description\" content=\"Kore Vize \u0130\u015flemleri Nelerdir? Kore Vize \u0130\u015flemleri Nas\u0131l Yap\u0131l\u0131r? Kore Vize \u0130\u015flemleri \u0130\u00e7in Gerekli Evraklar Nelerdir?\" \/>\n<meta property=\"og:url\" content=\"https:\/\/myvize.com.tr\/kore\/vize-islemleri\/\" \/>\n<meta property=\"og:site_name\" content=\"Kore Vizesi\" \/>\n<meta property=\"article:modified_time\" content=\"2022-01-14T08:55:57+00:00\" \/>\n<meta name=\"twitter:card\" content=\"summary_large_image\" \/>\n<meta name=\"twitter:label1\" content=\"Tahmini okuma s\u00fcresi\" \/>\n\t<meta name=\"twitter:data1\" content=\"1 dakika\" \/>\n<script type=\"application\/ld+json\" class=\"yoast-schema-graph\">{\"@context\":\"https:\/\/schema.org\",\"@graph\":[{\"@type\":\"WebPage\",\"@id\":\"https:\/\/myvize.com.tr\/kore\/vize-islemleri\/\",\"url\":\"https:\/\/myvize.com.tr\/kore\/vize-islemleri\/\",\"name\":\"Kore Vize \u0130\u015flemleri - Kore Vizesi - MyVize\",\"isPartOf\":{\"@id\":\"https:\/\/myvize.com.tr\/kore\/#website\"},\"datePublished\":\"2020-11-30T05:50:13+00:00\",\"dateModified\":\"2022-01-14T08:55:57+00:00\",\"description\":\"Kore Vize \u0130\u015flemleri Nelerdir? Kore Vize \u0130\u015flemleri Nas\u0131l Yap\u0131l\u0131r? Kore Vize \u0130\u015flemleri \u0130\u00e7in Gerekli Evraklar Nelerdir?\",\"breadcrumb\":{\"@id\":\"https:\/\/myvize.com.tr\/kore\/vize-islemleri\/#breadcrumb\"},\"inLanguage\":\"tr\",\"potentialAction\":[{\"@type\":\"ReadAction\",\"target\":[\"https:\/\/myvize.com.tr\/kore\/vize-islemleri\/\"]}]},{\"@type\":\"BreadcrumbList\",\"@id\":\"https:\/\/myvize.com.tr\/kore\/vize-islemleri\/#breadcrumb\",\"itemListElement\":[{\"@type\":\"ListItem\",\"position\":1,\"name\":\"Anasayfa\",\"item\":\"https:\/\/myvize.com.tr\/kore\/\"},{\"@type\":\"ListItem\",\"position\":2,\"name\":\"V\u0130ZE \u0130\u015eLEMLER\u0130\"}]},{\"@type\":\"WebSite\",\"@id\":\"https:\/\/myvize.com.tr\/kore\/#website\",\"url\":\"https:\/\/myvize.com.tr\/kore\/\",\"name\":\"Kore Vizesi\",\"description\":\"\",\"potentialAction\":[{\"@type\":\"SearchAction\",\"target\":{\"@type\":\"EntryPoint\",\"urlTemplate\":\"https:\/\/myvize.com.tr\/kore\/?s={search_term_string}\"},\"query-input\":{\"@type\":\"PropertyValueSpecification\",\"valueRequired\":true,\"valueName\":\"search_term_string\"}}],\"inLanguage\":\"tr\"}]}<\/script>\n<!-- \/ Yoast SEO plugin. -->","yoast_head_json":{"title":"Kore Vize \u0130\u015flemleri - Kore Vizesi - MyVize","description":"Kore Vize \u0130\u015flemleri Nelerdir? Kore Vize \u0130\u015flemleri Nas\u0131l Yap\u0131l\u0131r? Kore Vize \u0130\u015flemleri \u0130\u00e7in Gerekli Evraklar Nelerdir?","robots":{"index":"index","follow":"follow","max-snippet":"max-snippet:-1","max-image-preview":"max-image-preview:large","max-video-preview":"max-video-preview:-1"},"canonical":"https:\/\/myvize.com.tr\/kore\/vize-islemleri\/","og_locale":"tr_TR","og_type":"article","og_title":"Kore Vize \u0130\u015flemleri - Kore Vizesi - MyVize","og_description":"Kore Vize \u0130\u015flemleri Nelerdir? Kore Vize \u0130\u015flemleri Nas\u0131l Yap\u0131l\u0131r? Kore Vize \u0130\u015flemleri \u0130\u00e7in Gerekli Evraklar Nelerdir?","og_url":"https:\/\/myvize.com.tr\/kore\/vize-islemleri\/","og_site_name":"Kore Vizesi","article_modified_time":"2022-01-14T08:55:57+00:00","twitter_card":"summary_large_image","twitter_misc":{"Tahmini okuma s\u00fcresi":"1 dakika"},"schema":{"@context":"https:\/\/schema.org","@graph":[{"@type":"WebPage","@id":"https:\/\/myvize.com.tr\/kore\/vize-islemleri\/","url":"https:\/\/myvize.com.tr\/kore\/vize-islemleri\/","name":"Kore Vize \u0130\u015flemleri - Kore Vizesi - MyVize","isPartOf":{"@id":"https:\/\/myvize.com.tr\/kore\/#website"},"datePublished":"2020-11-30T05:50:13+00:00","dateModified":"2022-01-14T08:55:57+00:00","description":"Kore Vize \u0130\u015flemleri Nelerdir? Kore Vize \u0130\u015flemleri Nas\u0131l Yap\u0131l\u0131r? Kore Vize \u0130\u015flemleri \u0130\u00e7in Gerekli Evraklar Nelerdir?","breadcrumb":{"@id":"https:\/\/myvize.com.tr\/kore\/vize-islemleri\/#breadcrumb"},"inLanguage":"tr","potentialAction":[{"@type":"ReadAction","target":["https:\/\/myvize.com.tr\/kore\/vize-islemleri\/"]}]},{"@type":"BreadcrumbList","@id":"https:\/\/myvize.com.tr\/kore\/vize-islemleri\/#breadcrumb","itemListElement":[{"@type":"ListItem","position":1,"name":"Anasayfa","item":"https:\/\/myvize.com.tr\/kore\/"},{"@type":"ListItem","position":2,"name":"V\u0130ZE \u0130\u015eLEMLER\u0130"}]},{"@type":"WebSite","@id":"https:\/\/myvize.com.tr\/kore\/#website","url":"https:\/\/myvize.com.tr\/kore\/","name":"Kore Vizesi","description":"","potentialAction":[{"@type":"SearchAction","target":{"@type":"EntryPoint","urlTemplate":"https:\/\/myvize.com.tr\/kore\/?s={search_term_string}"},"query-input":{"@type":"PropertyValueSpecification","valueRequired":true,"valueName":"search_term_string"}}],"inLanguage":"tr"}]}},"_links":{"self":[{"href":"https:\/\/myvize.com.tr\/kore\/wp-json\/wp\/v2\/pages\/18","targetHints":{"allow":["GET"]}}],"collection":[{"href":"https:\/\/myvize.com.tr\/kore\/wp-json\/wp\/v2\/pages"}],"about":[{"href":"https:\/\/myvize.com.tr\/kore\/wp-json\/wp\/v2\/types\/page"}],"author":[{"embeddable":true,"href":"https:\/\/myvize.com.tr\/kore\/wp-json\/wp\/v2\/users\/1"}],"replies":[{"embeddable":true,"href":"https:\/\/myvize.com.tr\/kore\/wp-json\/wp\/v2\/comments?post=18"}],"version-history":[{"count":4,"href":"https:\/\/myvize.com.tr\/kore\/wp-json\/wp\/v2\/pages\/18\/revisions"}],"predecessor-version":[{"id":396,"href":"https:\/\/myvize.com.tr\/kore\/wp-json\/wp\/v2\/pages\/18\/revisions\/396"}],"wp:attachment":[{"href":"https:\/\/myvize.com.tr\/kore\/wp-json\/wp\/v2\/media?parent=18"}],"curies":[{"name":"wp","href":"https:\/\/api.w.org\/{rel}","templated":true}]}}