{"id":160,"date":"2021-01-15T16:15:06","date_gmt":"2021-01-15T13:15:06","guid":{"rendered":"https:\/\/myvize.com.tr\/kore\/?page_id=160"},"modified":"2022-01-14T11:55:21","modified_gmt":"2022-01-14T08:55:21","slug":"izmir","status":"publish","type":"page","link":"https:\/\/myvize.com.tr\/kore\/subelerimiz\/izmir\/","title":{"rendered":"Kore Vizesi , \u0130zmir"},"content":{"rendered":"\n<h2 class=\"wp-block-heading\"><strong>Kore Vize Ba\u015fvuru Merkezi , \u0130zmir<\/strong><\/h2>\n","protected":false},"excerpt":{"rendered":"<p>Kore Vize Ba\u015fvuru Merkezi , \u0130zmir<\/p>\n","protected":false},"author":1,"featured_media":0,"parent":147,"menu_order":0,"comment_status":"closed","ping_status":"closed","template":"","meta":{"footnotes":""},"class_list":["post-160","page","type-page","status-publish","hentry"],"yoast_head":"<!-- This site is optimized with the Yoast SEO plugin v24.0 - https:\/\/yoast.com\/wordpress\/plugins\/seo\/ -->\n<title>Kore Vizesi \u0130zmir Ba\u015fvuru \u015eubesi - MyVize<\/title>\n<meta name=\"description\" content=\"Kore Vizesi \u0130zmir Vize Ba\u015fvuru Merkezi. Kore Vizesi Ba\u015fvurusu Nas\u0131l Yap\u0131lmal\u0131d\u0131r? Bilgi \u0130\u00e7in Vize Uzmanlar\u0131m\u0131z\u0131 Aray\u0131n: 0850 346 84 93\" \/>\n<meta name=\"robots\" content=\"index, follow, max-snippet:-1, max-image-preview:large, max-video-preview:-1\" \/>\n<link rel=\"canonical\" href=\"https:\/\/myvize.com.tr\/kore\/subelerimiz\/izmir\/\" \/>\n<meta property=\"og:locale\" content=\"tr_TR\" \/>\n<meta property=\"og:type\" content=\"article\" \/>\n<meta property=\"og:title\" content=\"Kore Vizesi \u0130zmir Ba\u015fvuru \u015eubesi - MyVize\" \/>\n<meta property=\"og:description\" content=\"Kore Vizesi \u0130zmir Vize Ba\u015fvuru Merkezi. Kore Vizesi Ba\u015fvurusu Nas\u0131l Yap\u0131lmal\u0131d\u0131r? Bilgi \u0130\u00e7in Vize Uzmanlar\u0131m\u0131z\u0131 Aray\u0131n: 0850 346 84 93\" \/>\n<meta property=\"og:url\" content=\"https:\/\/myvize.com.tr\/kore\/subelerimiz\/izmir\/\" \/>\n<meta property=\"og:site_name\" content=\"Kore Vizesi\" \/>\n<meta property=\"article:modified_time\" content=\"2022-01-14T08:55:21+00:00\" \/>\n<meta name=\"twitter:card\" content=\"summary_large_image\" \/>\n<meta name=\"twitter:label1\" content=\"Tahmini okuma s\u00fcresi\" \/>\n\t<meta name=\"twitter:data1\" content=\"1 dakika\" \/>\n<script type=\"application\/ld+json\" class=\"yoast-schema-graph\">{\"@context\":\"https:\/\/schema.org\",\"@graph\":[{\"@type\":\"WebPage\",\"@id\":\"https:\/\/myvize.com.tr\/kore\/subelerimiz\/izmir\/\",\"url\":\"https:\/\/myvize.com.tr\/kore\/subelerimiz\/izmir\/\",\"name\":\"Kore Vizesi \u0130zmir Ba\u015fvuru \u015eubesi - MyVize\",\"isPartOf\":{\"@id\":\"https:\/\/myvize.com.tr\/kore\/#website\"},\"datePublished\":\"2021-01-15T13:15:06+00:00\",\"dateModified\":\"2022-01-14T08:55:21+00:00\",\"description\":\"Kore Vizesi \u0130zmir Vize Ba\u015fvuru Merkezi. Kore Vizesi Ba\u015fvurusu Nas\u0131l Yap\u0131lmal\u0131d\u0131r? Bilgi \u0130\u00e7in Vize Uzmanlar\u0131m\u0131z\u0131 Aray\u0131n: 0850 346 84 93\",\"breadcrumb\":{\"@id\":\"https:\/\/myvize.com.tr\/kore\/subelerimiz\/izmir\/#breadcrumb\"},\"inLanguage\":\"tr\",\"potentialAction\":[{\"@type\":\"ReadAction\",\"target\":[\"https:\/\/myvize.com.tr\/kore\/subelerimiz\/izmir\/\"]}]},{\"@type\":\"BreadcrumbList\",\"@id\":\"https:\/\/myvize.com.tr\/kore\/subelerimiz\/izmir\/#breadcrumb\",\"itemListElement\":[{\"@type\":\"ListItem\",\"position\":1,\"name\":\"Anasayfa\",\"item\":\"https:\/\/myvize.com.tr\/kore\/\"},{\"@type\":\"ListItem\",\"position\":2,\"name\":\"\u015eUBELER\u0130M\u0130Z\",\"item\":\"https:\/\/myvize.com.tr\/kore\/subelerimiz\/\"},{\"@type\":\"ListItem\",\"position\":3,\"name\":\"Kore Vizesi , \u0130zmir\"}]},{\"@type\":\"WebSite\",\"@id\":\"https:\/\/myvize.com.tr\/kore\/#website\",\"url\":\"https:\/\/myvize.com.tr\/kore\/\",\"name\":\"Kore Vizesi\",\"description\":\"\",\"potentialAction\":[{\"@type\":\"SearchAction\",\"target\":{\"@type\":\"EntryPoint\",\"urlTemplate\":\"https:\/\/myvize.com.tr\/kore\/?s={search_term_string}\"},\"query-input\":{\"@type\":\"PropertyValueSpecification\",\"valueRequired\":true,\"valueName\":\"search_term_string\"}}],\"inLanguage\":\"tr\"}]}<\/script>\n<!-- \/ Yoast SEO plugin. -->","yoast_head_json":{"title":"Kore Vizesi \u0130zmir Ba\u015fvuru \u015eubesi - MyVize","description":"Kore Vizesi \u0130zmir Vize Ba\u015fvuru Merkezi. Kore Vizesi Ba\u015fvurusu Nas\u0131l Yap\u0131lmal\u0131d\u0131r? Bilgi \u0130\u00e7in Vize Uzmanlar\u0131m\u0131z\u0131 Aray\u0131n: 0850 346 84 93","robots":{"index":"index","follow":"follow","max-snippet":"max-snippet:-1","max-image-preview":"max-image-preview:large","max-video-preview":"max-video-preview:-1"},"canonical":"https:\/\/myvize.com.tr\/kore\/subelerimiz\/izmir\/","og_locale":"tr_TR","og_type":"article","og_title":"Kore Vizesi \u0130zmir Ba\u015fvuru \u015eubesi - MyVize","og_description":"Kore Vizesi \u0130zmir Vize Ba\u015fvuru Merkezi. Kore Vizesi Ba\u015fvurusu Nas\u0131l Yap\u0131lmal\u0131d\u0131r? Bilgi \u0130\u00e7in Vize Uzmanlar\u0131m\u0131z\u0131 Aray\u0131n: 0850 346 84 93","og_url":"https:\/\/myvize.com.tr\/kore\/subelerimiz\/izmir\/","og_site_name":"Kore Vizesi","article_modified_time":"2022-01-14T08:55:21+00:00","twitter_card":"summary_large_image","twitter_misc":{"Tahmini okuma s\u00fcresi":"1 dakika"},"schema":{"@context":"https:\/\/schema.org","@graph":[{"@type":"WebPage","@id":"https:\/\/myvize.com.tr\/kore\/subelerimiz\/izmir\/","url":"https:\/\/myvize.com.tr\/kore\/subelerimiz\/izmir\/","name":"Kore Vizesi \u0130zmir Ba\u015fvuru \u015eubesi - MyVize","isPartOf":{"@id":"https:\/\/myvize.com.tr\/kore\/#website"},"datePublished":"2021-01-15T13:15:06+00:00","dateModified":"2022-01-14T08:55:21+00:00","description":"Kore Vizesi \u0130zmir Vize Ba\u015fvuru Merkezi. Kore Vizesi Ba\u015fvurusu Nas\u0131l Yap\u0131lmal\u0131d\u0131r? Bilgi \u0130\u00e7in Vize Uzmanlar\u0131m\u0131z\u0131 Aray\u0131n: 0850 346 84 93","breadcrumb":{"@id":"https:\/\/myvize.com.tr\/kore\/subelerimiz\/izmir\/#breadcrumb"},"inLanguage":"tr","potentialAction":[{"@type":"ReadAction","target":["https:\/\/myvize.com.tr\/kore\/subelerimiz\/izmir\/"]}]},{"@type":"BreadcrumbList","@id":"https:\/\/myvize.com.tr\/kore\/subelerimiz\/izmir\/#breadcrumb","itemListElement":[{"@type":"ListItem","position":1,"name":"Anasayfa","item":"https:\/\/myvize.com.tr\/kore\/"},{"@type":"ListItem","position":2,"name":"\u015eUBELER\u0130M\u0130Z","item":"https:\/\/myvize.com.tr\/kore\/subelerimiz\/"},{"@type":"ListItem","position":3,"name":"Kore Vizesi , \u0130zmir"}]},{"@type":"WebSite","@id":"https:\/\/myvize.com.tr\/kore\/#website","url":"https:\/\/myvize.com.tr\/kore\/","name":"Kore Vizesi","description":"","potentialAction":[{"@type":"SearchAction","target":{"@type":"EntryPoint","urlTemplate":"https:\/\/myvize.com.tr\/kore\/?s={search_term_string}"},"query-input":{"@type":"PropertyValueSpecification","valueRequired":true,"valueName":"search_term_string"}}],"inLanguage":"tr"}]}},"_links":{"self":[{"href":"https:\/\/myvize.com.tr\/kore\/wp-json\/wp\/v2\/pages\/160","targetHints":{"allow":["GET"]}}],"collection":[{"href":"https:\/\/myvize.com.tr\/kore\/wp-json\/wp\/v2\/pages"}],"about":[{"href":"https:\/\/myvize.com.tr\/kore\/wp-json\/wp\/v2\/types\/page"}],"author":[{"embeddable":true,"href":"https:\/\/myvize.com.tr\/kore\/wp-json\/wp\/v2\/users\/1"}],"replies":[{"embeddable":true,"href":"https:\/\/myvize.com.tr\/kore\/wp-json\/wp\/v2\/comments?post=160"}],"version-history":[{"count":3,"href":"https:\/\/myvize.com.tr\/kore\/wp-json\/wp\/v2\/pages\/160\/revisions"}],"predecessor-version":[{"id":425,"href":"https:\/\/myvize.com.tr\/kore\/wp-json\/wp\/v2\/pages\/160\/revisions\/425"}],"up":[{"embeddable":true,"href":"https:\/\/myvize.com.tr\/kore\/wp-json\/wp\/v2\/pages\/147"}],"wp:attachment":[{"href":"https:\/\/myvize.com.tr\/kore\/wp-json\/wp\/v2\/media?parent=160"}],"curies":[{"name":"wp","href":"https:\/\/api.w.org\/{rel}","templated":true}]}}