{"id":144,"date":"2021-01-15T16:03:36","date_gmt":"2021-01-15T13:03:36","guid":{"rendered":"https:\/\/myvize.com.tr\/kore\/?page_id=144"},"modified":"2022-01-14T11:58:03","modified_gmt":"2022-01-14T08:58:03","slug":"form-ve-dilekce","status":"publish","type":"page","link":"https:\/\/myvize.com.tr\/kore\/form-ve-dilekce\/","title":{"rendered":"FORM VE D\u0130LEK\u00c7E"},"content":{"rendered":"\n<h2 class=\"wp-block-heading\"><strong>Kore Vizesi Form Ve Dilek\u00e7eleri<\/strong><\/h2>\n","protected":false},"excerpt":{"rendered":"<p>Kore Vizesi Form Ve Dilek\u00e7eleri<\/p>\n","protected":false},"author":1,"featured_media":0,"parent":0,"menu_order":0,"comment_status":"closed","ping_status":"closed","template":"","meta":{"footnotes":""},"class_list":["post-144","page","type-page","status-publish","hentry"],"yoast_head":"<!-- This site is optimized with the Yoast SEO plugin v24.0 - https:\/\/yoast.com\/wordpress\/plugins\/seo\/ -->\n<title>Kore Vizesi Form Ve Dilek\u00e7eleri - MyVize<\/title>\n<meta name=\"description\" content=\"Kore Vizesi Formu nas\u0131l doldurulur Ve Dilek\u00e7eleri nas\u0131l yaz\u0131l\u0131r? Kore Vizesi Form Ve Dilek\u00e7eleri 2022 g\u00fcncel bilgileri nelerdir?\" \/>\n<meta name=\"robots\" content=\"index, follow, max-snippet:-1, max-image-preview:large, max-video-preview:-1\" \/>\n<link rel=\"canonical\" href=\"https:\/\/myvize.com.tr\/kore\/form-ve-dilekce\/\" \/>\n<meta property=\"og:locale\" content=\"tr_TR\" \/>\n<meta property=\"og:type\" content=\"article\" \/>\n<meta property=\"og:title\" content=\"Kore Vizesi Form Ve Dilek\u00e7eleri - MyVize\" \/>\n<meta property=\"og:description\" content=\"Kore Vizesi Formu nas\u0131l doldurulur Ve Dilek\u00e7eleri nas\u0131l yaz\u0131l\u0131r? Kore Vizesi Form Ve Dilek\u00e7eleri 2022 g\u00fcncel bilgileri nelerdir?\" \/>\n<meta property=\"og:url\" content=\"https:\/\/myvize.com.tr\/kore\/form-ve-dilekce\/\" \/>\n<meta property=\"og:site_name\" content=\"Kore Vizesi\" \/>\n<meta property=\"article:modified_time\" content=\"2022-01-14T08:58:03+00:00\" \/>\n<meta name=\"twitter:card\" content=\"summary_large_image\" \/>\n<meta name=\"twitter:label1\" content=\"Tahmini okuma s\u00fcresi\" \/>\n\t<meta name=\"twitter:data1\" content=\"1 dakika\" \/>\n<script type=\"application\/ld+json\" class=\"yoast-schema-graph\">{\"@context\":\"https:\/\/schema.org\",\"@graph\":[{\"@type\":\"WebPage\",\"@id\":\"https:\/\/myvize.com.tr\/kore\/form-ve-dilekce\/\",\"url\":\"https:\/\/myvize.com.tr\/kore\/form-ve-dilekce\/\",\"name\":\"Kore Vizesi Form Ve Dilek\u00e7eleri - MyVize\",\"isPartOf\":{\"@id\":\"https:\/\/myvize.com.tr\/kore\/#website\"},\"datePublished\":\"2021-01-15T13:03:36+00:00\",\"dateModified\":\"2022-01-14T08:58:03+00:00\",\"description\":\"Kore Vizesi Formu nas\u0131l doldurulur Ve Dilek\u00e7eleri nas\u0131l yaz\u0131l\u0131r? Kore Vizesi Form Ve Dilek\u00e7eleri 2022 g\u00fcncel bilgileri nelerdir?\",\"breadcrumb\":{\"@id\":\"https:\/\/myvize.com.tr\/kore\/form-ve-dilekce\/#breadcrumb\"},\"inLanguage\":\"tr\",\"potentialAction\":[{\"@type\":\"ReadAction\",\"target\":[\"https:\/\/myvize.com.tr\/kore\/form-ve-dilekce\/\"]}]},{\"@type\":\"BreadcrumbList\",\"@id\":\"https:\/\/myvize.com.tr\/kore\/form-ve-dilekce\/#breadcrumb\",\"itemListElement\":[{\"@type\":\"ListItem\",\"position\":1,\"name\":\"Anasayfa\",\"item\":\"https:\/\/myvize.com.tr\/kore\/\"},{\"@type\":\"ListItem\",\"position\":2,\"name\":\"FORM VE D\u0130LEK\u00c7E\"}]},{\"@type\":\"WebSite\",\"@id\":\"https:\/\/myvize.com.tr\/kore\/#website\",\"url\":\"https:\/\/myvize.com.tr\/kore\/\",\"name\":\"Kore Vizesi\",\"description\":\"\",\"potentialAction\":[{\"@type\":\"SearchAction\",\"target\":{\"@type\":\"EntryPoint\",\"urlTemplate\":\"https:\/\/myvize.com.tr\/kore\/?s={search_term_string}\"},\"query-input\":{\"@type\":\"PropertyValueSpecification\",\"valueRequired\":true,\"valueName\":\"search_term_string\"}}],\"inLanguage\":\"tr\"}]}<\/script>\n<!-- \/ Yoast SEO plugin. -->","yoast_head_json":{"title":"Kore Vizesi Form Ve Dilek\u00e7eleri - MyVize","description":"Kore Vizesi Formu nas\u0131l doldurulur Ve Dilek\u00e7eleri nas\u0131l yaz\u0131l\u0131r? Kore Vizesi Form Ve Dilek\u00e7eleri 2022 g\u00fcncel bilgileri nelerdir?","robots":{"index":"index","follow":"follow","max-snippet":"max-snippet:-1","max-image-preview":"max-image-preview:large","max-video-preview":"max-video-preview:-1"},"canonical":"https:\/\/myvize.com.tr\/kore\/form-ve-dilekce\/","og_locale":"tr_TR","og_type":"article","og_title":"Kore Vizesi Form Ve Dilek\u00e7eleri - MyVize","og_description":"Kore Vizesi Formu nas\u0131l doldurulur Ve Dilek\u00e7eleri nas\u0131l yaz\u0131l\u0131r? Kore Vizesi Form Ve Dilek\u00e7eleri 2022 g\u00fcncel bilgileri nelerdir?","og_url":"https:\/\/myvize.com.tr\/kore\/form-ve-dilekce\/","og_site_name":"Kore Vizesi","article_modified_time":"2022-01-14T08:58:03+00:00","twitter_card":"summary_large_image","twitter_misc":{"Tahmini okuma s\u00fcresi":"1 dakika"},"schema":{"@context":"https:\/\/schema.org","@graph":[{"@type":"WebPage","@id":"https:\/\/myvize.com.tr\/kore\/form-ve-dilekce\/","url":"https:\/\/myvize.com.tr\/kore\/form-ve-dilekce\/","name":"Kore Vizesi Form Ve Dilek\u00e7eleri - MyVize","isPartOf":{"@id":"https:\/\/myvize.com.tr\/kore\/#website"},"datePublished":"2021-01-15T13:03:36+00:00","dateModified":"2022-01-14T08:58:03+00:00","description":"Kore Vizesi Formu nas\u0131l doldurulur Ve Dilek\u00e7eleri nas\u0131l yaz\u0131l\u0131r? Kore Vizesi Form Ve Dilek\u00e7eleri 2022 g\u00fcncel bilgileri nelerdir?","breadcrumb":{"@id":"https:\/\/myvize.com.tr\/kore\/form-ve-dilekce\/#breadcrumb"},"inLanguage":"tr","potentialAction":[{"@type":"ReadAction","target":["https:\/\/myvize.com.tr\/kore\/form-ve-dilekce\/"]}]},{"@type":"BreadcrumbList","@id":"https:\/\/myvize.com.tr\/kore\/form-ve-dilekce\/#breadcrumb","itemListElement":[{"@type":"ListItem","position":1,"name":"Anasayfa","item":"https:\/\/myvize.com.tr\/kore\/"},{"@type":"ListItem","position":2,"name":"FORM VE D\u0130LEK\u00c7E"}]},{"@type":"WebSite","@id":"https:\/\/myvize.com.tr\/kore\/#website","url":"https:\/\/myvize.com.tr\/kore\/","name":"Kore Vizesi","description":"","potentialAction":[{"@type":"SearchAction","target":{"@type":"EntryPoint","urlTemplate":"https:\/\/myvize.com.tr\/kore\/?s={search_term_string}"},"query-input":{"@type":"PropertyValueSpecification","valueRequired":true,"valueName":"search_term_string"}}],"inLanguage":"tr"}]}},"_links":{"self":[{"href":"https:\/\/myvize.com.tr\/kore\/wp-json\/wp\/v2\/pages\/144","targetHints":{"allow":["GET"]}}],"collection":[{"href":"https:\/\/myvize.com.tr\/kore\/wp-json\/wp\/v2\/pages"}],"about":[{"href":"https:\/\/myvize.com.tr\/kore\/wp-json\/wp\/v2\/types\/page"}],"author":[{"embeddable":true,"href":"https:\/\/myvize.com.tr\/kore\/wp-json\/wp\/v2\/users\/1"}],"replies":[{"embeddable":true,"href":"https:\/\/myvize.com.tr\/kore\/wp-json\/wp\/v2\/comments?post=144"}],"version-history":[{"count":3,"href":"https:\/\/myvize.com.tr\/kore\/wp-json\/wp\/v2\/pages\/144\/revisions"}],"predecessor-version":[{"id":364,"href":"https:\/\/myvize.com.tr\/kore\/wp-json\/wp\/v2\/pages\/144\/revisions\/364"}],"wp:attachment":[{"href":"https:\/\/myvize.com.tr\/kore\/wp-json\/wp\/v2\/media?parent=144"}],"curies":[{"name":"wp","href":"https:\/\/api.w.org\/{rel}","templated":true}]}}