{"id":332,"date":"2021-06-28T15:20:09","date_gmt":"2021-06-28T12:20:09","guid":{"rendered":"https:\/\/myvize.com.tr\/kongo\/?page_id=332"},"modified":"2022-05-11T14:22:40","modified_gmt":"2022-05-11T11:22:40","slug":"vize-basvurusu","status":"publish","type":"page","link":"https:\/\/myvize.com.tr\/kongo\/vize-basvurusu\/","title":{"rendered":"Vize Ba\u015fvurusu"},"content":{"rendered":"\n<h2 class=\"wp-block-heading\"><strong>Kongo Vize Ba\u015fvurusu \u0130\u015flemleri<\/strong><\/h2>\n\n\n\n<p>Umuma Mahsus Pasaport ta\u015f\u0131y\u0131c\u0131 T\u00fcrk bireyleri vizeye tabidir. Hususi ve Hizmet Pasaportu hamili T\u00fcrk bireyleri de vizeye tabidir. Diplomatik Pasaport hamili T\u00fcrk vatanda\u015flar\u0131 ise vizeden muaft\u0131r.<br>Kongo makamlar\u0131, Pool vilayetinin bat\u0131s\u0131ndaki silahl\u0131 \u00e7at\u0131\u015fmalar sebebiyle Brazavil ile ekonomik ba\u015fkent Pointe-Noire i\u00e7inde kara yolu yolculu\u011funu uzun vakit \u00f6neri etmemi\u015flerdir. H\u00fck\u00fcmet ile \u201cNinja\u201d milisler aras\u0131nda var\u0131lan ate\u015fkes anla\u015fmas\u0131 sonucu bu probleminin giderildi\u011fi d\u00fc\u015f\u00fcn\u00fclmektedir. Her durumda, s\u00f6z konusu g\u00fczergahta u\u00e7ak yolculu\u011fu yap\u0131lmas\u0131 daha huzurlu ve olduk\u00e7a m\u00fcsait bir se\u00e7enektir.<\/p>\n\n\n\n<p>Vatanda\u015flar\u0131m\u0131z\u0131n KC \u2019ye giri\u015flerinde sar\u0131humma a\u015f\u0131s\u0131 yap\u0131ld\u0131\u011f\u0131n\u0131 g\u00f6steren enternasyonal a\u015f\u0131 sertifikalar\u0131n\u0131 ibraz etmeleri zorunludur. KC\u2019ye seyahat edecek yurtta\u015flar\u0131m\u0131z\u0131n s\u0131hhat mevzusunda en akt\u00fcel bilgileri T.C. S\u0131hhat Vekaleti&nbsp;S\u0131n\u0131r ve Kumsal&nbsp;Genel M\u00fcd\u00fcrl\u00fc\u011f\u00fc\u2019nden sa\u011flamalar\u0131 \u00f6nemle tavsiye edilmektedir. Kongo Cumhuriyeti\u2019ne gezi etmek isteyenler i\u00e7in vize ba\u015fvurular\u0131 Ankara\u2019da bulunan Kongo Cumhuriyeti B\u00fcy\u00fckel\u00e7ili\u011finden ya da vize ba\u015fvuru merkezlerinden yap\u0131labilmektedir. Kongo Ulusal Egemenli\u011finin \u015eehbenderli\u011finden&nbsp;vize i\u015flemleriyle ilgilenmez. Kongo Ulusal Egemenli\u011finin&nbsp;resmi izni i\u00e7in m\u00fcracaat formu yerle\u015ftirilerek vize t\u00fcr\u00fcne g\u00f6re l\u00fczumlu evraklar haz\u0131rlan\u0131r ve teslim edilerek vize d\u00f6nemi tamamlan\u0131r.<\/p>\n","protected":false},"excerpt":{"rendered":"<p>Kongo Vize Ba\u015fvurusu \u0130\u015flemleri Umuma Mahsus Pasaport ta\u015f\u0131y\u0131c\u0131 T\u00fcrk bireyleri vizeye tabidir. Hususi ve Hizmet Pasaportu hamili T\u00fcrk bireyleri de vizeye tabidir. Diplomatik Pasaport hamili T\u00fcrk vatanda\u015flar\u0131 ise vizeden muaft\u0131r.Kongo makamlar\u0131, Pool vilayetinin bat\u0131s\u0131ndaki silahl\u0131 \u00e7at\u0131\u015fmalar sebebiyle Brazavil ile ekonomik ba\u015fkent Pointe-Noire i\u00e7inde kara yolu yolculu\u011funu uzun vakit \u00f6neri etmemi\u015flerdir. H\u00fck\u00fcmet ile \u201cNinja\u201d milisler aras\u0131nda<\/p>\n","protected":false},"author":1,"featured_media":0,"parent":0,"menu_order":0,"comment_status":"closed","ping_status":"closed","template":"","meta":{"footnotes":""},"class_list":["post-332","page","type-page","status-publish","hentry"],"yoast_head":"<!-- This site is optimized with the Yoast SEO plugin v24.0 - https:\/\/yoast.com\/wordpress\/plugins\/seo\/ -->\n<title>Kongo Vize Ba\u015fvurusu \u0130\u015flemleri - MyVize<\/title>\n<meta name=\"description\" content=\"Kongo Vize Ba\u015fvurusu \u0130\u015flemleri nas\u0131l yap\u0131l\u0131r? Kongo Vize Ba\u015fvurusu 2022 g\u00fcncel bilgileri neler? Bilgi \u0130\u00e7in Hemen Aray\u0131n: 0850 346 84 93\" \/>\n<meta name=\"robots\" content=\"index, follow, max-snippet:-1, max-image-preview:large, max-video-preview:-1\" \/>\n<link rel=\"canonical\" href=\"https:\/\/myvize.com.tr\/kongo\/vize-basvurusu\/\" \/>\n<meta property=\"og:locale\" content=\"tr_TR\" \/>\n<meta property=\"og:type\" content=\"article\" \/>\n<meta property=\"og:title\" content=\"Kongo Vize Ba\u015fvurusu \u0130\u015flemleri - MyVize\" \/>\n<meta property=\"og:description\" content=\"Kongo Vize Ba\u015fvurusu \u0130\u015flemleri nas\u0131l yap\u0131l\u0131r? Kongo Vize Ba\u015fvurusu 2022 g\u00fcncel bilgileri neler? Bilgi \u0130\u00e7in Hemen Aray\u0131n: 0850 346 84 93\" \/>\n<meta property=\"og:url\" content=\"https:\/\/myvize.com.tr\/kongo\/vize-basvurusu\/\" \/>\n<meta property=\"og:site_name\" content=\"Kongo Vizesi\" \/>\n<meta property=\"article:modified_time\" content=\"2022-05-11T11:22:40+00:00\" \/>\n<meta name=\"twitter:card\" content=\"summary_large_image\" \/>\n<meta name=\"twitter:label1\" content=\"Tahmini okuma s\u00fcresi\" \/>\n\t<meta name=\"twitter:data1\" content=\"1 dakika\" \/>\n<script type=\"application\/ld+json\" class=\"yoast-schema-graph\">{\"@context\":\"https:\/\/schema.org\",\"@graph\":[{\"@type\":\"WebPage\",\"@id\":\"https:\/\/myvize.com.tr\/kongo\/vize-basvurusu\/\",\"url\":\"https:\/\/myvize.com.tr\/kongo\/vize-basvurusu\/\",\"name\":\"Kongo Vize Ba\u015fvurusu \u0130\u015flemleri - MyVize\",\"isPartOf\":{\"@id\":\"https:\/\/myvize.com.tr\/kongo\/#website\"},\"datePublished\":\"2021-06-28T12:20:09+00:00\",\"dateModified\":\"2022-05-11T11:22:40+00:00\",\"description\":\"Kongo Vize Ba\u015fvurusu \u0130\u015flemleri nas\u0131l yap\u0131l\u0131r? Kongo Vize Ba\u015fvurusu 2022 g\u00fcncel bilgileri neler? Bilgi \u0130\u00e7in Hemen Aray\u0131n: 0850 346 84 93\",\"breadcrumb\":{\"@id\":\"https:\/\/myvize.com.tr\/kongo\/vize-basvurusu\/#breadcrumb\"},\"inLanguage\":\"tr\",\"potentialAction\":[{\"@type\":\"ReadAction\",\"target\":[\"https:\/\/myvize.com.tr\/kongo\/vize-basvurusu\/\"]}]},{\"@type\":\"BreadcrumbList\",\"@id\":\"https:\/\/myvize.com.tr\/kongo\/vize-basvurusu\/#breadcrumb\",\"itemListElement\":[{\"@type\":\"ListItem\",\"position\":1,\"name\":\"Anasayfa\",\"item\":\"https:\/\/myvize.com.tr\/kongo\/\"},{\"@type\":\"ListItem\",\"position\":2,\"name\":\"Vize Ba\u015fvurusu\"}]},{\"@type\":\"WebSite\",\"@id\":\"https:\/\/myvize.com.tr\/kongo\/#website\",\"url\":\"https:\/\/myvize.com.tr\/kongo\/\",\"name\":\"Kongo Vizesi\",\"description\":\"\",\"potentialAction\":[{\"@type\":\"SearchAction\",\"target\":{\"@type\":\"EntryPoint\",\"urlTemplate\":\"https:\/\/myvize.com.tr\/kongo\/?s={search_term_string}\"},\"query-input\":{\"@type\":\"PropertyValueSpecification\",\"valueRequired\":true,\"valueName\":\"search_term_string\"}}],\"inLanguage\":\"tr\"}]}<\/script>\n<!-- \/ Yoast SEO plugin. -->","yoast_head_json":{"title":"Kongo Vize Ba\u015fvurusu \u0130\u015flemleri - MyVize","description":"Kongo Vize Ba\u015fvurusu \u0130\u015flemleri nas\u0131l yap\u0131l\u0131r? Kongo Vize Ba\u015fvurusu 2022 g\u00fcncel bilgileri neler? Bilgi \u0130\u00e7in Hemen Aray\u0131n: 0850 346 84 93","robots":{"index":"index","follow":"follow","max-snippet":"max-snippet:-1","max-image-preview":"max-image-preview:large","max-video-preview":"max-video-preview:-1"},"canonical":"https:\/\/myvize.com.tr\/kongo\/vize-basvurusu\/","og_locale":"tr_TR","og_type":"article","og_title":"Kongo Vize Ba\u015fvurusu \u0130\u015flemleri - MyVize","og_description":"Kongo Vize Ba\u015fvurusu \u0130\u015flemleri nas\u0131l yap\u0131l\u0131r? Kongo Vize Ba\u015fvurusu 2022 g\u00fcncel bilgileri neler? Bilgi \u0130\u00e7in Hemen Aray\u0131n: 0850 346 84 93","og_url":"https:\/\/myvize.com.tr\/kongo\/vize-basvurusu\/","og_site_name":"Kongo Vizesi","article_modified_time":"2022-05-11T11:22:40+00:00","twitter_card":"summary_large_image","twitter_misc":{"Tahmini okuma s\u00fcresi":"1 dakika"},"schema":{"@context":"https:\/\/schema.org","@graph":[{"@type":"WebPage","@id":"https:\/\/myvize.com.tr\/kongo\/vize-basvurusu\/","url":"https:\/\/myvize.com.tr\/kongo\/vize-basvurusu\/","name":"Kongo Vize Ba\u015fvurusu \u0130\u015flemleri - MyVize","isPartOf":{"@id":"https:\/\/myvize.com.tr\/kongo\/#website"},"datePublished":"2021-06-28T12:20:09+00:00","dateModified":"2022-05-11T11:22:40+00:00","description":"Kongo Vize Ba\u015fvurusu \u0130\u015flemleri nas\u0131l yap\u0131l\u0131r? Kongo Vize Ba\u015fvurusu 2022 g\u00fcncel bilgileri neler? Bilgi \u0130\u00e7in Hemen Aray\u0131n: 0850 346 84 93","breadcrumb":{"@id":"https:\/\/myvize.com.tr\/kongo\/vize-basvurusu\/#breadcrumb"},"inLanguage":"tr","potentialAction":[{"@type":"ReadAction","target":["https:\/\/myvize.com.tr\/kongo\/vize-basvurusu\/"]}]},{"@type":"BreadcrumbList","@id":"https:\/\/myvize.com.tr\/kongo\/vize-basvurusu\/#breadcrumb","itemListElement":[{"@type":"ListItem","position":1,"name":"Anasayfa","item":"https:\/\/myvize.com.tr\/kongo\/"},{"@type":"ListItem","position":2,"name":"Vize Ba\u015fvurusu"}]},{"@type":"WebSite","@id":"https:\/\/myvize.com.tr\/kongo\/#website","url":"https:\/\/myvize.com.tr\/kongo\/","name":"Kongo Vizesi","description":"","potentialAction":[{"@type":"SearchAction","target":{"@type":"EntryPoint","urlTemplate":"https:\/\/myvize.com.tr\/kongo\/?s={search_term_string}"},"query-input":{"@type":"PropertyValueSpecification","valueRequired":true,"valueName":"search_term_string"}}],"inLanguage":"tr"}]}},"_links":{"self":[{"href":"https:\/\/myvize.com.tr\/kongo\/wp-json\/wp\/v2\/pages\/332","targetHints":{"allow":["GET"]}}],"collection":[{"href":"https:\/\/myvize.com.tr\/kongo\/wp-json\/wp\/v2\/pages"}],"about":[{"href":"https:\/\/myvize.com.tr\/kongo\/wp-json\/wp\/v2\/types\/page"}],"author":[{"embeddable":true,"href":"https:\/\/myvize.com.tr\/kongo\/wp-json\/wp\/v2\/users\/1"}],"replies":[{"embeddable":true,"href":"https:\/\/myvize.com.tr\/kongo\/wp-json\/wp\/v2\/comments?post=332"}],"version-history":[{"count":5,"href":"https:\/\/myvize.com.tr\/kongo\/wp-json\/wp\/v2\/pages\/332\/revisions"}],"predecessor-version":[{"id":458,"href":"https:\/\/myvize.com.tr\/kongo\/wp-json\/wp\/v2\/pages\/332\/revisions\/458"}],"wp:attachment":[{"href":"https:\/\/myvize.com.tr\/kongo\/wp-json\/wp\/v2\/media?parent=332"}],"curies":[{"name":"wp","href":"https:\/\/api.w.org\/{rel}","templated":true}]}}