{"id":334,"date":"2021-06-28T15:10:11","date_gmt":"2021-06-28T12:10:11","guid":{"rendered":"https:\/\/myvize.com.tr\/kolombiya\/?page_id=334"},"modified":"2022-05-11T14:09:10","modified_gmt":"2022-05-11T11:09:10","slug":"vize-basvurusu","status":"publish","type":"page","link":"https:\/\/myvize.com.tr\/kolombiya\/vize-basvurusu\/","title":{"rendered":"Vize Ba\u015fvurusu"},"content":{"rendered":"\n<h2 class=\"wp-block-heading\"><strong>Kolombiya Vize Ba\u015fvurusu Hakk\u0131nda<\/strong><\/h2>\n\n\n\n<p>Kolombiya Seyahati ger\u00e7ekle\u015ftirecek bireyler, T\u00fcrkiye ve Kolombiya devleti aras\u0131nda imzalanan vize sorumsuzluk anla\u015fmalar\u0131 gere\u011fince Kolombiya vize i\u015flemlerinde muaft\u0131r. 180 g\u00fcn aras\u0131nda 90 g\u00fcn ikamet izni bulunurken TC vatanda\u015flar\u0131 Kolombiya\u2019ya her giri\u015flerinde ancak 30 g\u00fcn ikame hakk\u0131na sahiptir. S\u00f6z konusu Kolombiya seyahati Kolombiya\u2019da bir Kolombiya turu, Kolombiya seyahatlar\u0131 ve Kolombiya\u2019da bulunan herhangi bir ki\u015fiyi gezmeden Kolombiya seyahatinde bulunacak olan T\u00fcrkiye bireylerinin Kolombiya ziyaret vizesi i\u00e7in davetiye yaz\u0131s\u0131, Kolombiya vize m\u00fcracaat formu, Kolombiya ziyaret vizesi i\u00e7in gerekli evraklar ve Kolombiya vize tutar\u0131, Kolombiya gezinsel vizesi i\u00e7in Kolombiya hotel rezervasyonu ve Kolombiya u\u00e7ak bileti rezervasyonu benzer bi\u00e7imde prosed\u00fcrlerde bulunmalar\u0131na gerek kalmam\u0131\u015ft\u0131r.<\/p>\n\n\n\n<p>Kolombiya 14 May\u0131s 2012 tarihinde Ankara&#8217;da imzalanan T\u00fcrkiye ve&nbsp;Kolombiya aras\u0131nda vizelerin kar\u015f\u0131l\u0131kl\u0131 kald\u0131r\u0131lmas\u0131 sonucunda&nbsp;Kolombiya, 14 May\u0131s 2012&#8217;den beri T\u00fcrkiye Vatanda\u015flar\u0131ndan vize istemeyen b\u00f6lgelerden biridir. T\u00fcrkiye vatanda\u015flar\u0131 14 May\u0131s 2012&#8217;den beri Kolombiya gezintilerini Kolombiya vizesi almadan ger\u00e7ekle\u015ftirebileceklerdir. Ayr\u0131ca T\u00fcrkiye Cumhuriyeti resmi pasaportu olan ye\u015fil ge\u00e7i\u015flik, gri ge\u00e7i\u015flik ve k\u0131rm\u0131z\u0131 ge\u00e7i\u015flik sahibi ki\u015filerde yeniden Kolombiya vize i\u015flemlerinden muaft\u0131r. Kolombiya seyahatinde bulunacak olan T\u00fcrkiye vatanda\u015flar\u0131 Kolombiya&nbsp;ve T\u00fcrkiye devleti i\u00e7inde imzalanan vize muafiyeti anla\u015fmalar\u0131 gere\u011fince Kolombiya vizesinde sorumsuzdur. T\u00fcrkiye vatanda\u015flar\u0131 ger\u00e7ekle\u015ftirecek olduklar\u0131 Kolombiya gezintileri i\u00e7in Kolombiya vize i\u015flemlerinde bulunmalar\u0131na gerek kalmam\u0131\u015ft\u0131r.<\/p>\n","protected":false},"excerpt":{"rendered":"<p>Kolombiya Vize Ba\u015fvurusu Hakk\u0131nda Kolombiya Seyahati ger\u00e7ekle\u015ftirecek bireyler, T\u00fcrkiye ve Kolombiya devleti aras\u0131nda imzalanan vize sorumsuzluk anla\u015fmalar\u0131 gere\u011fince Kolombiya vize i\u015flemlerinde muaft\u0131r. 180 g\u00fcn aras\u0131nda 90 g\u00fcn ikamet izni bulunurken TC vatanda\u015flar\u0131 Kolombiya\u2019ya her giri\u015flerinde ancak 30 g\u00fcn ikame hakk\u0131na sahiptir. S\u00f6z konusu Kolombiya seyahati Kolombiya\u2019da bir Kolombiya turu, Kolombiya seyahatlar\u0131 ve Kolombiya\u2019da bulunan herhangi<\/p>\n","protected":false},"author":1,"featured_media":0,"parent":0,"menu_order":0,"comment_status":"closed","ping_status":"closed","template":"","meta":{"footnotes":""},"class_list":["post-334","page","type-page","status-publish","hentry"],"yoast_head":"<!-- This site is optimized with the Yoast SEO plugin v24.0 - https:\/\/yoast.com\/wordpress\/plugins\/seo\/ -->\n<title>Kolombiya Vize Ba\u015fvurusu - MyVize<\/title>\n<meta name=\"description\" content=\"Kolombiya Vize Ba\u015fvurusu nas\u0131l yap\u0131l\u0131r? Kolombiya Vize Ba\u015fvurusu 2022 g\u00fcncel bilgileri. Bilgi \u0130\u00e7in Vize Uzmanlar\u0131m\u0131z\u0131 Aray\u0131n: 0850 346 84 93\" \/>\n<meta name=\"robots\" content=\"index, follow, max-snippet:-1, max-image-preview:large, max-video-preview:-1\" \/>\n<link rel=\"canonical\" href=\"https:\/\/myvize.com.tr\/kolombiya\/vize-basvurusu\/\" \/>\n<meta property=\"og:locale\" content=\"tr_TR\" \/>\n<meta property=\"og:type\" content=\"article\" \/>\n<meta property=\"og:title\" content=\"Kolombiya Vize Ba\u015fvurusu - MyVize\" \/>\n<meta property=\"og:description\" content=\"Kolombiya Vize Ba\u015fvurusu nas\u0131l yap\u0131l\u0131r? Kolombiya Vize Ba\u015fvurusu 2022 g\u00fcncel bilgileri. Bilgi \u0130\u00e7in Vize Uzmanlar\u0131m\u0131z\u0131 Aray\u0131n: 0850 346 84 93\" \/>\n<meta property=\"og:url\" content=\"https:\/\/myvize.com.tr\/kolombiya\/vize-basvurusu\/\" \/>\n<meta property=\"og:site_name\" content=\"Kolombiya Vizesi\" \/>\n<meta property=\"article:modified_time\" content=\"2022-05-11T11:09:10+00:00\" \/>\n<meta name=\"twitter:card\" content=\"summary_large_image\" \/>\n<meta name=\"twitter:label1\" content=\"Tahmini okuma s\u00fcresi\" \/>\n\t<meta name=\"twitter:data1\" content=\"1 dakika\" \/>\n<script type=\"application\/ld+json\" class=\"yoast-schema-graph\">{\"@context\":\"https:\/\/schema.org\",\"@graph\":[{\"@type\":\"WebPage\",\"@id\":\"https:\/\/myvize.com.tr\/kolombiya\/vize-basvurusu\/\",\"url\":\"https:\/\/myvize.com.tr\/kolombiya\/vize-basvurusu\/\",\"name\":\"Kolombiya Vize Ba\u015fvurusu - MyVize\",\"isPartOf\":{\"@id\":\"https:\/\/myvize.com.tr\/kolombiya\/#website\"},\"datePublished\":\"2021-06-28T12:10:11+00:00\",\"dateModified\":\"2022-05-11T11:09:10+00:00\",\"description\":\"Kolombiya Vize Ba\u015fvurusu nas\u0131l yap\u0131l\u0131r? Kolombiya Vize Ba\u015fvurusu 2022 g\u00fcncel bilgileri. Bilgi \u0130\u00e7in Vize Uzmanlar\u0131m\u0131z\u0131 Aray\u0131n: 0850 346 84 93\",\"breadcrumb\":{\"@id\":\"https:\/\/myvize.com.tr\/kolombiya\/vize-basvurusu\/#breadcrumb\"},\"inLanguage\":\"tr\",\"potentialAction\":[{\"@type\":\"ReadAction\",\"target\":[\"https:\/\/myvize.com.tr\/kolombiya\/vize-basvurusu\/\"]}]},{\"@type\":\"BreadcrumbList\",\"@id\":\"https:\/\/myvize.com.tr\/kolombiya\/vize-basvurusu\/#breadcrumb\",\"itemListElement\":[{\"@type\":\"ListItem\",\"position\":1,\"name\":\"Anasayfa\",\"item\":\"https:\/\/myvize.com.tr\/kolombiya\/\"},{\"@type\":\"ListItem\",\"position\":2,\"name\":\"Vize Ba\u015fvurusu\"}]},{\"@type\":\"WebSite\",\"@id\":\"https:\/\/myvize.com.tr\/kolombiya\/#website\",\"url\":\"https:\/\/myvize.com.tr\/kolombiya\/\",\"name\":\"Kolombiya Vizesi\",\"description\":\"\",\"potentialAction\":[{\"@type\":\"SearchAction\",\"target\":{\"@type\":\"EntryPoint\",\"urlTemplate\":\"https:\/\/myvize.com.tr\/kolombiya\/?s={search_term_string}\"},\"query-input\":{\"@type\":\"PropertyValueSpecification\",\"valueRequired\":true,\"valueName\":\"search_term_string\"}}],\"inLanguage\":\"tr\"}]}<\/script>\n<!-- \/ Yoast SEO plugin. -->","yoast_head_json":{"title":"Kolombiya Vize Ba\u015fvurusu - MyVize","description":"Kolombiya Vize Ba\u015fvurusu nas\u0131l yap\u0131l\u0131r? Kolombiya Vize Ba\u015fvurusu 2022 g\u00fcncel bilgileri. Bilgi \u0130\u00e7in Vize Uzmanlar\u0131m\u0131z\u0131 Aray\u0131n: 0850 346 84 93","robots":{"index":"index","follow":"follow","max-snippet":"max-snippet:-1","max-image-preview":"max-image-preview:large","max-video-preview":"max-video-preview:-1"},"canonical":"https:\/\/myvize.com.tr\/kolombiya\/vize-basvurusu\/","og_locale":"tr_TR","og_type":"article","og_title":"Kolombiya Vize Ba\u015fvurusu - MyVize","og_description":"Kolombiya Vize Ba\u015fvurusu nas\u0131l yap\u0131l\u0131r? Kolombiya Vize Ba\u015fvurusu 2022 g\u00fcncel bilgileri. Bilgi \u0130\u00e7in Vize Uzmanlar\u0131m\u0131z\u0131 Aray\u0131n: 0850 346 84 93","og_url":"https:\/\/myvize.com.tr\/kolombiya\/vize-basvurusu\/","og_site_name":"Kolombiya Vizesi","article_modified_time":"2022-05-11T11:09:10+00:00","twitter_card":"summary_large_image","twitter_misc":{"Tahmini okuma s\u00fcresi":"1 dakika"},"schema":{"@context":"https:\/\/schema.org","@graph":[{"@type":"WebPage","@id":"https:\/\/myvize.com.tr\/kolombiya\/vize-basvurusu\/","url":"https:\/\/myvize.com.tr\/kolombiya\/vize-basvurusu\/","name":"Kolombiya Vize Ba\u015fvurusu - MyVize","isPartOf":{"@id":"https:\/\/myvize.com.tr\/kolombiya\/#website"},"datePublished":"2021-06-28T12:10:11+00:00","dateModified":"2022-05-11T11:09:10+00:00","description":"Kolombiya Vize Ba\u015fvurusu nas\u0131l yap\u0131l\u0131r? Kolombiya Vize Ba\u015fvurusu 2022 g\u00fcncel bilgileri. Bilgi \u0130\u00e7in Vize Uzmanlar\u0131m\u0131z\u0131 Aray\u0131n: 0850 346 84 93","breadcrumb":{"@id":"https:\/\/myvize.com.tr\/kolombiya\/vize-basvurusu\/#breadcrumb"},"inLanguage":"tr","potentialAction":[{"@type":"ReadAction","target":["https:\/\/myvize.com.tr\/kolombiya\/vize-basvurusu\/"]}]},{"@type":"BreadcrumbList","@id":"https:\/\/myvize.com.tr\/kolombiya\/vize-basvurusu\/#breadcrumb","itemListElement":[{"@type":"ListItem","position":1,"name":"Anasayfa","item":"https:\/\/myvize.com.tr\/kolombiya\/"},{"@type":"ListItem","position":2,"name":"Vize Ba\u015fvurusu"}]},{"@type":"WebSite","@id":"https:\/\/myvize.com.tr\/kolombiya\/#website","url":"https:\/\/myvize.com.tr\/kolombiya\/","name":"Kolombiya Vizesi","description":"","potentialAction":[{"@type":"SearchAction","target":{"@type":"EntryPoint","urlTemplate":"https:\/\/myvize.com.tr\/kolombiya\/?s={search_term_string}"},"query-input":{"@type":"PropertyValueSpecification","valueRequired":true,"valueName":"search_term_string"}}],"inLanguage":"tr"}]}},"_links":{"self":[{"href":"https:\/\/myvize.com.tr\/kolombiya\/wp-json\/wp\/v2\/pages\/334","targetHints":{"allow":["GET"]}}],"collection":[{"href":"https:\/\/myvize.com.tr\/kolombiya\/wp-json\/wp\/v2\/pages"}],"about":[{"href":"https:\/\/myvize.com.tr\/kolombiya\/wp-json\/wp\/v2\/types\/page"}],"author":[{"embeddable":true,"href":"https:\/\/myvize.com.tr\/kolombiya\/wp-json\/wp\/v2\/users\/1"}],"replies":[{"embeddable":true,"href":"https:\/\/myvize.com.tr\/kolombiya\/wp-json\/wp\/v2\/comments?post=334"}],"version-history":[{"count":4,"href":"https:\/\/myvize.com.tr\/kolombiya\/wp-json\/wp\/v2\/pages\/334\/revisions"}],"predecessor-version":[{"id":464,"href":"https:\/\/myvize.com.tr\/kolombiya\/wp-json\/wp\/v2\/pages\/334\/revisions\/464"}],"wp:attachment":[{"href":"https:\/\/myvize.com.tr\/kolombiya\/wp-json\/wp\/v2\/media?parent=334"}],"curies":[{"name":"wp","href":"https:\/\/api.w.org\/{rel}","templated":true}]}}