{"id":319,"date":"2021-06-28T15:13:21","date_gmt":"2021-06-28T12:13:21","guid":{"rendered":"https:\/\/myvize.com.tr\/kenya\/?page_id=319"},"modified":"2022-05-11T13:49:44","modified_gmt":"2022-05-11T10:49:44","slug":"vize-basvurusu","status":"publish","type":"page","link":"https:\/\/myvize.com.tr\/kenya\/vize-basvurusu\/","title":{"rendered":"Vize Ba\u015fvurusu"},"content":{"rendered":"\n<h2 class=\"wp-block-heading\">Kenya Vize Ba\u015fvurusu Hakk\u0131nda<\/h2>\n\n\n\n<figure class=\"wp-block-table\"><table><tbody><tr><td>Kenya Devleti, T.C. Umuma Mahsus (Bordo) ge\u00e7i\u015fli sahiplerinden vize istek etmektedir. Hususi (Ye\u015fil), ihtimam (Gri) ve Diplomatik (kara rengi) pasaport sahipleri vizesiz olarak seyahat edebilmektedir. Kenya vizesi i\u00e7in m\u00fcracaat yapmadan ilkin pasaportunuzun seyahatinizden beri&nbsp;6 ayl\u0131k&nbsp; zaman dilimi s\u00fcresinin bulunmas\u0131 gerekti\u011fini unutmay\u0131n\u0131z. Kenya e-vizesi i\u00e7in dili \u0130ngilizce olan online formun doldurulmas\u0131 ve arka y\u00f6n\u00fcn fonu ak rengi biyometrik foto\u011fraf\u0131n\u0131z\u0131n y\u00fcklenmesi gerekmektedir. T\u00fcm ba\u015fvuru i\u015flemlerini do\u011fru \u015fekilde yapt\u0131\u011f\u0131n\u0131zda vizeniz elektronik ortamda g\u00f6nderilecektir. Ba\u015fvurunuzu yaparken seyahat amac\u0131n\u0131za m\u00fcsait olan vize t\u00fcr\u00fcn\u00fc se\u00e7mi\u015f olman\u0131z son a\u015fama \u00f6nemlidir.Turistik, ticari, aile ziyareti, e\u011fitim ve transit \u015feklinde \u00f6teki vize kategorilerinde m\u00fcracaat yapabilmeniz m\u00fcmk\u00fcnd\u00fcr.<br>Kenya&#8217;ya gitmeyi&nbsp;arzulayan&nbsp;T\u00fcrkiye Cumhuriyeti bireylerinin&nbsp;alternatiflerinden birincisi elektronik vizeyken, \u00f6teki de kap\u0131da vize uygulamas\u0131d\u0131r. Ki\u015fi, havaalan\u0131na geldi\u011fi vakit g\u00f6revliler taraf\u0131ndan vizesinin olup olmad\u0131\u011f\u0131 sualiyle&nbsp;kar\u015f\u0131 kar\u015f\u0131ya gelecektir. Bireyin, vizesini tayyare meydan\u0131ndan&nbsp;alaca\u011f\u0131n\u0131 s\u00f6ylemesi gerekmektedir. Hemen sonras\u0131ndan sonra ki\u015fiye, bir m\u00fcracaat formu verilecek ve bireyin bu formu doldurmas\u0131 istenecektir. Ba\u015fvuru formunu dolduran ki\u015fi, retina taramas\u0131 ve parmak izi i\u00e7in \u00f6zel bir odaya al\u0131nacakt\u0131r. Bu i\u015flemler tamamland\u0131ktan sonra \u015fah\u0131stan vize \u00fccretini \u00f6demesi istenecektir. Bununla birlikte ferdin Kenya&#8217;ya gitmesinin \u00f6n\u00fcnde bir engel kalmayacakt\u0131r.<\/td><\/tr><\/tbody><\/table><\/figure>\n\n\n\n<p><\/p>\n","protected":false},"excerpt":{"rendered":"<p>Kenya Vize Ba\u015fvurusu Hakk\u0131nda Kenya Devleti, T.C. Umuma Mahsus (Bordo) ge\u00e7i\u015fli sahiplerinden vize istek etmektedir. Hususi (Ye\u015fil), ihtimam (Gri) ve Diplomatik (kara rengi) pasaport sahipleri vizesiz olarak seyahat edebilmektedir. Kenya vizesi i\u00e7in m\u00fcracaat yapmadan ilkin pasaportunuzun seyahatinizden beri&nbsp;6 ayl\u0131k&nbsp; zaman dilimi s\u00fcresinin bulunmas\u0131 gerekti\u011fini unutmay\u0131n\u0131z. Kenya e-vizesi i\u00e7in dili \u0130ngilizce olan online formun doldurulmas\u0131 ve<\/p>\n","protected":false},"author":1,"featured_media":0,"parent":0,"menu_order":0,"comment_status":"closed","ping_status":"closed","template":"","meta":{"footnotes":""},"class_list":["post-319","page","type-page","status-publish","hentry"],"yoast_head":"<!-- This site is optimized with the Yoast SEO plugin v24.0 - https:\/\/yoast.com\/wordpress\/plugins\/seo\/ -->\n<title>Kenya Vize Ba\u015fvurusu - Kenya Vize \u0130\u015flemleri - MyVize<\/title>\n<meta name=\"description\" content=\"Kenya Vize Ba\u015fvurusu nas\u0131l yap\u0131l\u0131r? Kenya Vize Ba\u015fvuru Formu Nas\u0131l Doldurulur? Bilgi \u0130\u00e7in Vize Uzmanlar\u0131m\u0131z\u0131 Aray\u0131n: 0850 346 84 93\" \/>\n<meta name=\"robots\" content=\"index, follow, max-snippet:-1, max-image-preview:large, max-video-preview:-1\" \/>\n<link rel=\"canonical\" href=\"https:\/\/myvize.com.tr\/kenya\/vize-basvurusu\/\" \/>\n<meta property=\"og:locale\" content=\"tr_TR\" \/>\n<meta property=\"og:type\" content=\"article\" \/>\n<meta property=\"og:title\" content=\"Kenya Vize Ba\u015fvurusu - Kenya Vize \u0130\u015flemleri - MyVize\" \/>\n<meta property=\"og:description\" content=\"Kenya Vize Ba\u015fvurusu nas\u0131l yap\u0131l\u0131r? Kenya Vize Ba\u015fvuru Formu Nas\u0131l Doldurulur? Bilgi \u0130\u00e7in Vize Uzmanlar\u0131m\u0131z\u0131 Aray\u0131n: 0850 346 84 93\" \/>\n<meta property=\"og:url\" content=\"https:\/\/myvize.com.tr\/kenya\/vize-basvurusu\/\" \/>\n<meta property=\"og:site_name\" content=\"Kenya Vizesi\" \/>\n<meta property=\"article:modified_time\" content=\"2022-05-11T10:49:44+00:00\" \/>\n<meta name=\"twitter:card\" content=\"summary_large_image\" \/>\n<meta name=\"twitter:label1\" content=\"Tahmini okuma s\u00fcresi\" \/>\n\t<meta name=\"twitter:data1\" content=\"1 dakika\" \/>\n<script type=\"application\/ld+json\" class=\"yoast-schema-graph\">{\"@context\":\"https:\/\/schema.org\",\"@graph\":[{\"@type\":\"WebPage\",\"@id\":\"https:\/\/myvize.com.tr\/kenya\/vize-basvurusu\/\",\"url\":\"https:\/\/myvize.com.tr\/kenya\/vize-basvurusu\/\",\"name\":\"Kenya Vize Ba\u015fvurusu - Kenya Vize \u0130\u015flemleri - MyVize\",\"isPartOf\":{\"@id\":\"https:\/\/myvize.com.tr\/kenya\/#website\"},\"datePublished\":\"2021-06-28T12:13:21+00:00\",\"dateModified\":\"2022-05-11T10:49:44+00:00\",\"description\":\"Kenya Vize Ba\u015fvurusu nas\u0131l yap\u0131l\u0131r? Kenya Vize Ba\u015fvuru Formu Nas\u0131l Doldurulur? Bilgi \u0130\u00e7in Vize Uzmanlar\u0131m\u0131z\u0131 Aray\u0131n: 0850 346 84 93\",\"breadcrumb\":{\"@id\":\"https:\/\/myvize.com.tr\/kenya\/vize-basvurusu\/#breadcrumb\"},\"inLanguage\":\"tr\",\"potentialAction\":[{\"@type\":\"ReadAction\",\"target\":[\"https:\/\/myvize.com.tr\/kenya\/vize-basvurusu\/\"]}]},{\"@type\":\"BreadcrumbList\",\"@id\":\"https:\/\/myvize.com.tr\/kenya\/vize-basvurusu\/#breadcrumb\",\"itemListElement\":[{\"@type\":\"ListItem\",\"position\":1,\"name\":\"Anasayfa\",\"item\":\"https:\/\/myvize.com.tr\/kenya\/\"},{\"@type\":\"ListItem\",\"position\":2,\"name\":\"Vize Ba\u015fvurusu\"}]},{\"@type\":\"WebSite\",\"@id\":\"https:\/\/myvize.com.tr\/kenya\/#website\",\"url\":\"https:\/\/myvize.com.tr\/kenya\/\",\"name\":\"Kenya Vizesi\",\"description\":\"\",\"potentialAction\":[{\"@type\":\"SearchAction\",\"target\":{\"@type\":\"EntryPoint\",\"urlTemplate\":\"https:\/\/myvize.com.tr\/kenya\/?s={search_term_string}\"},\"query-input\":{\"@type\":\"PropertyValueSpecification\",\"valueRequired\":true,\"valueName\":\"search_term_string\"}}],\"inLanguage\":\"tr\"}]}<\/script>\n<!-- \/ Yoast SEO plugin. -->","yoast_head_json":{"title":"Kenya Vize Ba\u015fvurusu - Kenya Vize \u0130\u015flemleri - MyVize","description":"Kenya Vize Ba\u015fvurusu nas\u0131l yap\u0131l\u0131r? Kenya Vize Ba\u015fvuru Formu Nas\u0131l Doldurulur? Bilgi \u0130\u00e7in Vize Uzmanlar\u0131m\u0131z\u0131 Aray\u0131n: 0850 346 84 93","robots":{"index":"index","follow":"follow","max-snippet":"max-snippet:-1","max-image-preview":"max-image-preview:large","max-video-preview":"max-video-preview:-1"},"canonical":"https:\/\/myvize.com.tr\/kenya\/vize-basvurusu\/","og_locale":"tr_TR","og_type":"article","og_title":"Kenya Vize Ba\u015fvurusu - Kenya Vize \u0130\u015flemleri - MyVize","og_description":"Kenya Vize Ba\u015fvurusu nas\u0131l yap\u0131l\u0131r? Kenya Vize Ba\u015fvuru Formu Nas\u0131l Doldurulur? Bilgi \u0130\u00e7in Vize Uzmanlar\u0131m\u0131z\u0131 Aray\u0131n: 0850 346 84 93","og_url":"https:\/\/myvize.com.tr\/kenya\/vize-basvurusu\/","og_site_name":"Kenya Vizesi","article_modified_time":"2022-05-11T10:49:44+00:00","twitter_card":"summary_large_image","twitter_misc":{"Tahmini okuma s\u00fcresi":"1 dakika"},"schema":{"@context":"https:\/\/schema.org","@graph":[{"@type":"WebPage","@id":"https:\/\/myvize.com.tr\/kenya\/vize-basvurusu\/","url":"https:\/\/myvize.com.tr\/kenya\/vize-basvurusu\/","name":"Kenya Vize Ba\u015fvurusu - Kenya Vize \u0130\u015flemleri - MyVize","isPartOf":{"@id":"https:\/\/myvize.com.tr\/kenya\/#website"},"datePublished":"2021-06-28T12:13:21+00:00","dateModified":"2022-05-11T10:49:44+00:00","description":"Kenya Vize Ba\u015fvurusu nas\u0131l yap\u0131l\u0131r? Kenya Vize Ba\u015fvuru Formu Nas\u0131l Doldurulur? Bilgi \u0130\u00e7in Vize Uzmanlar\u0131m\u0131z\u0131 Aray\u0131n: 0850 346 84 93","breadcrumb":{"@id":"https:\/\/myvize.com.tr\/kenya\/vize-basvurusu\/#breadcrumb"},"inLanguage":"tr","potentialAction":[{"@type":"ReadAction","target":["https:\/\/myvize.com.tr\/kenya\/vize-basvurusu\/"]}]},{"@type":"BreadcrumbList","@id":"https:\/\/myvize.com.tr\/kenya\/vize-basvurusu\/#breadcrumb","itemListElement":[{"@type":"ListItem","position":1,"name":"Anasayfa","item":"https:\/\/myvize.com.tr\/kenya\/"},{"@type":"ListItem","position":2,"name":"Vize Ba\u015fvurusu"}]},{"@type":"WebSite","@id":"https:\/\/myvize.com.tr\/kenya\/#website","url":"https:\/\/myvize.com.tr\/kenya\/","name":"Kenya Vizesi","description":"","potentialAction":[{"@type":"SearchAction","target":{"@type":"EntryPoint","urlTemplate":"https:\/\/myvize.com.tr\/kenya\/?s={search_term_string}"},"query-input":{"@type":"PropertyValueSpecification","valueRequired":true,"valueName":"search_term_string"}}],"inLanguage":"tr"}]}},"_links":{"self":[{"href":"https:\/\/myvize.com.tr\/kenya\/wp-json\/wp\/v2\/pages\/319","targetHints":{"allow":["GET"]}}],"collection":[{"href":"https:\/\/myvize.com.tr\/kenya\/wp-json\/wp\/v2\/pages"}],"about":[{"href":"https:\/\/myvize.com.tr\/kenya\/wp-json\/wp\/v2\/types\/page"}],"author":[{"embeddable":true,"href":"https:\/\/myvize.com.tr\/kenya\/wp-json\/wp\/v2\/users\/1"}],"replies":[{"embeddable":true,"href":"https:\/\/myvize.com.tr\/kenya\/wp-json\/wp\/v2\/comments?post=319"}],"version-history":[{"count":5,"href":"https:\/\/myvize.com.tr\/kenya\/wp-json\/wp\/v2\/pages\/319\/revisions"}],"predecessor-version":[{"id":416,"href":"https:\/\/myvize.com.tr\/kenya\/wp-json\/wp\/v2\/pages\/319\/revisions\/416"}],"wp:attachment":[{"href":"https:\/\/myvize.com.tr\/kenya\/wp-json\/wp\/v2\/media?parent=319"}],"curies":[{"name":"wp","href":"https:\/\/api.w.org\/{rel}","templated":true}]}}