{"id":306,"date":"2021-01-22T13:50:09","date_gmt":"2021-01-22T10:50:09","guid":{"rendered":"https:\/\/myvize.com.tr\/katar\/?page_id=306"},"modified":"2021-01-22T13:50:11","modified_gmt":"2021-01-22T10:50:11","slug":"yatirimcilara-katar-vatandasligi","status":"publish","type":"page","link":"https:\/\/myvize.com.tr\/katar\/oturum-2\/yatirimcilara-katar-vatandasligi\/","title":{"rendered":"Yat\u0131r\u0131mc\u0131lara Katar Vatanda\u015fl\u0131\u011f\u0131"},"content":{"rendered":"","protected":false},"excerpt":{"rendered":"","protected":false},"author":1,"featured_media":0,"parent":138,"menu_order":0,"comment_status":"closed","ping_status":"closed","template":"","meta":[],"yoast_head":"<!-- This site is optimized with the Yoast SEO plugin v16.4 - https:\/\/yoast.com\/wordpress\/plugins\/seo\/ -->\n<title>Yat\u0131r\u0131mc\u0131lara Katar Vatanda\u015fl\u0131\u011f\u0131 - Katar Vizesi<\/title>\n<meta name=\"robots\" content=\"index, follow, max-snippet:-1, max-image-preview:large, max-video-preview:-1\" \/>\n<link rel=\"canonical\" href=\"https:\/\/myvize.com.tr\/katar\/oturum-2\/yatirimcilara-katar-vatandasligi\/\" \/>\n<meta property=\"og:locale\" content=\"tr_TR\" \/>\n<meta property=\"og:type\" content=\"article\" \/>\n<meta property=\"og:title\" content=\"Yat\u0131r\u0131mc\u0131lara Katar Vatanda\u015fl\u0131\u011f\u0131 - Katar Vizesi\" \/>\n<meta property=\"og:url\" content=\"https:\/\/myvize.com.tr\/katar\/oturum-2\/yatirimcilara-katar-vatandasligi\/\" \/>\n<meta property=\"og:site_name\" content=\"Katar Vizesi\" \/>\n<meta property=\"article:modified_time\" content=\"2021-01-22T10:50:11+00:00\" \/>\n<meta name=\"twitter:card\" content=\"summary_large_image\" \/>\n<script type=\"application\/ld+json\" class=\"yoast-schema-graph\">{\"@context\":\"https:\/\/schema.org\",\"@graph\":[{\"@type\":\"WebSite\",\"@id\":\"https:\/\/myvize.com.tr\/katar\/#website\",\"url\":\"https:\/\/myvize.com.tr\/katar\/\",\"name\":\"Katar Vizesi\",\"description\":\"\",\"potentialAction\":[{\"@type\":\"SearchAction\",\"target\":\"https:\/\/myvize.com.tr\/katar\/?s={search_term_string}\",\"query-input\":\"required name=search_term_string\"}],\"inLanguage\":\"tr\"},{\"@type\":\"WebPage\",\"@id\":\"https:\/\/myvize.com.tr\/katar\/oturum-2\/yatirimcilara-katar-vatandasligi\/#webpage\",\"url\":\"https:\/\/myvize.com.tr\/katar\/oturum-2\/yatirimcilara-katar-vatandasligi\/\",\"name\":\"Yat\\u0131r\\u0131mc\\u0131lara Katar Vatanda\\u015fl\\u0131\\u011f\\u0131 - Katar Vizesi\",\"isPartOf\":{\"@id\":\"https:\/\/myvize.com.tr\/katar\/#website\"},\"datePublished\":\"2021-01-22T10:50:09+00:00\",\"dateModified\":\"2021-01-22T10:50:11+00:00\",\"breadcrumb\":{\"@id\":\"https:\/\/myvize.com.tr\/katar\/oturum-2\/yatirimcilara-katar-vatandasligi\/#breadcrumb\"},\"inLanguage\":\"tr\",\"potentialAction\":[{\"@type\":\"ReadAction\",\"target\":[\"https:\/\/myvize.com.tr\/katar\/oturum-2\/yatirimcilara-katar-vatandasligi\/\"]}]},{\"@type\":\"BreadcrumbList\",\"@id\":\"https:\/\/myvize.com.tr\/katar\/oturum-2\/yatirimcilara-katar-vatandasligi\/#breadcrumb\",\"itemListElement\":[{\"@type\":\"ListItem\",\"position\":1,\"item\":{\"@type\":\"WebPage\",\"@id\":\"https:\/\/myvize.com.tr\/katar\/\",\"url\":\"https:\/\/myvize.com.tr\/katar\/\",\"name\":\"Anasayfa\"}},{\"@type\":\"ListItem\",\"position\":2,\"item\":{\"@type\":\"WebPage\",\"@id\":\"https:\/\/myvize.com.tr\/katar\/oturum-2\/\",\"url\":\"https:\/\/myvize.com.tr\/katar\/oturum-2\/\",\"name\":\"OTURUM\"}},{\"@type\":\"ListItem\",\"position\":3,\"item\":{\"@id\":\"https:\/\/myvize.com.tr\/katar\/oturum-2\/yatirimcilara-katar-vatandasligi\/#webpage\"}}]}]}<\/script>\n<!-- \/ Yoast SEO plugin. -->","_links":{"self":[{"href":"https:\/\/myvize.com.tr\/katar\/wp-json\/wp\/v2\/pages\/306"}],"collection":[{"href":"https:\/\/myvize.com.tr\/katar\/wp-json\/wp\/v2\/pages"}],"about":[{"href":"https:\/\/myvize.com.tr\/katar\/wp-json\/wp\/v2\/types\/page"}],"author":[{"embeddable":true,"href":"https:\/\/myvize.com.tr\/katar\/wp-json\/wp\/v2\/users\/1"}],"replies":[{"embeddable":true,"href":"https:\/\/myvize.com.tr\/katar\/wp-json\/wp\/v2\/comments?post=306"}],"version-history":[{"count":1,"href":"https:\/\/myvize.com.tr\/katar\/wp-json\/wp\/v2\/pages\/306\/revisions"}],"predecessor-version":[{"id":307,"href":"https:\/\/myvize.com.tr\/katar\/wp-json\/wp\/v2\/pages\/306\/revisions\/307"}],"up":[{"embeddable":true,"href":"https:\/\/myvize.com.tr\/katar\/wp-json\/wp\/v2\/pages\/138"}],"wp:attachment":[{"href":"https:\/\/myvize.com.tr\/katar\/wp-json\/wp\/v2\/media?parent=306"}],"curies":[{"name":"wp","href":"https:\/\/api.w.org\/{rel}","templated":true}]}}