{"id":324,"date":"2021-01-22T13:34:42","date_gmt":"2021-01-22T10:34:42","guid":{"rendered":"https:\/\/myvize.com.tr\/karadag-montenegro\/?page_id=324"},"modified":"2021-01-22T13:34:44","modified_gmt":"2021-01-22T10:34:44","slug":"karadag-montenegro-istanbul-fahri-konsoloslugu","status":"publish","type":"page","link":"https:\/\/myvize.com.tr\/karadag-montenegro\/konsolosluklar\/karadag-montenegro-istanbul-fahri-konsoloslugu\/","title":{"rendered":"Karada\u011f &#8211; Montenegro \u0130stanbul Fahri Konsoloslu\u011fu"},"content":{"rendered":"","protected":false},"excerpt":{"rendered":"","protected":false},"author":1,"featured_media":0,"parent":69,"menu_order":0,"comment_status":"closed","ping_status":"closed","template":"","meta":[],"yoast_head":"<!-- This site is optimized with the Yoast SEO plugin v15.6.2 - https:\/\/yoast.com\/wordpress\/plugins\/seo\/ -->\n<title>Karada\u011f - Montenegro \u0130stanbul Fahri Konsoloslu\u011fu - Karadag Montenegro Vizesi<\/title>\n<meta name=\"robots\" content=\"index, follow, max-snippet:-1, max-image-preview:large, max-video-preview:-1\" \/>\n<link rel=\"canonical\" href=\"https:\/\/myvize.com.tr\/karadag-montenegro\/konsolosluklar\/karadag-montenegro-istanbul-fahri-konsoloslugu\/\" \/>\n<meta property=\"og:locale\" content=\"tr_TR\" \/>\n<meta property=\"og:type\" content=\"article\" \/>\n<meta property=\"og:title\" content=\"Karada\u011f - Montenegro \u0130stanbul Fahri Konsoloslu\u011fu - Karadag Montenegro Vizesi\" \/>\n<meta property=\"og:url\" content=\"https:\/\/myvize.com.tr\/karadag-montenegro\/konsolosluklar\/karadag-montenegro-istanbul-fahri-konsoloslugu\/\" \/>\n<meta property=\"og:site_name\" content=\"Karadag Montenegro Vizesi\" \/>\n<meta property=\"article:modified_time\" content=\"2021-01-22T10:34:44+00:00\" \/>\n<meta name=\"twitter:card\" content=\"summary_large_image\" \/>\n<script type=\"application\/ld+json\" class=\"yoast-schema-graph\">{\"@context\":\"https:\/\/schema.org\",\"@graph\":[{\"@type\":\"WebSite\",\"@id\":\"https:\/\/myvize.com.tr\/karadag-montenegro\/#website\",\"url\":\"https:\/\/myvize.com.tr\/karadag-montenegro\/\",\"name\":\"Karadag Montenegro Vizesi\",\"description\":\"\",\"potentialAction\":[{\"@type\":\"SearchAction\",\"target\":\"https:\/\/myvize.com.tr\/karadag-montenegro\/?s={search_term_string}\",\"query-input\":\"required name=search_term_string\"}],\"inLanguage\":\"tr\"},{\"@type\":\"WebPage\",\"@id\":\"https:\/\/myvize.com.tr\/karadag-montenegro\/konsolosluklar\/karadag-montenegro-istanbul-fahri-konsoloslugu\/#webpage\",\"url\":\"https:\/\/myvize.com.tr\/karadag-montenegro\/konsolosluklar\/karadag-montenegro-istanbul-fahri-konsoloslugu\/\",\"name\":\"Karada\\u011f - Montenegro \\u0130stanbul Fahri Konsoloslu\\u011fu - Karadag Montenegro Vizesi\",\"isPartOf\":{\"@id\":\"https:\/\/myvize.com.tr\/karadag-montenegro\/#website\"},\"datePublished\":\"2021-01-22T10:34:42+00:00\",\"dateModified\":\"2021-01-22T10:34:44+00:00\",\"inLanguage\":\"tr\",\"potentialAction\":[{\"@type\":\"ReadAction\",\"target\":[\"https:\/\/myvize.com.tr\/karadag-montenegro\/konsolosluklar\/karadag-montenegro-istanbul-fahri-konsoloslugu\/\"]}]}]}<\/script>\n<!-- \/ Yoast SEO plugin. -->","_links":{"self":[{"href":"https:\/\/myvize.com.tr\/karadag-montenegro\/wp-json\/wp\/v2\/pages\/324"}],"collection":[{"href":"https:\/\/myvize.com.tr\/karadag-montenegro\/wp-json\/wp\/v2\/pages"}],"about":[{"href":"https:\/\/myvize.com.tr\/karadag-montenegro\/wp-json\/wp\/v2\/types\/page"}],"author":[{"embeddable":true,"href":"https:\/\/myvize.com.tr\/karadag-montenegro\/wp-json\/wp\/v2\/users\/1"}],"replies":[{"embeddable":true,"href":"https:\/\/myvize.com.tr\/karadag-montenegro\/wp-json\/wp\/v2\/comments?post=324"}],"version-history":[{"count":1,"href":"https:\/\/myvize.com.tr\/karadag-montenegro\/wp-json\/wp\/v2\/pages\/324\/revisions"}],"predecessor-version":[{"id":325,"href":"https:\/\/myvize.com.tr\/karadag-montenegro\/wp-json\/wp\/v2\/pages\/324\/revisions\/325"}],"up":[{"embeddable":true,"href":"https:\/\/myvize.com.tr\/karadag-montenegro\/wp-json\/wp\/v2\/pages\/69"}],"wp:attachment":[{"href":"https:\/\/myvize.com.tr\/karadag-montenegro\/wp-json\/wp\/v2\/media?parent=324"}],"curies":[{"name":"wp","href":"https:\/\/api.w.org\/{rel}","templated":true}]}}