{"id":94,"date":"2020-11-30T13:07:41","date_gmt":"2020-11-30T10:07:41","guid":{"rendered":"http:\/\/myvize.com.tr\/japonya\/?page_id=94"},"modified":"2021-11-09T12:25:00","modified_gmt":"2021-11-09T09:25:00","slug":"baskonsolosluk-bolumleri","status":"publish","type":"page","link":"https:\/\/myvize.com.tr\/japonya\/konsolosluklar\/baskonsolosluk-bolumleri\/","title":{"rendered":"Japonya Ba\u015fkonsolosluk B\u00f6l\u00fcmleri"},"content":{"rendered":"<h2><strong><span style=\"font-family: Roboto; font-size: 27px;\">Japonya Ba\u015fkonsolosluk B\u00f6l\u00fcmleri Hakk\u0131nda<\/span><\/strong><\/h2>\n<p><span style=\"font-family: Roboto; font-size: 14px;\"><strong>Japonya Ba\u015fkonsoloslu\u011fu<\/strong>, T\u00fcrkiye\u2019de bulunan ve<span style=\"color: #2acec2;\"><strong><a style=\"color: #2acec2;\" href=\"https:\/\/myvize.com.tr\/japonya\/subelerimiz\/ankara\/\" target=\"_blank\" rel=\"noopener\"> Japonya Ankara B\u00fcy\u00fckel\u00e7ili\u011fi<\/a><\/strong><\/span>\u2019ne ba\u011fl\u0131 olarak faaliyet g\u00f6steren resmi bir temsilciliktir. T\u00fcrkiye ile Japonya aras\u0131ndaki ekonomik, siyasal, sosyal ve k\u00fclt\u00fcrel ili\u015fkileri d\u00fczenlemekle ya da belirli bir seviyede tutmakla ilgilenir. Japonya vatanda\u015flar\u0131na baz\u0131 hizmetler verirken <strong>T\u00fcrkiye Cumhuriyeti<\/strong> vatanda\u015flar\u0131na ise <strong>vize hizmeti<\/strong> vermektedir. Bu i\u015fleri ise Ba\u015fkonsolosluk b\u00fcnyesinde kurdu\u011fu baz\u0131 b\u00f6l\u00fcmler ile yapmaktad\u0131r. Bu b\u00f6l\u00fcmler a\u015fa\u011f\u0131da verilmi\u015ftir.<\/span><\/p>\n<ul>\n<li><span style=\"font-family: Roboto; font-size: 14px;\"><strong>Y\u00f6netim B\u00f6l\u00fcm\u00fc:\u00a0<\/strong>Ba\u015fkonsoloslu\u011fun y\u00f6netimi ile ilgilenmektedir. Ba\u015fkonsolosluk personel giderleri, ba\u015fkonsolosluk binas\u0131 bak\u0131m\u0131, ba\u015fkonsolosluk ihtiya\u00e7lar\u0131, b\u00fct\u00e7e y\u00f6netimi gibi konular bu b\u00f6l\u00fcm kapsam\u0131na girmektedir.<\/span><\/li>\n<li><span style=\"font-family: Roboto; font-size: 14px;\"><strong>Ekonomi B\u00f6l\u00fcm\u00fc:<\/strong>\u00a0T\u00fcrkiye\u2019de Japonya ad\u0131na yeni yat\u0131r\u0131m alanlar\u0131 ortaya \u00e7\u0131karmaya \u00e7al\u0131\u015f\u0131r. Japonya\u2019n\u0131n ekonomik \u00e7\u0131karlar\u0131n\u0131 korumaktad\u0131r.<\/span><\/li>\n<li><span style=\"font-family: Roboto; font-size: 14px;\"><strong>Bas\u0131n B\u00f6l\u00fcm\u00fc:<\/strong>\u00a0<strong>Japonya Ba\u015fkonsoloslu\u011fu<\/strong> ad\u0131na bas\u0131n a\u00e7\u0131klamalar\u0131 yapmakta, T\u00fcrkiye medyas\u0131n\u0131 Japonya hakk\u0131nda bilgilendirmektedir.<\/span><\/li>\n<li><span style=\"font-family: Roboto; font-size: 14px;\"><strong>Konsolosluk B\u00f6l\u00fcm\u00fc:<\/strong>\u00a0Japonya vatanda\u015flar\u0131na n\u00fcfus i\u015flemleri, evlilik i\u015flemleri, pasaport i\u015flemleri gibi konsolosluk hizmeti vermektedir.<\/span><\/li>\n<li><span style=\"font-family: Roboto; font-size: 14px;\"><strong>Vize B\u00f6l\u00fcm\u00fc:<\/strong>\u00a0Japonya\u2019ya seyahat etmek isteyen T\u00fcrkiye Cumhuriyeti vatanda\u015flar\u0131n\u0131n <strong>vize ba\u015fvurular\u0131n\u0131<\/strong> kabul etmekte ve de\u011ferlendirmektedir.<\/span><\/li>\n<li><span style=\"font-family: Roboto; font-size: 14px;\"><strong>K\u00fclt\u00fcr ve E\u011fitim B\u00f6l\u00fcm\u00fc:<\/strong>\u00a0Japonya ve T\u00fcrkiye aras\u0131ndaki k\u00fclt\u00fcr al\u0131\u015fveri\u015fi yapmaktad\u0131r. Japonya k\u00fclt\u00fcr\u00fcn\u00fc T\u00fcrkiye\u2019de tan\u0131tmaktad\u0131r. Ayr\u0131ca Japonya vatanda\u015flar\u0131na e\u011fitim konusunda destek olmaktad\u0131r.<\/span><\/li>\n<\/ul>\n<h2><span style=\"font-family: Roboto; font-size: 27px;\"><strong>Japonya Ba\u015fkonsolosluk B\u00f6l\u00fcmleri \u0130le \u0130lgili<\/strong><\/span><\/h2>\n<p><span style=\"font-family: Roboto; font-size: 14px;\"><strong>Ba\u015fkonsolosluk b\u00f6l\u00fcmleri<\/strong>\u00a0i\u00e7erisinde en \u00e7ok personel, Konsolosluk ve vize b\u00f6l\u00fcm\u00fcnde yer al\u0131r. \u00c7\u00fcnk\u00fc bu b\u00f6l\u00fcmde di\u011fer b\u00f6l\u00fcmlere g\u00f6re daha fazla i\u015flem ger\u00e7ekle\u015ftirilir. Zor durumda olan vatanda\u015flarla ilgilenmek de bu b\u00f6l\u00fcmdeki ki\u015filerin yapm\u0131\u015f oldu\u011fu i\u015flemler aras\u0131nda yer al\u0131r. Konsolosluklar her ilde olmak zorunda de\u011fildir. \u00d6zellikle b\u00fcy\u00fck \u015fehirlerde yer alan<strong> Konsolosluklar<\/strong> di\u011fer \u015fehirlerin i\u015flemlerini de y\u00fcr\u00fct\u00fcrler. Konsolosluklardan<strong> vize alma i\u015flemleri<\/strong> ger\u00e7ekle\u015ftirilmez. Sadece vize almak i\u00e7in gerekli olan i\u015flemler y\u00fcr\u00fct\u00fcl\u00fcr. Ticari, turistik, <span style=\"color: #2acec2;\"><strong><a style=\"color: #2acec2;\" href=\"https:\/\/myvize.com.tr\/japonya\/vize-islemleri\/japonya-aile-ziyareti-vizesi\/\" target=\"_blank\" rel=\"noopener\">aile ziyareti vizesi<\/a><\/strong><\/span> gibi vizeler en \u00e7ok al\u0131nan vizelerden baz\u0131lar\u0131d\u0131r.<\/span><\/p>\n<p><span style=\"font-family: Roboto; font-size: 14px;\">Konsolosluklar\u0131n i\u00e7erisinde farkl\u0131 b\u00f6l\u00fcmler vard\u0131r. Bu b\u00f6l\u00fcmlerde birbirinden farkl\u0131 i\u015flemler y\u00fcr\u00fct\u00fcl\u00fcr. Konsolosluklarda genellikle <span style=\"color: #2acec2;\"><strong><a style=\"color: #2acec2;\" href=\"https:\/\/myvize.com.tr\/japonya\/vize-islemleri\/\" target=\"_blank\" rel=\"noopener\">vize i\u015flemleri<\/a><\/strong><\/span> yap\u0131lsa da farkl\u0131 i\u015flemlerde yap\u0131l\u0131r. <strong>Vize ba\u015fvurusu<\/strong>nda bulunacak ki\u015filer i\u015flemlerinin sorunsuz olarak halledebilmek amac\u0131yla ba\u015fvurular\u0131n\u0131 erken tarihlerde ger\u00e7ekle\u015ftirmelidir. Ba\u015fkonsolosluklarda yer alan b\u00f6l\u00fcmlerden baz\u0131lar\u0131 \u015funlard\u0131r;<\/span><\/p>\n<ul>\n<li><span style=\"font-family: Roboto; font-size: 14px;\">Siyasi b\u00f6l\u00fcm<\/span><\/li>\n<li><span style=\"font-family: Roboto; font-size: 14px;\">K\u00fclt\u00fcr b\u00f6l\u00fcm\u00fc<\/span><\/li>\n<li><span style=\"font-family: Roboto; font-size: 14px;\">Ekonomik b\u00f6l\u00fcm\u00fc<\/span><\/li>\n<li><span style=\"font-family: Roboto; font-size: 14px;\">Bas\u0131n ve Halkla \u0130li\u015fkiler b\u00f6l\u00fcm\u00fc<\/span><\/li>\n<li><span style=\"font-family: Roboto; font-size: 14px;\">Konsolosluk ve vize b\u00f6l\u00fcm\u00fc gibi b\u00f6l\u00fcmler vard\u0131r.<\/span><\/li>\n<\/ul>\n<p><span style=\"font-family: Roboto; font-size: 14px;\">Bu b\u00f6l\u00fcmlerde yap\u0131lan i\u015flemlerin tamam\u0131 sorunsuz olarak halledilmeye \u00e7al\u0131\u015f\u0131l\u0131r. Her konsolosluk kendi g\u00f6rev alan\u0131 i\u00e7erisinde hizmet verir.<\/span><\/p>\n","protected":false},"excerpt":{"rendered":"<p>Japonya Ba\u015fkonsolosluk B\u00f6l\u00fcmleri Hakk\u0131nda Japonya Ba\u015fkonsoloslu\u011fu, T\u00fcrkiye\u2019de bulunan ve Japonya Ankara B\u00fcy\u00fckel\u00e7ili\u011fi\u2019ne ba\u011fl\u0131 olarak faaliyet g\u00f6steren resmi bir temsilciliktir. T\u00fcrkiye ile Japonya aras\u0131ndaki ekonomik, siyasal, sosyal ve k\u00fclt\u00fcrel ili\u015fkileri d\u00fczenlemekle ya da belirli bir seviyede tutmakla ilgilenir. Japonya vatanda\u015flar\u0131na baz\u0131 hizmetler verirken T\u00fcrkiye Cumhuriyeti vatanda\u015flar\u0131na ise vize hizmeti vermektedir. Bu i\u015fleri ise Ba\u015fkonsolosluk b\u00fcnyesinde kurdu\u011fu<\/p>\n","protected":false},"author":2,"featured_media":0,"parent":69,"menu_order":0,"comment_status":"closed","ping_status":"closed","template":"","meta":[],"yoast_head":"<!-- This site is optimized with the Yoast SEO plugin v16.4 - https:\/\/yoast.com\/wordpress\/plugins\/seo\/ -->\n<title>Japonya Ba\u015fkonsolosluk B\u00f6l\u00fcmleri - MyVize Vize Ba\u015fvuru Merkezi<\/title>\n<meta name=\"description\" content=\"Japonya Ba\u015fkonsolosluk B\u00f6l\u00fcmleri Nelerdir? Japonya Ba\u015fkonsolosluk B\u00f6l\u00fcmleri 2022 Hakk\u0131nda Bilgi \u0130\u00e7in Hemen Aray\u0131n: 0850 346 84 93\" \/>\n<meta name=\"robots\" content=\"index, follow, max-snippet:-1, max-image-preview:large, max-video-preview:-1\" \/>\n<link rel=\"canonical\" href=\"https:\/\/myvize.com.tr\/japonya\/konsolosluklar\/baskonsolosluk-bolumleri\/\" \/>\n<meta property=\"og:locale\" content=\"tr_TR\" \/>\n<meta property=\"og:type\" content=\"article\" \/>\n<meta property=\"og:title\" content=\"Japonya Ba\u015fkonsolosluk B\u00f6l\u00fcmleri - MyVize Vize Ba\u015fvuru Merkezi\" \/>\n<meta property=\"og:description\" content=\"Japonya Ba\u015fkonsolosluk B\u00f6l\u00fcmleri Nelerdir? Japonya Ba\u015fkonsolosluk B\u00f6l\u00fcmleri 2022 Hakk\u0131nda Bilgi \u0130\u00e7in Hemen Aray\u0131n: 0850 346 84 93\" \/>\n<meta property=\"og:url\" content=\"https:\/\/myvize.com.tr\/japonya\/konsolosluklar\/baskonsolosluk-bolumleri\/\" \/>\n<meta property=\"og:site_name\" content=\"Japonya Vizesi\" \/>\n<meta property=\"article:modified_time\" content=\"2021-11-09T09:25:00+00:00\" \/>\n<meta name=\"twitter:card\" content=\"summary_large_image\" \/>\n<meta name=\"twitter:label1\" content=\"Tahmini okuma s\u00fcresi\" \/>\n\t<meta name=\"twitter:data1\" content=\"2 dakika\" \/>\n<script type=\"application\/ld+json\" class=\"yoast-schema-graph\">{\"@context\":\"https:\/\/schema.org\",\"@graph\":[{\"@type\":\"WebSite\",\"@id\":\"https:\/\/myvize.com.tr\/japonya\/#website\",\"url\":\"https:\/\/myvize.com.tr\/japonya\/\",\"name\":\"Japonya Vizesi\",\"description\":\"\",\"potentialAction\":[{\"@type\":\"SearchAction\",\"target\":\"https:\/\/myvize.com.tr\/japonya\/?s={search_term_string}\",\"query-input\":\"required name=search_term_string\"}],\"inLanguage\":\"tr\"},{\"@type\":\"WebPage\",\"@id\":\"https:\/\/myvize.com.tr\/japonya\/konsolosluklar\/baskonsolosluk-bolumleri\/#webpage\",\"url\":\"https:\/\/myvize.com.tr\/japonya\/konsolosluklar\/baskonsolosluk-bolumleri\/\",\"name\":\"Japonya Ba\\u015fkonsolosluk B\\u00f6l\\u00fcmleri - MyVize Vize Ba\\u015fvuru Merkezi\",\"isPartOf\":{\"@id\":\"https:\/\/myvize.com.tr\/japonya\/#website\"},\"datePublished\":\"2020-11-30T10:07:41+00:00\",\"dateModified\":\"2021-11-09T09:25:00+00:00\",\"description\":\"Japonya Ba\\u015fkonsolosluk B\\u00f6l\\u00fcmleri Nelerdir? Japonya Ba\\u015fkonsolosluk B\\u00f6l\\u00fcmleri 2022 Hakk\\u0131nda Bilgi \\u0130\\u00e7in Hemen Aray\\u0131n: 0850 346 84 93\",\"breadcrumb\":{\"@id\":\"https:\/\/myvize.com.tr\/japonya\/konsolosluklar\/baskonsolosluk-bolumleri\/#breadcrumb\"},\"inLanguage\":\"tr\",\"potentialAction\":[{\"@type\":\"ReadAction\",\"target\":[\"https:\/\/myvize.com.tr\/japonya\/konsolosluklar\/baskonsolosluk-bolumleri\/\"]}]},{\"@type\":\"BreadcrumbList\",\"@id\":\"https:\/\/myvize.com.tr\/japonya\/konsolosluklar\/baskonsolosluk-bolumleri\/#breadcrumb\",\"itemListElement\":[{\"@type\":\"ListItem\",\"position\":1,\"item\":{\"@type\":\"WebPage\",\"@id\":\"https:\/\/myvize.com.tr\/japonya\/\",\"url\":\"https:\/\/myvize.com.tr\/japonya\/\",\"name\":\"Anasayfa\"}},{\"@type\":\"ListItem\",\"position\":2,\"item\":{\"@type\":\"WebPage\",\"@id\":\"https:\/\/myvize.com.tr\/japonya\/konsolosluklar\/\",\"url\":\"https:\/\/myvize.com.tr\/japonya\/konsolosluklar\/\",\"name\":\"KONSOLOSLUKLAR\"}},{\"@type\":\"ListItem\",\"position\":3,\"item\":{\"@id\":\"https:\/\/myvize.com.tr\/japonya\/konsolosluklar\/baskonsolosluk-bolumleri\/#webpage\"}}]}]}<\/script>\n<!-- \/ Yoast SEO plugin. -->","_links":{"self":[{"href":"https:\/\/myvize.com.tr\/japonya\/wp-json\/wp\/v2\/pages\/94"}],"collection":[{"href":"https:\/\/myvize.com.tr\/japonya\/wp-json\/wp\/v2\/pages"}],"about":[{"href":"https:\/\/myvize.com.tr\/japonya\/wp-json\/wp\/v2\/types\/page"}],"author":[{"embeddable":true,"href":"https:\/\/myvize.com.tr\/japonya\/wp-json\/wp\/v2\/users\/2"}],"replies":[{"embeddable":true,"href":"https:\/\/myvize.com.tr\/japonya\/wp-json\/wp\/v2\/comments?post=94"}],"version-history":[{"count":5,"href":"https:\/\/myvize.com.tr\/japonya\/wp-json\/wp\/v2\/pages\/94\/revisions"}],"predecessor-version":[{"id":522,"href":"https:\/\/myvize.com.tr\/japonya\/wp-json\/wp\/v2\/pages\/94\/revisions\/522"}],"up":[{"embeddable":true,"href":"https:\/\/myvize.com.tr\/japonya\/wp-json\/wp\/v2\/pages\/69"}],"wp:attachment":[{"href":"https:\/\/myvize.com.tr\/japonya\/wp-json\/wp\/v2\/media?parent=94"}],"curies":[{"name":"wp","href":"https:\/\/api.w.org\/{rel}","templated":true}]}}