{"id":92,"date":"2020-11-30T13:07:02","date_gmt":"2020-11-30T10:07:02","guid":{"rendered":"http:\/\/myvize.com.tr\/japonya\/?page_id=92"},"modified":"2021-11-09T12:23:38","modified_gmt":"2021-11-09T09:23:38","slug":"japonya-konsolosluk-islemleri","status":"publish","type":"page","link":"https:\/\/myvize.com.tr\/japonya\/konsolosluklar\/japonya-konsolosluk-islemleri\/","title":{"rendered":"Japonya Konsolosluk \u0130\u015flemleri"},"content":{"rendered":"<p><span style=\"font-family: Roboto; font-size: 14px;\">Japonya\u2019n\u0131n T\u00fcrkiye\u2019de bulunan konsolosluklar\u0131 hem Japonya vatanda\u015flar\u0131na hem de T\u00fcrkiye Cumhuriyeti vatanda\u015flar\u0131na baz\u0131 hizmetler vermektedir. <strong>Japonya vatanda\u015flar\u0131na<\/strong> verilen hizmetler aras\u0131nda do\u011fum i\u015flemleri, \u00f6l\u00fcm i\u015flemleri, evlilik i\u015flemleri, bo\u015fanma i\u015flemleri, kimlik yenileme i\u015flemleri, pasaport kay\u0131p ya da yenileme i\u015flemleri, s\u00fcr\u00fcc\u00fc belgesi i\u015flemleri gibi i\u015flemlerdir. Ayr\u0131ca belge tasdiki gibi baz\u0131 noter hizmeti i\u015flemleri de yapmaktad\u0131r. Bunun yan\u0131nda T\u00fcrkiye\u2019de ya\u015fayan Japonya vatanda\u015flar\u0131na e\u011fitim, sa\u011fl\u0131k, hukuk gibi alanlarda hizmet vermektedir. Japonya\u2019da vergi m\u00fckellefiyeti olan ki\u015filerden vergi toplamaktad\u0131rlar.<\/span><\/p>\n<p><span style=\"font-family: Roboto; font-size: 14px;\">Bunlar\u0131n yan\u0131nda T\u00fcrkiye Cumhuriyeti vatanda\u015flar\u0131na vize hizmeti vermektedirler. Japonya\u2019ya seyahat etmek isteyen ki\u015filer seyahat amac\u0131na g\u00f6re <strong>vize ba\u015fvurusu<\/strong> yapmal\u0131 ve olumlu sonu\u00e7 almal\u0131d\u0131r. <strong>Vize ba\u015fvurular\u0131<\/strong> Japonya Konsolosluklar\u0131na yap\u0131lmaktad\u0131r. Ba\u015fvurular\u0131 inceleme ve karar verme yetisi <span style=\"color: #2acec2;\"><strong><a style=\"color: #2acec2;\" href=\"https:\/\/myvize.com.tr\/japonya\/konsolosluklar\/ankara-buyukelciligi\/\" target=\"_blank\" rel=\"noopener\">Japonya Ankara B\u00fcy\u00fckel\u00e7ili\u011fi<\/a><\/strong><\/span> ve <span style=\"color: #2acec2;\"><strong><a style=\"color: #2acec2;\" href=\"https:\/\/myvize.com.tr\/japonya\/konsolosluklar\/japonya-istanbul-fahri-konsoloslugu\/\" target=\"_blank\" rel=\"noopener\">Japonya \u0130stanbul Ba\u015fkonsoloslu\u011fu<\/a><\/strong><\/span>\u2019na aittir. Vizesiz bir \u015fekilde Japonya\u2019ya giri\u015f yap\u0131lmamaktad\u0131r. Japonya\u2019ya kal\u0131c\u0131 olarak yerle\u015fmek isteyen T\u00fcrkiye Cumhuriyeti vatanda\u015flar\u0131n\u0131n i\u015flemlerini y\u00fcr\u00fctmektedir.<\/span><\/p>\n<p><span style=\"font-family: Roboto; font-size: 14px;\"><strong>Japonya Fahri Konsolosluklar\u0131<\/strong> ise Japonya ad\u0131na ekonomik ve ticari yat\u0131r\u0131m alanlar\u0131 aramaktad\u0131r. Sorumlu olduklar\u0131 b\u00f6lgedeki Japonya ticareti ile ilgilenmektedirler. Fahri Konsoloslu\u011fun resmi bir sorumlulu\u011fu yoktur.<\/span><\/p>\n<h2><span style=\"font-family: Roboto; font-size: 27px;\"><strong>Japonya Konsolosluk \u0130\u015flemleri Hakk\u0131nda<\/strong><\/span><\/h2>\n<p><span style=\"font-family: Roboto; font-size: 14px;\">\u0130nsanlar e\u011flenmek, dinlenmek ya da tatil yapmak amac\u0131yla ya\u015fad\u0131klar\u0131 yerlerden farkl\u0131 yerlere gitmek isteyebilirler. Bu yer bazen farkl\u0131 \u015fehirler olabilirken, bazen de farkl\u0131 \u00fclkeler olabilir. En fazla ziyaret edilmek istenen \u00fclkelerden birisi de Japonya\u2019d\u0131r. <strong>Japonya<\/strong> seyahatleri 90 g\u00fcn\u00fc a\u015fmayan s\u00fcrelerde ger\u00e7ekle\u015ftirilebilir. 90 g\u00fcn\u00fc a\u015fan s\u00fcreler i\u00e7in ise vize alma \u015fart\u0131 vard\u0131r.\u00a0<strong>Japonya konsolosluk i\u015flemleri\u00a0<\/strong>i\u00e7in g\u00fcn\u00fcn belli saat ve g\u00fcnleri tercih edilebilir. Yap\u0131lacak olan <strong>vize ba\u015fvurular\u0131<\/strong> bu \u015fekilde sorunsuz olarak yap\u0131labilir. Japonya\u2019ya girecek olanlar\u0131n alabilecekleri birden fazla vize se\u00e7ene\u011fi vard\u0131r. Bu vize se\u00e7enekleri aras\u0131nda \u015fu vize t\u00fcrlerinden bahsetmek m\u00fcmk\u00fcnd\u00fcr:<\/span><\/p>\n<ul>\n<li><span style=\"font-family: Roboto; font-size: 14px;\">Resmi g\u00f6revli vizesi<\/span><\/li>\n<li><span style=\"font-family: Roboto; font-size: 14px;\">Diplomatik vize<\/span><\/li>\n<li><span style=\"font-family: Roboto; font-size: 14px;\">\u00c7al\u0131\u015fma vizesi<\/span><\/li>\n<li><span style=\"font-family: Roboto; font-size: 14px;\">K\u0131sa s\u00fcreli konaklama vizesi<\/span><\/li>\n<li><strong><span style=\"font-family: Roboto; font-size: 14px;\">Transit vize<\/span><\/strong><\/li>\n<li><span style=\"font-family: Roboto; font-size: 14px;\">\u00d6zel vize gibi vizeler al\u0131nabilecek olan vize \u00e7e\u015fitlerindendir.<\/span><\/li>\n<\/ul>\n<p><span style=\"font-family: Roboto; font-size: 14px;\">Bu vizeleri alacak olanlar\u0131n ilk olarak seyahat ama\u00e7lar\u0131n\u0131 belirlemeleri gerekir. \u00c7\u00fcnk\u00fc vizeler seyahat ama\u00e7lar\u0131na uygun olarak verilebilirler. Seyahat ama\u00e7lar\u0131 do\u011fru olarak belirlenmedi\u011fi takdirde, vize al\u0131nmas\u0131 s\u00fcrecinde sorunlar ya\u015fanabilir. Bu da vize alacak olanlar\u0131n hi\u00e7 istemeyece\u011fi durumlar aras\u0131nda yer al\u0131r.<\/span><\/p>\n<p><span style=\"font-family: Roboto; font-size: 14px;\"><span style=\"color: #2acec2;\"><strong><a style=\"color: #2acec2;\" href=\"https:\/\/myvize.com.tr\/japonya\/vize-islemleri\/japonya-transit-vize\/\" target=\"_blank\" rel=\"noopener\">Japonya Transit Vize<\/a><\/strong><\/span> ile ilgili bilgi almak i\u00e7in bizi aray\u0131n\u0131z.<\/span><\/p>\n","protected":false},"excerpt":{"rendered":"<p>Japonya\u2019n\u0131n T\u00fcrkiye\u2019de bulunan konsolosluklar\u0131 hem Japonya vatanda\u015flar\u0131na hem de T\u00fcrkiye Cumhuriyeti vatanda\u015flar\u0131na baz\u0131 hizmetler vermektedir. Japonya vatanda\u015flar\u0131na verilen hizmetler aras\u0131nda do\u011fum i\u015flemleri, \u00f6l\u00fcm i\u015flemleri, evlilik i\u015flemleri, bo\u015fanma i\u015flemleri, kimlik yenileme i\u015flemleri, pasaport kay\u0131p ya da yenileme i\u015flemleri, s\u00fcr\u00fcc\u00fc belgesi i\u015flemleri gibi i\u015flemlerdir. Ayr\u0131ca belge tasdiki gibi baz\u0131 noter hizmeti i\u015flemleri de yapmaktad\u0131r. Bunun yan\u0131nda T\u00fcrkiye\u2019de<\/p>\n","protected":false},"author":2,"featured_media":0,"parent":69,"menu_order":0,"comment_status":"closed","ping_status":"closed","template":"","meta":[],"yoast_head":"<!-- This site is optimized with the Yoast SEO plugin v16.4 - https:\/\/yoast.com\/wordpress\/plugins\/seo\/ -->\n<title>Japonya Konsolosluk \u0130\u015flemleri - MyVize Vize Ba\u015fvuru Merkezi<\/title>\n<meta name=\"description\" content=\"Japonya Konsolosluk \u0130\u015flemleri Nas\u0131l Yap\u0131l\u0131r? Japonya Konsolosluk \u0130\u015flemleri Nelerdir? Japonya Konsolosluk \u0130leti\u015fim Bilgileri.\" \/>\n<meta name=\"robots\" content=\"index, follow, max-snippet:-1, max-image-preview:large, max-video-preview:-1\" \/>\n<link rel=\"canonical\" href=\"https:\/\/myvize.com.tr\/japonya\/konsolosluklar\/japonya-konsolosluk-islemleri\/\" \/>\n<meta property=\"og:locale\" content=\"tr_TR\" \/>\n<meta property=\"og:type\" content=\"article\" \/>\n<meta property=\"og:title\" content=\"Japonya Konsolosluk \u0130\u015flemleri - MyVize Vize Ba\u015fvuru Merkezi\" \/>\n<meta property=\"og:description\" content=\"Japonya Konsolosluk \u0130\u015flemleri Nas\u0131l Yap\u0131l\u0131r? Japonya Konsolosluk \u0130\u015flemleri Nelerdir? Japonya Konsolosluk \u0130leti\u015fim Bilgileri.\" \/>\n<meta property=\"og:url\" content=\"https:\/\/myvize.com.tr\/japonya\/konsolosluklar\/japonya-konsolosluk-islemleri\/\" \/>\n<meta property=\"og:site_name\" content=\"Japonya Vizesi\" \/>\n<meta property=\"article:modified_time\" content=\"2021-11-09T09:23:38+00:00\" \/>\n<meta name=\"twitter:card\" content=\"summary_large_image\" \/>\n<meta name=\"twitter:label1\" content=\"Tahmini okuma s\u00fcresi\" \/>\n\t<meta name=\"twitter:data1\" content=\"2 dakika\" \/>\n<script type=\"application\/ld+json\" class=\"yoast-schema-graph\">{\"@context\":\"https:\/\/schema.org\",\"@graph\":[{\"@type\":\"WebSite\",\"@id\":\"https:\/\/myvize.com.tr\/japonya\/#website\",\"url\":\"https:\/\/myvize.com.tr\/japonya\/\",\"name\":\"Japonya Vizesi\",\"description\":\"\",\"potentialAction\":[{\"@type\":\"SearchAction\",\"target\":\"https:\/\/myvize.com.tr\/japonya\/?s={search_term_string}\",\"query-input\":\"required name=search_term_string\"}],\"inLanguage\":\"tr\"},{\"@type\":\"WebPage\",\"@id\":\"https:\/\/myvize.com.tr\/japonya\/konsolosluklar\/japonya-konsolosluk-islemleri\/#webpage\",\"url\":\"https:\/\/myvize.com.tr\/japonya\/konsolosluklar\/japonya-konsolosluk-islemleri\/\",\"name\":\"Japonya Konsolosluk \\u0130\\u015flemleri - MyVize Vize Ba\\u015fvuru Merkezi\",\"isPartOf\":{\"@id\":\"https:\/\/myvize.com.tr\/japonya\/#website\"},\"datePublished\":\"2020-11-30T10:07:02+00:00\",\"dateModified\":\"2021-11-09T09:23:38+00:00\",\"description\":\"Japonya Konsolosluk \\u0130\\u015flemleri Nas\\u0131l Yap\\u0131l\\u0131r? Japonya Konsolosluk \\u0130\\u015flemleri Nelerdir? Japonya Konsolosluk \\u0130leti\\u015fim Bilgileri.\",\"breadcrumb\":{\"@id\":\"https:\/\/myvize.com.tr\/japonya\/konsolosluklar\/japonya-konsolosluk-islemleri\/#breadcrumb\"},\"inLanguage\":\"tr\",\"potentialAction\":[{\"@type\":\"ReadAction\",\"target\":[\"https:\/\/myvize.com.tr\/japonya\/konsolosluklar\/japonya-konsolosluk-islemleri\/\"]}]},{\"@type\":\"BreadcrumbList\",\"@id\":\"https:\/\/myvize.com.tr\/japonya\/konsolosluklar\/japonya-konsolosluk-islemleri\/#breadcrumb\",\"itemListElement\":[{\"@type\":\"ListItem\",\"position\":1,\"item\":{\"@type\":\"WebPage\",\"@id\":\"https:\/\/myvize.com.tr\/japonya\/\",\"url\":\"https:\/\/myvize.com.tr\/japonya\/\",\"name\":\"Anasayfa\"}},{\"@type\":\"ListItem\",\"position\":2,\"item\":{\"@type\":\"WebPage\",\"@id\":\"https:\/\/myvize.com.tr\/japonya\/konsolosluklar\/\",\"url\":\"https:\/\/myvize.com.tr\/japonya\/konsolosluklar\/\",\"name\":\"KONSOLOSLUKLAR\"}},{\"@type\":\"ListItem\",\"position\":3,\"item\":{\"@id\":\"https:\/\/myvize.com.tr\/japonya\/konsolosluklar\/japonya-konsolosluk-islemleri\/#webpage\"}}]}]}<\/script>\n<!-- \/ Yoast SEO plugin. -->","_links":{"self":[{"href":"https:\/\/myvize.com.tr\/japonya\/wp-json\/wp\/v2\/pages\/92"}],"collection":[{"href":"https:\/\/myvize.com.tr\/japonya\/wp-json\/wp\/v2\/pages"}],"about":[{"href":"https:\/\/myvize.com.tr\/japonya\/wp-json\/wp\/v2\/types\/page"}],"author":[{"embeddable":true,"href":"https:\/\/myvize.com.tr\/japonya\/wp-json\/wp\/v2\/users\/2"}],"replies":[{"embeddable":true,"href":"https:\/\/myvize.com.tr\/japonya\/wp-json\/wp\/v2\/comments?post=92"}],"version-history":[{"count":6,"href":"https:\/\/myvize.com.tr\/japonya\/wp-json\/wp\/v2\/pages\/92\/revisions"}],"predecessor-version":[{"id":499,"href":"https:\/\/myvize.com.tr\/japonya\/wp-json\/wp\/v2\/pages\/92\/revisions\/499"}],"up":[{"embeddable":true,"href":"https:\/\/myvize.com.tr\/japonya\/wp-json\/wp\/v2\/pages\/69"}],"wp:attachment":[{"href":"https:\/\/myvize.com.tr\/japonya\/wp-json\/wp\/v2\/media?parent=92"}],"curies":[{"name":"wp","href":"https:\/\/api.w.org\/{rel}","templated":true}]}}