{"id":82,"date":"2020-11-30T13:04:43","date_gmt":"2020-11-30T10:04:43","guid":{"rendered":"http:\/\/myvize.com.tr\/japonya\/?page_id=82"},"modified":"2021-11-09T12:11:21","modified_gmt":"2021-11-09T09:11:21","slug":"bursa-fahri-konsoloslugu","status":"publish","type":"page","link":"https:\/\/myvize.com.tr\/japonya\/konsolosluklar\/bursa-fahri-konsoloslugu\/","title":{"rendered":"Japonya Bursa Fahri Konsoloslu\u011fu"},"content":{"rendered":"<h2><span style=\"font-family: Roboto; font-size: 27px;\"><strong>Japonya Bursa Konsoloslu\u011fu<\/strong><\/span><\/h2>\n<p><span style=\"font-family: Roboto; font-size: 14px;\"><strong>Japonya Bursa Fahri Konsoloslu\u011fu,<\/strong> Japonya\u2019n\u0131n T\u00fcrkiye\u2019de bulunan temsilciliklerindendir. Fahri Konsolosluklar\u0131n resmi ya da diplomatik bir yetkisi yoktur.. <span style=\"color: #2acec2;\"><strong><a style=\"color: #2acec2;\" href=\"https:\/\/myvize.com.tr\/japonya\/konsolosluklar\/ankara-buyukelciligi\/\" target=\"_blank\" rel=\"noopener\">Japonya Ankara B\u00fcy\u00fckel\u00e7ili\u011fi<\/a><\/strong><\/span>\u2019ne ba\u011fl\u0131 olarak faaliyet g\u00f6stermektedir. <strong>Japonya ba\u015fkonsoloslu\u011fu<\/strong> ya da konsoloslu\u011fu kurulmas\u0131na gerek g\u00f6r\u00fclmeyen Bursa\u2019da kurulmu\u015ftur.<\/span><\/p>\n<p><span style=\"font-family: Roboto; font-size: 14px;\">Japonya Bursa Fahri Konsoloslu\u011fu\u2019nun birincil amac\u0131 Japonya ile T\u00fcrkiye aras\u0131ndaki ticari ili\u015fkileri geli\u015ftirmektir. Bunun yan\u0131nda Japonya i\u00e7in yeni yat\u0131r\u0131m alanlar\u0131 ya da ekonomik i\u015fbirlikleri aramaktad\u0131r. Japonya Devleti\u2019nin ekonomik \u00e7\u0131karlar\u0131n\u0131 g\u00f6zetmektedir. Ayr\u0131ca k\u00fclt\u00fcrel, siyasal ve sosyal i\u015fbirli\u011fi ama\u00e7lanmaktad\u0131r.<\/span><\/p>\n<p><span style=\"font-family: Roboto; font-size: 14px;\"><strong>Japonya Bursa Fahri Konsoloslu\u011fu<\/strong>, Japonya vatanda\u015flar\u0131na evrak tasdiki gibi noter hizmetleri vermektedir. Ancak konsolosluk hizmeti verme yetkisi yoktur. Ayn\u0131 zamanda T\u00fcrkiye Cumhuriyeti vatanda\u015flar\u0131n\u0131n vize ba\u015fvurular\u0131n\u0131 kabul etme ve de\u011ferlendirme yetkisi de verilmemi\u015ftir. Bu i\u015flemleri i\u00e7in en yak\u0131n <strong>Japonya Ba\u015fkonsoloslu\u011fu<\/strong> ya da Konsoloslu\u011fu\u2019na ba\u015fvurman\u0131z gerekmektedir.<\/span><\/p>\n<h2><span style=\"font-family: Roboto; font-size: 27px;\"><strong>Japonya<\/strong><strong> Bursa Fahri Konsoloslu\u011fu\u00a0 \u00c7al\u0131\u015fma Saatleri<\/strong><\/span><\/h2>\n<p><span style=\"font-family: Roboto; font-size: 14px;\"><strong>\u00a0Japonya Bursa Fahri Konsoloslu\u011fu<\/strong> hafta i\u00e7i her g\u00fcn 09.00 ile 17.00 saatleri aras\u0131nda hizmet vermektedir.<strong> Japonya Devleti<\/strong> resmi tatilleri ve T\u00fcrkiye Cumhuriyeti resmi tatillerinde hizmet erilmemektedir.<\/span><\/p>\n<h2><span style=\"font-family: Roboto; font-size: 27px;\"><strong>Bursa Fahri Konsoloslu\u011fu Hakk\u0131nda<\/strong><\/span><\/h2>\n<p><span style=\"font-family: Roboto; font-size: 14px;\">Bursa T\u00fcrkiye i\u00e7in \u00f6nemli \u015fehirlerden bir tanesidir. Bu \u015fehirde farkl\u0131 \u00fclkelerin konsolosluklar\u0131 vard\u0131r. Bunlardan birisi de <strong>Japonya<\/strong> konsolosluklar\u0131d\u0131r. Bunlar\u0131n yan\u0131nda fahri konsolosluklar da yine ki\u015filere hizmet veren \u00f6nemli kurumlar aras\u0131nda yer al\u0131r. Bu konsolosluklarda farkl\u0131 i\u015flemler yap\u0131labilir. <span style=\"color: #2acec2;\"><strong><a style=\"color: #2acec2;\" href=\"https:\/\/myvize.com.tr\/japonya\/vize-islemleri\/japonya-vizesi\/\" target=\"_blank\" rel=\"noopener\">Japonya vizesi<\/a><\/strong><\/span> almak isteyen ki\u015filer vize i\u015flemleri hakk\u0131nda g\u00fcncel bilgiler hakk\u0131nda t\u00fcm detaylar\u0131 fahri konsolosluklardan edinebilmektedirler. Ayn\u0131 zamanda bu \u015fehirde ya\u015fayan Japon vatanda\u015flar\u0131 da yine bilgi alma konusunda bu kuruma ba\u015fvurabilirler. Bu i\u015flemlerin yap\u0131labilmesi i\u00e7in ise, \u00e7al\u0131\u015fma saatlerinin dikkate al\u0131nmas\u0131 gerekir. Hafta i\u00e7i 9\u2019dan 17.00\u2019a kadar hizmet veren konsolosluklar, baz\u0131 resmi g\u00fcnlerde ise kapal\u0131d\u0131rlar.\u00a0<strong>Bursa Fahri<\/strong>\u00a0<strong>Konsoloslu\u011fu<\/strong>\u00a0g\u00f6rev b\u00f6lgesine dahil olan di\u011fer iller, Bal\u0131kesir, Bilecik, \u00c7anakkale ve Eski\u015fehir illeridir.<\/span><\/p>\n<p><span style=\"font-family: Roboto; font-size: 14px;\"><strong>Bursa Fahri Konsoloslu\u011fu<\/strong>nda Konsolosluk i\u015flemlerinin yan\u0131 s\u0131ra, vize i\u015flemleri de yap\u0131labilir. Fakat <span style=\"color: #2acec2;\"><strong><a style=\"color: #2acec2;\" href=\"https:\/\/myvize.com.tr\/japonya\/vize-islemleri\/\" target=\"_blank\" rel=\"noopener\">vize i\u015flemleri<\/a><\/strong><\/span> bizzat Konsolosluk taraf\u0131ndan yap\u0131lmaz. Bunun yerine yetkilendirilmi\u015f olan <strong>vize merkezleri<\/strong> vard\u0131r ve i\u015flemlerin hepsi buralardan y\u00fcr\u00fct\u00fclebilir. <strong>Vize ba\u015fvuru formlar\u0131<\/strong> elle yaz\u0131lmamal\u0131d\u0131r. Bilgisayarla doldurulmas\u0131 gereken formlar do\u011fru be eksiksiz olmal\u0131d\u0131r. Bu durum vizelerin olumlu sonu\u00e7lanmas\u0131n\u0131 etkileyebilir. Seyahat edilecek olan \u00fclke <strong>Japonya<\/strong> olmas\u0131 durumunda, ba\u015fvuru formunun istenilen dilde olarak haz\u0131rlanmas\u0131 gerekir.\u00a0 Bilgisayarda doldurulan form \u00e7\u0131kar\u0131ld\u0131ktan sonra mutlaka imzalanmal\u0131d\u0131r.<\/span><\/p>\n","protected":false},"excerpt":{"rendered":"<p>Japonya Bursa Konsoloslu\u011fu Japonya Bursa Fahri Konsoloslu\u011fu, Japonya\u2019n\u0131n T\u00fcrkiye\u2019de bulunan temsilciliklerindendir. Fahri Konsolosluklar\u0131n resmi ya da diplomatik bir yetkisi yoktur.. Japonya Ankara B\u00fcy\u00fckel\u00e7ili\u011fi\u2019ne ba\u011fl\u0131 olarak faaliyet g\u00f6stermektedir. Japonya ba\u015fkonsoloslu\u011fu ya da konsoloslu\u011fu kurulmas\u0131na gerek g\u00f6r\u00fclmeyen Bursa\u2019da kurulmu\u015ftur. Japonya Bursa Fahri Konsoloslu\u011fu\u2019nun birincil amac\u0131 Japonya ile T\u00fcrkiye aras\u0131ndaki ticari ili\u015fkileri geli\u015ftirmektir. Bunun yan\u0131nda Japonya i\u00e7in yeni<\/p>\n","protected":false},"author":2,"featured_media":0,"parent":69,"menu_order":0,"comment_status":"closed","ping_status":"closed","template":"","meta":[],"yoast_head":"<!-- This site is optimized with the Yoast SEO plugin v16.4 - https:\/\/yoast.com\/wordpress\/plugins\/seo\/ -->\n<title>Japonya Bursa Fahri Konsoloslu\u011fu - MyVize Vize Ba\u015fvuru Merkezi<\/title>\n<meta name=\"description\" content=\"Japonya Bursa Fahri Konsoloslu\u011fu \u0130leti\u015fim Bilgileri Telefon Numaras\u0131 Mail Adresi Bilgileri \u0130\u00e7erir. Japonya Vize Dan\u0131\u015fman\u0131 \u0130\u00e7in Hemen Aray\u0131n.\" \/>\n<meta name=\"robots\" content=\"index, follow, max-snippet:-1, max-image-preview:large, max-video-preview:-1\" \/>\n<link rel=\"canonical\" href=\"https:\/\/myvize.com.tr\/japonya\/konsolosluklar\/bursa-fahri-konsoloslugu\/\" \/>\n<meta property=\"og:locale\" content=\"tr_TR\" \/>\n<meta property=\"og:type\" content=\"article\" \/>\n<meta property=\"og:title\" content=\"Japonya Bursa Fahri Konsoloslu\u011fu - MyVize Vize Ba\u015fvuru Merkezi\" \/>\n<meta property=\"og:description\" content=\"Japonya Bursa Fahri Konsoloslu\u011fu \u0130leti\u015fim Bilgileri Telefon Numaras\u0131 Mail Adresi Bilgileri \u0130\u00e7erir. Japonya Vize Dan\u0131\u015fman\u0131 \u0130\u00e7in Hemen Aray\u0131n.\" \/>\n<meta property=\"og:url\" content=\"https:\/\/myvize.com.tr\/japonya\/konsolosluklar\/bursa-fahri-konsoloslugu\/\" \/>\n<meta property=\"og:site_name\" content=\"Japonya Vizesi\" \/>\n<meta property=\"article:modified_time\" content=\"2021-11-09T09:11:21+00:00\" \/>\n<meta name=\"twitter:card\" content=\"summary_large_image\" \/>\n<meta name=\"twitter:label1\" content=\"Tahmini okuma s\u00fcresi\" \/>\n\t<meta name=\"twitter:data1\" content=\"2 dakika\" \/>\n<script type=\"application\/ld+json\" class=\"yoast-schema-graph\">{\"@context\":\"https:\/\/schema.org\",\"@graph\":[{\"@type\":\"WebSite\",\"@id\":\"https:\/\/myvize.com.tr\/japonya\/#website\",\"url\":\"https:\/\/myvize.com.tr\/japonya\/\",\"name\":\"Japonya Vizesi\",\"description\":\"\",\"potentialAction\":[{\"@type\":\"SearchAction\",\"target\":\"https:\/\/myvize.com.tr\/japonya\/?s={search_term_string}\",\"query-input\":\"required name=search_term_string\"}],\"inLanguage\":\"tr\"},{\"@type\":\"WebPage\",\"@id\":\"https:\/\/myvize.com.tr\/japonya\/konsolosluklar\/bursa-fahri-konsoloslugu\/#webpage\",\"url\":\"https:\/\/myvize.com.tr\/japonya\/konsolosluklar\/bursa-fahri-konsoloslugu\/\",\"name\":\"Japonya Bursa Fahri Konsoloslu\\u011fu - MyVize Vize Ba\\u015fvuru Merkezi\",\"isPartOf\":{\"@id\":\"https:\/\/myvize.com.tr\/japonya\/#website\"},\"datePublished\":\"2020-11-30T10:04:43+00:00\",\"dateModified\":\"2021-11-09T09:11:21+00:00\",\"description\":\"Japonya Bursa Fahri Konsoloslu\\u011fu \\u0130leti\\u015fim Bilgileri Telefon Numaras\\u0131 Mail Adresi Bilgileri \\u0130\\u00e7erir. Japonya Vize Dan\\u0131\\u015fman\\u0131 \\u0130\\u00e7in Hemen Aray\\u0131n.\",\"breadcrumb\":{\"@id\":\"https:\/\/myvize.com.tr\/japonya\/konsolosluklar\/bursa-fahri-konsoloslugu\/#breadcrumb\"},\"inLanguage\":\"tr\",\"potentialAction\":[{\"@type\":\"ReadAction\",\"target\":[\"https:\/\/myvize.com.tr\/japonya\/konsolosluklar\/bursa-fahri-konsoloslugu\/\"]}]},{\"@type\":\"BreadcrumbList\",\"@id\":\"https:\/\/myvize.com.tr\/japonya\/konsolosluklar\/bursa-fahri-konsoloslugu\/#breadcrumb\",\"itemListElement\":[{\"@type\":\"ListItem\",\"position\":1,\"item\":{\"@type\":\"WebPage\",\"@id\":\"https:\/\/myvize.com.tr\/japonya\/\",\"url\":\"https:\/\/myvize.com.tr\/japonya\/\",\"name\":\"Anasayfa\"}},{\"@type\":\"ListItem\",\"position\":2,\"item\":{\"@type\":\"WebPage\",\"@id\":\"https:\/\/myvize.com.tr\/japonya\/konsolosluklar\/\",\"url\":\"https:\/\/myvize.com.tr\/japonya\/konsolosluklar\/\",\"name\":\"KONSOLOSLUKLAR\"}},{\"@type\":\"ListItem\",\"position\":3,\"item\":{\"@id\":\"https:\/\/myvize.com.tr\/japonya\/konsolosluklar\/bursa-fahri-konsoloslugu\/#webpage\"}}]}]}<\/script>\n<!-- \/ Yoast SEO plugin. -->","_links":{"self":[{"href":"https:\/\/myvize.com.tr\/japonya\/wp-json\/wp\/v2\/pages\/82"}],"collection":[{"href":"https:\/\/myvize.com.tr\/japonya\/wp-json\/wp\/v2\/pages"}],"about":[{"href":"https:\/\/myvize.com.tr\/japonya\/wp-json\/wp\/v2\/types\/page"}],"author":[{"embeddable":true,"href":"https:\/\/myvize.com.tr\/japonya\/wp-json\/wp\/v2\/users\/2"}],"replies":[{"embeddable":true,"href":"https:\/\/myvize.com.tr\/japonya\/wp-json\/wp\/v2\/comments?post=82"}],"version-history":[{"count":5,"href":"https:\/\/myvize.com.tr\/japonya\/wp-json\/wp\/v2\/pages\/82\/revisions"}],"predecessor-version":[{"id":517,"href":"https:\/\/myvize.com.tr\/japonya\/wp-json\/wp\/v2\/pages\/82\/revisions\/517"}],"up":[{"embeddable":true,"href":"https:\/\/myvize.com.tr\/japonya\/wp-json\/wp\/v2\/pages\/69"}],"wp:attachment":[{"href":"https:\/\/myvize.com.tr\/japonya\/wp-json\/wp\/v2\/media?parent=82"}],"curies":[{"name":"wp","href":"https:\/\/api.w.org\/{rel}","templated":true}]}}