{"id":72,"date":"2020-11-30T12:59:09","date_gmt":"2020-11-30T09:59:09","guid":{"rendered":"http:\/\/myvize.com.tr\/japonya\/?page_id=72"},"modified":"2021-11-09T12:08:21","modified_gmt":"2021-11-09T09:08:21","slug":"ankara-buyukelciligi","status":"publish","type":"page","link":"https:\/\/myvize.com.tr\/japonya\/konsolosluklar\/ankara-buyukelciligi\/","title":{"rendered":"Japonya Ankara B\u00fcy\u00fckel\u00e7ili\u011fi"},"content":{"rendered":"<p><span style=\"font-family: Roboto;\"><\/span><\/p>\r\n<h2><span style=\"font-family: Roboto; font-size: 27px;\"><strong>Japonya Ankara Konsoloslu\u011fu<\/strong><\/span><\/h2>\r\n<p><span style=\"font-family: Roboto; font-size: 14px;\">\r\n\r\n<\/span><\/p>\r\n<p><span style=\"font-family: Roboto; font-size: 14px;\">Japonya&#8217;n\u0131n Ankara Konsoloslu\u011fu; T\u00fcrkiye&#8217;nin Ankara&#8217;da bulunan Japonya&#8217;ya ait b\u00fcy\u00fckel\u00e7iliktir. 01 Ekim 2020&#8217;de b\u00fcy\u00fckel\u00e7ilik g\u00f6rvi SUZUKI Kazuhiro taraf\u0131ndan y\u00fcr\u00fct\u00fclmeye ba\u015flanm\u0131\u015fd\u0131r.<\/span><\/p>\r\n<p><span style=\"font-family: Roboto; font-size: 14px;\">\r\n\r\n<\/span><\/p>\r\n<h2><span style=\"font-family: Roboto; font-size: 27px;\"><strong>\u00a0Japonya Ankara Konsoloslu\u011fundan Vize Ba\u015fvurusu Nas\u0131l Yap\u0131l\u0131r?<\/strong><\/span><\/h2>\r\n<p><span style=\"font-family: Roboto; font-size: 14px;\">\r\n\r\n<\/span><\/p>\r\n<p><span style=\"font-family: Roboto; font-size: 14px;\">Japonya Ankara Konsoloslu\u011fu&#8217;na vize ba\u015fvurusu yapan ki\u015filer eksiksiz doldurulmu\u015f vize ba\u015fvuru formuyla ba\u015fvuru yapacaklard\u0131r. Doldurulan <span style=\"color: #2acec2;\"><strong><a style=\"color: #2acec2;\" href=\"https:\/\/myvize.com.tr\/japonya\/vize-islemleri\/japonya-vize-basvuru-formu\/\" target=\"_blank\" rel=\"noopener\">Japonya vize ba\u015fvuru formu<\/a><\/strong><\/span> iki n\u00fcsha olarak haz\u0131rlanmal\u0131d\u0131r. <span style=\"color: #2acec2;\"><strong><a style=\"color: #2acec2;\" href=\"https:\/\/myvize.com.tr\/japonya\/vize-islemleri\/japonya-vizesi\/\" target=\"_blank\" rel=\"noopener\">Japonya vizesi <\/a><\/strong><\/span>\u00e7e\u015fitli kategorilere ayr\u0131lmaktad\u0131r. Her bir \u00e7e\u015fit kategorinin vize s\u00fcresi ve vize t\u00fcr\u00fc farkl\u0131d\u0131r. Bu nedenle vize har\u00e7 \u00fccretleri bu durumlara g\u00f6re de\u011fi\u015fkenlik g\u00f6stermektedir.<\/span><\/p>\r\n<p><span style=\"font-family: Roboto; font-size: 14px;\">\r\n\r\n<\/span><\/p>\r\n<h2><span style=\"font-family: Roboto; font-size: 27px;\"><strong>Japonya Ankara Konsoloslu\u011fundan Yap\u0131lacak \u0130\u015flemleri Nelerdir?<\/strong><\/span><\/h2>\r\n<p><span style=\"font-family: Roboto; font-size: 14px;\">\r\n\r\n<\/span><\/p>\r\n<p><span style=\"font-family: Roboto; font-size: 14px;\"><strong>Japonya Ankara Konsoloslu\u011fu<\/strong> ve di\u011fer Japonya Konsolosluklar\u0131 faaliyet alanlar\u0131nda ve yak\u0131n b\u00f6lgelerde ikametg\u00e2h\u0131 olan ki\u015filerin Japonya Vizesi veya noterlik i\u015flemleri, evlilik belgesi, do\u011fum belgesi, \u00f6l\u00fcm belgesi gibi i\u015flemlerde Japonya Konsoloslu\u011fu yetkilidir.<\/span><\/p>\r\n<p><span style=\"font-family: Roboto; font-size: 14px;\">\r\n\r\n<\/span><\/p>\r\n<p><span style=\"font-family: Roboto; font-size: 14px;\"><strong>Japonya Ankara Konsoloslu\u011fu G\u00f6rev B\u00f6lgesi:<a href=\"https:\/\/myvize.com.tr\/japonya\/subelerimiz\/ankara\/\" target=\"_blank\" rel=\"noopener\"><span style=\"color: #2acec2;\">\u00a0Ankara<\/span><\/a><\/strong> ve \u00e7evre illerde ikametg\u00e2h\u0131 olan T\u00fcrkiye Cumhuriyeti vatanda\u015flar\u0131, vize i\u015flemlerini Japonya Ankara Konsoloslu\u011fu\u2019ndan yapabilirler.<\/span><\/p>\r\n<p><span style=\"font-family: Roboto; font-size: 14px;\">\r\n\r\n<\/span><\/p>\r\n<p><span style=\"font-family: Roboto; font-size: 14px;\"><strong>Japonya Ankara Konsoloslu\u011fu \u00c7al\u0131\u015fma Saatleri<\/strong>: Pazartesi-Cuma g\u00fcnleri 09.00-17.00 aras\u0131 konsolosluk i\u015flemleri ger\u00e7ekle\u015ftirilebilir.<\/span><\/p>\r\n<h2><span style=\"font-family: Roboto; font-size: 27px;\">Japonya Ankara B\u00fcy\u00fckel\u00e7ili\u011fi Hakk\u0131nda<\/span><\/h2>\r\n<p><span style=\"font-family: Roboto; font-size: 14px;\"><strong>Japonya Ankara B\u00fcy\u00fckel\u00e7ili\u011fi<\/strong>, Japonya\u2019n\u0131n T\u00fcrkiye\u2019de bulunan en b\u00fcy\u00fck ve en yetkili temsilcili\u011fidir. Japonya D\u0131\u015fi\u015fleri Bakanl\u0131\u011f\u0131\u2019na ba\u011fl\u0131 olarak faaliyet g\u00f6stermektedir. Amac\u0131 T\u00fcrkiye ile Japonya aras\u0131ndaki siyasi, sosyal, k\u00fclt\u00fcrel, ekonomik ve ticari ili\u015fkileri geli\u015ftirmek ya da belirli bir seviyede tutmakt\u0131r. Japonya ve T\u00fcrkiye\u2019de ya\u015fayan Japonya vatanda\u015flar\u0131n\u0131n \u00e7\u0131karlar\u0131n\u0131 g\u00f6zetmektedir.<\/span><\/p>\r\n<p><span style=\"font-family: Roboto; font-size: 14px;\">T\u00fcrkiye\u2019de ya\u015fayan Japonya vatanda\u015flar\u0131na baz\u0131 konsolosluk hizmetleri vermektedir. Bunun yan\u0131nda Japonya vatanda\u015flar\u0131na e\u011fitim, sa\u011fl\u0131k, hukuk alan\u0131nda destek vermektedir. T\u00fcrkiye kamuoyunu, Japonya hakk\u0131nda bilgilendirmektedir. Ayr\u0131ca Japonya\u2019da vergi m\u00fckellefiyeti olan ki\u015filerden vergi tahsil etmektedir. \u00a0Bunun yan\u0131nda T\u00fcrkiye vatanda\u015flar\u0131na ve T\u00fcrkiye\u2019de ya\u015fayan di\u011fer \u00fclke vatanda\u015flar\u0131na vize hizmeti vermektedir. Japonya vize ba\u015fvurusunda bulunacak olan ki\u015filer ba\u015fvurular\u0131n\u0131 Japonya Ankara B\u00fcy\u00fckel\u00e7ili\u011fi\u2019ne yapabilirler.<\/span><\/p>\r\n<h3><span style=\"font-family: Roboto; font-size: 24px;\"><strong>\u00c7al\u0131\u015fma Saatleri<\/strong><\/span><\/h3>\r\n<p><span style=\"font-family: Roboto; font-size: 14px;\"><strong>Japonya Ankara B\u00fcy\u00fckel\u00e7ili\u011fi<\/strong> hafta i\u00e7i her g\u00fcn saat 09.00-13.00 ve 14.30-17.30 aras\u0131nda hizmet vermektedir. Hafta sonlar\u0131 ve resmi tatillerde \u00e7al\u0131\u015fmamaktad\u0131r. Pasaport, vize ve di\u011fer belge ba\u015fvuru i\u015flemleri sabah ve \u00f6\u011fleden sonra al\u0131nmaktad\u0131r.<\/span><\/p>\r\n<h3><span style=\"font-family: Roboto; font-size: 24px;\"><strong>Ankara B\u00fcy\u00fckel\u00e7ili\u011fi Hakk\u0131nda<\/strong><\/span><\/h3>\r\n<p><span style=\"font-family: Roboto; font-size: 14px;\"><strong>Vize i\u015flemleri<\/strong>ni yapmak isteyenlerin \u00e7ok fazla prosed\u00fcr\u00fc uygulamas\u0131 gerekir. Vize i\u015flemlerinin \u00e7o\u011funlu\u011funda <strong>Konsolosluk<\/strong> ya da <strong>B\u00fcy\u00fckel\u00e7ilik<\/strong> arac\u0131l\u0131\u011f\u0131yla i\u015flem yapmak gerekir. En s\u0131k i\u015flem yap\u0131lan B\u00fcy\u00fckel\u00e7ilikler i\u00e7erisinde\u00a0<strong>Ankara B\u00fcy\u00fckel\u00e7ili\u011fi\u00a0<\/strong>\u00f6n plana \u00e7\u0131kar. \u00c7ok fazla \u00fclkenin vize i\u015flemlerinin tamamlanabilmesi i\u00e7in, B\u00fcy\u00fckel\u00e7ilik \u00fczerinden i\u015flem yap\u0131lmas\u0131 gerekir. Yap\u0131lan m\u00fcracaatlar\u0131n bizzat bulunulmas\u0131 \u015fart\u0131 vard\u0131r.<\/span><\/p>\r\n<p><span style=\"font-family: Roboto; font-size: 14px;\">Fransa, \u00c7in, Almanya gibi pek \u00e7ok \u00fclkenin B\u00fcy\u00fckel\u00e7ili\u011fi, <strong>Ankara<\/strong> \u00fczerinde yer al\u0131r. Bir nevi arac\u0131 pozisyonundand\u0131r. B\u00fcy\u00fckel\u00e7iliklerde hizmet veren ki\u015filer halk aras\u0131nda diplomat olarak bilinirler. Diplomatlar\u0131n s\u00fcrekli hareketli bir hayatlar\u0131 vard\u0131r ve sabit bir yerde bulunamayabilirler. Bu da \u015fehir de\u011fi\u015fikliklerine neden olabilir. Vize i\u015flemlerin yan\u0131 s\u0131ra <strong>Ankara B\u00fcy\u00fckel\u00e7ili\u011fi<\/strong>, baz\u0131 konularda karar merciidir ve kararlar\u0131 dikkate al\u0131nmal\u0131d\u0131r.<\/span><\/p>\r\n<p><span style=\"font-family: Roboto; font-size: 14px;\">Ankara B\u00fcy\u00fckel\u00e7ili\u011fine ki\u015filer evrak teslimi yaparak rahatl\u0131kla vizelerini alabilirler. Ancak vize alabilmek i\u00e7in mutlaka belgelerin tam ve do\u011fru olmas\u0131 gerekir. Bu s\u00fcre\u00e7te dikkat etmeniz gereken en \u00f6nemli konu mutlaka vize t\u00fcr\u00fcne uygun olarak belgelerinizi haz\u0131rlamak olmal\u0131d\u0131r. Dilerseniz profesyonel evrak dan\u0131\u015fmanl\u0131k hizmeti de alabilir ve bu s\u00fcreci \u00e7ok daha kolay atlatma \u015fans\u0131 bulabilirsiniz.<\/span><\/p>\r\n<p><span style=\"font-family: Roboto; font-size: 14px;\"><span style=\"color: #2acec2;\"><strong><a style=\"color: #2acec2;\" href=\"https:\/\/myvize.com.tr\/japonya\/vize-islemleri\/japonya-vatandaslik-islemleri\/\" target=\"_blank\" rel=\"noopener\">Japonya Vatanda\u015fl\u0131k \u0130\u015flemleri<\/a><\/strong><\/span> ile ilgili bilgi almak i\u00e7in bizi aray\u0131n\u0131z.<\/span><\/p>\r\n<p><span style=\"font-family: Roboto;\"><\/span><\/p>","protected":false},"excerpt":{"rendered":"<p>Japonya Ankara Konsoloslu\u011fu Japonya&#8217;n\u0131n Ankara Konsoloslu\u011fu; T\u00fcrkiye&#8217;nin Ankara&#8217;da bulunan Japonya&#8217;ya ait b\u00fcy\u00fckel\u00e7iliktir. 01 Ekim 2020&#8217;de b\u00fcy\u00fckel\u00e7ilik g\u00f6rvi SUZUKI Kazuhiro taraf\u0131ndan y\u00fcr\u00fct\u00fclmeye ba\u015flanm\u0131\u015fd\u0131r. \u00a0Japonya Ankara Konsoloslu\u011fundan Vize Ba\u015fvurusu Nas\u0131l Yap\u0131l\u0131r? Japonya Ankara Konsoloslu\u011fu&#8217;na vize ba\u015fvurusu yapan ki\u015filer eksiksiz doldurulmu\u015f vize ba\u015fvuru formuyla ba\u015fvuru yapacaklard\u0131r. Doldurulan Japonya vize ba\u015fvuru formu iki n\u00fcsha olarak haz\u0131rlanmal\u0131d\u0131r. Japonya vizesi \u00e7e\u015fitli<\/p>\n","protected":false},"author":2,"featured_media":0,"parent":69,"menu_order":0,"comment_status":"closed","ping_status":"closed","template":"","meta":[],"yoast_head":"<!-- This site is optimized with the Yoast SEO plugin v16.4 - https:\/\/yoast.com\/wordpress\/plugins\/seo\/ -->\n<title>Japonya Ankara B\u00fcy\u00fckel\u00e7ili\u011fi - MyVize Vize Ba\u015fvuru Merkezi<\/title>\n<meta name=\"description\" content=\"Japonya Ankara B\u00fcy\u00fckel\u00e7ili\u011fi \u0130leti\u015fim Bilgileri Telefon Numaras\u0131 Mail Adresi Bilgileri \u0130\u00e7erir. Japonya Vize Dan\u0131\u015fman\u0131 \u0130\u00e7in Hemen Aray\u0131n.\" \/>\n<meta name=\"robots\" content=\"index, follow, max-snippet:-1, max-image-preview:large, max-video-preview:-1\" \/>\n<link rel=\"canonical\" href=\"https:\/\/myvize.com.tr\/japonya\/konsolosluklar\/ankara-buyukelciligi\/\" \/>\n<meta property=\"og:locale\" content=\"tr_TR\" \/>\n<meta property=\"og:type\" content=\"article\" \/>\n<meta property=\"og:title\" content=\"Japonya Ankara B\u00fcy\u00fckel\u00e7ili\u011fi - MyVize Vize Ba\u015fvuru Merkezi\" \/>\n<meta property=\"og:description\" content=\"Japonya Ankara B\u00fcy\u00fckel\u00e7ili\u011fi \u0130leti\u015fim Bilgileri Telefon Numaras\u0131 Mail Adresi Bilgileri \u0130\u00e7erir. Japonya Vize Dan\u0131\u015fman\u0131 \u0130\u00e7in Hemen Aray\u0131n.\" \/>\n<meta property=\"og:url\" content=\"https:\/\/myvize.com.tr\/japonya\/konsolosluklar\/ankara-buyukelciligi\/\" \/>\n<meta property=\"og:site_name\" content=\"Japonya Vizesi\" \/>\n<meta property=\"article:modified_time\" content=\"2021-11-09T09:08:21+00:00\" \/>\n<meta name=\"twitter:card\" content=\"summary_large_image\" \/>\n<meta name=\"twitter:label1\" content=\"Tahmini okuma s\u00fcresi\" \/>\n\t<meta name=\"twitter:data1\" content=\"3 dakika\" \/>\n<script type=\"application\/ld+json\" class=\"yoast-schema-graph\">{\"@context\":\"https:\/\/schema.org\",\"@graph\":[{\"@type\":\"WebSite\",\"@id\":\"https:\/\/myvize.com.tr\/japonya\/#website\",\"url\":\"https:\/\/myvize.com.tr\/japonya\/\",\"name\":\"Japonya Vizesi\",\"description\":\"\",\"potentialAction\":[{\"@type\":\"SearchAction\",\"target\":\"https:\/\/myvize.com.tr\/japonya\/?s={search_term_string}\",\"query-input\":\"required name=search_term_string\"}],\"inLanguage\":\"tr\"},{\"@type\":\"WebPage\",\"@id\":\"https:\/\/myvize.com.tr\/japonya\/konsolosluklar\/ankara-buyukelciligi\/#webpage\",\"url\":\"https:\/\/myvize.com.tr\/japonya\/konsolosluklar\/ankara-buyukelciligi\/\",\"name\":\"Japonya Ankara B\\u00fcy\\u00fckel\\u00e7ili\\u011fi - MyVize Vize Ba\\u015fvuru Merkezi\",\"isPartOf\":{\"@id\":\"https:\/\/myvize.com.tr\/japonya\/#website\"},\"datePublished\":\"2020-11-30T09:59:09+00:00\",\"dateModified\":\"2021-11-09T09:08:21+00:00\",\"description\":\"Japonya Ankara B\\u00fcy\\u00fckel\\u00e7ili\\u011fi \\u0130leti\\u015fim Bilgileri Telefon Numaras\\u0131 Mail Adresi Bilgileri \\u0130\\u00e7erir. Japonya Vize Dan\\u0131\\u015fman\\u0131 \\u0130\\u00e7in Hemen Aray\\u0131n.\",\"breadcrumb\":{\"@id\":\"https:\/\/myvize.com.tr\/japonya\/konsolosluklar\/ankara-buyukelciligi\/#breadcrumb\"},\"inLanguage\":\"tr\",\"potentialAction\":[{\"@type\":\"ReadAction\",\"target\":[\"https:\/\/myvize.com.tr\/japonya\/konsolosluklar\/ankara-buyukelciligi\/\"]}]},{\"@type\":\"BreadcrumbList\",\"@id\":\"https:\/\/myvize.com.tr\/japonya\/konsolosluklar\/ankara-buyukelciligi\/#breadcrumb\",\"itemListElement\":[{\"@type\":\"ListItem\",\"position\":1,\"item\":{\"@type\":\"WebPage\",\"@id\":\"https:\/\/myvize.com.tr\/japonya\/\",\"url\":\"https:\/\/myvize.com.tr\/japonya\/\",\"name\":\"Anasayfa\"}},{\"@type\":\"ListItem\",\"position\":2,\"item\":{\"@type\":\"WebPage\",\"@id\":\"https:\/\/myvize.com.tr\/japonya\/konsolosluklar\/\",\"url\":\"https:\/\/myvize.com.tr\/japonya\/konsolosluklar\/\",\"name\":\"KONSOLOSLUKLAR\"}},{\"@type\":\"ListItem\",\"position\":3,\"item\":{\"@id\":\"https:\/\/myvize.com.tr\/japonya\/konsolosluklar\/ankara-buyukelciligi\/#webpage\"}}]}]}<\/script>\n<!-- \/ Yoast SEO plugin. -->","_links":{"self":[{"href":"https:\/\/myvize.com.tr\/japonya\/wp-json\/wp\/v2\/pages\/72"}],"collection":[{"href":"https:\/\/myvize.com.tr\/japonya\/wp-json\/wp\/v2\/pages"}],"about":[{"href":"https:\/\/myvize.com.tr\/japonya\/wp-json\/wp\/v2\/types\/page"}],"author":[{"embeddable":true,"href":"https:\/\/myvize.com.tr\/japonya\/wp-json\/wp\/v2\/users\/2"}],"replies":[{"embeddable":true,"href":"https:\/\/myvize.com.tr\/japonya\/wp-json\/wp\/v2\/comments?post=72"}],"version-history":[{"count":6,"href":"https:\/\/myvize.com.tr\/japonya\/wp-json\/wp\/v2\/pages\/72\/revisions"}],"predecessor-version":[{"id":512,"href":"https:\/\/myvize.com.tr\/japonya\/wp-json\/wp\/v2\/pages\/72\/revisions\/512"}],"up":[{"embeddable":true,"href":"https:\/\/myvize.com.tr\/japonya\/wp-json\/wp\/v2\/pages\/69"}],"wp:attachment":[{"href":"https:\/\/myvize.com.tr\/japonya\/wp-json\/wp\/v2\/media?parent=72"}],"curies":[{"name":"wp","href":"https:\/\/api.w.org\/{rel}","templated":true}]}}