{"id":55,"date":"2020-11-30T12:50:43","date_gmt":"2020-11-30T09:50:43","guid":{"rendered":"http:\/\/myvize.com.tr\/japonya\/?page_id=55"},"modified":"2021-12-07T17:41:51","modified_gmt":"2021-12-07T14:41:51","slug":"turkiyede-oturum-ve-calisma-izni","status":"publish","type":"page","link":"https:\/\/myvize.com.tr\/japonya\/vize-islemleri\/turkiyede-oturum-ve-calisma-izni\/","title":{"rendered":"T\u00fcrkiye&#8217;de Oturum ve \u00c7al\u0131\u015fma \u0130zni"},"content":{"rendered":"<h2><span style=\"font-family: Roboto; font-size: 27px;\"><b>T\u00fcrkiye\u2019de Oturum ve \u00c7al\u0131\u015fma \u0130zni Hakk\u0131nda<\/b><\/span><\/h2>\n<p><span style=\"font-family: Roboto; font-size: 14px;\">Japonya ve T\u00fcrkiye aras\u0131nda vize muafiyeti anla\u015fmas\u0131 olsa da \u00e7al\u0131ma ve oturum izni i\u00e7in gerekli baz\u0131 prosed\u00fcrler vard\u0131r. Vizesiz \u00fclkeye giri\u015f \u00e7\u0131k\u0131\u015f belirli g\u00fcn ve faaliyetleri kapsad\u0131\u011f\u0131 i\u00e7in uzun s\u00fcreli oturum ve \u00e7al\u0131\u015fma prosed\u00fcrlerin y\u00fcr\u00fcmesi gereklili\u011fini ve belirli ba\u015fvurular\u0131n yap\u0131lmas\u0131 gerekti\u011fini ortaya koymaktad\u0131r.<\/span><\/p>\n<p><span style=\"font-family: Roboto; font-size: 14px;\">Japonya vatanda\u015flar\u0131n\u0131n T\u00fcrkiye\u2019de ge\u00e7erli olan \u00e7al\u0131\u015fma izni ya da \u00e7al\u0131\u015fma izni muafiyet belgesi, oturum izni yerine kullan\u0131labilmektedir. <strong>Vize muafiyeti<\/strong> anla\u015fmas\u0131 gere\u011fince T\u00fcrkiye\u2019de bulunan Japonya vatanda\u015flar\u0131, 90 g\u00fcn\u00fc a\u015fmalar\u0131 halinde oturum iznine ba\u015fvurmalar\u0131 ve bu izni almalar\u0131 gerekmektedir. <strong>Oturum izni ba\u015fvurular\u0131<\/strong> Japonya\u2019daki T\u00fcrkiye Cumhuriyeti temsilciliklerine yap\u0131lmaktad\u0131r. E\u011fer bu imkan m\u00fcmk\u00fcn de\u011fil ise valiliklere de bu ba\u015fvurular yap\u0131labilmektedir.<\/span><\/p>\n<p><span style=\"font-family: Roboto; font-size: 14px;\"><strong>T\u00fcrkiye\u2019de oturum ve \u00e7al\u0131\u015fma izni\u00a0<\/strong>\u00fclkemizde belirli ko\u015fullara ba\u011flanm\u0131\u015ft\u0131r.<strong> \u00c7al\u0131\u015fma izni i\u00e7in<\/strong> \u00c7al\u0131\u015fma ve Sosyal G\u00fcvenlik Bakanl\u0131\u011f\u0131na \u00c7SGB\u2019ye ba\u015fvuru yap\u0131lmas\u0131 gerekmektedir. Japonya vatanda\u015f\u0131 Japonya\u2019da iken, T\u00fcrk temsilciliklerine ba\u015fvurarak \u00e7al\u0131\u015fma izni alabilirken, <strong>Japonya vatanda\u015f\u0131n\u0131<\/strong> kendi b\u00fcnyesinde \u00e7al\u0131\u015ft\u0131rmak isteyen T\u00fcrk firma veya kurumlar\u0131 ise \u00c7SGB\u2019ye ba\u015fvuru yapmalar\u0131 gerekmektedir. Bu prosed\u00fcrler yap\u0131ld\u0131ktan sonra ise ilgili ki\u015filere davetiye ve olur belgelerinin iletilmesi gerekmektedir.<\/span><\/p>\n<p><span style=\"font-family: Roboto; font-size: 14px;\"><span style=\"color: #2acec2;\"><strong><a style=\"color: #2acec2;\" href=\"https:\/\/myvize.com.tr\/japonya\/vize-islemleri\/japonya-ticari-vize\/\" target=\"_blank\" rel=\"noopener\">Japonya Ticari Vize<\/a><\/strong><\/span> ile ilgili bilgi almak i\u00e7in bizi aray\u0131n.<\/span><\/p>\n<p><img src=\"https:\/\/myvize.com.tr\/japonya\/wp-content\/uploads\/2021\/10\/20.jpg\" \/><\/p>\n<h2><span style=\"font-family: Roboto; font-size: 27px;\"><strong>Japonya Vatanda\u015flar\u0131 \u0130\u00e7in T\u00fcrkiye\u2019de Oturum ve \u00c7al\u0131\u015fma \u0130zni<\/strong><\/span><\/h2>\n<p><span style=\"font-family: Roboto; font-size: 14px;\">T\u00fcrkiye\u2019de, 3 aydan ya da vize muafiyeti tan\u0131nd\u0131\u011f\u0131 s\u00fcrede daha fazla kalacak olan <strong>Japonya vatanda\u015f\u0131n\u0131n oturum izni<\/strong> almas\u0131 mecburidir.<strong> Japonya vatanda\u015f\u0131<\/strong> i\u00e7in T\u00fcrkiye\u2019de oturma izni ba\u015fvurusu, Japonya\u2019da T\u00fcrk temsilcili\u011fine yap\u0131lmaktad\u0131r. Fakat T\u00fcrkiye oturum izni ba\u015fvurular\u0131 yapmadan vize s\u00fcreleri ile veya vize muafiyetiyle gelen ki\u015finin ba\u015fvurusu, ikinci bir d\u00fczenlemelere kadar ilgili Valilik taraf\u0131ndan da al\u0131nmaya devam etmekte. Oturum izni i\u00e7in ba\u015fvuru yap\u0131lacak olan Japonya vatanda\u015f\u0131nda, talep etti\u011fi oturum izni s\u00fcresinde 2 ay daha uzun s\u00fcre bir ge\u00e7erlilikdeki pasaport ya da pasaport yerine ge\u00e7ebilcek bir belgeye sahip olmas\u0131 \u015fart\u0131 aranmakta. Oturum izni ba\u015fvurusu de\u011ferlendirmesi, en ge\u00e7 3 ay i\u00e7inde sonu\u00e7land\u0131r\u0131l\u0131p a\u00e7\u0131klanmakta. <strong>T\u00fcrkiye oturum izini<\/strong>, her yabanc\u0131 i\u00e7in ayr\u0131 ayr\u0131 ve kal\u0131\u015f ama\u00e7lar\u0131na uygun olarak d\u00fczenlenmektedir, izin belgesi ikamet adresine yollanmakta. T\u00fcrkiye\u2019de yabanc\u0131ya \u00e7al\u0131\u015fma izni verilmesi konusunda yetkili kurum, <strong>\u00c7al\u0131\u015fma ve Sosyal G\u00fcvenlik Bakanl\u0131\u011f\u0131<\/strong>. Bu sebeple \u00e7al\u0131\u015fma izin ba\u015fvurusu, Japonya vatanda\u015f\u0131 taraf\u0131ndan Japonya\u2019da ki T\u00fcrk temsilcili\u011fine do\u011frudan, Japonya vatanda\u015f\u0131n\u0131 \u00e7al\u0131\u015ft\u0131rmak isteyen T\u00fcrk \u015firketi taraf\u0131ndan ise \u00c7al\u0131\u015fma ve Sosyal G\u00fcvenlik Bakanl\u0131\u011fa yap\u0131lmaktad\u0131r.<\/span><\/p>\n","protected":false},"excerpt":{"rendered":"<p>T\u00fcrkiye\u2019de Oturum ve \u00c7al\u0131\u015fma \u0130zni Hakk\u0131nda Japonya ve T\u00fcrkiye aras\u0131nda vize muafiyeti anla\u015fmas\u0131 olsa da \u00e7al\u0131ma ve oturum izni i\u00e7in gerekli baz\u0131 prosed\u00fcrler vard\u0131r. Vizesiz \u00fclkeye giri\u015f \u00e7\u0131k\u0131\u015f belirli g\u00fcn ve faaliyetleri kapsad\u0131\u011f\u0131 i\u00e7in uzun s\u00fcreli oturum ve \u00e7al\u0131\u015fma prosed\u00fcrlerin y\u00fcr\u00fcmesi gereklili\u011fini ve belirli ba\u015fvurular\u0131n yap\u0131lmas\u0131 gerekti\u011fini ortaya koymaktad\u0131r. Japonya vatanda\u015flar\u0131n\u0131n T\u00fcrkiye\u2019de ge\u00e7erli olan \u00e7al\u0131\u015fma<\/p>\n","protected":false},"author":2,"featured_media":0,"parent":18,"menu_order":0,"comment_status":"closed","ping_status":"closed","template":"","meta":[],"yoast_head":"<!-- This site is optimized with the Yoast SEO plugin v16.4 - https:\/\/yoast.com\/wordpress\/plugins\/seo\/ -->\n<title>T\u00fcrkiye&#039;de Oturum ve \u00c7al\u0131\u015fma \u0130zni - MyVize Vize Ba\u015fvuru Merkezi<\/title>\n<meta name=\"description\" content=\"Japonya T\u00fcrkiye&#039;de Oturum ve \u00c7al\u0131\u015fma \u0130zni Nas\u0131l Al\u0131n\u0131r? T\u00fcrkiye&#039;de Oturum ve \u00c7al\u0131\u015fma \u0130zni Vize Ba\u015fvurusu Nas\u0131l Yap\u0131l\u0131r , \u015eartlar\u0131 Neler?\" \/>\n<meta name=\"robots\" content=\"index, follow, max-snippet:-1, max-image-preview:large, max-video-preview:-1\" \/>\n<link rel=\"canonical\" href=\"https:\/\/myvize.com.tr\/japonya\/vize-islemleri\/turkiyede-oturum-ve-calisma-izni\/\" \/>\n<meta property=\"og:locale\" content=\"tr_TR\" \/>\n<meta property=\"og:type\" content=\"article\" \/>\n<meta property=\"og:title\" content=\"T\u00fcrkiye&#039;de Oturum ve \u00c7al\u0131\u015fma \u0130zni - MyVize Vize Ba\u015fvuru Merkezi\" \/>\n<meta property=\"og:description\" content=\"Japonya T\u00fcrkiye&#039;de Oturum ve \u00c7al\u0131\u015fma \u0130zni Nas\u0131l Al\u0131n\u0131r? T\u00fcrkiye&#039;de Oturum ve \u00c7al\u0131\u015fma \u0130zni Vize Ba\u015fvurusu Nas\u0131l Yap\u0131l\u0131r , \u015eartlar\u0131 Neler?\" \/>\n<meta property=\"og:url\" content=\"https:\/\/myvize.com.tr\/japonya\/vize-islemleri\/turkiyede-oturum-ve-calisma-izni\/\" \/>\n<meta property=\"og:site_name\" content=\"Japonya Vizesi\" \/>\n<meta property=\"article:modified_time\" content=\"2021-12-07T14:41:51+00:00\" \/>\n<meta property=\"og:image\" content=\"https:\/\/myvize.com.tr\/japonya\/wp-content\/uploads\/2021\/10\/20.jpg\" \/>\n<meta name=\"twitter:card\" content=\"summary_large_image\" \/>\n<meta name=\"twitter:label1\" content=\"Tahmini okuma s\u00fcresi\" \/>\n\t<meta name=\"twitter:data1\" content=\"2 dakika\" \/>\n<script type=\"application\/ld+json\" class=\"yoast-schema-graph\">{\"@context\":\"https:\/\/schema.org\",\"@graph\":[{\"@type\":\"WebSite\",\"@id\":\"https:\/\/myvize.com.tr\/japonya\/#website\",\"url\":\"https:\/\/myvize.com.tr\/japonya\/\",\"name\":\"Japonya Vizesi\",\"description\":\"\",\"potentialAction\":[{\"@type\":\"SearchAction\",\"target\":\"https:\/\/myvize.com.tr\/japonya\/?s={search_term_string}\",\"query-input\":\"required name=search_term_string\"}],\"inLanguage\":\"tr\"},{\"@type\":\"ImageObject\",\"@id\":\"https:\/\/myvize.com.tr\/japonya\/vize-islemleri\/turkiyede-oturum-ve-calisma-izni\/#primaryimage\",\"inLanguage\":\"tr\",\"url\":\"https:\/\/myvize.com.tr\/japonya\/wp-content\/uploads\/2021\/10\/20.jpg\",\"contentUrl\":\"https:\/\/myvize.com.tr\/japonya\/wp-content\/uploads\/2021\/10\/20.jpg\",\"width\":800,\"height\":500,\"caption\":\"Japonya T\\u00fcrkiye'de Oturum ve \\u00c7al\\u0131\\u015fma \\u0130zni\"},{\"@type\":\"WebPage\",\"@id\":\"https:\/\/myvize.com.tr\/japonya\/vize-islemleri\/turkiyede-oturum-ve-calisma-izni\/#webpage\",\"url\":\"https:\/\/myvize.com.tr\/japonya\/vize-islemleri\/turkiyede-oturum-ve-calisma-izni\/\",\"name\":\"T\\u00fcrkiye'de Oturum ve \\u00c7al\\u0131\\u015fma \\u0130zni - MyVize Vize Ba\\u015fvuru Merkezi\",\"isPartOf\":{\"@id\":\"https:\/\/myvize.com.tr\/japonya\/#website\"},\"primaryImageOfPage\":{\"@id\":\"https:\/\/myvize.com.tr\/japonya\/vize-islemleri\/turkiyede-oturum-ve-calisma-izni\/#primaryimage\"},\"datePublished\":\"2020-11-30T09:50:43+00:00\",\"dateModified\":\"2021-12-07T14:41:51+00:00\",\"description\":\"Japonya T\\u00fcrkiye'de Oturum ve \\u00c7al\\u0131\\u015fma \\u0130zni Nas\\u0131l Al\\u0131n\\u0131r? T\\u00fcrkiye'de Oturum ve \\u00c7al\\u0131\\u015fma \\u0130zni Vize Ba\\u015fvurusu Nas\\u0131l Yap\\u0131l\\u0131r , \\u015eartlar\\u0131 Neler?\",\"breadcrumb\":{\"@id\":\"https:\/\/myvize.com.tr\/japonya\/vize-islemleri\/turkiyede-oturum-ve-calisma-izni\/#breadcrumb\"},\"inLanguage\":\"tr\",\"potentialAction\":[{\"@type\":\"ReadAction\",\"target\":[\"https:\/\/myvize.com.tr\/japonya\/vize-islemleri\/turkiyede-oturum-ve-calisma-izni\/\"]}]},{\"@type\":\"BreadcrumbList\",\"@id\":\"https:\/\/myvize.com.tr\/japonya\/vize-islemleri\/turkiyede-oturum-ve-calisma-izni\/#breadcrumb\",\"itemListElement\":[{\"@type\":\"ListItem\",\"position\":1,\"item\":{\"@type\":\"WebPage\",\"@id\":\"https:\/\/myvize.com.tr\/japonya\/\",\"url\":\"https:\/\/myvize.com.tr\/japonya\/\",\"name\":\"Anasayfa\"}},{\"@type\":\"ListItem\",\"position\":2,\"item\":{\"@type\":\"WebPage\",\"@id\":\"https:\/\/myvize.com.tr\/japonya\/vize-islemleri\/\",\"url\":\"https:\/\/myvize.com.tr\/japonya\/vize-islemleri\/\",\"name\":\"V\\u0130ZE \\u0130\\u015eLEMLER\\u0130\"}},{\"@type\":\"ListItem\",\"position\":3,\"item\":{\"@id\":\"https:\/\/myvize.com.tr\/japonya\/vize-islemleri\/turkiyede-oturum-ve-calisma-izni\/#webpage\"}}]}]}<\/script>\n<!-- \/ Yoast SEO plugin. -->","_links":{"self":[{"href":"https:\/\/myvize.com.tr\/japonya\/wp-json\/wp\/v2\/pages\/55"}],"collection":[{"href":"https:\/\/myvize.com.tr\/japonya\/wp-json\/wp\/v2\/pages"}],"about":[{"href":"https:\/\/myvize.com.tr\/japonya\/wp-json\/wp\/v2\/types\/page"}],"author":[{"embeddable":true,"href":"https:\/\/myvize.com.tr\/japonya\/wp-json\/wp\/v2\/users\/2"}],"replies":[{"embeddable":true,"href":"https:\/\/myvize.com.tr\/japonya\/wp-json\/wp\/v2\/comments?post=55"}],"version-history":[{"count":5,"href":"https:\/\/myvize.com.tr\/japonya\/wp-json\/wp\/v2\/pages\/55\/revisions"}],"predecessor-version":[{"id":399,"href":"https:\/\/myvize.com.tr\/japonya\/wp-json\/wp\/v2\/pages\/55\/revisions\/399"}],"up":[{"embeddable":true,"href":"https:\/\/myvize.com.tr\/japonya\/wp-json\/wp\/v2\/pages\/18"}],"wp:attachment":[{"href":"https:\/\/myvize.com.tr\/japonya\/wp-json\/wp\/v2\/media?parent=55"}],"curies":[{"name":"wp","href":"https:\/\/api.w.org\/{rel}","templated":true}]}}