{"id":53,"date":"2020-11-30T12:50:00","date_gmt":"2020-11-30T09:50:00","guid":{"rendered":"http:\/\/myvize.com.tr\/japonya\/?page_id=53"},"modified":"2021-12-07T17:43:00","modified_gmt":"2021-12-07T14:43:00","slug":"japonya-universite-egitimi","status":"publish","type":"page","link":"https:\/\/myvize.com.tr\/japonya\/vize-islemleri\/japonya-universite-egitimi\/","title":{"rendered":"Japonya \u00dcniversite E\u011fitimi"},"content":{"rendered":"<h2><span style=\"font-family: Roboto; font-size: 27px;\"><b>Japonya \u00dcniversite E\u011fitimi Hakk\u0131nda<\/b><\/span><\/h2>\n<p><span style=\"font-family: Roboto; font-size: 14px;\"><strong>Japonya&#8217;da \u00fcniversite e\u011fitimi<\/strong>, 12 y\u0131ll\u0131k temel e\u011fitimden sonra ba\u015flamaktad\u0131r. \u0130lk\u00f6\u011fretim 6 y\u0131l, orta\u00f6\u011fretim 3 y\u0131l, lise 3 y\u0131l s\u00fcrer. Uluslararas\u0131 \u00f6\u011frenciler e\u011fitim i\u00e7in \u00e7e\u015fitli kurumlara ba\u015fvurabilri. Bu kurumlar teknoloji y\u00fcksekokullar\u0131, meslek y\u00fcksekokullar\u0131, ortaokullar, \u00fcniversiteler ve enstit\u00fclerdir. \u00dcniversiteler ise kendi i\u00e7inde kamu, yerel kamu ve \u00f6zel olmak \u00fczere \u00fc\u00e7e ayr\u0131lmaktad\u0131r.<\/span><\/p>\n<p><span style=\"font-family: Roboto; font-size: 14px;\"><strong>Japonya \u00fcniversite e\u011fitimi<\/strong>\u00a0EJU denilen s\u0131nav ile ger\u00e7ekle\u015fmektedir. EJU, Uluslararas\u0131 \u00d6\u011frenciler \u0130\u00e7in <strong>Japon \u00dcniversitelerine<\/strong> Kabul S\u0131nav\u0131 anlam\u0131na gelmektedir. S\u0131nav dil, bilim, matematik, Japonya ve uluslararas\u0131 konular\u0131 baz alan sorulardan olu\u015fmaktad\u0131r ve y\u0131lda iki defa Japonya&#8217;da ve baz\u0131 \u00fclkelerde yap\u0131lmaktad\u0131r. S\u0131nav <strong>Japonca<\/strong> veya <strong>\u0130ngilizce<\/strong> olarak cevapland\u0131r\u0131labilmektedir.<\/span><\/p>\n<p><span style=\"font-family: Roboto; font-size: 14px;\">EJU s\u0131nav\u0131 ve s\u0131nav belgesi neredeyse b\u00fct\u00fcn <strong>Japonya \u00fcniversiteleri<\/strong> i\u00e7in ge\u00e7erlidir. Ancak baz\u0131 kurumlar kendi kabul s\u0131navlar\u0131n\u0131 yapabilmektedir. \u00dcniversitelerde genellikle <strong>Japonca e\u011fitim dili<\/strong> olarak kullan\u0131lmaktad\u0131r. Baz\u0131 okullarda ise \u0130ngilizce dersler verilirken y\u00fcksek lisans ve doktora d\u00fczeylerinde birden fazla dil kullan\u0131lmaktad\u0131r.<\/span><\/p>\n<p><span style=\"font-family: Roboto; font-size: 14px;\">Uluslararas\u0131 \u00f6\u011frenciler Japonya\u2019da e\u011fitim hayat\u0131na devam etmek istedikleri takdirde vize almalar\u0131 gerekmektedir. Bu vize i\u00e7in de bir e\u011fitim kurumunun sponsorlu\u011fu olmal\u0131d\u0131r.<\/span><\/p>\n<p><span style=\"font-family: Roboto; font-size: 14px;\"><span style=\"color: #2acec2;\"><strong><a style=\"color: #2acec2;\" href=\"https:\/\/myvize.com.tr\/japonya\/vize-islemleri\/japonya-dil-okulu-vizesi\/\" target=\"_blank\" rel=\"noopener\">Japonya Dil Okulu Vizesi <\/a><\/strong><\/span>ile ilgili bilgi almak i\u00e7in bizi aray\u0131n.<\/span><\/p>\n<p><img src=\"https:\/\/myvize.com.tr\/japonya\/wp-content\/uploads\/2021\/10\/16.jpg\" \/><\/p>\n<h2><span style=\"font-family: Roboto; font-size: 27px;\"><strong>Japonya\u2019da \u00dcniversite E\u011fitimi Nas\u0131ld\u0131r?<\/strong><\/span><\/h2>\n<p><span style=\"font-family: Roboto; font-size: 14px;\">\u00a0Japonya yabanc\u0131 \u00f6\u011frencinin lisans e\u011fitimi i\u00e7in se\u00e7ti\u011fi pop\u00fcler \u00fclkeden biridir. <strong>Japonya\u2019daki \u00fcniversite yabanc\u0131<\/strong> \u00f6\u011frencinin e\u011fitimi i\u00e7in \u00e7e\u015fitli alan sunuyor. Bunlar\u0131n aras\u0131 teknoloji, t\u0131p, matematik, sosyal bilimler, m\u00fchendislik vb. b\u00f6l\u00fcm\u00fc g\u00f6rebiliyoruz. Yabanc\u0131 \u00f6\u011frenci i\u00e7in bir ba\u015fka cazip gelen sebepler ise fiyat. Japonya\u2019n\u0131n di\u011fer \u00fclkeye k\u0131yasla daha uygun fiyat sunmas\u0131 herkesi adeta cezbetmektedir. Ayr\u0131ca yine yabanc\u0131 \u00f6\u011frenciye \u00f6zel burs imk\u00e2n\u0131 da olduk\u00e7a fazlad\u0131r. Ba\u015fvuru i\u00e7in istenilen belge ve \u015fart: <strong>Japonca dil belgeleri<\/strong> ( se\u00e7ilen programlara g\u00f6re de\u011fi\u015fiklik g\u00f6stermektedir) <strong>Japonya B\u00fcy\u00fckel\u00e7ili\u011fi\u2019nde<\/strong> veya T\u00fcrkiye b\u00fcy\u00fckel\u00e7ili\u011finde tavsiye mektubu En az 1 referans mektubu 2 Nisan 1996 tarih ya da sonras\u0131 do\u011fmu\u015f olmak Lise diploma notu 100 \u00fczerinden en az 85 olmal\u0131 Sa\u011fl\u0131k belgesi \u00d6\u011frenci vize Bu \u015fart\u0131 ve belgesi kar\u015f\u0131lad\u0131ktan sonra e\u011fer \u00f6n elemesi ge\u00e7erseniz sonras\u0131nda s\u0131nav olacakd\u0131r. Japonya\u2019da, 6-3-3-4 kademe ile E\u011fitim sistemleri uygulanmakta. Zorunlu okula ba\u015flama ya\u015flar\u0131 6\u2019d\u0131r. Temel e\u011fitim yan\u0131 s\u0131ra disiplinli ve sorumluluk duygusu geli\u015fme amac\u0131yla okulda hizmet personel yoktur.<\/span><\/p>\n","protected":false},"excerpt":{"rendered":"<p>Japonya \u00dcniversite E\u011fitimi Hakk\u0131nda Japonya&#8217;da \u00fcniversite e\u011fitimi, 12 y\u0131ll\u0131k temel e\u011fitimden sonra ba\u015flamaktad\u0131r. \u0130lk\u00f6\u011fretim 6 y\u0131l, orta\u00f6\u011fretim 3 y\u0131l, lise 3 y\u0131l s\u00fcrer. Uluslararas\u0131 \u00f6\u011frenciler e\u011fitim i\u00e7in \u00e7e\u015fitli kurumlara ba\u015fvurabilri. Bu kurumlar teknoloji y\u00fcksekokullar\u0131, meslek y\u00fcksekokullar\u0131, ortaokullar, \u00fcniversiteler ve enstit\u00fclerdir. \u00dcniversiteler ise kendi i\u00e7inde kamu, yerel kamu ve \u00f6zel olmak \u00fczere \u00fc\u00e7e ayr\u0131lmaktad\u0131r. Japonya \u00fcniversite<\/p>\n","protected":false},"author":2,"featured_media":0,"parent":18,"menu_order":0,"comment_status":"closed","ping_status":"closed","template":"","meta":[],"yoast_head":"<!-- This site is optimized with the Yoast SEO plugin v16.4 - https:\/\/yoast.com\/wordpress\/plugins\/seo\/ -->\n<title>Japonya \u00dcniversite E\u011fitimi - MyVize Vize Ba\u015fvuru Merkezi<\/title>\n<meta name=\"description\" content=\"Japonya \u00dcniversite E\u011fitimi Vizesi Nas\u0131l Al\u0131n\u0131r? Japonya \u00dcniversite E\u011fitimi \u015eartlar\u0131 Neler? Japonya \u00dcniversite E\u011fitimi \u0130\u00e7in Gerekli Evraklar.\" \/>\n<meta name=\"robots\" content=\"index, follow, max-snippet:-1, max-image-preview:large, max-video-preview:-1\" \/>\n<link rel=\"canonical\" href=\"https:\/\/myvize.com.tr\/japonya\/vize-islemleri\/japonya-universite-egitimi\/\" \/>\n<meta property=\"og:locale\" content=\"tr_TR\" \/>\n<meta property=\"og:type\" content=\"article\" \/>\n<meta property=\"og:title\" content=\"Japonya \u00dcniversite E\u011fitimi - MyVize Vize Ba\u015fvuru Merkezi\" \/>\n<meta property=\"og:description\" content=\"Japonya \u00dcniversite E\u011fitimi Vizesi Nas\u0131l Al\u0131n\u0131r? Japonya \u00dcniversite E\u011fitimi \u015eartlar\u0131 Neler? Japonya \u00dcniversite E\u011fitimi \u0130\u00e7in Gerekli Evraklar.\" \/>\n<meta property=\"og:url\" content=\"https:\/\/myvize.com.tr\/japonya\/vize-islemleri\/japonya-universite-egitimi\/\" \/>\n<meta property=\"og:site_name\" content=\"Japonya Vizesi\" \/>\n<meta property=\"article:modified_time\" content=\"2021-12-07T14:43:00+00:00\" \/>\n<meta property=\"og:image\" content=\"https:\/\/myvize.com.tr\/japonya\/wp-content\/uploads\/2021\/10\/16.jpg\" \/>\n<meta name=\"twitter:card\" content=\"summary_large_image\" \/>\n<meta name=\"twitter:label1\" content=\"Tahmini okuma s\u00fcresi\" \/>\n\t<meta name=\"twitter:data1\" content=\"2 dakika\" \/>\n<script type=\"application\/ld+json\" class=\"yoast-schema-graph\">{\"@context\":\"https:\/\/schema.org\",\"@graph\":[{\"@type\":\"WebSite\",\"@id\":\"https:\/\/myvize.com.tr\/japonya\/#website\",\"url\":\"https:\/\/myvize.com.tr\/japonya\/\",\"name\":\"Japonya Vizesi\",\"description\":\"\",\"potentialAction\":[{\"@type\":\"SearchAction\",\"target\":\"https:\/\/myvize.com.tr\/japonya\/?s={search_term_string}\",\"query-input\":\"required name=search_term_string\"}],\"inLanguage\":\"tr\"},{\"@type\":\"ImageObject\",\"@id\":\"https:\/\/myvize.com.tr\/japonya\/vize-islemleri\/japonya-universite-egitimi\/#primaryimage\",\"inLanguage\":\"tr\",\"url\":\"https:\/\/myvize.com.tr\/japonya\/wp-content\/uploads\/2021\/10\/16.jpg\",\"contentUrl\":\"https:\/\/myvize.com.tr\/japonya\/wp-content\/uploads\/2021\/10\/16.jpg\",\"width\":800,\"height\":500,\"caption\":\"Japonya \\u00dcniversite E\\u011fitimi\"},{\"@type\":\"WebPage\",\"@id\":\"https:\/\/myvize.com.tr\/japonya\/vize-islemleri\/japonya-universite-egitimi\/#webpage\",\"url\":\"https:\/\/myvize.com.tr\/japonya\/vize-islemleri\/japonya-universite-egitimi\/\",\"name\":\"Japonya \\u00dcniversite E\\u011fitimi - MyVize Vize Ba\\u015fvuru Merkezi\",\"isPartOf\":{\"@id\":\"https:\/\/myvize.com.tr\/japonya\/#website\"},\"primaryImageOfPage\":{\"@id\":\"https:\/\/myvize.com.tr\/japonya\/vize-islemleri\/japonya-universite-egitimi\/#primaryimage\"},\"datePublished\":\"2020-11-30T09:50:00+00:00\",\"dateModified\":\"2021-12-07T14:43:00+00:00\",\"description\":\"Japonya \\u00dcniversite E\\u011fitimi Vizesi Nas\\u0131l Al\\u0131n\\u0131r? Japonya \\u00dcniversite E\\u011fitimi \\u015eartlar\\u0131 Neler? Japonya \\u00dcniversite E\\u011fitimi \\u0130\\u00e7in Gerekli Evraklar.\",\"breadcrumb\":{\"@id\":\"https:\/\/myvize.com.tr\/japonya\/vize-islemleri\/japonya-universite-egitimi\/#breadcrumb\"},\"inLanguage\":\"tr\",\"potentialAction\":[{\"@type\":\"ReadAction\",\"target\":[\"https:\/\/myvize.com.tr\/japonya\/vize-islemleri\/japonya-universite-egitimi\/\"]}]},{\"@type\":\"BreadcrumbList\",\"@id\":\"https:\/\/myvize.com.tr\/japonya\/vize-islemleri\/japonya-universite-egitimi\/#breadcrumb\",\"itemListElement\":[{\"@type\":\"ListItem\",\"position\":1,\"item\":{\"@type\":\"WebPage\",\"@id\":\"https:\/\/myvize.com.tr\/japonya\/\",\"url\":\"https:\/\/myvize.com.tr\/japonya\/\",\"name\":\"Anasayfa\"}},{\"@type\":\"ListItem\",\"position\":2,\"item\":{\"@type\":\"WebPage\",\"@id\":\"https:\/\/myvize.com.tr\/japonya\/vize-islemleri\/\",\"url\":\"https:\/\/myvize.com.tr\/japonya\/vize-islemleri\/\",\"name\":\"V\\u0130ZE \\u0130\\u015eLEMLER\\u0130\"}},{\"@type\":\"ListItem\",\"position\":3,\"item\":{\"@id\":\"https:\/\/myvize.com.tr\/japonya\/vize-islemleri\/japonya-universite-egitimi\/#webpage\"}}]}]}<\/script>\n<!-- \/ Yoast SEO plugin. -->","_links":{"self":[{"href":"https:\/\/myvize.com.tr\/japonya\/wp-json\/wp\/v2\/pages\/53"}],"collection":[{"href":"https:\/\/myvize.com.tr\/japonya\/wp-json\/wp\/v2\/pages"}],"about":[{"href":"https:\/\/myvize.com.tr\/japonya\/wp-json\/wp\/v2\/types\/page"}],"author":[{"embeddable":true,"href":"https:\/\/myvize.com.tr\/japonya\/wp-json\/wp\/v2\/users\/2"}],"replies":[{"embeddable":true,"href":"https:\/\/myvize.com.tr\/japonya\/wp-json\/wp\/v2\/comments?post=53"}],"version-history":[{"count":7,"href":"https:\/\/myvize.com.tr\/japonya\/wp-json\/wp\/v2\/pages\/53\/revisions"}],"predecessor-version":[{"id":556,"href":"https:\/\/myvize.com.tr\/japonya\/wp-json\/wp\/v2\/pages\/53\/revisions\/556"}],"up":[{"embeddable":true,"href":"https:\/\/myvize.com.tr\/japonya\/wp-json\/wp\/v2\/pages\/18"}],"wp:attachment":[{"href":"https:\/\/myvize.com.tr\/japonya\/wp-json\/wp\/v2\/media?parent=53"}],"curies":[{"name":"wp","href":"https:\/\/api.w.org\/{rel}","templated":true}]}}