{"id":51,"date":"2020-11-30T12:49:31","date_gmt":"2020-11-30T09:49:31","guid":{"rendered":"http:\/\/myvize.com.tr\/japonya\/?page_id=51"},"modified":"2021-12-07T17:44:46","modified_gmt":"2021-12-07T14:44:46","slug":"japonya-vatandaslik-islemleri","status":"publish","type":"page","link":"https:\/\/myvize.com.tr\/japonya\/vize-islemleri\/japonya-vatandaslik-islemleri\/","title":{"rendered":"Japonya Vatanda\u015fl\u0131k \u0130\u015flemleri"},"content":{"rendered":"<h2><span style=\"font-family: Roboto; font-size: 27px;\"><b>Japonya Vatanda\u015fl\u0131k \u0130\u015flemleri Hakk\u0131nda<\/b><\/span><\/h2>\n<p><span style=\"font-family: Roboto; font-size: 14px;\">Japonya gerek uluslararas\u0131 diplomas\u0131 gerek \u00fclkeler aras\u0131 \u0131l\u0131ml\u0131 ve s\u0131cak ili\u015fkiler gerekse de k\u00f6kl\u00fc tarihi ve k\u00fclt\u00fcrel kurumlar\u0131 ile d\u00fcnya \u00fczerinde gittik\u00e7e pop\u00fclerle\u015fen bir cazibeye sahiptir. Japonya\u2019da \u00e7ifte vatanda\u015fl\u0131k uygulamas\u0131 bulunmamaktad\u0131r. Yani <strong>Japonya vatanda\u015f\u0131<\/strong> olmak i\u00e7in kendi vatanda\u015fl\u0131\u011f\u0131n\u0131z\u0131 terk etmeniz gerekmektedir.<\/span><\/p>\n<p><span style=\"font-family: Roboto; font-size: 14px;\"><strong>Japonya vatanda\u015fl\u0131\u011f\u0131<\/strong> almak \u00e7ok kolay bir s\u00fcre\u00e7 veya i\u015flem de\u011fildir. Bunun i\u00e7in neredeyse 1 sene s\u00fcrecek bir ba\u015fvuru ve evrak s\u00fcreci vard\u0131r.\u00a0<strong>Japonya vatanda\u015fl\u0131k i\u015flemleri<\/strong>\u00a0genellikle bu s\u00fcre\u00e7 esnas\u0131ndaki bilgiler ve geli\u015fmeler ile yar\u0131m kalabilmektedir. ancak s\u00fcreci tamamlayanlar i\u00e7in zihinsel bir haz\u0131rl\u0131k a\u015famas\u0131 da tamamlanm\u0131\u015f olacakt\u0131r.<strong> Japonya vatanda\u015fl\u0131\u011f\u0131<\/strong> almak gerekli olan bir tak\u0131m prosed\u00fcrler vard\u0131r. Bunlar;<\/span><\/p>\n<ul>\n<li><span style=\"font-family: Roboto; font-size: 14px;\">En az 20 ya\u015f\u0131nda olmak<\/span><\/li>\n<li><span style=\"font-family: Roboto; font-size: 14px;\">En az 5 y\u0131l olmak \u00fczere Japonya\u2019da ikamet etmek,<\/span><\/li>\n<li><span style=\"font-family: Roboto; font-size: 14px;\">Finansal a\u00e7\u0131dan kendini ge\u00e7indirebilecek d\u00fczeyde ve gelirde olmak,<\/span><\/li>\n<li><span style=\"font-family: Roboto; font-size: 14px;\">Sicil kayd\u0131 ile ilgili bir sorun olmamas\u0131<\/span><\/li>\n<li><span style=\"font-family: Roboto; font-size: 14px;\">Kendi vatanda\u015fl\u0131\u011f\u0131n\u0131 terk etmek<\/span><\/li>\n<li><span style=\"font-family: Roboto; font-size: 14px;\">\u0130\u015f i\u00e7in baz\u0131 nitelikleri kar\u015f\u0131lar d\u00fczeyde yeterlilik g\u00f6r\u00fc\u015fmeleri yapmak<\/span><\/li>\n<li><span style=\"font-family: Roboto; font-size: 14px;\">Konsolosluklar\u0131n verece\u011fi kitab\u0131n okunmas\u0131<\/span><\/li>\n<li><span style=\"font-family: Roboto; font-size: 14px;\">Evraklar\u0131 detayl\u0131 bir \u015fekilde toparlanmas\u0131 atanan memur ile ileti\u015fime ge\u00e7ilmesi<\/span><\/li>\n<\/ul>\n<p><span style=\"font-family: Roboto; font-size: 14px;\"><span style=\"color: #2acec2;\"><strong><a style=\"color: #2acec2;\" href=\"https:\/\/myvize.com.tr\/japonya\/vize-islemleri\/japonya-dil-okulu-vizesi\/\" target=\"_blank\" rel=\"noopener\">Japonya Dil Okulu Vizesi<\/a><\/strong><\/span> ile ilgili bilgi almak i\u00e7in bizi aray\u0131n.<\/span><\/p>\n<p><img src=\"https:\/\/myvize.com.tr\/japonya\/wp-content\/uploads\/2021\/10\/14.jpg\" \/><\/p>\n<h2><span style=\"font-family: Roboto; font-size: 27px;\"><strong>Japonya Vatanda\u015fl\u0131k \u0130\u015flemleri Nas\u0131l Yap\u0131l\u0131r?<\/strong><\/span><\/h2>\n<p><span style=\"font-family: Roboto; font-size: 14px;\"><strong>Japonya vatanda\u015f\u0131<\/strong> olma d\u00fc\u015f\u00fcncesi olan ki\u015finin, <strong>Japonya vatanda\u015fl\u0131k i\u015flemi<\/strong> i\u00e7in bilmesi gereken y\u00f6ntemden k\u0131saca bahsedecek olursak; bu ba\u011flam kar\u015f\u0131m\u0131za birden \u00e7ok yol \u00e7\u0131kmakta. Bunlar, do\u011fumla kazan\u0131lan <strong>Japonya vatanda\u015fl\u0131k\u0131<\/strong>, kan ba\u011f\u0131 ile kazan\u0131lan Japonya vatanda\u015fl\u0131k\u0131, \u0130kamet ile al\u0131nacak Japonya vatanda\u015fl\u0131\u011f\u0131, Evlilik yolu ile al\u0131nacak<strong> Japonya vatanda\u015fl\u0131\u011f\u0131<\/strong> ve <strong>\u00c7al\u0131\u015fma \u0130zni<\/strong> ile al\u0131nacak Japonya vatanda\u015fl\u0131\u011f\u0131 \u015feklindedir.<strong> Japonya vatanda\u015f\u0131<\/strong> olma i\u00e7in yasal olarak 21 ya\u015f\u0131 doldurulmas\u0131 \u00f6nem te\u015fkil etmekte. Aksi durumda yap\u0131lan ba\u015fvuru dikkate al\u0131nmamakta. 21 ya\u015f\u0131nda vatanda\u015fl\u0131k talepleri i\u00e7in ba\u015fvuru yapan ki\u015finin ise kendisine bakabilecek durumda olmas\u0131na, i\u015finin niteli\u011fine ve hangi sebepten dolay\u0131 <strong>Japonya vatanda\u015fl\u0131\u011f\u0131<\/strong> taleplerinde bulundu\u011funa bak\u0131larak inceleme ve de\u011ferlendirmeler yap\u0131lmaktad\u0131r. M\u00fclakata tabii tutulan ki\u015finin iyi derecede Japonca bilmek, avantajl\u0131 konumda olmas\u0131na yarayacakt\u0131r. De\u011ferlendirme 30 ile 40 g\u00fcn i\u00e7erisinde yap\u0131larak a\u00e7\u0131klanmakta. Japonya vatanda\u015f olmaya hak kazanan bireyden vatanda\u015fl\u0131k \u00fccreti al\u0131nmakta.<\/span><br \/>\n<span style=\"font-family: Roboto; font-size: 14px;\">Genel itibari ile <strong>Japonya vatanda\u015fl\u0131\u011f\u0131<\/strong> almak i\u00e7in Japonya&#8217;da 5 senelik bir ikamet s\u00fcreci sahip olunmas\u0131 gerekmekte. 5 y\u0131l sonunda ba\u015fvuru yap\u0131larak Japonya vatanda\u015fl\u0131\u011f\u0131 al\u0131nabilmektedir.<\/span><\/p>\n","protected":false},"excerpt":{"rendered":"<p>Japonya Vatanda\u015fl\u0131k \u0130\u015flemleri Hakk\u0131nda Japonya gerek uluslararas\u0131 diplomas\u0131 gerek \u00fclkeler aras\u0131 \u0131l\u0131ml\u0131 ve s\u0131cak ili\u015fkiler gerekse de k\u00f6kl\u00fc tarihi ve k\u00fclt\u00fcrel kurumlar\u0131 ile d\u00fcnya \u00fczerinde gittik\u00e7e pop\u00fclerle\u015fen bir cazibeye sahiptir. Japonya\u2019da \u00e7ifte vatanda\u015fl\u0131k uygulamas\u0131 bulunmamaktad\u0131r. Yani Japonya vatanda\u015f\u0131 olmak i\u00e7in kendi vatanda\u015fl\u0131\u011f\u0131n\u0131z\u0131 terk etmeniz gerekmektedir. Japonya vatanda\u015fl\u0131\u011f\u0131 almak \u00e7ok kolay bir s\u00fcre\u00e7 veya i\u015flem de\u011fildir.<\/p>\n","protected":false},"author":2,"featured_media":0,"parent":18,"menu_order":0,"comment_status":"closed","ping_status":"closed","template":"","meta":[],"yoast_head":"<!-- This site is optimized with the Yoast SEO plugin v16.4 - https:\/\/yoast.com\/wordpress\/plugins\/seo\/ -->\n<title>Japonya Vatanda\u015fl\u0131k \u0130\u015flemleri - MyVize Vize Ba\u015fvuru Merkezi<\/title>\n<meta name=\"description\" content=\"Japonya Vatanda\u015fl\u0131k \u0130\u015flemleri Nas\u0131l Yap\u0131l\u0131r? Japonya Vatanda\u015fl\u0131k \u0130\u015flemleri Nelerdir? Japonya Vatanda\u015fl\u0131k \u015eartlar\u0131 Nelerdir?\" \/>\n<meta name=\"robots\" content=\"index, follow, max-snippet:-1, max-image-preview:large, max-video-preview:-1\" \/>\n<link rel=\"canonical\" href=\"https:\/\/myvize.com.tr\/japonya\/vize-islemleri\/japonya-vatandaslik-islemleri\/\" \/>\n<meta property=\"og:locale\" content=\"tr_TR\" \/>\n<meta property=\"og:type\" content=\"article\" \/>\n<meta property=\"og:title\" content=\"Japonya Vatanda\u015fl\u0131k \u0130\u015flemleri - MyVize Vize Ba\u015fvuru Merkezi\" \/>\n<meta property=\"og:description\" content=\"Japonya Vatanda\u015fl\u0131k \u0130\u015flemleri Nas\u0131l Yap\u0131l\u0131r? Japonya Vatanda\u015fl\u0131k \u0130\u015flemleri Nelerdir? Japonya Vatanda\u015fl\u0131k \u015eartlar\u0131 Nelerdir?\" \/>\n<meta property=\"og:url\" content=\"https:\/\/myvize.com.tr\/japonya\/vize-islemleri\/japonya-vatandaslik-islemleri\/\" \/>\n<meta property=\"og:site_name\" content=\"Japonya Vizesi\" \/>\n<meta property=\"article:modified_time\" content=\"2021-12-07T14:44:46+00:00\" \/>\n<meta property=\"og:image\" content=\"https:\/\/myvize.com.tr\/japonya\/wp-content\/uploads\/2021\/10\/14.jpg\" \/>\n<meta name=\"twitter:card\" content=\"summary_large_image\" \/>\n<meta name=\"twitter:label1\" content=\"Tahmini okuma s\u00fcresi\" \/>\n\t<meta name=\"twitter:data1\" content=\"2 dakika\" \/>\n<script type=\"application\/ld+json\" class=\"yoast-schema-graph\">{\"@context\":\"https:\/\/schema.org\",\"@graph\":[{\"@type\":\"WebSite\",\"@id\":\"https:\/\/myvize.com.tr\/japonya\/#website\",\"url\":\"https:\/\/myvize.com.tr\/japonya\/\",\"name\":\"Japonya Vizesi\",\"description\":\"\",\"potentialAction\":[{\"@type\":\"SearchAction\",\"target\":\"https:\/\/myvize.com.tr\/japonya\/?s={search_term_string}\",\"query-input\":\"required name=search_term_string\"}],\"inLanguage\":\"tr\"},{\"@type\":\"ImageObject\",\"@id\":\"https:\/\/myvize.com.tr\/japonya\/vize-islemleri\/japonya-vatandaslik-islemleri\/#primaryimage\",\"inLanguage\":\"tr\",\"url\":\"https:\/\/myvize.com.tr\/japonya\/wp-content\/uploads\/2021\/10\/14.jpg\",\"contentUrl\":\"https:\/\/myvize.com.tr\/japonya\/wp-content\/uploads\/2021\/10\/14.jpg\",\"width\":800,\"height\":500,\"caption\":\"Japonya Vatanda\\u015fl\\u0131k \\u0130\\u015flemleri\"},{\"@type\":\"WebPage\",\"@id\":\"https:\/\/myvize.com.tr\/japonya\/vize-islemleri\/japonya-vatandaslik-islemleri\/#webpage\",\"url\":\"https:\/\/myvize.com.tr\/japonya\/vize-islemleri\/japonya-vatandaslik-islemleri\/\",\"name\":\"Japonya Vatanda\\u015fl\\u0131k \\u0130\\u015flemleri - MyVize Vize Ba\\u015fvuru Merkezi\",\"isPartOf\":{\"@id\":\"https:\/\/myvize.com.tr\/japonya\/#website\"},\"primaryImageOfPage\":{\"@id\":\"https:\/\/myvize.com.tr\/japonya\/vize-islemleri\/japonya-vatandaslik-islemleri\/#primaryimage\"},\"datePublished\":\"2020-11-30T09:49:31+00:00\",\"dateModified\":\"2021-12-07T14:44:46+00:00\",\"description\":\"Japonya Vatanda\\u015fl\\u0131k \\u0130\\u015flemleri Nas\\u0131l Yap\\u0131l\\u0131r? Japonya Vatanda\\u015fl\\u0131k \\u0130\\u015flemleri Nelerdir? Japonya Vatanda\\u015fl\\u0131k \\u015eartlar\\u0131 Nelerdir?\",\"breadcrumb\":{\"@id\":\"https:\/\/myvize.com.tr\/japonya\/vize-islemleri\/japonya-vatandaslik-islemleri\/#breadcrumb\"},\"inLanguage\":\"tr\",\"potentialAction\":[{\"@type\":\"ReadAction\",\"target\":[\"https:\/\/myvize.com.tr\/japonya\/vize-islemleri\/japonya-vatandaslik-islemleri\/\"]}]},{\"@type\":\"BreadcrumbList\",\"@id\":\"https:\/\/myvize.com.tr\/japonya\/vize-islemleri\/japonya-vatandaslik-islemleri\/#breadcrumb\",\"itemListElement\":[{\"@type\":\"ListItem\",\"position\":1,\"item\":{\"@type\":\"WebPage\",\"@id\":\"https:\/\/myvize.com.tr\/japonya\/\",\"url\":\"https:\/\/myvize.com.tr\/japonya\/\",\"name\":\"Anasayfa\"}},{\"@type\":\"ListItem\",\"position\":2,\"item\":{\"@type\":\"WebPage\",\"@id\":\"https:\/\/myvize.com.tr\/japonya\/vize-islemleri\/\",\"url\":\"https:\/\/myvize.com.tr\/japonya\/vize-islemleri\/\",\"name\":\"V\\u0130ZE \\u0130\\u015eLEMLER\\u0130\"}},{\"@type\":\"ListItem\",\"position\":3,\"item\":{\"@id\":\"https:\/\/myvize.com.tr\/japonya\/vize-islemleri\/japonya-vatandaslik-islemleri\/#webpage\"}}]}]}<\/script>\n<!-- \/ Yoast SEO plugin. -->","_links":{"self":[{"href":"https:\/\/myvize.com.tr\/japonya\/wp-json\/wp\/v2\/pages\/51"}],"collection":[{"href":"https:\/\/myvize.com.tr\/japonya\/wp-json\/wp\/v2\/pages"}],"about":[{"href":"https:\/\/myvize.com.tr\/japonya\/wp-json\/wp\/v2\/types\/page"}],"author":[{"embeddable":true,"href":"https:\/\/myvize.com.tr\/japonya\/wp-json\/wp\/v2\/users\/2"}],"replies":[{"embeddable":true,"href":"https:\/\/myvize.com.tr\/japonya\/wp-json\/wp\/v2\/comments?post=51"}],"version-history":[{"count":6,"href":"https:\/\/myvize.com.tr\/japonya\/wp-json\/wp\/v2\/pages\/51\/revisions"}],"predecessor-version":[{"id":558,"href":"https:\/\/myvize.com.tr\/japonya\/wp-json\/wp\/v2\/pages\/51\/revisions\/558"}],"up":[{"embeddable":true,"href":"https:\/\/myvize.com.tr\/japonya\/wp-json\/wp\/v2\/pages\/18"}],"wp:attachment":[{"href":"https:\/\/myvize.com.tr\/japonya\/wp-json\/wp\/v2\/media?parent=51"}],"curies":[{"name":"wp","href":"https:\/\/api.w.org\/{rel}","templated":true}]}}