{"id":45,"date":"2020-11-30T12:47:57","date_gmt":"2020-11-30T09:47:57","guid":{"rendered":"http:\/\/myvize.com.tr\/japonya\/?page_id=45"},"modified":"2021-12-07T17:38:54","modified_gmt":"2021-12-07T14:38:54","slug":"japonya-oturum-izni","status":"publish","type":"page","link":"https:\/\/myvize.com.tr\/japonya\/vize-islemleri\/japonya-oturum-izni\/","title":{"rendered":"Japonya Oturum \u0130zni"},"content":{"rendered":"<h2><span style=\"font-family: Roboto; font-size: 27px;\"><b>Japonya Oturum \u0130zni Hakk\u0131nda<\/b><\/span><\/h2>\n<p><span style=\"font-family: Roboto; font-size: 14px;\">Japonya\u2019da uzun s\u00fcreli olarak ya\u015famak ve ikamet etmek isteyen ki\u015filer, uygun vize t\u00fcr\u00fcn\u00fc ald\u0131ktan sonra, Japonya\u2019ya gidebilir ve <strong>oturma izni ba\u015fvurusunu<\/strong> ger\u00e7ekle\u015ftirebilirler. Evlilik, aile birle\u015fimi, e\u011fitim ve \u00e7al\u0131\u015fma olmak \u00fczere \u00e7e\u015fitli ama\u00e7lar ile \u00fclke i\u00e7erisinde verilen ge\u00e7ici oturum izni ad\u0131, k\u0131s\u0131tl\u0131 s\u00fcreden olu\u015fmaktad\u0131r. Japonya\u2019da kalmak i\u00e7in ise oturum izni sona ermeden bu izin s\u00fcresinin uzamas\u0131 i\u00e7in ba\u015fvuruda bulunulmas\u0131 gerekmektedir.<\/span><\/p>\n<p><span style=\"font-family: Roboto; font-size: 14px;\">Oturum izni almak i\u00e7in ki\u015filer genellikle <span style=\"color: #2acec2;\"><strong><a style=\"color: #2acec2;\" href=\"https:\/\/myvize.com.tr\/japonya\/vize-islemleri\/japonya-aile-birlesimi-vizesi\/\" target=\"_blank\" rel=\"noopener\">Japonya\u00a0aile birle\u015fimi vizesi<\/a><\/strong><\/span> ve prosed\u00fcr\u00fcnden faydalanabilmektedir. Bunun i\u00e7in e\u015flerden birinin <strong>Japonya vatanda\u015f\u0131<\/strong> olmas\u0131 gereklidir. Bu \u015farta ek olarak evlilik akdinin tam olarak tamamland\u0131\u011f\u0131na dair yani herhangi bir \u015f\u00fcphe uyand\u0131rmayacak \u015fekilde evlilik kurumunun tam olarak i\u015fledi\u011fine dair evraklar\u0131n Japoncaya \u00e7evrilmesi ve ilgili kurumlara ibraz edilmesi gerekmektedir. Oturum izni i\u00e7in ayn\u0131 zamanda Japonca dil bilgisinin de denenmesi s\u00f6z konusu olabilir.<\/span><\/p>\n<p><span style=\"font-family: Roboto; font-size: 14px;\"><strong>Japonya oturum izni\u00a0<\/strong>i\u00e7in finansal durum \u00f6nemlidir. Gelir durumu olarak ele al\u0131nan bu stat\u00fc, ayl\u0131k kazanc\u0131n, aile m\u00fclklerinin ve Japonya\u2019da nas\u0131l ge\u00e7im sa\u011flanaca\u011f\u0131n\u0131n kan\u0131tlanmas\u0131 da istenebilmektedir. Var ise birikim dok\u00fcmanlar\u0131n\u0131n da sunulmas\u0131 faydal\u0131 olacakt\u0131r.<\/span><\/p>\n<p><img src=\"https:\/\/myvize.com.tr\/japonya\/wp-content\/uploads\/2021\/10\/13.jpg\" \/><\/p>\n<h2><span style=\"font-family: Roboto; font-size: 27px;\"><strong>Japonya Oturum \u0130zni Alma<\/strong><\/span><\/h2>\n<p><span style=\"font-family: Roboto; font-size: 14px;\">Japonya\u2019da uzun s\u00fcre ikamet etme isteyen bireyin, vize ald\u0131ktan sonra \u00fclkeye giderek oturma izni ba\u015fvurusuna bulunmas\u0131 gerekmektedir. Aile birle\u015fim, evlilik, e\u011fitim ve \u00e7al\u0131\u015fma gibi ama\u00e7 ile \u00fclkede olana verilen ge\u00e7ici s\u00fcre izne oturma izni ad\u0131 verilmekte. \u00dclkede kalmaya devam etme amac\u0131yla oturma izni s\u00fcresi sona ermede uzatma m\u00fcracaat\u0131na bulunulmas\u0131 laz\u0131md\u0131r. Japonya\u2019da uzun s\u00fcreli kalmak \u00fczere gerekli vize al\u0131nmas\u0131 i\u00e7in Japonya\u2019ya gittikten sonra <strong>Japonya Konsoloslu\u011fu<\/strong> ba\u015fvurusu yap\u0131lmal\u0131d\u0131r. Oturum izni almay\u0131 isteyen ki\u015fi, aile birle\u015fim unsurundan faydalanabilmekte. Aile birle\u015fim i\u00e7in e\u015fden birinin <strong>Japonya vatanda\u015f\u0131<\/strong> olma \u015fart\u0131 sa\u011fl\u0131yor olmas\u0131 ve evlilikin resm\u00ee bir \u015fekilde tamamland\u0131\u011fa dair evrak\u0131n Japonca&#8217;ya \u00e7evrilip sunulmalar\u0131 yeterli olmaktad\u0131r. Bu a\u015famalarda oturum izni taleplerinde bulunan ki\u015fi, Japonca bilgi durumlar\u0131n\u0131 ile ilgili ayr\u0131nt\u0131l\u0131 incelemede tabii tutulmakta. <strong>Japonya\u2019da oturum izni<\/strong> alman\u0131n en \u00f6nemli unsuru aras\u0131nda ba\u015fvuru yapan ki\u015filerin gelir durumlar\u0131 yer almaktad\u0131r. Aktif olarak \u00e7al\u0131\u015fan i\u015fteki ayl\u0131k kazanc\u0131, aile bilgisinin ve Japonya\u2019ya gelinme durumu ekonomik ge\u00e7imi sa\u011flanacak kadar maddi gelir veya birikim olup olmad\u0131\u011f\u0131 belgelenmeli.<\/span><\/p>\n","protected":false},"excerpt":{"rendered":"<p>Japonya Oturum \u0130zni Hakk\u0131nda Japonya\u2019da uzun s\u00fcreli olarak ya\u015famak ve ikamet etmek isteyen ki\u015filer, uygun vize t\u00fcr\u00fcn\u00fc ald\u0131ktan sonra, Japonya\u2019ya gidebilir ve oturma izni ba\u015fvurusunu ger\u00e7ekle\u015ftirebilirler. Evlilik, aile birle\u015fimi, e\u011fitim ve \u00e7al\u0131\u015fma olmak \u00fczere \u00e7e\u015fitli ama\u00e7lar ile \u00fclke i\u00e7erisinde verilen ge\u00e7ici oturum izni ad\u0131, k\u0131s\u0131tl\u0131 s\u00fcreden olu\u015fmaktad\u0131r. Japonya\u2019da kalmak i\u00e7in ise oturum izni sona ermeden<\/p>\n","protected":false},"author":2,"featured_media":0,"parent":18,"menu_order":0,"comment_status":"closed","ping_status":"closed","template":"","meta":[],"yoast_head":"<!-- This site is optimized with the Yoast SEO plugin v16.4 - https:\/\/yoast.com\/wordpress\/plugins\/seo\/ -->\n<title>Japonya Oturum \u0130zni Vizesi - MyVize Vize Ba\u015fvuru Merkezi<\/title>\n<meta name=\"description\" content=\"Japonya Oturum \u0130zni Vizesi Nas\u0131l Al\u0131n\u0131r? Japonya Oturum \u0130zni Vize Ba\u015fvurusu Nas\u0131l Yap\u0131l\u0131r? Japonya Oturum \u0130zni Vize \u00dccreti Nedir 2022?\" \/>\n<meta name=\"robots\" content=\"index, follow, max-snippet:-1, max-image-preview:large, max-video-preview:-1\" \/>\n<link rel=\"canonical\" href=\"https:\/\/myvize.com.tr\/japonya\/vize-islemleri\/japonya-oturum-izni\/\" \/>\n<meta property=\"og:locale\" content=\"tr_TR\" \/>\n<meta property=\"og:type\" content=\"article\" \/>\n<meta property=\"og:title\" content=\"Japonya Oturum \u0130zni Vizesi - MyVize Vize Ba\u015fvuru Merkezi\" \/>\n<meta property=\"og:description\" content=\"Japonya Oturum \u0130zni Vizesi Nas\u0131l Al\u0131n\u0131r? Japonya Oturum \u0130zni Vize Ba\u015fvurusu Nas\u0131l Yap\u0131l\u0131r? Japonya Oturum \u0130zni Vize \u00dccreti Nedir 2022?\" \/>\n<meta property=\"og:url\" content=\"https:\/\/myvize.com.tr\/japonya\/vize-islemleri\/japonya-oturum-izni\/\" \/>\n<meta property=\"og:site_name\" content=\"Japonya Vizesi\" \/>\n<meta property=\"article:modified_time\" content=\"2021-12-07T14:38:54+00:00\" \/>\n<meta property=\"og:image\" content=\"https:\/\/myvize.com.tr\/japonya\/wp-content\/uploads\/2021\/10\/13.jpg\" \/>\n<meta name=\"twitter:card\" content=\"summary_large_image\" \/>\n<meta name=\"twitter:label1\" content=\"Tahmini okuma s\u00fcresi\" \/>\n\t<meta name=\"twitter:data1\" content=\"2 dakika\" \/>\n<script type=\"application\/ld+json\" class=\"yoast-schema-graph\">{\"@context\":\"https:\/\/schema.org\",\"@graph\":[{\"@type\":\"WebSite\",\"@id\":\"https:\/\/myvize.com.tr\/japonya\/#website\",\"url\":\"https:\/\/myvize.com.tr\/japonya\/\",\"name\":\"Japonya Vizesi\",\"description\":\"\",\"potentialAction\":[{\"@type\":\"SearchAction\",\"target\":\"https:\/\/myvize.com.tr\/japonya\/?s={search_term_string}\",\"query-input\":\"required name=search_term_string\"}],\"inLanguage\":\"tr\"},{\"@type\":\"ImageObject\",\"@id\":\"https:\/\/myvize.com.tr\/japonya\/vize-islemleri\/japonya-oturum-izni\/#primaryimage\",\"inLanguage\":\"tr\",\"url\":\"https:\/\/myvize.com.tr\/japonya\/wp-content\/uploads\/2021\/10\/13.jpg\",\"contentUrl\":\"https:\/\/myvize.com.tr\/japonya\/wp-content\/uploads\/2021\/10\/13.jpg\",\"width\":800,\"height\":500,\"caption\":\"Japonya Oturum \\u0130zni\"},{\"@type\":\"WebPage\",\"@id\":\"https:\/\/myvize.com.tr\/japonya\/vize-islemleri\/japonya-oturum-izni\/#webpage\",\"url\":\"https:\/\/myvize.com.tr\/japonya\/vize-islemleri\/japonya-oturum-izni\/\",\"name\":\"Japonya Oturum \\u0130zni Vizesi - MyVize Vize Ba\\u015fvuru Merkezi\",\"isPartOf\":{\"@id\":\"https:\/\/myvize.com.tr\/japonya\/#website\"},\"primaryImageOfPage\":{\"@id\":\"https:\/\/myvize.com.tr\/japonya\/vize-islemleri\/japonya-oturum-izni\/#primaryimage\"},\"datePublished\":\"2020-11-30T09:47:57+00:00\",\"dateModified\":\"2021-12-07T14:38:54+00:00\",\"description\":\"Japonya Oturum \\u0130zni Vizesi Nas\\u0131l Al\\u0131n\\u0131r? Japonya Oturum \\u0130zni Vize Ba\\u015fvurusu Nas\\u0131l Yap\\u0131l\\u0131r? Japonya Oturum \\u0130zni Vize \\u00dccreti Nedir 2022?\",\"breadcrumb\":{\"@id\":\"https:\/\/myvize.com.tr\/japonya\/vize-islemleri\/japonya-oturum-izni\/#breadcrumb\"},\"inLanguage\":\"tr\",\"potentialAction\":[{\"@type\":\"ReadAction\",\"target\":[\"https:\/\/myvize.com.tr\/japonya\/vize-islemleri\/japonya-oturum-izni\/\"]}]},{\"@type\":\"BreadcrumbList\",\"@id\":\"https:\/\/myvize.com.tr\/japonya\/vize-islemleri\/japonya-oturum-izni\/#breadcrumb\",\"itemListElement\":[{\"@type\":\"ListItem\",\"position\":1,\"item\":{\"@type\":\"WebPage\",\"@id\":\"https:\/\/myvize.com.tr\/japonya\/\",\"url\":\"https:\/\/myvize.com.tr\/japonya\/\",\"name\":\"Anasayfa\"}},{\"@type\":\"ListItem\",\"position\":2,\"item\":{\"@type\":\"WebPage\",\"@id\":\"https:\/\/myvize.com.tr\/japonya\/vize-islemleri\/\",\"url\":\"https:\/\/myvize.com.tr\/japonya\/vize-islemleri\/\",\"name\":\"V\\u0130ZE \\u0130\\u015eLEMLER\\u0130\"}},{\"@type\":\"ListItem\",\"position\":3,\"item\":{\"@id\":\"https:\/\/myvize.com.tr\/japonya\/vize-islemleri\/japonya-oturum-izni\/#webpage\"}}]}]}<\/script>\n<!-- \/ Yoast SEO plugin. -->","_links":{"self":[{"href":"https:\/\/myvize.com.tr\/japonya\/wp-json\/wp\/v2\/pages\/45"}],"collection":[{"href":"https:\/\/myvize.com.tr\/japonya\/wp-json\/wp\/v2\/pages"}],"about":[{"href":"https:\/\/myvize.com.tr\/japonya\/wp-json\/wp\/v2\/types\/page"}],"author":[{"embeddable":true,"href":"https:\/\/myvize.com.tr\/japonya\/wp-json\/wp\/v2\/users\/2"}],"replies":[{"embeddable":true,"href":"https:\/\/myvize.com.tr\/japonya\/wp-json\/wp\/v2\/comments?post=45"}],"version-history":[{"count":7,"href":"https:\/\/myvize.com.tr\/japonya\/wp-json\/wp\/v2\/pages\/45\/revisions"}],"predecessor-version":[{"id":552,"href":"https:\/\/myvize.com.tr\/japonya\/wp-json\/wp\/v2\/pages\/45\/revisions\/552"}],"up":[{"embeddable":true,"href":"https:\/\/myvize.com.tr\/japonya\/wp-json\/wp\/v2\/pages\/18"}],"wp:attachment":[{"href":"https:\/\/myvize.com.tr\/japonya\/wp-json\/wp\/v2\/media?parent=45"}],"curies":[{"name":"wp","href":"https:\/\/api.w.org\/{rel}","templated":true}]}}