{"id":41,"date":"2020-11-30T12:46:51","date_gmt":"2020-11-30T09:46:51","guid":{"rendered":"http:\/\/myvize.com.tr\/japonya\/?page_id=41"},"modified":"2021-12-07T17:37:25","modified_gmt":"2021-12-07T14:37:25","slug":"japonya-dil-okulu-vizesi","status":"publish","type":"page","link":"https:\/\/myvize.com.tr\/japonya\/vize-islemleri\/japonya-dil-okulu-vizesi\/","title":{"rendered":"Japonya Dil Okulu Vizesi"},"content":{"rendered":"<p><span style=\"font-family: Roboto;\"><\/span><\/p>\r\n<p><span style=\"font-family: Roboto; font-size: 14px;\"><strong>Japonya yabanc\u0131 dil<\/strong> a\u00e7\u0131s\u0131ndan doyurucu \u00fclkelerden biridir.<strong>\u00a0Japonya Dil Okulu\u00a0<\/strong>kariyerinizi bir \u00fcst seviyeye ta\u015f\u0131ma olana\u011f\u0131 yaratacakt\u0131r. Bilindi\u011fi gibi yabanc\u0131 diller i\u015f ya\u015fam\u0131nda \u00f6nemli bir yere sahiptir. \u00d6\u011frenilen her dil i\u015f hayat\u0131nda bir ad\u0131m \u00f6nde olman\u0131z i\u00e7in bir ara\u00e7t\u0131r.\u00a0<strong>Japonya Dil Okulu\u00a0<\/strong>ana dili olan Japoncan\u0131n yan\u0131 s\u0131ra farkl\u0131 dil se\u00e7enekleri ile de cezbedicidir. Japonca zor bir dil gibi g\u00f6r\u00fcnse de s\u0131f\u0131rdan ba\u015flay\u0131p dil hakimiyeti kazand\u0131\u011f\u0131n\u0131zda her \u015fey yerine oturacakt\u0131r. \u00d6zellikle Japon halk\u0131n\u0131n sayg\u0131 de\u011fer misafirperverli\u011fi dil bilgisinin geli\u015fimine b\u00fcy\u00fck katk\u0131 sa\u011flayacakt\u0131r.\u00a0<strong>Japonya Dil Okulu\u00a0<\/strong>tercihi yapmadan \u00f6nce mutlaka okul ara\u015ft\u0131rmas\u0131 yapmak gerekir. B\u00f6ylelikle kendi b\u00fct\u00e7enize uygun farkl\u0131 se\u00e7enekleri de\u011ferlendirme f\u0131rsat\u0131 bulursunuz.<\/span><\/p>\r\n<p><span style=\"font-family: Roboto; font-size: 14px;\">\r\n\r\n<\/span><\/p>\r\n<p><span style=\"font-family: Roboto; font-size: 14px;\"><strong>Japonya Dil Okulu\u00a0<\/strong>vize ba\u015fvurusu bir veya \u00fc\u00e7 ay \u00f6ncesinde ger\u00e7ekle\u015fmesi \u00e7ok \u00f6nemlidir. E\u011fitimi ka\u00e7\u0131rmaman\u0131z ad\u0131na erken ba\u015fvurunun k\u0131ymeti b\u00fcy\u00fckt\u00fcr. E\u011fitim plan\u0131na uygun olarak k\u0131sa veya uzun d\u00f6nem vize ba\u015fvurusunda bulunabilirsiniz. Ancak burada \u00e7ok dikkat edilmesi gerekir. Bir\u00e7ok ki\u015fi bu hatadan \u00f6t\u00fcr\u00fc s\u0131k\u0131nt\u0131 ya\u015famaktad\u0131r.\u00a0<strong>Japonya Dil Okulu\u00a0<\/strong>ba\u015fvurular\u0131n\u0131zda mutlaka okul bilgileri ve \u00f6deme dekontu bulundurulmal\u0131d\u0131r.<\/span><\/p>\r\n<p><img src=\"https:\/\/myvize.com.tr\/japonya\/wp-content\/uploads\/2021\/10\/25.jpg\" \/><\/p>\r\n<h2><span style=\"font-family: Roboto; font-size: 27px;\"><b>Japonya Dil Okulu Vizesi Hakk\u0131nda<\/b><\/span><\/h2>\r\n<p><span style=\"font-family: Roboto; font-size: 14px;\">T\u00fcrkiye\u2019den Japonya\u2019ya bir dil okulundan e\u011fitim almak i\u00e7in Japonya\u2019ya gitmek isteyen \u00f6\u011frenciler, 3 ya da 6 aya kadar s\u00fcrebilecek bir e\u011fitim programa kat\u0131lmay\u0131 d\u00fc\u015f\u00fcn\u00fcyorlarsa mutlaka vize almalar\u0131 gereklidir. Bu kapsamda<strong> turist vizesi<\/strong> ba\u015fvurusunun yap\u0131lmas\u0131 gerekmektedir. Ancak al\u0131nacak olan e\u011fitim 6 ay ya da daha fazla s\u00fcreli bir e\u011fitim ise bu durumda e\u011fitim alacak olan \u00f6\u011frencilerin, mutlaka <strong>\u00f6\u011frenci vizesi<\/strong> i\u00e7in konsolosluk veya b\u00fcy\u00fckel\u00e7ili\u011fe ba\u015fvurmalar\u0131 gerekmektedir.<\/span><\/p>\r\n<p><span style=\"font-family: Roboto; font-size: 14px;\"><strong>Japonya<\/strong>\u00a0<strong>dil<\/strong>\u00a0<strong>okulu<\/strong>\u00a0<strong>vizesi<\/strong>\u00a0<strong>\u00a0<\/strong>almak i\u00e7in gerekli olan i\u015flemler ortalama 5 veya 6 ay kadar s\u00fcrebilmektedir. Bunun nedeni Japonya g\u00f6\u00e7men ve farkl\u0131 stat\u00fcdeki vizeleri yaln\u0131zca Ocak, Nisan, Temmuz ve Ekim aylar\u0131 olmak \u00fczere bir y\u0131l i\u00e7inde yaln\u0131zca 4 defa kabul etmektedir. Bu aylar d\u0131\u015f\u0131nda ve \u015flan edilen tarihlerin d\u0131\u015f\u0131nda yap\u0131lan ba\u015fvurular ise ge\u00e7ersiz kabul edilmektedir.<\/span><\/p>\r\n<p><span style=\"font-family: Roboto; font-size: 14px;\"><strong>Japonya\u00a0<\/strong><strong>dil<\/strong>\u00a0<strong>okulu<\/strong>\u00a0<strong>vizesi<\/strong>\u00a0almak i\u00e7in \u00f6ncelikli olarak \u00f6\u011frencilerin gerekli belgelerini okula g\u00f6ndermeleri gerekmektedir. Bu belgeler ise Japon dilinde olmal\u0131d\u0131r. Zaman zarf\u0131n\u0131n geni\u015f oldu\u011fu d\u00fc\u015f\u00fcn\u00fcld\u00fc\u011f\u00fcnde ise belgelerin son teslim tarihinden 1 ay \u00f6ncesinden kay\u0131t i\u00e7in gerekli belgeleri almalar\u0131 gerekmektedir.<\/span><\/p>\r\n<p><span style=\"font-family: Roboto; font-size: 14px;\"><span style=\"color: #2acec2;\"><strong><a style=\"color: #2acec2;\" href=\"https:\/\/myvize.com.tr\/japonya\/vize-islemleri\/japonya-universite-egitimi\/\" target=\"_blank\" rel=\"noopener\">Japonya \u00dcniversite E\u011fitimi <\/a><\/strong><\/span>ile ilgili bilgi almak i\u00e7in bizi aray\u0131n.<\/span><\/p>\r\n<h2><span style=\"font-family: Roboto; font-size: 27px;\"><strong>Japonya Dil Okulu Vizesi \u0130le \u0130lgili<\/strong><\/span><\/h2>\r\n<p><span style=\"font-family: Roboto; font-size: 14px;\"><strong>Japonya\u2019da bir dil okulu<\/strong> okumay\u0131 isteyen \u00f6\u011frenci, 30 ve 90 g\u00fcne kadar s\u00fcren bir programa kat\u0131lacaksa turist vize ba\u015fvurusu yapmal\u0131. Ancak 180 g\u00fcn ya da daha uzun s\u00fcre bir e\u011fitim al\u0131nma isteniyorsa bu \u00f6\u011frencinin \u00f6\u011frenci vize i\u00e7in m\u00fcracaat etmesi gerekmekte. <strong>Japonya \u00f6\u011frenci vize<\/strong> alma yakla\u015f\u0131k 5 ay kadar s\u00fcrebilmekte. \u00c7\u00fcnk\u00fc<strong> Japonya g\u00f6\u00e7men vizesini,<\/strong> Ocak, Nisan, Temmuz ve Ekim ay olarak y\u0131l\u0131nda yaln\u0131zca 4 defa yay\u0131nlamakta. Belirtilen tarih d\u0131\u015f\u0131nda yap\u0131lan ba\u015fvuru dikkate al\u0131nmamakta. <strong>Japonya dil okul vizesi<\/strong> almak i\u00e7in \u00f6\u011frencinin gerekli olan t\u00fcm evraklar\u0131 \u00f6\u011frencinin okuluna g\u00f6nderme gerekmekte. Bu belgenin Japonca diliyle doldurulma \u015fartt\u0131r. \u00d6\u011frencinin, evrak\u0131n i\u015fleme konulma zaman\u0131 g\u00f6z \u00f6n\u00fcnde bulundurarak g\u00f6\u00e7men son tarihinde en az 30 g\u00fcn \u00f6ncesinde kay\u0131t belgesi almas\u0131 gerekir. 180 g\u00fcn ve daha uzun s\u00fcre e\u011fitim alma isteyen ancak m\u00fcmk\u00fcn olan en k\u0131sa s\u00fcrelerde e\u011fitime ba\u015flamak isteyen, \u00f6nce turist vizesini alarak \u00fclkeye giri\u015f yapabiliri, Japonya&#8217;ya vard\u0131ktan sonra vize stat\u00fcs\u00fcn\u00fc \u00f6\u011frenci vize olarak de\u011fi\u015ftirebilir.<\/span><\/p>\r\n<p><span style=\"font-family: Roboto;\"><\/span><\/p>","protected":false},"excerpt":{"rendered":"<p>Japonya yabanc\u0131 dil a\u00e7\u0131s\u0131ndan doyurucu \u00fclkelerden biridir.\u00a0Japonya Dil Okulu\u00a0kariyerinizi bir \u00fcst seviyeye ta\u015f\u0131ma olana\u011f\u0131 yaratacakt\u0131r. Bilindi\u011fi gibi yabanc\u0131 diller i\u015f ya\u015fam\u0131nda \u00f6nemli bir yere sahiptir. \u00d6\u011frenilen her dil i\u015f hayat\u0131nda bir ad\u0131m \u00f6nde olman\u0131z i\u00e7in bir ara\u00e7t\u0131r.\u00a0Japonya Dil Okulu\u00a0ana dili olan Japoncan\u0131n yan\u0131 s\u0131ra farkl\u0131 dil se\u00e7enekleri ile de cezbedicidir. Japonca zor bir dil gibi<\/p>\n","protected":false},"author":2,"featured_media":0,"parent":18,"menu_order":0,"comment_status":"closed","ping_status":"closed","template":"","meta":[],"yoast_head":"<!-- This site is optimized with the Yoast SEO plugin v16.4 - https:\/\/yoast.com\/wordpress\/plugins\/seo\/ -->\n<title>Japonya Dil Okulu Vizesi - MyVize Vize Ba\u015fvuru Merkezi<\/title>\n<meta name=\"description\" content=\"Japonya Dil Okulu Vizesi Nas\u0131l Al\u0131n\u0131r? Japonya Dil Okulu Vize Ba\u015fvurusu Nas\u0131l Yap\u0131l\u0131r? Japonya Dil Okulu Vize \u00dccreti Nedir?\" \/>\n<meta name=\"robots\" content=\"index, follow, max-snippet:-1, max-image-preview:large, max-video-preview:-1\" \/>\n<link rel=\"canonical\" href=\"https:\/\/myvize.com.tr\/japonya\/vize-islemleri\/japonya-dil-okulu-vizesi\/\" \/>\n<meta property=\"og:locale\" content=\"tr_TR\" \/>\n<meta property=\"og:type\" content=\"article\" \/>\n<meta property=\"og:title\" content=\"Japonya Dil Okulu Vizesi - MyVize Vize Ba\u015fvuru Merkezi\" \/>\n<meta property=\"og:description\" content=\"Japonya Dil Okulu Vizesi Nas\u0131l Al\u0131n\u0131r? Japonya Dil Okulu Vize Ba\u015fvurusu Nas\u0131l Yap\u0131l\u0131r? Japonya Dil Okulu Vize \u00dccreti Nedir?\" \/>\n<meta property=\"og:url\" content=\"https:\/\/myvize.com.tr\/japonya\/vize-islemleri\/japonya-dil-okulu-vizesi\/\" \/>\n<meta property=\"og:site_name\" content=\"Japonya Vizesi\" \/>\n<meta property=\"article:modified_time\" content=\"2021-12-07T14:37:25+00:00\" \/>\n<meta property=\"og:image\" content=\"https:\/\/myvize.com.tr\/japonya\/wp-content\/uploads\/2021\/10\/25.jpg\" \/>\n<meta name=\"twitter:card\" content=\"summary_large_image\" \/>\n<meta name=\"twitter:label1\" content=\"Tahmini okuma s\u00fcresi\" \/>\n\t<meta name=\"twitter:data1\" content=\"3 dakika\" \/>\n<script type=\"application\/ld+json\" class=\"yoast-schema-graph\">{\"@context\":\"https:\/\/schema.org\",\"@graph\":[{\"@type\":\"WebSite\",\"@id\":\"https:\/\/myvize.com.tr\/japonya\/#website\",\"url\":\"https:\/\/myvize.com.tr\/japonya\/\",\"name\":\"Japonya Vizesi\",\"description\":\"\",\"potentialAction\":[{\"@type\":\"SearchAction\",\"target\":\"https:\/\/myvize.com.tr\/japonya\/?s={search_term_string}\",\"query-input\":\"required name=search_term_string\"}],\"inLanguage\":\"tr\"},{\"@type\":\"ImageObject\",\"@id\":\"https:\/\/myvize.com.tr\/japonya\/vize-islemleri\/japonya-dil-okulu-vizesi\/#primaryimage\",\"inLanguage\":\"tr\",\"url\":\"https:\/\/myvize.com.tr\/japonya\/wp-content\/uploads\/2021\/10\/25.jpg\",\"contentUrl\":\"https:\/\/myvize.com.tr\/japonya\/wp-content\/uploads\/2021\/10\/25.jpg\",\"width\":800,\"height\":500,\"caption\":\"Japonya Dil Okulu Vizesi\"},{\"@type\":\"WebPage\",\"@id\":\"https:\/\/myvize.com.tr\/japonya\/vize-islemleri\/japonya-dil-okulu-vizesi\/#webpage\",\"url\":\"https:\/\/myvize.com.tr\/japonya\/vize-islemleri\/japonya-dil-okulu-vizesi\/\",\"name\":\"Japonya Dil Okulu Vizesi - MyVize Vize Ba\\u015fvuru Merkezi\",\"isPartOf\":{\"@id\":\"https:\/\/myvize.com.tr\/japonya\/#website\"},\"primaryImageOfPage\":{\"@id\":\"https:\/\/myvize.com.tr\/japonya\/vize-islemleri\/japonya-dil-okulu-vizesi\/#primaryimage\"},\"datePublished\":\"2020-11-30T09:46:51+00:00\",\"dateModified\":\"2021-12-07T14:37:25+00:00\",\"description\":\"Japonya Dil Okulu Vizesi Nas\\u0131l Al\\u0131n\\u0131r? Japonya Dil Okulu Vize Ba\\u015fvurusu Nas\\u0131l Yap\\u0131l\\u0131r? Japonya Dil Okulu Vize \\u00dccreti Nedir?\",\"breadcrumb\":{\"@id\":\"https:\/\/myvize.com.tr\/japonya\/vize-islemleri\/japonya-dil-okulu-vizesi\/#breadcrumb\"},\"inLanguage\":\"tr\",\"potentialAction\":[{\"@type\":\"ReadAction\",\"target\":[\"https:\/\/myvize.com.tr\/japonya\/vize-islemleri\/japonya-dil-okulu-vizesi\/\"]}]},{\"@type\":\"BreadcrumbList\",\"@id\":\"https:\/\/myvize.com.tr\/japonya\/vize-islemleri\/japonya-dil-okulu-vizesi\/#breadcrumb\",\"itemListElement\":[{\"@type\":\"ListItem\",\"position\":1,\"item\":{\"@type\":\"WebPage\",\"@id\":\"https:\/\/myvize.com.tr\/japonya\/\",\"url\":\"https:\/\/myvize.com.tr\/japonya\/\",\"name\":\"Anasayfa\"}},{\"@type\":\"ListItem\",\"position\":2,\"item\":{\"@type\":\"WebPage\",\"@id\":\"https:\/\/myvize.com.tr\/japonya\/vize-islemleri\/\",\"url\":\"https:\/\/myvize.com.tr\/japonya\/vize-islemleri\/\",\"name\":\"V\\u0130ZE \\u0130\\u015eLEMLER\\u0130\"}},{\"@type\":\"ListItem\",\"position\":3,\"item\":{\"@id\":\"https:\/\/myvize.com.tr\/japonya\/vize-islemleri\/japonya-dil-okulu-vizesi\/#webpage\"}}]}]}<\/script>\n<!-- \/ Yoast SEO plugin. -->","_links":{"self":[{"href":"https:\/\/myvize.com.tr\/japonya\/wp-json\/wp\/v2\/pages\/41"}],"collection":[{"href":"https:\/\/myvize.com.tr\/japonya\/wp-json\/wp\/v2\/pages"}],"about":[{"href":"https:\/\/myvize.com.tr\/japonya\/wp-json\/wp\/v2\/types\/page"}],"author":[{"embeddable":true,"href":"https:\/\/myvize.com.tr\/japonya\/wp-json\/wp\/v2\/users\/2"}],"replies":[{"embeddable":true,"href":"https:\/\/myvize.com.tr\/japonya\/wp-json\/wp\/v2\/comments?post=41"}],"version-history":[{"count":8,"href":"https:\/\/myvize.com.tr\/japonya\/wp-json\/wp\/v2\/pages\/41\/revisions"}],"predecessor-version":[{"id":549,"href":"https:\/\/myvize.com.tr\/japonya\/wp-json\/wp\/v2\/pages\/41\/revisions\/549"}],"up":[{"embeddable":true,"href":"https:\/\/myvize.com.tr\/japonya\/wp-json\/wp\/v2\/pages\/18"}],"wp:attachment":[{"href":"https:\/\/myvize.com.tr\/japonya\/wp-json\/wp\/v2\/media?parent=41"}],"curies":[{"name":"wp","href":"https:\/\/api.w.org\/{rel}","templated":true}]}}