{"id":39,"date":"2020-11-30T12:46:14","date_gmt":"2020-11-30T09:46:14","guid":{"rendered":"http:\/\/myvize.com.tr\/japonya\/?page_id=39"},"modified":"2021-12-07T17:30:21","modified_gmt":"2021-12-07T14:30:21","slug":"japonya-vize-randevusu","status":"publish","type":"page","link":"https:\/\/myvize.com.tr\/japonya\/vize-islemleri\/japonya-vize-randevusu\/","title":{"rendered":"Japonya Vize Randevusu"},"content":{"rendered":"<h2><span style=\"font-family: Roboto; font-size: 27px;\"><b>Japonya Vize Randevusu Hakk\u0131nda<\/b><\/span><\/h2>\n<p><span style=\"font-family: Roboto; font-size: 14px;\">Japonya ve T\u00fcrkiye aras\u0131nda <strong>vize muafiyeti anla\u015fmas\u0131<\/strong> olsa da uzun s\u00fcreli Japonya\u2019ya gidecek kimseler i\u00e7in baz\u0131 vize t\u00fcrlerinde ba\u015fvurular\u0131n yap\u0131lmas\u0131 gerekmektedir. Transit, \u00f6zel, \u00e7al\u0131\u015fma, k\u0131sa s\u00fcreli konaklama, genel, resmi g\u00f6revli ve diplomatik vize t\u00fcrleri, Japonya\u2019ya uzun s\u00fcreli gidecek olan kimseler i\u00e7in ba\u015fvuru yap\u0131labilecek vizelerdir. <strong>Vize ba\u015fvurusund<\/strong>a bulunacaklar i\u00e7in vize ba\u015fvurusuna gitmeden \u00f6nce mutlak surette konsolosluk veya b\u00fcy\u00fckel\u00e7ilikten vize b\u00f6l\u00fcm\u00fc i\u00e7in randevu al\u0131nmas\u0131 gereklidir. \u0130lk randevudan sonra gerekli evraklar\u0131n listesini temin ederek belgeleri d\u00fczenlemeye ba\u015flayabilirsiniz.<\/span><\/p>\n<p><span style=\"font-family: Roboto; font-size: 14px;\"><strong>Japonya B\u00fcy\u00fckel\u00e7ili\u011fi<\/strong> t\u00fcm T\u00fcrkiye\u2019den gelebilecek ba\u015fvurular ile ilgilenirken Japonya \u0130stanbul Konsoloslu\u011fu Ayd\u0131n, Bilecik, Bal\u0131kesir, Bursa, Denizli, \u00c7anakkale, <span style=\"color: #2acec2;\"><strong><a style=\"color: #2acec2;\" href=\"https:\/\/myvize.com.tr\/japonya\/subelerimiz\/istanbul\/\" target=\"_blank\" rel=\"noopener\">\u0130stanbul<\/a><\/strong><\/span>, Edirne, \u0130zmir, Kocaeli, K\u0131rklareli, Mu\u011fla, K\u00fctahya, Manisa, Tekirda\u011f, Sakarya, Yalova ve U\u015fak illerinden gelen ba\u015fvurular ile yetkilendirilmi\u015ftir.<\/span><\/p>\n<p><span style=\"font-family: Roboto; font-size: 14px;\"><strong>Japonya vize randevusu<\/strong>\u00a0i\u00e7in<strong>\u00a0Japonya B\u00fcy\u00fckel\u00e7ilik<\/strong> ve konsolosluk ula\u015f\u0131m bilgileri<\/span><\/p>\n<p><span style=\"font-family: Roboto; font-size: 14px;\"><strong>Adres<\/strong>: Japonya B\u00fcy\u00fckel\u00e7ili\u011fi, Re\u015fit Galip Caddesi, No. 81, G.O.P., 06680, \u00c7ankaya, ANKARA<\/span><\/p>\n<p><span style=\"color: #2acec2;\"><strong><a style=\"color: #2acec2;\" href=\"https:\/\/myvize.com.tr\/japonya\/konsolosluklar\/japonya-istanbul-fahri-konsoloslugu\/\" target=\"_blank\" rel=\"noopener\"><span style=\"font-family: Roboto; font-size: 14px;\">Japonya \u0130stanbul Konsoloslu\u011fu<\/span><\/a><\/strong><\/span><\/p>\n<p><span style=\"font-family: Roboto; font-size: 14px;\"><strong>Adres<\/strong><strong>:\u00a0<\/strong>B\u00fcy\u00fckdere Caddesi., No:209, Tefken Tower, Kat. 10, 4. Levent \/ \u0130STANBUL<\/span><\/p>\n<p><img src=\"https:\/\/myvize.com.tr\/japonya\/wp-content\/uploads\/2021\/10\/10.jpg\" \/><\/p>\n<h2><span style=\"font-family: Roboto; font-size: 27px;\"><strong>Japonya Vize Randevusu 2022<\/strong><\/span><\/h2>\n<p><span style=\"font-family: Roboto; font-size: 14px;\"><strong>Japonya vizesi<\/strong> ba\u015fvurusu yapmadan \u00f6nce ilk i\u015f, yap\u0131lacak olan seyahatlerin t\u00fcr\u00fcne karar verilmeli. Hangi vize t\u00fcr\u00fc al\u0131naca\u011f\u0131 karar verildikten sonra yap\u0131lmalar\u0131 gereken ikinci a\u015fama, <strong>online vizesi ba\u015fvuru formu<\/strong> eksiksiz bir \u015fekilde doldurulmas\u0131 olacakt\u0131r.<strong> Japonya vizesi ba\u015fvuru formu<\/strong> okunakl\u0131 ve \u0130ngilizce olarak pilot veya t\u00fckenmez kalemlerle ile doldurulmalar\u0131 gerekmektedir. Form dolduruldukdan sonra, <strong>Japonya vize<\/strong> almak i\u00e7in gerekli olan belgeler haz\u0131rlanmal\u0131d\u0131r. Akabinde de belirlenen vize \u00fccretleri \u00f6denmelidir. Ard\u0131nda t\u00fcm evraklar <strong>Japonya Konsoloslu\u011fa<\/strong> iletilmelidir. Japonya vizesi randevusu, online olarak konsoloslukdan al\u0131nmakta. Randevu olu\u015fturdukdan sonra vakit geldi\u011fide vize ba\u015fvurusu yapan ki\u015filer bizzat <strong>Japonya Konsoloslu\u011fa<\/strong> giderek parmak izini vermelidir. Bu i\u015flemlerin ard\u0131ndan konsolosluk yetkilisi taraf\u0131ndan m\u00fclakat yap\u0131lmakta. M\u00fclakat a\u015famas\u0131 tamamland\u0131kdan sonra ise vize ba\u015fvurular\u0131 i\u00e7in de\u011ferlendirmek ve sonu\u00e7land\u0131rmak s\u00fcreci ba\u015flamakta. T\u00fcm belgenin do\u011fru ve tam olarak teslim edilmeleri, vize taleplerinin olumlu sonu\u00e7lanmalar\u0131 a\u00e7\u0131s\u0131ndan \u00f6nem te\u015fkil etmekte. Vize i\u015flemi esnas\u0131nda herhangi bir problem ya\u015fanmamas\u0131 ve sonucu olumlu olmas\u0131 durumu, <strong>Japonya vize \u00e7\u0131k\u0131\u015f s\u00fcreleri<\/strong> genellikle 5 ile 6 i\u015f g\u00fcn\u00fcd\u00fcr.<\/span><\/p>\n","protected":false},"excerpt":{"rendered":"<p>Japonya Vize Randevusu Hakk\u0131nda Japonya ve T\u00fcrkiye aras\u0131nda vize muafiyeti anla\u015fmas\u0131 olsa da uzun s\u00fcreli Japonya\u2019ya gidecek kimseler i\u00e7in baz\u0131 vize t\u00fcrlerinde ba\u015fvurular\u0131n yap\u0131lmas\u0131 gerekmektedir. Transit, \u00f6zel, \u00e7al\u0131\u015fma, k\u0131sa s\u00fcreli konaklama, genel, resmi g\u00f6revli ve diplomatik vize t\u00fcrleri, Japonya\u2019ya uzun s\u00fcreli gidecek olan kimseler i\u00e7in ba\u015fvuru yap\u0131labilecek vizelerdir. Vize ba\u015fvurusunda bulunacaklar i\u00e7in vize ba\u015fvurusuna gitmeden<\/p>\n","protected":false},"author":2,"featured_media":0,"parent":18,"menu_order":0,"comment_status":"closed","ping_status":"closed","template":"","meta":[],"yoast_head":"<!-- This site is optimized with the Yoast SEO plugin v16.4 - https:\/\/yoast.com\/wordpress\/plugins\/seo\/ -->\n<title>Japonya Vize Randevusu - MyVize Vize Ba\u015fvuru Merkezi<\/title>\n<meta name=\"description\" content=\"Japonya Vize Randevusu Nas\u0131l Al\u0131n\u0131r? Japonya Vize Randevusu 2022 G\u00fcncel Bilgileri Nelerdir? Bilgi \u0130\u00e7in Hemen Aray\u0131n: 0850 346 84 93\" \/>\n<meta name=\"robots\" content=\"index, follow, max-snippet:-1, max-image-preview:large, max-video-preview:-1\" \/>\n<link rel=\"canonical\" href=\"https:\/\/myvize.com.tr\/japonya\/vize-islemleri\/japonya-vize-randevusu\/\" \/>\n<meta property=\"og:locale\" content=\"tr_TR\" \/>\n<meta property=\"og:type\" content=\"article\" \/>\n<meta property=\"og:title\" content=\"Japonya Vize Randevusu - MyVize Vize Ba\u015fvuru Merkezi\" \/>\n<meta property=\"og:description\" content=\"Japonya Vize Randevusu Nas\u0131l Al\u0131n\u0131r? Japonya Vize Randevusu 2022 G\u00fcncel Bilgileri Nelerdir? Bilgi \u0130\u00e7in Hemen Aray\u0131n: 0850 346 84 93\" \/>\n<meta property=\"og:url\" content=\"https:\/\/myvize.com.tr\/japonya\/vize-islemleri\/japonya-vize-randevusu\/\" \/>\n<meta property=\"og:site_name\" content=\"Japonya Vizesi\" \/>\n<meta property=\"article:modified_time\" content=\"2021-12-07T14:30:21+00:00\" \/>\n<meta property=\"og:image\" content=\"https:\/\/myvize.com.tr\/japonya\/wp-content\/uploads\/2021\/10\/10.jpg\" \/>\n<meta name=\"twitter:card\" content=\"summary_large_image\" \/>\n<meta name=\"twitter:label1\" content=\"Tahmini okuma s\u00fcresi\" \/>\n\t<meta name=\"twitter:data1\" content=\"2 dakika\" \/>\n<script type=\"application\/ld+json\" class=\"yoast-schema-graph\">{\"@context\":\"https:\/\/schema.org\",\"@graph\":[{\"@type\":\"WebSite\",\"@id\":\"https:\/\/myvize.com.tr\/japonya\/#website\",\"url\":\"https:\/\/myvize.com.tr\/japonya\/\",\"name\":\"Japonya Vizesi\",\"description\":\"\",\"potentialAction\":[{\"@type\":\"SearchAction\",\"target\":\"https:\/\/myvize.com.tr\/japonya\/?s={search_term_string}\",\"query-input\":\"required name=search_term_string\"}],\"inLanguage\":\"tr\"},{\"@type\":\"ImageObject\",\"@id\":\"https:\/\/myvize.com.tr\/japonya\/vize-islemleri\/japonya-vize-randevusu\/#primaryimage\",\"inLanguage\":\"tr\",\"url\":\"https:\/\/myvize.com.tr\/japonya\/wp-content\/uploads\/2021\/10\/10.jpg\",\"contentUrl\":\"https:\/\/myvize.com.tr\/japonya\/wp-content\/uploads\/2021\/10\/10.jpg\",\"width\":800,\"height\":500,\"caption\":\"Japonya Vize Randevusu\"},{\"@type\":\"WebPage\",\"@id\":\"https:\/\/myvize.com.tr\/japonya\/vize-islemleri\/japonya-vize-randevusu\/#webpage\",\"url\":\"https:\/\/myvize.com.tr\/japonya\/vize-islemleri\/japonya-vize-randevusu\/\",\"name\":\"Japonya Vize Randevusu - MyVize Vize Ba\\u015fvuru Merkezi\",\"isPartOf\":{\"@id\":\"https:\/\/myvize.com.tr\/japonya\/#website\"},\"primaryImageOfPage\":{\"@id\":\"https:\/\/myvize.com.tr\/japonya\/vize-islemleri\/japonya-vize-randevusu\/#primaryimage\"},\"datePublished\":\"2020-11-30T09:46:14+00:00\",\"dateModified\":\"2021-12-07T14:30:21+00:00\",\"description\":\"Japonya Vize Randevusu Nas\\u0131l Al\\u0131n\\u0131r? Japonya Vize Randevusu 2022 G\\u00fcncel Bilgileri Nelerdir? Bilgi \\u0130\\u00e7in Hemen Aray\\u0131n: 0850 346 84 93\",\"breadcrumb\":{\"@id\":\"https:\/\/myvize.com.tr\/japonya\/vize-islemleri\/japonya-vize-randevusu\/#breadcrumb\"},\"inLanguage\":\"tr\",\"potentialAction\":[{\"@type\":\"ReadAction\",\"target\":[\"https:\/\/myvize.com.tr\/japonya\/vize-islemleri\/japonya-vize-randevusu\/\"]}]},{\"@type\":\"BreadcrumbList\",\"@id\":\"https:\/\/myvize.com.tr\/japonya\/vize-islemleri\/japonya-vize-randevusu\/#breadcrumb\",\"itemListElement\":[{\"@type\":\"ListItem\",\"position\":1,\"item\":{\"@type\":\"WebPage\",\"@id\":\"https:\/\/myvize.com.tr\/japonya\/\",\"url\":\"https:\/\/myvize.com.tr\/japonya\/\",\"name\":\"Anasayfa\"}},{\"@type\":\"ListItem\",\"position\":2,\"item\":{\"@type\":\"WebPage\",\"@id\":\"https:\/\/myvize.com.tr\/japonya\/vize-islemleri\/\",\"url\":\"https:\/\/myvize.com.tr\/japonya\/vize-islemleri\/\",\"name\":\"V\\u0130ZE \\u0130\\u015eLEMLER\\u0130\"}},{\"@type\":\"ListItem\",\"position\":3,\"item\":{\"@id\":\"https:\/\/myvize.com.tr\/japonya\/vize-islemleri\/japonya-vize-randevusu\/#webpage\"}}]}]}<\/script>\n<!-- \/ Yoast SEO plugin. -->","_links":{"self":[{"href":"https:\/\/myvize.com.tr\/japonya\/wp-json\/wp\/v2\/pages\/39"}],"collection":[{"href":"https:\/\/myvize.com.tr\/japonya\/wp-json\/wp\/v2\/pages"}],"about":[{"href":"https:\/\/myvize.com.tr\/japonya\/wp-json\/wp\/v2\/types\/page"}],"author":[{"embeddable":true,"href":"https:\/\/myvize.com.tr\/japonya\/wp-json\/wp\/v2\/users\/2"}],"replies":[{"embeddable":true,"href":"https:\/\/myvize.com.tr\/japonya\/wp-json\/wp\/v2\/comments?post=39"}],"version-history":[{"count":7,"href":"https:\/\/myvize.com.tr\/japonya\/wp-json\/wp\/v2\/pages\/39\/revisions"}],"predecessor-version":[{"id":391,"href":"https:\/\/myvize.com.tr\/japonya\/wp-json\/wp\/v2\/pages\/39\/revisions\/391"}],"up":[{"embeddable":true,"href":"https:\/\/myvize.com.tr\/japonya\/wp-json\/wp\/v2\/pages\/18"}],"wp:attachment":[{"href":"https:\/\/myvize.com.tr\/japonya\/wp-json\/wp\/v2\/media?parent=39"}],"curies":[{"name":"wp","href":"https:\/\/api.w.org\/{rel}","templated":true}]}}