{"id":305,"date":"2021-06-20T12:00:00","date_gmt":"2021-06-20T09:00:00","guid":{"rendered":"https:\/\/myvize.com.tr\/japonya\/?page_id=305"},"modified":"2021-12-07T17:54:03","modified_gmt":"2021-12-07T14:54:03","slug":"japonya-transit-vize","status":"publish","type":"page","link":"https:\/\/myvize.com.tr\/japonya\/vize-islemleri\/japonya-transit-vize\/","title":{"rendered":"Japonya Transit Vize"},"content":{"rendered":"<p><span style=\"font-family: Roboto;\"><\/span><\/p>\r\n<p><span style=\"font-family: Roboto; font-size: 14px;\"><strong>Japonya transit vize<\/strong>\u00a0ki\u015filerin k\u0131sa s\u00fcreli vize i\u015flemi kategorisinde ba\u015fvurduklar\u0131 bir vize t\u00fcr\u00fcd\u00fcr. <strong>Transit vize<\/strong> alabilmek i\u00e7in pasaportunuzun uygun kriterlerde olmas\u0131 son derece \u00f6nemli bir konudur. \u0130\u00e7erisinde iki tane i\u015flenmemi\u015f sayfa olmas\u0131 ve seyahat sonras\u0131nda da en az 6 ay ge\u00e7erlili\u011fi olmal\u0131d\u0131r.\u00a0<strong>Japonya transit vize\u00a0<\/strong>al\u0131rken mutlaka ba\u015fvuru formunu transit vize kategorisine uygun olarak doldurman\u0131z gerekmektedir.<\/span><\/p>\r\n<p><span style=\"font-family: Roboto; font-size: 14px;\">\r\n\r\n<\/span><\/p>\r\n<p><span style=\"font-family: Roboto; font-size: 14px;\"><span style=\"color: #2acec2;\"><strong><a style=\"color: #2acec2;\" href=\"https:\/\/myvize.com.tr\/japonya\/vize-islemleri\/\" target=\"_blank\" rel=\"noopener\">Vize i\u015flemleri <\/a><\/strong><\/span>s\u0131ras\u0131nda dikkat etmeniz gereken \u00f6nemli konulardan birisi de Japonya Konsoloslu\u011funa hitaben yaz\u0131lacak olan dilek\u00e7edir. Dilek\u00e7enizde vizeyi neden istedi\u011finizi a\u00e7\u0131k bir \u015fekilde belirtmeniz gerekmektedir. Ayn\u0131 zamanda ba\u015fvuru formunuzun ve dilek\u00e7enizin mutlaka \u0131slak imzal\u0131 olmas\u0131 gereklidir.<\/span><\/p>\r\n<h2><span style=\"font-family: Roboto; font-size: 27px;\"><b>Japonya Transit Vize Hakk\u0131nda<\/b><\/span><\/h2>\r\n<p><span style=\"font-family: Roboto; font-size: 14px;\">Japonya\u2019ya T\u00fcrkiye\u2019den giri\u015f ve \u00e7\u0131k\u0131\u015f i\u015flemleri i\u00e7in eski tip kimli\u011fi olanlar vize almak zorundad\u0131r. Eski tip pasaport ve kimlik sahibi olman\u0131z durumunda vize almak durumundas\u0131n\u0131z.<\/span><\/p>\r\n<p><span style=\"font-family: Roboto; font-size: 14px;\">Bu konu haricinde Japonya bir\u00e7ok \u00fclke ile vize uygulamas\u0131n\u0131 kald\u0131rarak vize muafiyetini getirmi\u015f bir \u00fclkedir. Bu uygulamaya dahil olan \u00fclkelerden gelen ki\u015filer turistik, i\u015f, e\u011fitim, aile ziyareti gibi nedenlerle \u00fclkeye giri\u015f yapabilir.<\/span><\/p>\r\n<p><span style=\"font-family: Roboto; font-size: 14px;\"><strong>Japonya Transit Vize\u00a0<\/strong>i\u00e7in ise gerekli olan baz\u0131 belgeler vard\u0131r. Bu belgeler;\u00a0<\/span><\/p>\r\n<ul>\r\n<li><span style=\"font-family: Roboto; font-size: 14px;\">Bir adet foto\u011fraf<\/span><\/li>\r\n<li><span style=\"font-family: Roboto; font-size: 14px;\">Bir adet onayl\u0131 ikametgah\u00a0<\/span><\/li>\r\n<li><span style=\"font-family: Roboto; font-size: 14px;\">Yenilenmesine gerek olmayan pasaport<\/span><\/li>\r\n<li><span style=\"font-family: Roboto; font-size: 14px;\">Pandemi nedeniyle sa\u011fl\u0131k durumu ve seyahat sa\u011fl\u0131k sigorta poli\u00e7esidir.<\/span><\/li>\r\n<\/ul>\r\n<p><span style=\"font-family: Roboto; font-size: 14px;\">Her ne kadar <strong>Japonya vize muafiyeti<\/strong> uygulasa da baz\u0131 durumlarda bu transit vizenin reddedilme durumu olabilir. Vize ba\u015fvurusunun reddi i\u00e7in ise Japonya gerekli a\u00e7\u0131klamay\u0131 yapmayabilir. Yani gerek\u00e7elerin gizli tutulmas\u0131 hakk\u0131n\u0131 kendinde saklayabilir. Ancak muhtemel olarak belgelerdeki sahtecilik veya yanl\u0131\u015f bilgi ibraz\u0131nda bulunma, vize s\u00fcresini izinsiz olarak a\u015fma, \u00fclkeden daha \u00f6nce de s\u0131n\u0131r d\u0131\u015f\u0131 edilme, uygunluk belgesindeki eksiklikler gibi nedenler vize ba\u015fvurusunun reddedilme nedeni olabilmektedir.<\/span><\/p>\r\n<p><span style=\"font-family: Roboto; font-size: 14px;\"><span style=\"color: #2acec2;\"><strong><a style=\"color: #2acec2;\" href=\"https:\/\/myvize.com.tr\/japonya\/vize-islemleri\/japonya-vatandaslik-islemleri\/\" target=\"_blank\" rel=\"noopener\">Japonya Vatanda\u015fl\u0131k \u0130\u015flemleri<\/a><\/strong><\/span> ile ilgili bilgi almak i\u00e7in bizi aray\u0131n.<\/span><\/p>\r\n<p><span style=\"font-family: Roboto; font-size: 14px;\">\r\n\r\n<\/span><\/p>\r\n<h2><span style=\"font-family: Roboto; font-size: 27px;\"><strong>Japonya Transit Vize \u0130\u015flemleri<\/strong><\/span><\/h2>\r\n<p><span style=\"font-family: Roboto; font-size: 14px;\">\r\n\r\n<\/span><\/p>\r\n<p><span style=\"font-family: Roboto; font-size: 14px;\"><strong>Japonya transit vize<\/strong> i\u015flemi yapacak olan ki\u015filer biyometrik foto\u011fraf iki tane dosyaya eklemelidir. Bu foto\u011fraflar\u0131n daha \u00f6nce hi\u00e7bir \u00fclkenin vize i\u015fleminde kullan\u0131lmam\u0131\u015f olmas\u0131 gereklidir. Vize i\u015flemleri s\u0131ras\u0131nda ikametg\u00e2h belgesi ve kimlik fotokopisi de vize i\u015flemlerine d\u00e2hil edilmektedir.<\/span><\/p>\r\n<p><span style=\"font-family: Roboto; font-size: 14px;\">\r\n\r\n<\/span><\/p>\r\n<p><span style=\"font-family: Roboto; font-size: 14px;\">Bir di\u011fer evrak t\u00fcr\u00fc ise seyahat sa\u011fl\u0131k sigortas\u0131d\u0131r. Tam vukuatl\u0131 n\u00fcfus kay\u0131t \u00f6rne\u011fi, i\u015f bilgileri, finansal bilgiler ve ba\u015fvuru formu da olmas\u0131 gerekenler i\u00e7erisindedir. Ba\u015fvuru formunda transit vize t\u00fcr\u00fcn\u00fc i\u015faretlemeyi ihmal etmemelisiniz. Eski tip \u00e7ipsiz pasaportu olanlar transit vize i\u015flemlerine tabi tutulmaktad\u0131r. Ki\u015filer bu vize ile yaln\u0131zca ikamet edebilir, turist olarak kalabilir. Ancak ticaret yapmas\u0131na izin yoktur.<strong> Japonya transit vize i\u015flemleri<\/strong> s\u0131ras\u0131nda eksik belge durumunda bu belgelerin tamamlanmas\u0131 da istenebilecek durumlar aras\u0131ndad\u0131r.<\/span><\/p>\r\n<p><img src=\"https:\/\/myvize.com.tr\/japonya\/wp-content\/uploads\/2021\/10\/28.jpg\" \/><\/p>\r\n<h2><span style=\"font-family: Roboto; font-size: 27px;\"><strong>Japonya Transit Vize Veriyor Mu? \u00a0 \u00a0<\/strong><\/span><\/h2>\r\n<p><span style=\"font-family: Roboto; font-size: 14px;\">Japonya, T\u00fcrkiye vatanda\u015f\u0131na transit vizesi uygulamamaktad\u0131r.<\/span><br \/><span style=\"font-family: Roboto; font-size: 14px;\">Pasaport: Seyahat d\u00f6n\u00fc\u015f tarihi itibariyle en az 180 g\u00fcn ge\u00e7erlili\u011fi olan pasaportlar.<\/span><br \/><span style=\"font-family: Roboto; font-size: 14px;\">Seyahat Evraklar\u0131.<\/span><br \/><span style=\"font-family: Roboto; font-size: 14px;\">Konaklama rezervasyon (Otel veya konaklama nerede ger\u00e7ekle\u015ftirilece\u011fi g\u00f6steren belge. Davetiye mektubu, Talep etmeniz durumunda ise otel rezervasyonu yap\u0131lmaktad\u0131r.)<\/span><br \/><span style=\"font-family: Roboto; font-size: 14px;\">Ula\u015f\u0131m rezervasyonlar\u0131 (U\u00e7ak, Gemi, Feribotlar, Tren, Otob\u00fcs.. Vb \/ Talep edilmesi durumunda rezervasyon yap\u0131lmaktad\u0131r.)<\/span><br \/><span style=\"font-family: Roboto; font-size: 14px;\">Seyahat Sa\u011fl\u0131k Sigortas\u0131. (Talep etmesi durumunda 30.000 Euro&#8217; luk seyahat sa\u011fl\u0131k sigortalar\u0131 yap\u0131lmaktad\u0131r.)<\/span><br \/><span style=\"font-family: Roboto; font-size: 14px;\">\u0130lave Evraklar: N\u00fcfus c\u00fczdan fotokopisi.<\/span><br \/><span style=\"font-family: Roboto; font-size: 14px;\">Japonya, T\u00fcrkiye vatanda\u015f\u0131ndan vize istemeyen \u00fclke kervan\u0131na kat\u0131lm\u0131\u015ft\u0131r.<\/span><br \/><span style=\"font-family: Roboto; font-size: 14px;\"><strong>Japonya vizesi<\/strong> muafiyeti k\u0131sa s\u00fcre <strong>Japonya vizesi<\/strong> i\u00e7in ge\u00e7erli olan bir uygulama. Japonya seyahatiniz k\u0131sa s\u00fcre bir seyahat i\u00e7eri\u011fine sahip olmamas\u0131 durumunda Japonya Konsoloslu\u011fu \u0130stanbul ya da <strong>Japonya B\u00fcy\u00fckel\u00e7ili\u011fi<\/strong> Ankara&#8217;ya ba\u015fvurular\u0131 yap\u0131lmal\u0131d\u0131r. T\u00fcrkiye vatanda\u015f\u0131 ger\u00e7ekle\u015ftirecek oldu\u011fu <strong>Japonya seyahati<\/strong> i\u00e7in Japonya vize i\u015fleminde bulunmas\u0131na gerek yoktur. T\u00fcrkiye vatanda\u015f\u0131 Japonya seyahati i\u00e7in sadece toplam 6 ay i\u00e7inde 3 ay ikamet izni bulunurken T\u00fcrkiye Cumhuriyeti vatanda\u015f\u0131 Japonya&#8217;ya her giri\u015finde sadece 30 g\u00fcn ikamet etme hakk\u0131na sahiptir.<\/span><\/p>\r\n<p><span style=\"font-family: Roboto;\"><\/span><\/p>","protected":false},"excerpt":{"rendered":"<p>Japonya transit vize\u00a0ki\u015filerin k\u0131sa s\u00fcreli vize i\u015flemi kategorisinde ba\u015fvurduklar\u0131 bir vize t\u00fcr\u00fcd\u00fcr. Transit vize alabilmek i\u00e7in pasaportunuzun uygun kriterlerde olmas\u0131 son derece \u00f6nemli bir konudur. \u0130\u00e7erisinde iki tane i\u015flenmemi\u015f sayfa olmas\u0131 ve seyahat sonras\u0131nda da en az 6 ay ge\u00e7erlili\u011fi olmal\u0131d\u0131r.\u00a0Japonya transit vize\u00a0al\u0131rken mutlaka ba\u015fvuru formunu transit vize kategorisine uygun olarak doldurman\u0131z gerekmektedir. Vize i\u015flemleri<\/p>\n","protected":false},"author":2,"featured_media":0,"parent":18,"menu_order":0,"comment_status":"closed","ping_status":"closed","template":"","meta":[],"yoast_head":"<!-- This site is optimized with the Yoast SEO plugin v16.4 - https:\/\/yoast.com\/wordpress\/plugins\/seo\/ -->\n<title>Japonya Transit Vize \u0130\u015flemleri - MyVize Vize Ba\u015fvuru Merkezi<\/title>\n<meta name=\"description\" content=\"Japonya Transit Vize \u0130\u015flemleri Nas\u0131l Yap\u0131l\u0131r? Japonya Transit Vize Nas\u0131l Al\u0131n\u0131r? Japonya Transit Vize Ba\u015fvurusu Nas\u0131l Yap\u0131l\u0131r?\" \/>\n<meta name=\"robots\" content=\"index, follow, max-snippet:-1, max-image-preview:large, max-video-preview:-1\" \/>\n<link rel=\"canonical\" href=\"https:\/\/myvize.com.tr\/japonya\/vize-islemleri\/japonya-transit-vize\/\" \/>\n<meta property=\"og:locale\" content=\"tr_TR\" \/>\n<meta property=\"og:type\" content=\"article\" \/>\n<meta property=\"og:title\" content=\"Japonya Transit Vize \u0130\u015flemleri - MyVize Vize Ba\u015fvuru Merkezi\" \/>\n<meta property=\"og:description\" content=\"Japonya Transit Vize \u0130\u015flemleri Nas\u0131l Yap\u0131l\u0131r? Japonya Transit Vize Nas\u0131l Al\u0131n\u0131r? Japonya Transit Vize Ba\u015fvurusu Nas\u0131l Yap\u0131l\u0131r?\" \/>\n<meta property=\"og:url\" content=\"https:\/\/myvize.com.tr\/japonya\/vize-islemleri\/japonya-transit-vize\/\" \/>\n<meta property=\"og:site_name\" content=\"Japonya Vizesi\" \/>\n<meta property=\"article:modified_time\" content=\"2021-12-07T14:54:03+00:00\" \/>\n<meta property=\"og:image\" content=\"https:\/\/myvize.com.tr\/japonya\/wp-content\/uploads\/2021\/10\/28.jpg\" \/>\n<meta name=\"twitter:card\" content=\"summary_large_image\" \/>\n<meta name=\"twitter:label1\" content=\"Tahmini okuma s\u00fcresi\" \/>\n\t<meta name=\"twitter:data1\" content=\"3 dakika\" \/>\n<script type=\"application\/ld+json\" class=\"yoast-schema-graph\">{\"@context\":\"https:\/\/schema.org\",\"@graph\":[{\"@type\":\"WebSite\",\"@id\":\"https:\/\/myvize.com.tr\/japonya\/#website\",\"url\":\"https:\/\/myvize.com.tr\/japonya\/\",\"name\":\"Japonya Vizesi\",\"description\":\"\",\"potentialAction\":[{\"@type\":\"SearchAction\",\"target\":\"https:\/\/myvize.com.tr\/japonya\/?s={search_term_string}\",\"query-input\":\"required name=search_term_string\"}],\"inLanguage\":\"tr\"},{\"@type\":\"ImageObject\",\"@id\":\"https:\/\/myvize.com.tr\/japonya\/vize-islemleri\/japonya-transit-vize\/#primaryimage\",\"inLanguage\":\"tr\",\"url\":\"https:\/\/myvize.com.tr\/japonya\/wp-content\/uploads\/2021\/10\/28.jpg\",\"contentUrl\":\"https:\/\/myvize.com.tr\/japonya\/wp-content\/uploads\/2021\/10\/28.jpg\",\"width\":800,\"height\":500,\"caption\":\"Japonya Transit Vize\"},{\"@type\":\"WebPage\",\"@id\":\"https:\/\/myvize.com.tr\/japonya\/vize-islemleri\/japonya-transit-vize\/#webpage\",\"url\":\"https:\/\/myvize.com.tr\/japonya\/vize-islemleri\/japonya-transit-vize\/\",\"name\":\"Japonya Transit Vize \\u0130\\u015flemleri - MyVize Vize Ba\\u015fvuru Merkezi\",\"isPartOf\":{\"@id\":\"https:\/\/myvize.com.tr\/japonya\/#website\"},\"primaryImageOfPage\":{\"@id\":\"https:\/\/myvize.com.tr\/japonya\/vize-islemleri\/japonya-transit-vize\/#primaryimage\"},\"datePublished\":\"2021-06-20T09:00:00+00:00\",\"dateModified\":\"2021-12-07T14:54:03+00:00\",\"description\":\"Japonya Transit Vize \\u0130\\u015flemleri Nas\\u0131l Yap\\u0131l\\u0131r? Japonya Transit Vize Nas\\u0131l Al\\u0131n\\u0131r? Japonya Transit Vize Ba\\u015fvurusu Nas\\u0131l Yap\\u0131l\\u0131r?\",\"breadcrumb\":{\"@id\":\"https:\/\/myvize.com.tr\/japonya\/vize-islemleri\/japonya-transit-vize\/#breadcrumb\"},\"inLanguage\":\"tr\",\"potentialAction\":[{\"@type\":\"ReadAction\",\"target\":[\"https:\/\/myvize.com.tr\/japonya\/vize-islemleri\/japonya-transit-vize\/\"]}]},{\"@type\":\"BreadcrumbList\",\"@id\":\"https:\/\/myvize.com.tr\/japonya\/vize-islemleri\/japonya-transit-vize\/#breadcrumb\",\"itemListElement\":[{\"@type\":\"ListItem\",\"position\":1,\"item\":{\"@type\":\"WebPage\",\"@id\":\"https:\/\/myvize.com.tr\/japonya\/\",\"url\":\"https:\/\/myvize.com.tr\/japonya\/\",\"name\":\"Anasayfa\"}},{\"@type\":\"ListItem\",\"position\":2,\"item\":{\"@type\":\"WebPage\",\"@id\":\"https:\/\/myvize.com.tr\/japonya\/vize-islemleri\/\",\"url\":\"https:\/\/myvize.com.tr\/japonya\/vize-islemleri\/\",\"name\":\"V\\u0130ZE \\u0130\\u015eLEMLER\\u0130\"}},{\"@type\":\"ListItem\",\"position\":3,\"item\":{\"@id\":\"https:\/\/myvize.com.tr\/japonya\/vize-islemleri\/japonya-transit-vize\/#webpage\"}}]}]}<\/script>\n<!-- \/ Yoast SEO plugin. -->","_links":{"self":[{"href":"https:\/\/myvize.com.tr\/japonya\/wp-json\/wp\/v2\/pages\/305"}],"collection":[{"href":"https:\/\/myvize.com.tr\/japonya\/wp-json\/wp\/v2\/pages"}],"about":[{"href":"https:\/\/myvize.com.tr\/japonya\/wp-json\/wp\/v2\/types\/page"}],"author":[{"embeddable":true,"href":"https:\/\/myvize.com.tr\/japonya\/wp-json\/wp\/v2\/users\/2"}],"replies":[{"embeddable":true,"href":"https:\/\/myvize.com.tr\/japonya\/wp-json\/wp\/v2\/comments?post=305"}],"version-history":[{"count":6,"href":"https:\/\/myvize.com.tr\/japonya\/wp-json\/wp\/v2\/pages\/305\/revisions"}],"predecessor-version":[{"id":566,"href":"https:\/\/myvize.com.tr\/japonya\/wp-json\/wp\/v2\/pages\/305\/revisions\/566"}],"up":[{"embeddable":true,"href":"https:\/\/myvize.com.tr\/japonya\/wp-json\/wp\/v2\/pages\/18"}],"wp:attachment":[{"href":"https:\/\/myvize.com.tr\/japonya\/wp-json\/wp\/v2\/media?parent=305"}],"curies":[{"name":"wp","href":"https:\/\/api.w.org\/{rel}","templated":true}]}}