{"id":260,"date":"2021-01-18T12:24:27","date_gmt":"2021-01-18T09:24:27","guid":{"rendered":"http:\/\/myvize.com.tr\/japonya\/?page_id=260"},"modified":"2021-11-09T12:01:36","modified_gmt":"2021-11-09T09:01:36","slug":"japonya-vatandasi-ile-evlilik","status":"publish","type":"page","link":"https:\/\/myvize.com.tr\/japonya\/vatandaslik\/japonya-vatandasi-ile-evlilik\/","title":{"rendered":"Japonya Vatanda\u015f\u0131 ile Evlilik"},"content":{"rendered":"<h2><span style=\"font-family: Roboto; font-size: 27px;\">Evlilik Yoluyla Japonya Vatanda\u015fl\u0131\u011f\u0131<\/span><\/h2>\n<p><span style=\"font-family: Roboto; font-size: 14px;\"><strong>Japonya vatanda\u015f\u0131<\/strong> ile evlenilmesi durumunda Japonya vatanda\u015fl\u0131\u011f\u0131 al\u0131nabilmektedir. Ancak sadece evlilik vatanda\u015fl\u0131k i\u00e7in yeterli de\u011fildir. Japonya vatanda\u015f\u0131 olabilmek i\u00e7in evlilikten sonra en az 3 y\u0131l\u0131n ge\u00e7mesi gerekmektedir. 3 y\u0131l tamamlanmam\u0131\u015f ise vatanda\u015fl\u0131k ba\u015fvurusu kabul edilmeyecektir.<\/span><\/p>\n<p><span style=\"font-family: Roboto; font-size: 14px;\">Evlilik yolu ile Japonya vatanda\u015fl\u0131\u011f\u0131 alacak olanlar, T\u00fcrkiye\u2019de k\u0131l\u0131nm\u0131\u015f nikah\u0131n gerekli olmad\u0131\u011f\u0131n\u0131 bilmelidir. Bunun i\u00e7in Japonya gelenekleri ve kurallar\u0131 ile bir nikah ve d\u00fc\u011f\u00fcn yap\u0131lmal\u0131d\u0131r. Evlilik yolu ile vatanda\u015fl\u0131k ba\u015fvurusu s\u0131ras\u0131nda evlilik <strong>Japonya Aile Bakanl\u0131\u011f\u0131<\/strong> ve G\u00f6\u00e7menlik Dairesi taraf\u0131ndan s\u00fcrekli g\u00f6zlem alt\u0131nda tutulmaktad\u0131r. Japonya yetkilileri vatanda\u015fl\u0131k ba\u015fvurular\u0131nda evlili\u011fin sahte olmad\u0131\u011f\u0131na inanmal\u0131d\u0131r.<\/span><\/p>\n<p><span style=\"font-family: Roboto; font-size: 14px;\">Evlilik yolu ile Japonya vatanda\u015f\u0131 olacak ki\u015filer Japoncay\u0131 da iyi derecede bilmelidir. Konsolosluk taraf\u0131ndan sorulan sorular Japonca olarak cevaplanmal\u0131d\u0131r. Ayr\u0131ca Japonya tarihi, siyaseti, hukuku, k\u00fclt\u00fcr\u00fc, aile yap\u0131s\u0131 hakk\u0131nda bilgi sahibi olmal\u0131d\u0131r.<\/span><\/p>\n<p><span style=\"font-family: Roboto; font-size: 14px;\">Evlilik yolu ile <strong>Japonya vatanda\u015fl\u0131\u011f\u0131<\/strong> alabilmek i\u00e7in yasal olarak 21 ya\u015f\u0131n\u0131 doldurmu\u015f olmal\u0131s\u0131n\u0131z. 21 ya\u015f\u0131n\u0131 doldurmam\u0131\u015f ki\u015filere Japonya vatanda\u015fl\u0131\u011f\u0131 verilmemektedir. <strong>Japonya vatanda\u015fl\u0131\u011f\u0131<\/strong> alacak olan ki\u015filer T\u00fcrkiye vatanda\u015fl\u0131\u011f\u0131n\u0131 iptal etmelidir. Japonya kanunlar\u0131 \u00e7iftte vatanda\u015fl\u0131\u011fa izin vermemektedir. Bundan dolay\u0131 Japon vatanda\u015fl\u0131\u011f\u0131 onaylanan ki\u015filer as\u0131l vatanda\u015fl\u0131\u011f\u0131n\u0131 iptal etmelidir.<\/span><\/p>\n<p><span style=\"font-family: Roboto; font-size: 14px;\"><strong><span style=\"color: #2acec2;\"><a style=\"color: #2acec2;\" href=\"https:\/\/myvize.com.tr\/japonya\/vize-islemleri\/japonya-vizesi\/\" target=\"_blank\" rel=\"noopener\">Japonya Vizesi<\/a><\/span> <\/strong>ile ilgili bilgi almak i\u00e7in bizi aray\u0131n.<\/span><\/p>\n<h2><span style=\"font-family: Roboto; font-size: 27px;\"><strong>Japonya Vatanda\u015f\u0131yla Evlilik<\/strong><\/span><\/h2>\n<p><span style=\"font-family: Roboto; font-size: 14px;\">Evlilik yoluyla ya da aile fertlerinden bir ba\u015fkas\u0131n\u0131n farkl\u0131 bir \u00fclkede bulunmas\u0131ndan dolay\u0131, insanlar o \u00fclkede ya\u015fayabilme \u015fans\u0131na sahiptirler. \u00d6zellikle evlilik yoluyla farkl\u0131 \u00fclkelere giden insan say\u0131s\u0131 olduk\u00e7a fazlad\u0131r. Aile kurma hayali olanlarda bunun i\u00e7in farkl\u0131 \u00fclkeleri tercih edebilirler.\u00a0<strong>Japonya vatanda\u015f\u0131yla evlilik<\/strong>\u00a0i\u015flemi ger\u00e7ekle\u015ftirerek \u00fclkede ya\u015fama imk\u00e2n\u0131na sahip olunabilir. Japonya finansal a\u00e7\u0131dan geli\u015fmi\u015f bir \u00fclke olmas\u0131n\u0131n yan\u0131 s\u0131ra sosyal, k\u00fclt\u00fcrel ya da e\u011fitim a\u00e7\u0131s\u0131ndan da geli\u015fmi\u015f \u00fclkeler aras\u0131nda yer al\u0131r. Japonya\u2019da aile kuranlar e\u015f ve \u00e7ocuklar\u0131n\u0131n yan\u0131na gidebilir ve burada hayat\u0131n\u0131 devam ettirebilir.<\/span><\/p>\n<p><span style=\"font-family: Roboto; font-size: 14px;\">Japonya vatanda\u015f\u0131yla evlenen ki\u015filer, <span style=\"color: #2acec2;\"><strong><a style=\"color: #2acec2;\" href=\"https:\/\/myvize.com.tr\/japonya\/vize-islemleri\/japonya-aile-birlesimi-vizesi\/\" target=\"_blank\" rel=\"noopener\">aile birle\u015fimi vizesi<\/a><\/strong><\/span>ni alabilme hakk\u0131na sahip olurlar. Bu vizenin al\u0131nabilmesi i\u00e7in, evlilik belgesi ya da pasaport gibi evraklar <strong>Japonya Konsoloslu\u011fu<\/strong>na verilmelidir. Bununla birlikte \u00fclkeye girildikten sonra evlili\u011fin kan\u0131tlanabilir nitelikte olan belgeleri olmas\u0131 gerekir. Konsoloslu\u011fa yap\u0131lan bildirim sonras\u0131nda oturum vizesiz al\u0131nabilir ve ya\u015fanabilir.<strong> Evlilik vizesi<\/strong> ya da <strong>aile birle\u015fimi vizesi<\/strong> olarak da adland\u0131r\u0131l\u0131r. Gerekli evraklar haz\u0131rland\u0131ktan sonra sorunsuz olarak vize i\u015flemleri tamamlanabilir ve ya\u015fanmaya ba\u015flanabilir.<\/span><\/p>\n<p><span style=\"font-family: Roboto; font-size: 14px;\"><span style=\"color: #2acec2;\"><strong><a style=\"color: #2acec2;\" href=\"https:\/\/myvize.com.tr\/japonya\/vize-islemleri\/japonya-aile-ziyareti-vizesi\/\" target=\"_blank\" rel=\"noopener\">Japonya Aile Ziyareti Vizesi<\/a><\/strong><\/span> ile ilgili bilgi almak i\u00e7in bizi aray\u0131n\u0131z.<\/span><\/p>\n","protected":false},"excerpt":{"rendered":"<p>Evlilik Yoluyla Japonya Vatanda\u015fl\u0131\u011f\u0131 Japonya vatanda\u015f\u0131 ile evlenilmesi durumunda Japonya vatanda\u015fl\u0131\u011f\u0131 al\u0131nabilmektedir. Ancak sadece evlilik vatanda\u015fl\u0131k i\u00e7in yeterli de\u011fildir. Japonya vatanda\u015f\u0131 olabilmek i\u00e7in evlilikten sonra en az 3 y\u0131l\u0131n ge\u00e7mesi gerekmektedir. 3 y\u0131l tamamlanmam\u0131\u015f ise vatanda\u015fl\u0131k ba\u015fvurusu kabul edilmeyecektir. Evlilik yolu ile Japonya vatanda\u015fl\u0131\u011f\u0131 alacak olanlar, T\u00fcrkiye\u2019de k\u0131l\u0131nm\u0131\u015f nikah\u0131n gerekli olmad\u0131\u011f\u0131n\u0131 bilmelidir. Bunun i\u00e7in Japonya<\/p>\n","protected":false},"author":2,"featured_media":0,"parent":141,"menu_order":0,"comment_status":"closed","ping_status":"closed","template":"","meta":[],"yoast_head":"<!-- This site is optimized with the Yoast SEO plugin v16.4 - https:\/\/yoast.com\/wordpress\/plugins\/seo\/ -->\n<title>Evlilik Yoluyla Japonya Vatanda\u015fl\u0131\u011f\u0131 - MyVize Vize Ba\u015fvuru Merkezi<\/title>\n<meta name=\"description\" content=\"Evlilik Yoluyla Japonya Vatanda\u015fl\u0131\u011f\u0131 Nas\u0131l Al\u0131n\u0131r? Evlilik Yoluyla Japonya Vatanda\u015fl\u0131k \u015eartlar\u0131 Nelerdir? Bilgi \u0130\u00e7in Aray\u0131n: 0850 346 84 93\" \/>\n<meta name=\"robots\" content=\"index, follow, max-snippet:-1, max-image-preview:large, max-video-preview:-1\" \/>\n<link rel=\"canonical\" href=\"https:\/\/myvize.com.tr\/japonya\/vatandaslik\/japonya-vatandasi-ile-evlilik\/\" \/>\n<meta property=\"og:locale\" content=\"tr_TR\" \/>\n<meta property=\"og:type\" content=\"article\" \/>\n<meta property=\"og:title\" content=\"Evlilik Yoluyla Japonya Vatanda\u015fl\u0131\u011f\u0131 - MyVize Vize Ba\u015fvuru Merkezi\" \/>\n<meta property=\"og:description\" content=\"Evlilik Yoluyla Japonya Vatanda\u015fl\u0131\u011f\u0131 Nas\u0131l Al\u0131n\u0131r? Evlilik Yoluyla Japonya Vatanda\u015fl\u0131k \u015eartlar\u0131 Nelerdir? Bilgi \u0130\u00e7in Aray\u0131n: 0850 346 84 93\" \/>\n<meta property=\"og:url\" content=\"https:\/\/myvize.com.tr\/japonya\/vatandaslik\/japonya-vatandasi-ile-evlilik\/\" \/>\n<meta property=\"og:site_name\" content=\"Japonya Vizesi\" \/>\n<meta property=\"article:modified_time\" content=\"2021-11-09T09:01:36+00:00\" \/>\n<meta name=\"twitter:card\" content=\"summary_large_image\" \/>\n<meta name=\"twitter:label1\" content=\"Tahmini okuma s\u00fcresi\" \/>\n\t<meta name=\"twitter:data1\" content=\"2 dakika\" \/>\n<script type=\"application\/ld+json\" class=\"yoast-schema-graph\">{\"@context\":\"https:\/\/schema.org\",\"@graph\":[{\"@type\":\"WebSite\",\"@id\":\"https:\/\/myvize.com.tr\/japonya\/#website\",\"url\":\"https:\/\/myvize.com.tr\/japonya\/\",\"name\":\"Japonya Vizesi\",\"description\":\"\",\"potentialAction\":[{\"@type\":\"SearchAction\",\"target\":\"https:\/\/myvize.com.tr\/japonya\/?s={search_term_string}\",\"query-input\":\"required name=search_term_string\"}],\"inLanguage\":\"tr\"},{\"@type\":\"WebPage\",\"@id\":\"https:\/\/myvize.com.tr\/japonya\/vatandaslik\/japonya-vatandasi-ile-evlilik\/#webpage\",\"url\":\"https:\/\/myvize.com.tr\/japonya\/vatandaslik\/japonya-vatandasi-ile-evlilik\/\",\"name\":\"Evlilik Yoluyla Japonya Vatanda\\u015fl\\u0131\\u011f\\u0131 - MyVize Vize Ba\\u015fvuru Merkezi\",\"isPartOf\":{\"@id\":\"https:\/\/myvize.com.tr\/japonya\/#website\"},\"datePublished\":\"2021-01-18T09:24:27+00:00\",\"dateModified\":\"2021-11-09T09:01:36+00:00\",\"description\":\"Evlilik Yoluyla Japonya Vatanda\\u015fl\\u0131\\u011f\\u0131 Nas\\u0131l Al\\u0131n\\u0131r? Evlilik Yoluyla Japonya Vatanda\\u015fl\\u0131k \\u015eartlar\\u0131 Nelerdir? Bilgi \\u0130\\u00e7in Aray\\u0131n: 0850 346 84 93\",\"breadcrumb\":{\"@id\":\"https:\/\/myvize.com.tr\/japonya\/vatandaslik\/japonya-vatandasi-ile-evlilik\/#breadcrumb\"},\"inLanguage\":\"tr\",\"potentialAction\":[{\"@type\":\"ReadAction\",\"target\":[\"https:\/\/myvize.com.tr\/japonya\/vatandaslik\/japonya-vatandasi-ile-evlilik\/\"]}]},{\"@type\":\"BreadcrumbList\",\"@id\":\"https:\/\/myvize.com.tr\/japonya\/vatandaslik\/japonya-vatandasi-ile-evlilik\/#breadcrumb\",\"itemListElement\":[{\"@type\":\"ListItem\",\"position\":1,\"item\":{\"@type\":\"WebPage\",\"@id\":\"https:\/\/myvize.com.tr\/japonya\/\",\"url\":\"https:\/\/myvize.com.tr\/japonya\/\",\"name\":\"Anasayfa\"}},{\"@type\":\"ListItem\",\"position\":2,\"item\":{\"@type\":\"WebPage\",\"@id\":\"https:\/\/myvize.com.tr\/japonya\/vatandaslik\/\",\"url\":\"https:\/\/myvize.com.tr\/japonya\/vatandaslik\/\",\"name\":\"VATANDA\\u015eLIK\"}},{\"@type\":\"ListItem\",\"position\":3,\"item\":{\"@id\":\"https:\/\/myvize.com.tr\/japonya\/vatandaslik\/japonya-vatandasi-ile-evlilik\/#webpage\"}}]}]}<\/script>\n<!-- \/ Yoast SEO plugin. -->","_links":{"self":[{"href":"https:\/\/myvize.com.tr\/japonya\/wp-json\/wp\/v2\/pages\/260"}],"collection":[{"href":"https:\/\/myvize.com.tr\/japonya\/wp-json\/wp\/v2\/pages"}],"about":[{"href":"https:\/\/myvize.com.tr\/japonya\/wp-json\/wp\/v2\/types\/page"}],"author":[{"embeddable":true,"href":"https:\/\/myvize.com.tr\/japonya\/wp-json\/wp\/v2\/users\/2"}],"replies":[{"embeddable":true,"href":"https:\/\/myvize.com.tr\/japonya\/wp-json\/wp\/v2\/comments?post=260"}],"version-history":[{"count":4,"href":"https:\/\/myvize.com.tr\/japonya\/wp-json\/wp\/v2\/pages\/260\/revisions"}],"predecessor-version":[{"id":471,"href":"https:\/\/myvize.com.tr\/japonya\/wp-json\/wp\/v2\/pages\/260\/revisions\/471"}],"up":[{"embeddable":true,"href":"https:\/\/myvize.com.tr\/japonya\/wp-json\/wp\/v2\/pages\/141"}],"wp:attachment":[{"href":"https:\/\/myvize.com.tr\/japonya\/wp-json\/wp\/v2\/media?parent=260"}],"curies":[{"name":"wp","href":"https:\/\/api.w.org\/{rel}","templated":true}]}}