{"id":258,"date":"2021-01-18T12:23:23","date_gmt":"2021-01-18T09:23:23","guid":{"rendered":"http:\/\/myvize.com.tr\/japonya\/?page_id=258"},"modified":"2021-11-09T11:59:41","modified_gmt":"2021-11-09T08:59:41","slug":"yatirimcilara-japonya-vatandasligi","status":"publish","type":"page","link":"https:\/\/myvize.com.tr\/japonya\/oturum-2\/yatirimcilara-japonya-vatandasligi\/","title":{"rendered":"Yat\u0131r\u0131mc\u0131lara Japonya Vatanda\u015fl\u0131\u011f\u0131"},"content":{"rendered":"<h2><span style=\"font-family: Roboto; font-size: 27px;\">Yat\u0131r\u0131m Yolu ile Japonya Vatanda\u015fl\u0131\u011f\u0131 Hakk\u0131nda<\/span><\/h2>\n<p><span style=\"font-family: Roboto; font-size: 14px;\">Japonya d\u00fcnyada Pasaportu en g\u00fc\u00e7l\u00fc olan \u00fclkelerdendir. Japon vatanda\u015flar\u0131 bir\u00e7ok \u00fclkeye vizesiz girebilmektedirler. Japonya vatanda\u015flar\u0131 ayr\u0131ca bir\u00e7ok ayr\u0131cal\u0131k elde etmektedir. Bundan dolay\u0131 bir\u00e7ok ki\u015fi Japonya vatanda\u015fl\u0131\u011f\u0131na girmek istemektedir. Ancak <strong>Japonya<\/strong> vatanda\u015fl\u0131\u011f\u0131na girmek olduk\u00e7a zordur. Bunun i\u00e7in baz\u0131 \u015fartlar\u0131 yerine getirmeleri gerekmektedir. <strong>Japonya vatanda\u015f\u0131<\/strong> olman\u0131n en kolay ve h\u0131zl\u0131 yollar\u0131ndan birisi yat\u0131r\u0131m yolu ile Japonya vatanda\u015f\u0131 olmakt\u0131r.<\/span><\/p>\n<p><span style=\"font-family: Roboto; font-size: 14px;\">Yat\u0131r\u0131m yolu ile<strong> Japonya vatanda\u015f\u0131<\/strong> olacak olan ki\u015filer i\u00e7in bir\u00e7ok se\u00e7enek kurulmu\u015ftur. Bunlardan ilki Japonya H\u00fck\u00fcmetine bir miktar para hibe etmektir. Di\u011fer bir yol ise Japonya\u2019da belirli bir \u00fccret kar\u015f\u0131l\u0131\u011f\u0131nda ev almakt\u0131r. Bu y\u00f6ntem ile Japonya vatanda\u015fl\u0131\u011f\u0131 almak i\u00e7in en az 450 bin Euro de\u011ferinde gayrimenkul al\u0131nmal\u0131d\u0131r. Ayr\u0131ca <strong>Japonya Devleti<\/strong> tahvillerine en az 5 y\u0131l vadeli yat\u0131r\u0131m yaparsan\u0131z Japonya vatanda\u015fl\u0131\u011f\u0131 alabilirsiniz. Ya da Japonya h\u00fck\u00fcmetini tatmin edecek miktarda yat\u0131r\u0131m yapman\u0131z gerekecektir.<\/span><\/p>\n<p><span style=\"font-family: Roboto; font-size: 14px;\"><strong>Japonya vatanda\u015fl\u0131\u011f\u0131<\/strong> i\u00e7in sadece yat\u0131r\u0131m yapmak yeterli de\u011fildir. Bunun yan\u0131nda vatanda\u015fl\u0131k alabilmek i\u00e7in Japonca dil yeterlili\u011finizi kan\u0131tlamal\u0131s\u0131n\u0131z. Ayr\u0131ca Japonya tarihi, siyaseti, k\u00fclt\u00fcr\u00fc ve hukuku hakk\u0131nda bilgi sahibi olmal\u0131s\u0131n\u0131z. Konsolosluk bu konuda ba\u015fvuru sahiplerini s\u00f6zl\u00fc bir s\u0131nava tutmaktad\u0131r.\u00a0 Japonya \u00e7ifte vatanda\u015fl\u0131\u011fa izin vermemektedir. <strong>Japonya vatanda\u015f\u0131<\/strong> olabilmek i\u00e7in T\u00fcrkiye vatanda\u015fl\u0131\u011f\u0131n\u0131zdan vazge\u00e7melisiniz.<\/span><\/p>\n<p><span style=\"font-family: Roboto; font-size: 14px;\"><span style=\"color: #2acec2;\"><strong><a style=\"color: #2acec2;\" href=\"https:\/\/myvize.com.tr\/japonya\/vize-islemleri\/japonya-vizesi\/\" target=\"_blank\" rel=\"noopener\">Japonya Vizesi<\/a><\/strong><\/span> ile ilgili bilgi almak i\u00e7in bizi aray\u0131n.<\/span><\/p>\n<p><img src=\"https:\/\/myvize.com.tr\/japonya\/wp-content\/uploads\/2021\/10\/21.jpg\" \/><\/p>\n<h2><span style=\"font-family: Roboto; font-size: 27px;\"><strong>Yat\u0131r\u0131mc\u0131lara Japonya Vatanda\u015fl\u0131\u011f\u0131<\/strong><\/span><\/h2>\n<p><span style=\"font-family: Roboto; font-size: 14px;\">Yurt d\u0131\u015f\u0131nda ya\u015fama hayali olan \u00e7ok fazla ki\u015fi vard\u0131r. \u00c7o\u011fu ki\u015fi bu hayalini ger\u00e7ekle\u015ftirmek ister ve bunun i\u00e7in farkl\u0131 yollar tercih eder. Yurt d\u0131\u015f\u0131na gidebilme y\u00f6ntemlerinden birisi de yat\u0131r\u0131m yoluyla gitmektir. <strong>Yat\u0131r\u0131m yoluyla yurt d\u0131\u015f\u0131na gitmek<\/strong>, insanlara \u00e7ok \u00f6nemli avantajlar sa\u011flar. Yat\u0131r\u0131m yaparak gidilebilecek \u00fclkelerden baz\u0131lar\u0131 \u015funlard\u0131r;<\/span><\/p>\n<ul>\n<li><span style=\"color: #2acec2;\"><strong><a style=\"color: #2acec2;\" href=\"https:\/\/myvize.com.tr\/japonya\/\" target=\"_blank\" rel=\"noopener\"><span style=\"font-family: Roboto; font-size: 14px;\">Japonya<\/span><\/a><\/strong><\/span><\/li>\n<li><span style=\"font-family: Roboto; font-size: 14px;\">Dominika<\/span><\/li>\n<li><span style=\"font-family: Roboto; font-size: 14px;\">Yunanistan<\/span><\/li>\n<li><span style=\"font-family: Roboto; font-size: 14px;\">Kanada<\/span><\/li>\n<li><span style=\"font-family: Roboto; font-size: 14px;\">Karayipler<\/span><\/li>\n<li><span style=\"font-family: Roboto; font-size: 14px;\">Malta gibi \u00fclkelere yat\u0131r\u0131m yoluyla gidilebilir.<\/span><\/li>\n<\/ul>\n<p><span style=\"font-family: Roboto; font-size: 14px;\">Japonya pek \u00e7ok konuda geli\u015fmi\u015f bir \u00fclkedir. Bu nedenle \u00fclkede ya\u015famak isteyen insan say\u0131s\u0131 da olduk\u00e7a fazlad\u0131r. Bu da yat\u0131r\u0131mc\u0131lara Japonya vatanda\u015fl\u0131\u011f\u0131 konusunu daha cazip hale getirir. <strong>Yat\u0131r\u0131m yoluyla vatanda\u015fl\u0131k<\/strong> i\u015fleminin ger\u00e7ekle\u015ftirilebilmesi i\u00e7in, h\u00fck\u00fcmetin belirlemi\u015f oldu\u011fu miktarlarda gayrimenkul al\u0131nmal\u0131 ve bunlar i\u015f kurabilmek i\u00e7in sermaye olarak kullan\u0131lmal\u0131d\u0131r.<\/span><\/p>\n<p><span style=\"font-family: Roboto; font-size: 14px;\">Japonya\u2019ya vatanda\u015fl\u0131k alabilen ki\u015filer ald\u0131klar\u0131 vatanda\u015fl\u0131k sayesinde finansal imk\u00e2nlardan, sosyal ya\u015famdan ya da kolay seyahat i\u015flemlerinden kolayca faydalanabilirler. <span style=\"color: #2acec2;\"><strong><a style=\"color: #2acec2;\" href=\"https:\/\/myvize.com.tr\/japonya\/vatandaslik\/\" target=\"_blank\" rel=\"noopener\">Vatanda\u015fl\u0131k <\/a><\/strong><\/span>al\u0131nabilmesi i\u00e7in gereksinimlerin yerine getirilmesi yeterlidir. Gidilecek olan \u00fclke i\u00e7in devlet kurumlar\u0131 baz\u0131 evraklar isteyebilir. Bu evraklar mevzuata uygun \u015fekilde haz\u0131rlanmal\u0131d\u0131r.\u00a0 \u00d6nemli detaylardan birisi ise, al\u0131nan gayrimenkul\u00fcn 3 y\u0131l boyunca tutulmas\u0131 gerekti\u011fidir.<\/span><\/p>\n","protected":false},"excerpt":{"rendered":"<p>Yat\u0131r\u0131m Yolu ile Japonya Vatanda\u015fl\u0131\u011f\u0131 Hakk\u0131nda Japonya d\u00fcnyada Pasaportu en g\u00fc\u00e7l\u00fc olan \u00fclkelerdendir. Japon vatanda\u015flar\u0131 bir\u00e7ok \u00fclkeye vizesiz girebilmektedirler. Japonya vatanda\u015flar\u0131 ayr\u0131ca bir\u00e7ok ayr\u0131cal\u0131k elde etmektedir. Bundan dolay\u0131 bir\u00e7ok ki\u015fi Japonya vatanda\u015fl\u0131\u011f\u0131na girmek istemektedir. Ancak Japonya vatanda\u015fl\u0131\u011f\u0131na girmek olduk\u00e7a zordur. Bunun i\u00e7in baz\u0131 \u015fartlar\u0131 yerine getirmeleri gerekmektedir. Japonya vatanda\u015f\u0131 olman\u0131n en kolay ve h\u0131zl\u0131 yollar\u0131ndan<\/p>\n","protected":false},"author":2,"featured_media":0,"parent":138,"menu_order":0,"comment_status":"closed","ping_status":"closed","template":"","meta":[],"yoast_head":"<!-- This site is optimized with the Yoast SEO plugin v16.4 - https:\/\/yoast.com\/wordpress\/plugins\/seo\/ -->\n<title>Yat\u0131r\u0131m Yolu ile Japonya Vatanda\u015fl\u0131\u011f\u0131 - MyVize Vize Ba\u015fvuru Merkezi<\/title>\n<meta name=\"description\" content=\"Yat\u0131r\u0131m Yolu ile Japonya Vatanda\u015fl\u0131\u011f\u0131 Nas\u0131l Al\u0131n\u0131r? Yat\u0131r\u0131m Yolu ile Japonya Vatanda\u015fl\u0131\u011f\u0131 \u015eartlar\u0131 Nelerdir? Bilgi \u0130\u00e7in Ara: 0850 346 84 93\" \/>\n<meta name=\"robots\" content=\"index, follow, max-snippet:-1, max-image-preview:large, max-video-preview:-1\" \/>\n<link rel=\"canonical\" href=\"https:\/\/myvize.com.tr\/japonya\/oturum-2\/yatirimcilara-japonya-vatandasligi\/\" \/>\n<meta property=\"og:locale\" content=\"tr_TR\" \/>\n<meta property=\"og:type\" content=\"article\" \/>\n<meta property=\"og:title\" content=\"Yat\u0131r\u0131m Yolu ile Japonya Vatanda\u015fl\u0131\u011f\u0131 - MyVize Vize Ba\u015fvuru Merkezi\" \/>\n<meta property=\"og:description\" content=\"Yat\u0131r\u0131m Yolu ile Japonya Vatanda\u015fl\u0131\u011f\u0131 Nas\u0131l Al\u0131n\u0131r? Yat\u0131r\u0131m Yolu ile Japonya Vatanda\u015fl\u0131\u011f\u0131 \u015eartlar\u0131 Nelerdir? Bilgi \u0130\u00e7in Ara: 0850 346 84 93\" \/>\n<meta property=\"og:url\" content=\"https:\/\/myvize.com.tr\/japonya\/oturum-2\/yatirimcilara-japonya-vatandasligi\/\" \/>\n<meta property=\"og:site_name\" content=\"Japonya Vizesi\" \/>\n<meta property=\"article:modified_time\" content=\"2021-11-09T08:59:41+00:00\" \/>\n<meta property=\"og:image\" content=\"https:\/\/myvize.com.tr\/japonya\/wp-content\/uploads\/2021\/10\/21.jpg\" \/>\n<meta name=\"twitter:card\" content=\"summary_large_image\" \/>\n<meta name=\"twitter:label1\" content=\"Tahmini okuma s\u00fcresi\" \/>\n\t<meta name=\"twitter:data1\" content=\"2 dakika\" \/>\n<script type=\"application\/ld+json\" class=\"yoast-schema-graph\">{\"@context\":\"https:\/\/schema.org\",\"@graph\":[{\"@type\":\"WebSite\",\"@id\":\"https:\/\/myvize.com.tr\/japonya\/#website\",\"url\":\"https:\/\/myvize.com.tr\/japonya\/\",\"name\":\"Japonya Vizesi\",\"description\":\"\",\"potentialAction\":[{\"@type\":\"SearchAction\",\"target\":\"https:\/\/myvize.com.tr\/japonya\/?s={search_term_string}\",\"query-input\":\"required name=search_term_string\"}],\"inLanguage\":\"tr\"},{\"@type\":\"ImageObject\",\"@id\":\"https:\/\/myvize.com.tr\/japonya\/oturum-2\/yatirimcilara-japonya-vatandasligi\/#primaryimage\",\"inLanguage\":\"tr\",\"url\":\"https:\/\/myvize.com.tr\/japonya\/wp-content\/uploads\/2021\/10\/21.jpg\",\"contentUrl\":\"https:\/\/myvize.com.tr\/japonya\/wp-content\/uploads\/2021\/10\/21.jpg\",\"width\":800,\"height\":500,\"caption\":\"Yat\\u0131r\\u0131mc\\u0131lara Japonya Vatanda\\u015fl\\u0131\\u011f\\u0131\"},{\"@type\":\"WebPage\",\"@id\":\"https:\/\/myvize.com.tr\/japonya\/oturum-2\/yatirimcilara-japonya-vatandasligi\/#webpage\",\"url\":\"https:\/\/myvize.com.tr\/japonya\/oturum-2\/yatirimcilara-japonya-vatandasligi\/\",\"name\":\"Yat\\u0131r\\u0131m Yolu ile Japonya Vatanda\\u015fl\\u0131\\u011f\\u0131 - MyVize Vize Ba\\u015fvuru Merkezi\",\"isPartOf\":{\"@id\":\"https:\/\/myvize.com.tr\/japonya\/#website\"},\"primaryImageOfPage\":{\"@id\":\"https:\/\/myvize.com.tr\/japonya\/oturum-2\/yatirimcilara-japonya-vatandasligi\/#primaryimage\"},\"datePublished\":\"2021-01-18T09:23:23+00:00\",\"dateModified\":\"2021-11-09T08:59:41+00:00\",\"description\":\"Yat\\u0131r\\u0131m Yolu ile Japonya Vatanda\\u015fl\\u0131\\u011f\\u0131 Nas\\u0131l Al\\u0131n\\u0131r? Yat\\u0131r\\u0131m Yolu ile Japonya Vatanda\\u015fl\\u0131\\u011f\\u0131 \\u015eartlar\\u0131 Nelerdir? Bilgi \\u0130\\u00e7in Ara: 0850 346 84 93\",\"breadcrumb\":{\"@id\":\"https:\/\/myvize.com.tr\/japonya\/oturum-2\/yatirimcilara-japonya-vatandasligi\/#breadcrumb\"},\"inLanguage\":\"tr\",\"potentialAction\":[{\"@type\":\"ReadAction\",\"target\":[\"https:\/\/myvize.com.tr\/japonya\/oturum-2\/yatirimcilara-japonya-vatandasligi\/\"]}]},{\"@type\":\"BreadcrumbList\",\"@id\":\"https:\/\/myvize.com.tr\/japonya\/oturum-2\/yatirimcilara-japonya-vatandasligi\/#breadcrumb\",\"itemListElement\":[{\"@type\":\"ListItem\",\"position\":1,\"item\":{\"@type\":\"WebPage\",\"@id\":\"https:\/\/myvize.com.tr\/japonya\/\",\"url\":\"https:\/\/myvize.com.tr\/japonya\/\",\"name\":\"Anasayfa\"}},{\"@type\":\"ListItem\",\"position\":2,\"item\":{\"@type\":\"WebPage\",\"@id\":\"https:\/\/myvize.com.tr\/japonya\/oturum-2\/\",\"url\":\"https:\/\/myvize.com.tr\/japonya\/oturum-2\/\",\"name\":\"OTURUM\"}},{\"@type\":\"ListItem\",\"position\":3,\"item\":{\"@id\":\"https:\/\/myvize.com.tr\/japonya\/oturum-2\/yatirimcilara-japonya-vatandasligi\/#webpage\"}}]}]}<\/script>\n<!-- \/ Yoast SEO plugin. -->","_links":{"self":[{"href":"https:\/\/myvize.com.tr\/japonya\/wp-json\/wp\/v2\/pages\/258"}],"collection":[{"href":"https:\/\/myvize.com.tr\/japonya\/wp-json\/wp\/v2\/pages"}],"about":[{"href":"https:\/\/myvize.com.tr\/japonya\/wp-json\/wp\/v2\/types\/page"}],"author":[{"embeddable":true,"href":"https:\/\/myvize.com.tr\/japonya\/wp-json\/wp\/v2\/users\/2"}],"replies":[{"embeddable":true,"href":"https:\/\/myvize.com.tr\/japonya\/wp-json\/wp\/v2\/comments?post=258"}],"version-history":[{"count":6,"href":"https:\/\/myvize.com.tr\/japonya\/wp-json\/wp\/v2\/pages\/258\/revisions"}],"predecessor-version":[{"id":507,"href":"https:\/\/myvize.com.tr\/japonya\/wp-json\/wp\/v2\/pages\/258\/revisions\/507"}],"up":[{"embeddable":true,"href":"https:\/\/myvize.com.tr\/japonya\/wp-json\/wp\/v2\/pages\/138"}],"wp:attachment":[{"href":"https:\/\/myvize.com.tr\/japonya\/wp-json\/wp\/v2\/media?parent=258"}],"curies":[{"name":"wp","href":"https:\/\/api.w.org\/{rel}","templated":true}]}}