{"id":176,"date":"2021-01-15T16:17:22","date_gmt":"2021-01-15T13:17:22","guid":{"rendered":"http:\/\/myvize.com.tr\/japonya\/?page_id=176"},"modified":"2021-11-09T12:38:07","modified_gmt":"2021-11-09T09:38:07","slug":"corlu","status":"publish","type":"page","link":"https:\/\/myvize.com.tr\/japonya\/subelerimiz\/corlu\/","title":{"rendered":"Japonya Vizesi , \u00c7orlu"},"content":{"rendered":"<h2><span style=\"font-family: Roboto; font-size: 27px;\"><strong>Japonya Vize Ba\u015fvuru Merkezi , <\/strong><\/span><span style=\"font-family: Roboto; font-size: 27px;\"><strong>\u00c7orlu <\/strong><\/span><\/h2>\n<p><span style=\"font-family: Roboto; font-size: 14px;\">Vize alma s\u00fcreci insanlar i\u00e7in \u00f6nemli bir s\u00fcre\u00e7tir. Bu s\u00fcrecin profesyonel olarak y\u00fcr\u00fct\u00fclebilmesi i\u00e7in, profesyonel ki\u015filerle \u00e7al\u0131\u015fmak gerekir.\u00a0<strong>\u00c7orlu Japonya vize merkezi\u00a0<\/strong>bu konuda en profesyonel hizmeti vermeye odakl\u0131 olarak \u00e7al\u0131\u015f\u0131r. Vize merkezinden vize al\u0131nmadan \u00f6nce, ba\u015fvuruda bulunacak ki\u015filerin uygunluk belgesini elde etmesi gerekir. Elde edilen uygunluk belgesinden sonra vize al\u0131m s\u00fcreci ba\u015flar ve evrak haz\u0131rlama s\u00fcresi i\u015fleme al\u0131n\u0131r. Baz\u0131 k\u0131sa s\u00fcreli seyahatler i\u00e7in <strong>vize ba\u015fvurusu<\/strong>na ya da vize onay\u0131na gerek duyulmayabilir. Ba\u015fvuruda bulunan ki\u015filerin ba\u015fvurular\u0131 Konsolosluk b\u00f6l\u00fcm\u00fcnde incelenir ve uygun olup olmad\u0131\u011f\u0131 kontrol edilir. Uygunluk s\u00f6z konusuysa vize al\u0131nabilir.<\/span><\/p>\n<p><span style=\"font-family: Roboto; font-size: 14px;\">Vize alacak olan ki\u015filer, pandemi nedenlerinden dolay\u0131 vize ba\u015fvurular\u0131ndan \u00f6nce randevu almal\u0131d\u0131r. Bu \u015fekilde i\u015flemlerini daha h\u0131zl\u0131 y\u00fcr\u00fctebilme imkan\u0131 da bulabilirler. Vize onay\u0131 ya da ba\u015fvurusunun gerekmedi\u011fi durumlar, temsilciliklerle g\u00f6r\u00fc\u015f\u00fclerek \u00f6\u011frenilebilir. <strong>Japonya vizesi<\/strong>nin al\u0131nmas\u0131n\u0131n gerekli olmad\u0131\u011f\u0131 durumlardan birisi de <span style=\"color: #2acec2;\"><strong><a style=\"color: #2acec2;\" href=\"https:\/\/myvize.com.tr\/japonya\/vatandaslik\/japonya-vatandasi-ile-evlilik\/\" target=\"_blank\" rel=\"noopener\">Japonya vatanda\u015f\u0131 ile evlilik<\/a><\/strong><\/span> yapmakt\u0131r. Yap\u0131lan evlilikten dolay\u0131 Japonya vatanda\u015fl\u0131\u011f\u0131 hakk\u0131 elde edilebilir. Bu sayede vize almak i\u00e7in herhangi bir durum da gerekmez ve ortadan kalkm\u0131\u015f olur.<\/span><\/p>\n","protected":false},"excerpt":{"rendered":"<p>Japonya Vize Ba\u015fvuru Merkezi , \u00c7orlu Vize alma s\u00fcreci insanlar i\u00e7in \u00f6nemli bir s\u00fcre\u00e7tir. Bu s\u00fcrecin profesyonel olarak y\u00fcr\u00fct\u00fclebilmesi i\u00e7in, profesyonel ki\u015filerle \u00e7al\u0131\u015fmak gerekir.\u00a0\u00c7orlu Japonya vize merkezi\u00a0bu konuda en profesyonel hizmeti vermeye odakl\u0131 olarak \u00e7al\u0131\u015f\u0131r. Vize merkezinden vize al\u0131nmadan \u00f6nce, ba\u015fvuruda bulunacak ki\u015filerin uygunluk belgesini elde etmesi gerekir. Elde edilen uygunluk belgesinden sonra vize al\u0131m<\/p>\n","protected":false},"author":2,"featured_media":0,"parent":147,"menu_order":0,"comment_status":"closed","ping_status":"closed","template":"","meta":[],"yoast_head":"<!-- This site is optimized with the Yoast SEO plugin v16.4 - https:\/\/yoast.com\/wordpress\/plugins\/seo\/ -->\n<title>Japonya Vize Ba\u015fvuru \u015eubesi \u00c7orlu - MyVize Vize Ba\u015fvuru Merkezi<\/title>\n<meta name=\"description\" content=\"Japonya Vizesi \u00c7orlu Vize Ba\u015fvuru Merkezi. Japonya Vizesi Nas\u0131l Al\u0131n\u0131r? Ba\u015fvuru Yapmak \u0130\u00e7in \u00c7orlu \u015eubemizi Aray\u0131n: 0850 346 84 93\" \/>\n<meta name=\"robots\" content=\"index, follow, max-snippet:-1, max-image-preview:large, max-video-preview:-1\" \/>\n<link rel=\"canonical\" href=\"https:\/\/myvize.com.tr\/japonya\/subelerimiz\/corlu\/\" \/>\n<meta property=\"og:locale\" content=\"tr_TR\" \/>\n<meta property=\"og:type\" content=\"article\" \/>\n<meta property=\"og:title\" content=\"Japonya Vize Ba\u015fvuru \u015eubesi \u00c7orlu - MyVize Vize Ba\u015fvuru Merkezi\" \/>\n<meta property=\"og:description\" content=\"Japonya Vizesi \u00c7orlu Vize Ba\u015fvuru Merkezi. Japonya Vizesi Nas\u0131l Al\u0131n\u0131r? Ba\u015fvuru Yapmak \u0130\u00e7in \u00c7orlu \u015eubemizi Aray\u0131n: 0850 346 84 93\" \/>\n<meta property=\"og:url\" content=\"https:\/\/myvize.com.tr\/japonya\/subelerimiz\/corlu\/\" \/>\n<meta property=\"og:site_name\" content=\"Japonya Vizesi\" \/>\n<meta property=\"article:modified_time\" content=\"2021-11-09T09:38:07+00:00\" \/>\n<meta name=\"twitter:card\" content=\"summary_large_image\" \/>\n<meta name=\"twitter:label1\" content=\"Tahmini okuma s\u00fcresi\" \/>\n\t<meta name=\"twitter:data1\" content=\"1 dakika\" \/>\n<script type=\"application\/ld+json\" class=\"yoast-schema-graph\">{\"@context\":\"https:\/\/schema.org\",\"@graph\":[{\"@type\":\"WebSite\",\"@id\":\"https:\/\/myvize.com.tr\/japonya\/#website\",\"url\":\"https:\/\/myvize.com.tr\/japonya\/\",\"name\":\"Japonya Vizesi\",\"description\":\"\",\"potentialAction\":[{\"@type\":\"SearchAction\",\"target\":\"https:\/\/myvize.com.tr\/japonya\/?s={search_term_string}\",\"query-input\":\"required name=search_term_string\"}],\"inLanguage\":\"tr\"},{\"@type\":\"WebPage\",\"@id\":\"https:\/\/myvize.com.tr\/japonya\/subelerimiz\/corlu\/#webpage\",\"url\":\"https:\/\/myvize.com.tr\/japonya\/subelerimiz\/corlu\/\",\"name\":\"Japonya Vize Ba\\u015fvuru \\u015eubesi \\u00c7orlu - MyVize Vize Ba\\u015fvuru Merkezi\",\"isPartOf\":{\"@id\":\"https:\/\/myvize.com.tr\/japonya\/#website\"},\"datePublished\":\"2021-01-15T13:17:22+00:00\",\"dateModified\":\"2021-11-09T09:38:07+00:00\",\"description\":\"Japonya Vizesi \\u00c7orlu Vize Ba\\u015fvuru Merkezi. Japonya Vizesi Nas\\u0131l Al\\u0131n\\u0131r? Ba\\u015fvuru Yapmak \\u0130\\u00e7in \\u00c7orlu \\u015eubemizi Aray\\u0131n: 0850 346 84 93\",\"breadcrumb\":{\"@id\":\"https:\/\/myvize.com.tr\/japonya\/subelerimiz\/corlu\/#breadcrumb\"},\"inLanguage\":\"tr\",\"potentialAction\":[{\"@type\":\"ReadAction\",\"target\":[\"https:\/\/myvize.com.tr\/japonya\/subelerimiz\/corlu\/\"]}]},{\"@type\":\"BreadcrumbList\",\"@id\":\"https:\/\/myvize.com.tr\/japonya\/subelerimiz\/corlu\/#breadcrumb\",\"itemListElement\":[{\"@type\":\"ListItem\",\"position\":1,\"item\":{\"@type\":\"WebPage\",\"@id\":\"https:\/\/myvize.com.tr\/japonya\/\",\"url\":\"https:\/\/myvize.com.tr\/japonya\/\",\"name\":\"Anasayfa\"}},{\"@type\":\"ListItem\",\"position\":2,\"item\":{\"@type\":\"WebPage\",\"@id\":\"https:\/\/myvize.com.tr\/japonya\/subelerimiz\/\",\"url\":\"https:\/\/myvize.com.tr\/japonya\/subelerimiz\/\",\"name\":\"\\u015eUBELER\\u0130M\\u0130Z\"}},{\"@type\":\"ListItem\",\"position\":3,\"item\":{\"@id\":\"https:\/\/myvize.com.tr\/japonya\/subelerimiz\/corlu\/#webpage\"}}]}]}<\/script>\n<!-- \/ Yoast SEO plugin. -->","_links":{"self":[{"href":"https:\/\/myvize.com.tr\/japonya\/wp-json\/wp\/v2\/pages\/176"}],"collection":[{"href":"https:\/\/myvize.com.tr\/japonya\/wp-json\/wp\/v2\/pages"}],"about":[{"href":"https:\/\/myvize.com.tr\/japonya\/wp-json\/wp\/v2\/types\/page"}],"author":[{"embeddable":true,"href":"https:\/\/myvize.com.tr\/japonya\/wp-json\/wp\/v2\/users\/2"}],"replies":[{"embeddable":true,"href":"https:\/\/myvize.com.tr\/japonya\/wp-json\/wp\/v2\/comments?post=176"}],"version-history":[{"count":4,"href":"https:\/\/myvize.com.tr\/japonya\/wp-json\/wp\/v2\/pages\/176\/revisions"}],"predecessor-version":[{"id":529,"href":"https:\/\/myvize.com.tr\/japonya\/wp-json\/wp\/v2\/pages\/176\/revisions\/529"}],"up":[{"embeddable":true,"href":"https:\/\/myvize.com.tr\/japonya\/wp-json\/wp\/v2\/pages\/147"}],"wp:attachment":[{"href":"https:\/\/myvize.com.tr\/japonya\/wp-json\/wp\/v2\/media?parent=176"}],"curies":[{"name":"wp","href":"https:\/\/api.w.org\/{rel}","templated":true}]}}