{"id":174,"date":"2021-01-15T16:17:06","date_gmt":"2021-01-15T13:17:06","guid":{"rendered":"http:\/\/myvize.com.tr\/japonya\/?page_id=174"},"modified":"2021-11-09T12:38:44","modified_gmt":"2021-11-09T09:38:44","slug":"edirne","status":"publish","type":"page","link":"https:\/\/myvize.com.tr\/japonya\/subelerimiz\/edirne\/","title":{"rendered":"Japonya Vizesi , Edirne"},"content":{"rendered":"<h2><span style=\"font-family: Roboto; font-size: 27px;\"><strong>Japonya Vize Ba\u015fvuru Merkezi , <\/strong><\/span><span style=\"font-family: Roboto; font-size: 27px;\"><strong>Edirne <\/strong><\/span><\/h2>\n<p><span style=\"font-family: Roboto; font-size: 14px;\"><span style=\"color: #2acec2;\"><strong><a style=\"color: #2acec2;\" href=\"https:\/\/myvize.com.tr\/japonya\/vize-islemleri\/japonya-vizesi\/\" target=\"_blank\" rel=\"noopener\">Japonya vizesi<\/a><\/strong><\/span> Japonya\u2019ya gitmek i\u00e7in gerekli olan durumlardan birisidir. Japonya seyahati yapacak olanlar\u0131n alabilecekleri \u00e7ok fazla vize t\u00fcr\u00fc vard\u0131r. Fakat vize t\u00fcrlerinin al\u0131nabilmesi i\u00e7in gerekli olan iki \u00f6nemli evrak vard\u0131r. Bu evraklar mutlaka vize ba\u015fvurusu \u00f6ncesinde bulundurulmal\u0131d\u0131r.\u00a0<strong>\u00a0Edirne Japonya vize merkezi<\/strong>\u00a0arac\u0131l\u0131\u011f\u0131yla vize alacak olanlar\u0131n <strong>vize ba\u015fvuru formlar\u0131<\/strong> ve vize talep dilek\u00e7eleri kesinlikle olmal\u0131d\u0131r. Bu belgeler olmad\u0131\u011f\u0131 takdirde ba\u015fvuru kabul g\u00f6rmez.<\/span><\/p>\n<p><span style=\"font-family: Roboto; font-size: 14px;\">Vize alacak olanlar <strong>vize ba\u015fvuru formlar\u0131<\/strong>n\u0131 \u00e7ok dikkatli bir \u015fekilde doldurmal\u0131d\u0131r. Vize ba\u015fvuru formlar\u0131nda yer alan bilgilerden baz\u0131lar\u0131 \u015funlard\u0131r;<\/span><\/p>\n<ul>\n<li><span style=\"font-family: Roboto; font-size: 14px;\">Kimlik bilgileri<\/span><\/li>\n<li><span style=\"font-family: Roboto; font-size: 14px;\">Aile bilgileri<\/span><\/li>\n<li><span style=\"font-family: Roboto; font-size: 14px;\">\u0130leti\u015fim bilgileri<\/span><\/li>\n<li><span style=\"font-family: Roboto; font-size: 14px;\">Pasaport bilgileri gibi bilgiler ba\u015fvuru formlar\u0131nda mutlaka olmal\u0131d\u0131r.<\/span><\/li>\n<\/ul>\n<p><span style=\"font-family: Roboto; font-size: 14px;\">Ayr\u0131ca ba\u015fvuru formlar\u0131 doldurulurken seyahat amac\u0131 mutlaka belirtilmelidir. Japonya\u2019ya ne zaman giri\u015f yap\u0131laca\u011f\u0131, ne kadar s\u00fcre kal\u0131naca\u011f\u0131 gibi detaylar, <span style=\"color: #2acec2;\"><strong><a style=\"color: #2acec2;\" href=\"https:\/\/myvize.com.tr\/japonya\/form-ve-dilekce\/vize-basvuru-formu\/\" target=\"_blank\" rel=\"noopener\">vize ba\u015fvuru formlar\u0131 <\/a><\/strong><\/span>i\u00e7in \u00f6nemli olan bilgiler aras\u0131ndad\u0131r. Bu bilgilerin payla\u015f\u0131lmamas\u0131 vizelerin olumsuz sonu\u00e7lanmas\u0131na neden olabilir. Form doldurma i\u015flemi tamamland\u0131ktan sonra tarih at\u0131larak imza at\u0131lmas\u0131 gerekir. Bu \u015fekilde vize ba\u015fvuru formu doldurma i\u015flemi tamamlanabilir.<\/span><\/p>\n","protected":false},"excerpt":{"rendered":"<p>Japonya Vize Ba\u015fvuru Merkezi , Edirne Japonya vizesi Japonya\u2019ya gitmek i\u00e7in gerekli olan durumlardan birisidir. Japonya seyahati yapacak olanlar\u0131n alabilecekleri \u00e7ok fazla vize t\u00fcr\u00fc vard\u0131r. Fakat vize t\u00fcrlerinin al\u0131nabilmesi i\u00e7in gerekli olan iki \u00f6nemli evrak vard\u0131r. Bu evraklar mutlaka vize ba\u015fvurusu \u00f6ncesinde bulundurulmal\u0131d\u0131r.\u00a0\u00a0Edirne Japonya vize merkezi\u00a0arac\u0131l\u0131\u011f\u0131yla vize alacak olanlar\u0131n vize ba\u015fvuru formlar\u0131 ve vize talep<\/p>\n","protected":false},"author":2,"featured_media":0,"parent":147,"menu_order":0,"comment_status":"closed","ping_status":"closed","template":"","meta":[],"yoast_head":"<!-- This site is optimized with the Yoast SEO plugin v16.4 - https:\/\/yoast.com\/wordpress\/plugins\/seo\/ -->\n<title>Japonya Vize Ba\u015fvuru \u015eubesi Edirne - MyVize Vize Ba\u015fvuru Merkezi<\/title>\n<meta name=\"description\" content=\"Japonya Vizesi Edirne Vize Ba\u015fvuru Merkezi. Japonya Vizesi Nas\u0131l Al\u0131n\u0131r? Ba\u015fvuru Yapmak \u0130\u00e7in Edirne \u015eubemizi Aray\u0131n: 0850 346 84 93\" \/>\n<meta name=\"robots\" content=\"index, follow, max-snippet:-1, max-image-preview:large, max-video-preview:-1\" \/>\n<link rel=\"canonical\" href=\"https:\/\/myvize.com.tr\/japonya\/subelerimiz\/edirne\/\" \/>\n<meta property=\"og:locale\" content=\"tr_TR\" \/>\n<meta property=\"og:type\" content=\"article\" \/>\n<meta property=\"og:title\" content=\"Japonya Vize Ba\u015fvuru \u015eubesi Edirne - MyVize Vize Ba\u015fvuru Merkezi\" \/>\n<meta property=\"og:description\" content=\"Japonya Vizesi Edirne Vize Ba\u015fvuru Merkezi. Japonya Vizesi Nas\u0131l Al\u0131n\u0131r? Ba\u015fvuru Yapmak \u0130\u00e7in Edirne \u015eubemizi Aray\u0131n: 0850 346 84 93\" \/>\n<meta property=\"og:url\" content=\"https:\/\/myvize.com.tr\/japonya\/subelerimiz\/edirne\/\" \/>\n<meta property=\"og:site_name\" content=\"Japonya Vizesi\" \/>\n<meta property=\"article:modified_time\" content=\"2021-11-09T09:38:44+00:00\" \/>\n<meta name=\"twitter:card\" content=\"summary_large_image\" \/>\n<meta name=\"twitter:label1\" content=\"Tahmini okuma s\u00fcresi\" \/>\n\t<meta name=\"twitter:data1\" content=\"1 dakika\" \/>\n<script type=\"application\/ld+json\" class=\"yoast-schema-graph\">{\"@context\":\"https:\/\/schema.org\",\"@graph\":[{\"@type\":\"WebSite\",\"@id\":\"https:\/\/myvize.com.tr\/japonya\/#website\",\"url\":\"https:\/\/myvize.com.tr\/japonya\/\",\"name\":\"Japonya Vizesi\",\"description\":\"\",\"potentialAction\":[{\"@type\":\"SearchAction\",\"target\":\"https:\/\/myvize.com.tr\/japonya\/?s={search_term_string}\",\"query-input\":\"required name=search_term_string\"}],\"inLanguage\":\"tr\"},{\"@type\":\"WebPage\",\"@id\":\"https:\/\/myvize.com.tr\/japonya\/subelerimiz\/edirne\/#webpage\",\"url\":\"https:\/\/myvize.com.tr\/japonya\/subelerimiz\/edirne\/\",\"name\":\"Japonya Vize Ba\\u015fvuru \\u015eubesi Edirne - MyVize Vize Ba\\u015fvuru Merkezi\",\"isPartOf\":{\"@id\":\"https:\/\/myvize.com.tr\/japonya\/#website\"},\"datePublished\":\"2021-01-15T13:17:06+00:00\",\"dateModified\":\"2021-11-09T09:38:44+00:00\",\"description\":\"Japonya Vizesi Edirne Vize Ba\\u015fvuru Merkezi. Japonya Vizesi Nas\\u0131l Al\\u0131n\\u0131r? Ba\\u015fvuru Yapmak \\u0130\\u00e7in Edirne \\u015eubemizi Aray\\u0131n: 0850 346 84 93\",\"breadcrumb\":{\"@id\":\"https:\/\/myvize.com.tr\/japonya\/subelerimiz\/edirne\/#breadcrumb\"},\"inLanguage\":\"tr\",\"potentialAction\":[{\"@type\":\"ReadAction\",\"target\":[\"https:\/\/myvize.com.tr\/japonya\/subelerimiz\/edirne\/\"]}]},{\"@type\":\"BreadcrumbList\",\"@id\":\"https:\/\/myvize.com.tr\/japonya\/subelerimiz\/edirne\/#breadcrumb\",\"itemListElement\":[{\"@type\":\"ListItem\",\"position\":1,\"item\":{\"@type\":\"WebPage\",\"@id\":\"https:\/\/myvize.com.tr\/japonya\/\",\"url\":\"https:\/\/myvize.com.tr\/japonya\/\",\"name\":\"Anasayfa\"}},{\"@type\":\"ListItem\",\"position\":2,\"item\":{\"@type\":\"WebPage\",\"@id\":\"https:\/\/myvize.com.tr\/japonya\/subelerimiz\/\",\"url\":\"https:\/\/myvize.com.tr\/japonya\/subelerimiz\/\",\"name\":\"\\u015eUBELER\\u0130M\\u0130Z\"}},{\"@type\":\"ListItem\",\"position\":3,\"item\":{\"@id\":\"https:\/\/myvize.com.tr\/japonya\/subelerimiz\/edirne\/#webpage\"}}]}]}<\/script>\n<!-- \/ Yoast SEO plugin. -->","_links":{"self":[{"href":"https:\/\/myvize.com.tr\/japonya\/wp-json\/wp\/v2\/pages\/174"}],"collection":[{"href":"https:\/\/myvize.com.tr\/japonya\/wp-json\/wp\/v2\/pages"}],"about":[{"href":"https:\/\/myvize.com.tr\/japonya\/wp-json\/wp\/v2\/types\/page"}],"author":[{"embeddable":true,"href":"https:\/\/myvize.com.tr\/japonya\/wp-json\/wp\/v2\/users\/2"}],"replies":[{"embeddable":true,"href":"https:\/\/myvize.com.tr\/japonya\/wp-json\/wp\/v2\/comments?post=174"}],"version-history":[{"count":4,"href":"https:\/\/myvize.com.tr\/japonya\/wp-json\/wp\/v2\/pages\/174\/revisions"}],"predecessor-version":[{"id":530,"href":"https:\/\/myvize.com.tr\/japonya\/wp-json\/wp\/v2\/pages\/174\/revisions\/530"}],"up":[{"embeddable":true,"href":"https:\/\/myvize.com.tr\/japonya\/wp-json\/wp\/v2\/pages\/147"}],"wp:attachment":[{"href":"https:\/\/myvize.com.tr\/japonya\/wp-json\/wp\/v2\/media?parent=174"}],"curies":[{"name":"wp","href":"https:\/\/api.w.org\/{rel}","templated":true}]}}