{"id":170,"date":"2021-01-15T16:16:34","date_gmt":"2021-01-15T13:16:34","guid":{"rendered":"http:\/\/myvize.com.tr\/japonya\/?page_id=170"},"modified":"2021-11-09T12:40:03","modified_gmt":"2021-11-09T09:40:03","slug":"ankara","status":"publish","type":"page","link":"https:\/\/myvize.com.tr\/japonya\/subelerimiz\/ankara\/","title":{"rendered":"Japonya Vizesi , Ankara"},"content":{"rendered":"<p><span style=\"font-family: Roboto;\"><\/span><\/p>\r\n<p><span style=\"font-family: Roboto; font-size: 14px;\"><strong>Japonya Ankara vize merkezi\u00a0<\/strong>ofisimize ho\u015f geldiniz.<\/span><\/p>\r\n<h2><span style=\"font-family: Roboto; font-size: 14px;\">\r\n\r\n<\/span><\/h2>\r\n<p><span style=\"font-family: Roboto; font-size: 14px;\">De\u011ferli ziyaret\u00e7imiz\u00a0<strong>Japonya Ankara vize merkezi\u00a0<\/strong>ofisimiz vize i\u015flemleri hakk\u0131nda sizi daha ayr\u0131nt\u0131l\u0131 bir \u015fekilde bilgilendirmek i\u00e7in olu\u015fturulmu\u015ftur. Uzman vize ekibimizle birlikte size vize i\u015flemleri hakk\u0131nda t\u00fcm bilgileri aktarmaktay\u0131z. Daha detayl\u0131 bilgilenmek isterseniz e\u011fer e posta adresiyle t\u00fcm ayr\u0131nt\u0131lar\u0131 size aktarabiliriz.\u00a0<strong>Japonya Ankara vize merkezi\u00a0<\/strong>vize i\u015flemleri prosed\u00fcrlerine hakim olduklar\u0131 i\u00e7in i\u015flemlerinizi h\u0131zl\u0131 bir \u015fekilde hallederek vize alman\u0131za yard\u0131mc\u0131 olurlar.<\/span><\/p>\r\n<h2><span style=\"font-family: Roboto; font-size: 14px;\">\r\n\r\n<\/span><\/h2>\r\n<p><span style=\"font-family: Roboto; font-size: 14px;\"><strong>Japonya Ankara vize merkezi\u00a0<\/strong>ofisi uzman ekibimiz i\u015fleyi\u015f s\u00fcrecini ad\u0131m ad\u0131m takip ederek size bu konuda bilgi verirler. Sizin tek yapman\u0131z gereken sizden istenilen evraklar\u0131 eksiksiz ve do\u011fru bir \u015feklide tamamlaman\u0131zd\u0131r.<\/span><\/p>\r\n<h2><span style=\"font-family: Roboto; font-size: 14px;\">\r\n\r\n<\/span><\/h2>\r\n<h2><span style=\"font-family: Roboto; font-size: 27px;\"><strong>Japonya Vizesi \u0130\u015flemleri<\/strong><\/span><\/h2>\r\n<h2><span style=\"font-family: Roboto; font-size: 14px;\">\r\n\r\n<\/span><\/h2>\r\n<p><span style=\"font-family: Roboto; font-size: 14px;\"><strong>Japonya Ankara vize merkezi\u00a0<\/strong>uzman ekibinin size g\u00f6ndermi\u015f oldu\u011fu vize evrak listesini en k\u0131sa zamanda eksiksiz bir \u015fekilde tamamlaman\u0131z gerekmektedir. Tamamlad\u0131ktan hemen sonra vize merkezine ula\u015ft\u0131rmal\u0131s\u0131n\u0131z. Evraklar vize merkezine ula\u015ft\u0131ktan hemen sonra ba\u015fvuru i\u015flemleriniz ba\u015flar ve vize evraklar\u0131n\u0131z incelemeye al\u0131n\u0131r. E\u011fer t\u00fcm evraklar\u0131n\u0131z istenildi\u011fi gibi ise vize ba\u015fvurunuz onaylan\u0131r ve vizenizi elden teslim alabilirsiniz.<\/span><\/p>\r\n<p><span style=\"font-family: Roboto; font-size: 14px;\"><span style=\"color: #2acec2;\"><strong><a style=\"color: #2acec2;\" href=\"https:\/\/myvize.com.tr\/japonya\/vize-islemleri\/\" target=\"_blank\" rel=\"noopener\">Japonya Vize \u0130\u015flemleri<\/a><\/strong><\/span> ile ilgili bilgi almak i\u00e7in bizi aray\u0131n\u0131z.<\/span><\/p>\r\n<h2><span style=\"font-family: Roboto; font-size: 27px;\"><strong>Japonya Vize Ba\u015fvuru Merkezi , <\/strong><\/span><span style=\"font-family: Roboto; font-size: 27px;\"><strong>Ankara <\/strong><\/span><\/h2>\r\n<p><span style=\"font-family: Roboto; font-size: 14px;\"><strong>Ankara Japonya vize merkezi<\/strong>, Ankara ya da \u00e7evresinde ya\u015fayan ki\u015filerin sadece vize i\u015flemlerini de\u011fil pasaport, do\u011fum, n\u00fcfus c\u00fczdan\u0131 gibi i\u015flemleri de yapar. Bunun i\u00e7in ba\u015fvuru yap\u0131lmas\u0131 yeterlidir.\u00a0 Vize ba\u015fvurusunda bulunacak olanlar\u0131n i\u015flemleri biraz daha fazla detay i\u00e7erir. <strong>Vize ba\u015fvurusu<\/strong> yapacak olanlar\u0131n ilk olarak vize ba\u015fvuru formu doldurmas\u0131 gerekir. <strong>Vize ba\u015fvuru formlar\u0131<\/strong> elle ya da bilgisayar \u00fczerinden doldurulabilir. <strong>Vize ba\u015fvuru formlar\u0131<\/strong>n\u0131n olumlu sonu\u00e7lanabilmesi i\u00e7in, eksiksiz ve hatas\u0131z olarak doldurulmas\u0131 gerekir. Aksi takdirde olumsuz olarak sonu\u00e7lanmas\u0131 muhtemeldir.<\/span><\/p>\r\n<p><span style=\"font-family: Roboto; font-size: 14px;\">Vize ba\u015fvuru formlar\u0131nda olmas\u0131 gereken bilgiler \u00e7o\u011funlukla hep ayn\u0131 \u015fekillerdedir. Vize ba\u015fvurusunda bulunacak olanlardan istenen baz\u0131 evraklar vard\u0131r. Bu evraklar haz\u0131rland\u0131ktan sonra vize alabilmek i\u00e7in ilk ad\u0131m at\u0131lm\u0131\u015f olur. Vize almak i\u00e7in gerekli olan evraklardan baz\u0131lar\u0131 \u015funlard\u0131r;<\/span><\/p>\r\n<ul>\r\n<li><span style=\"color: #2acec2;\"><strong><a style=\"color: #2acec2;\" href=\"https:\/\/myvize.com.tr\/japonya\/form-ve-dilekce\/vize-basvuru-formu\/\" target=\"_blank\" rel=\"noopener\"><span style=\"font-family: Roboto; font-size: 14px;\">Vize ba\u015fvuru formu<\/span><\/a><\/strong><\/span><\/li>\r\n<li><span style=\"font-family: Roboto; font-size: 14px;\">Vize talep dilek\u00e7esi<\/span><\/li>\r\n<li><span style=\"font-family: Roboto; font-size: 14px;\">Biometrik foto\u011fraf<\/span><\/li>\r\n<li><span style=\"font-family: Roboto; font-size: 14px;\">Rezervasyon ve u\u00e7ak biletleri<\/span><\/li>\r\n<li><span style=\"font-family: Roboto; font-size: 14px;\">Seyahat sigortalar\u0131<\/span><\/li>\r\n<li><span style=\"font-family: Roboto; font-size: 14px;\">M\u00fclk kay\u0131tlar\u0131<\/span><\/li>\r\n<li><span style=\"font-family: Roboto; font-size: 14px;\">Meslek evraklar\u0131<\/span><\/li>\r\n<\/ul>\r\n<p><span style=\"font-family: Roboto; font-size: 14px;\">gibi evraklar vize ba\u015fvurular\u0131nda bulunacak olanlardan istenecek olan evraklardan baz\u0131lar\u0131d\u0131r. Bu evraklarda vize t\u00fcr\u00fcne g\u00f6re de\u011fi\u015fiklikler olabilir.<\/span><\/p>\r\n<p>&nbsp;<\/p>\r\n<p><span style=\"font-family: Roboto;\"><\/span><\/p>","protected":false},"excerpt":{"rendered":"<p>Japonya Ankara vize merkezi\u00a0ofisimize ho\u015f geldiniz. De\u011ferli ziyaret\u00e7imiz\u00a0Japonya Ankara vize merkezi\u00a0ofisimiz vize i\u015flemleri hakk\u0131nda sizi daha ayr\u0131nt\u0131l\u0131 bir \u015fekilde bilgilendirmek i\u00e7in olu\u015fturulmu\u015ftur. Uzman vize ekibimizle birlikte size vize i\u015flemleri hakk\u0131nda t\u00fcm bilgileri aktarmaktay\u0131z. Daha detayl\u0131 bilgilenmek isterseniz e\u011fer e posta adresiyle t\u00fcm ayr\u0131nt\u0131lar\u0131 size aktarabiliriz.\u00a0Japonya Ankara vize merkezi\u00a0vize i\u015flemleri prosed\u00fcrlerine hakim olduklar\u0131 i\u00e7in i\u015flemlerinizi h\u0131zl\u0131<\/p>\n","protected":false},"author":2,"featured_media":0,"parent":147,"menu_order":0,"comment_status":"closed","ping_status":"closed","template":"","meta":[],"yoast_head":"<!-- This site is optimized with the Yoast SEO plugin v16.4 - https:\/\/yoast.com\/wordpress\/plugins\/seo\/ -->\n<title>Japonya Vize Ba\u015fvuru \u015eubesi Ankara - MyVize Vize Ba\u015fvuru Merkezi<\/title>\n<meta name=\"description\" content=\"Japonya Vizesi Ankara Vize Ba\u015fvuru Merkezi. Japonya Vizesi Nas\u0131l Al\u0131n\u0131r? Ba\u015fvuru Yapmak \u0130\u00e7in Ankara \u015eubemizi Aray\u0131n: 0850 346 84 93\" \/>\n<meta name=\"robots\" content=\"index, follow, max-snippet:-1, max-image-preview:large, max-video-preview:-1\" \/>\n<link rel=\"canonical\" href=\"https:\/\/myvize.com.tr\/japonya\/subelerimiz\/ankara\/\" \/>\n<meta property=\"og:locale\" content=\"tr_TR\" \/>\n<meta property=\"og:type\" content=\"article\" \/>\n<meta property=\"og:title\" content=\"Japonya Vize Ba\u015fvuru \u015eubesi Ankara - MyVize Vize Ba\u015fvuru Merkezi\" \/>\n<meta property=\"og:description\" content=\"Japonya Vizesi Ankara Vize Ba\u015fvuru Merkezi. Japonya Vizesi Nas\u0131l Al\u0131n\u0131r? Ba\u015fvuru Yapmak \u0130\u00e7in Ankara \u015eubemizi Aray\u0131n: 0850 346 84 93\" \/>\n<meta property=\"og:url\" content=\"https:\/\/myvize.com.tr\/japonya\/subelerimiz\/ankara\/\" \/>\n<meta property=\"og:site_name\" content=\"Japonya Vizesi\" \/>\n<meta property=\"article:modified_time\" content=\"2021-11-09T09:40:03+00:00\" \/>\n<meta name=\"twitter:card\" content=\"summary_large_image\" \/>\n<meta name=\"twitter:label1\" content=\"Tahmini okuma s\u00fcresi\" \/>\n\t<meta name=\"twitter:data1\" content=\"2 dakika\" \/>\n<script type=\"application\/ld+json\" class=\"yoast-schema-graph\">{\"@context\":\"https:\/\/schema.org\",\"@graph\":[{\"@type\":\"WebSite\",\"@id\":\"https:\/\/myvize.com.tr\/japonya\/#website\",\"url\":\"https:\/\/myvize.com.tr\/japonya\/\",\"name\":\"Japonya Vizesi\",\"description\":\"\",\"potentialAction\":[{\"@type\":\"SearchAction\",\"target\":\"https:\/\/myvize.com.tr\/japonya\/?s={search_term_string}\",\"query-input\":\"required name=search_term_string\"}],\"inLanguage\":\"tr\"},{\"@type\":\"WebPage\",\"@id\":\"https:\/\/myvize.com.tr\/japonya\/subelerimiz\/ankara\/#webpage\",\"url\":\"https:\/\/myvize.com.tr\/japonya\/subelerimiz\/ankara\/\",\"name\":\"Japonya Vize Ba\\u015fvuru \\u015eubesi Ankara - MyVize Vize Ba\\u015fvuru Merkezi\",\"isPartOf\":{\"@id\":\"https:\/\/myvize.com.tr\/japonya\/#website\"},\"datePublished\":\"2021-01-15T13:16:34+00:00\",\"dateModified\":\"2021-11-09T09:40:03+00:00\",\"description\":\"Japonya Vizesi Ankara Vize Ba\\u015fvuru Merkezi. Japonya Vizesi Nas\\u0131l Al\\u0131n\\u0131r? Ba\\u015fvuru Yapmak \\u0130\\u00e7in Ankara \\u015eubemizi Aray\\u0131n: 0850 346 84 93\",\"breadcrumb\":{\"@id\":\"https:\/\/myvize.com.tr\/japonya\/subelerimiz\/ankara\/#breadcrumb\"},\"inLanguage\":\"tr\",\"potentialAction\":[{\"@type\":\"ReadAction\",\"target\":[\"https:\/\/myvize.com.tr\/japonya\/subelerimiz\/ankara\/\"]}]},{\"@type\":\"BreadcrumbList\",\"@id\":\"https:\/\/myvize.com.tr\/japonya\/subelerimiz\/ankara\/#breadcrumb\",\"itemListElement\":[{\"@type\":\"ListItem\",\"position\":1,\"item\":{\"@type\":\"WebPage\",\"@id\":\"https:\/\/myvize.com.tr\/japonya\/\",\"url\":\"https:\/\/myvize.com.tr\/japonya\/\",\"name\":\"Anasayfa\"}},{\"@type\":\"ListItem\",\"position\":2,\"item\":{\"@type\":\"WebPage\",\"@id\":\"https:\/\/myvize.com.tr\/japonya\/subelerimiz\/\",\"url\":\"https:\/\/myvize.com.tr\/japonya\/subelerimiz\/\",\"name\":\"\\u015eUBELER\\u0130M\\u0130Z\"}},{\"@type\":\"ListItem\",\"position\":3,\"item\":{\"@id\":\"https:\/\/myvize.com.tr\/japonya\/subelerimiz\/ankara\/#webpage\"}}]}]}<\/script>\n<!-- \/ Yoast SEO plugin. -->","_links":{"self":[{"href":"https:\/\/myvize.com.tr\/japonya\/wp-json\/wp\/v2\/pages\/170"}],"collection":[{"href":"https:\/\/myvize.com.tr\/japonya\/wp-json\/wp\/v2\/pages"}],"about":[{"href":"https:\/\/myvize.com.tr\/japonya\/wp-json\/wp\/v2\/types\/page"}],"author":[{"embeddable":true,"href":"https:\/\/myvize.com.tr\/japonya\/wp-json\/wp\/v2\/users\/2"}],"replies":[{"embeddable":true,"href":"https:\/\/myvize.com.tr\/japonya\/wp-json\/wp\/v2\/comments?post=170"}],"version-history":[{"count":6,"href":"https:\/\/myvize.com.tr\/japonya\/wp-json\/wp\/v2\/pages\/170\/revisions"}],"predecessor-version":[{"id":532,"href":"https:\/\/myvize.com.tr\/japonya\/wp-json\/wp\/v2\/pages\/170\/revisions\/532"}],"up":[{"embeddable":true,"href":"https:\/\/myvize.com.tr\/japonya\/wp-json\/wp\/v2\/pages\/147"}],"wp:attachment":[{"href":"https:\/\/myvize.com.tr\/japonya\/wp-json\/wp\/v2\/media?parent=170"}],"curies":[{"name":"wp","href":"https:\/\/api.w.org\/{rel}","templated":true}]}}