{"id":168,"date":"2021-01-15T16:16:16","date_gmt":"2021-01-15T13:16:16","guid":{"rendered":"http:\/\/myvize.com.tr\/japonya\/?page_id=168"},"modified":"2021-11-09T12:40:40","modified_gmt":"2021-11-09T09:40:40","slug":"konya","status":"publish","type":"page","link":"https:\/\/myvize.com.tr\/japonya\/subelerimiz\/konya\/","title":{"rendered":"Japonya Vizesi , Konya"},"content":{"rendered":"<h2><span style=\"font-family: Roboto; font-size: 27px;\"><strong>Japonya Vize Ba\u015fvuru Merkezi , Konya<\/strong><\/span><\/h2>\n<p><span style=\"font-family: Roboto; font-size: 14px;\"><strong>Japonya<\/strong> seyahati ger\u00e7ekle\u015ftirmek isteyen ki\u015fi say\u0131s\u0131 olduk\u00e7a fazlad\u0131r. <strong>Japonya<\/strong> seyahatleri i\u00e7in vize gerekir. Fakat gri, ye\u015fil ve k\u0131rm\u0131z\u0131 pasaport sahipleri vize almak zorunda de\u011fillerdir. T\u00fcrkiye ve Japonya aras\u0131nda anla\u015fma imzalanm\u0131\u015ft\u0131r ve anla\u015fmadan dolay\u0131 vize al\u0131nmas\u0131na gerek yoktur.\u00a0\u00a0<strong>Konya Japonya vize merkezi<\/strong>, vize almak isteyen ki\u015filerin ba\u015fvurabilece\u011fi kurumlar aras\u0131nda yer al\u0131r. Bu kurum sayesinde <span style=\"color: #2acec2;\"><strong><a style=\"color: #2acec2;\" href=\"https:\/\/myvize.com.tr\/japonya\/vize-islemleri\/\" target=\"_blank\" rel=\"noopener\">vize i\u015flemleri<\/a><\/strong><\/span> ba\u015far\u0131l\u0131 bir \u015fekilde y\u00f6netilebilir. Japonya seyahatlerinde 180g\u00fcnl\u00fck dilim i\u00e7erisinde 90 g\u00fcnl\u00fck bir ikamet izni vard\u0131r. Bu durum T\u00fcrkiye vatanda\u015flar\u0131 i\u00e7in 30 g\u00fcnl\u00fckt\u00fcr. Bundan uzun s\u00fcreli seyahatler i\u00e7in vize ya da <strong>vatanda\u015fl\u0131k i\u015flemleri<\/strong> gerekebilir.<\/span><\/p>\n<p><span style=\"font-family: Roboto; font-size: 14px;\"><span style=\"color: #2acec2;\"><strong><a style=\"color: #2acec2;\" href=\"https:\/\/myvize.com.tr\/japonya\/vize-islemleri\/japonya-vizesi\/\" target=\"_blank\" rel=\"noopener\">Japonya vizesi<\/a><\/strong><\/span> alanlar ald\u0131klar\u0131 vizelerle turistik faaliyetlerini y\u00fcr\u00fctebilirken, ayn\u0131 zamanda i\u015f g\u00f6r\u00fc\u015fmelerine de kat\u0131labilirler. Japonya seyahatleri k\u0131sa s\u00fcreli olarak yap\u0131labilir. Uzun s\u00fcreli seyahatler s\u00f6z konusu oldu\u011fu zaman, <strong>Japonya Konsoloslu\u011fu<\/strong> <strong>\u0130stanbul<\/strong> ya da <span style=\"color: #2acec2;\"><strong><a style=\"color: #2acec2;\" href=\"https:\/\/myvize.com.tr\/japonya\/konsolosluklar\/ankara-buyukelciligi\/\" target=\"_blank\" rel=\"noopener\">Japonya Ankara B\u00fcy\u00fckel\u00e7ili\u011fi <\/a><\/strong><\/span>\u00fczerinden ba\u015fvuru yap\u0131lmas\u0131 gerekir. Yap\u0131lan ba\u015fvuru sonras\u0131nda vize alabilmek i\u00e7in \u015fans elde edilebilir. Japonya\u2019ya seyahat edecek olanlar\u0131n vize merkezleri \u00fczerinden ba\u015fvuru yapabilecekleri vize t\u00fcrlerinden baz\u0131lar\u0131 \u015funlard\u0131r;<\/span><\/p>\n<ul>\n<li><strong><span style=\"font-family: Roboto; font-size: 14px;\">Turistik vize<\/span><\/strong><\/li>\n<li><strong><span style=\"font-family: Roboto; font-size: 14px;\">Aile ziyareti vizesi<\/span><\/strong><\/li>\n<li><span style=\"font-family: Roboto; font-size: 14px;\"><strong>\u00c7al\u0131\u015fma vizesi<\/strong> gibi vizeler Japonya seyahatinde bulunacak olanlar\u0131n alabilecekleri vizelerden baz\u0131lar\u0131d\u0131r.<\/span><\/li>\n<\/ul>\n","protected":false},"excerpt":{"rendered":"<p>Japonya Vize Ba\u015fvuru Merkezi , Konya Japonya seyahati ger\u00e7ekle\u015ftirmek isteyen ki\u015fi say\u0131s\u0131 olduk\u00e7a fazlad\u0131r. Japonya seyahatleri i\u00e7in vize gerekir. Fakat gri, ye\u015fil ve k\u0131rm\u0131z\u0131 pasaport sahipleri vize almak zorunda de\u011fillerdir. T\u00fcrkiye ve Japonya aras\u0131nda anla\u015fma imzalanm\u0131\u015ft\u0131r ve anla\u015fmadan dolay\u0131 vize al\u0131nmas\u0131na gerek yoktur.\u00a0\u00a0Konya Japonya vize merkezi, vize almak isteyen ki\u015filerin ba\u015fvurabilece\u011fi kurumlar aras\u0131nda yer al\u0131r.<\/p>\n","protected":false},"author":2,"featured_media":0,"parent":147,"menu_order":0,"comment_status":"closed","ping_status":"closed","template":"","meta":[],"yoast_head":"<!-- This site is optimized with the Yoast SEO plugin v16.4 - https:\/\/yoast.com\/wordpress\/plugins\/seo\/ -->\n<title>Japonya Vize Ba\u015fvuru \u015eubesi Konya - MyVize Vize Ba\u015fvuru Merkezi<\/title>\n<meta name=\"description\" content=\"Japonya Vizesi Konya Vize Ba\u015fvuru Merkezi. Japonya Vizesi Nas\u0131l Al\u0131n\u0131r? Ba\u015fvuru Yapmak \u0130\u00e7in Konya \u015eubemizi Aray\u0131n: 0850 346 84 93\" \/>\n<meta name=\"robots\" content=\"index, follow, max-snippet:-1, max-image-preview:large, max-video-preview:-1\" \/>\n<link rel=\"canonical\" href=\"https:\/\/myvize.com.tr\/japonya\/subelerimiz\/konya\/\" \/>\n<meta property=\"og:locale\" content=\"tr_TR\" \/>\n<meta property=\"og:type\" content=\"article\" \/>\n<meta property=\"og:title\" content=\"Japonya Vize Ba\u015fvuru \u015eubesi Konya - MyVize Vize Ba\u015fvuru Merkezi\" \/>\n<meta property=\"og:description\" content=\"Japonya Vizesi Konya Vize Ba\u015fvuru Merkezi. Japonya Vizesi Nas\u0131l Al\u0131n\u0131r? Ba\u015fvuru Yapmak \u0130\u00e7in Konya \u015eubemizi Aray\u0131n: 0850 346 84 93\" \/>\n<meta property=\"og:url\" content=\"https:\/\/myvize.com.tr\/japonya\/subelerimiz\/konya\/\" \/>\n<meta property=\"og:site_name\" content=\"Japonya Vizesi\" \/>\n<meta property=\"article:modified_time\" content=\"2021-11-09T09:40:40+00:00\" \/>\n<meta name=\"twitter:card\" content=\"summary_large_image\" \/>\n<meta name=\"twitter:label1\" content=\"Tahmini okuma s\u00fcresi\" \/>\n\t<meta name=\"twitter:data1\" content=\"1 dakika\" \/>\n<script type=\"application\/ld+json\" class=\"yoast-schema-graph\">{\"@context\":\"https:\/\/schema.org\",\"@graph\":[{\"@type\":\"WebSite\",\"@id\":\"https:\/\/myvize.com.tr\/japonya\/#website\",\"url\":\"https:\/\/myvize.com.tr\/japonya\/\",\"name\":\"Japonya Vizesi\",\"description\":\"\",\"potentialAction\":[{\"@type\":\"SearchAction\",\"target\":\"https:\/\/myvize.com.tr\/japonya\/?s={search_term_string}\",\"query-input\":\"required name=search_term_string\"}],\"inLanguage\":\"tr\"},{\"@type\":\"WebPage\",\"@id\":\"https:\/\/myvize.com.tr\/japonya\/subelerimiz\/konya\/#webpage\",\"url\":\"https:\/\/myvize.com.tr\/japonya\/subelerimiz\/konya\/\",\"name\":\"Japonya Vize Ba\\u015fvuru \\u015eubesi Konya - MyVize Vize Ba\\u015fvuru Merkezi\",\"isPartOf\":{\"@id\":\"https:\/\/myvize.com.tr\/japonya\/#website\"},\"datePublished\":\"2021-01-15T13:16:16+00:00\",\"dateModified\":\"2021-11-09T09:40:40+00:00\",\"description\":\"Japonya Vizesi Konya Vize Ba\\u015fvuru Merkezi. Japonya Vizesi Nas\\u0131l Al\\u0131n\\u0131r? Ba\\u015fvuru Yapmak \\u0130\\u00e7in Konya \\u015eubemizi Aray\\u0131n: 0850 346 84 93\",\"breadcrumb\":{\"@id\":\"https:\/\/myvize.com.tr\/japonya\/subelerimiz\/konya\/#breadcrumb\"},\"inLanguage\":\"tr\",\"potentialAction\":[{\"@type\":\"ReadAction\",\"target\":[\"https:\/\/myvize.com.tr\/japonya\/subelerimiz\/konya\/\"]}]},{\"@type\":\"BreadcrumbList\",\"@id\":\"https:\/\/myvize.com.tr\/japonya\/subelerimiz\/konya\/#breadcrumb\",\"itemListElement\":[{\"@type\":\"ListItem\",\"position\":1,\"item\":{\"@type\":\"WebPage\",\"@id\":\"https:\/\/myvize.com.tr\/japonya\/\",\"url\":\"https:\/\/myvize.com.tr\/japonya\/\",\"name\":\"Anasayfa\"}},{\"@type\":\"ListItem\",\"position\":2,\"item\":{\"@type\":\"WebPage\",\"@id\":\"https:\/\/myvize.com.tr\/japonya\/subelerimiz\/\",\"url\":\"https:\/\/myvize.com.tr\/japonya\/subelerimiz\/\",\"name\":\"\\u015eUBELER\\u0130M\\u0130Z\"}},{\"@type\":\"ListItem\",\"position\":3,\"item\":{\"@id\":\"https:\/\/myvize.com.tr\/japonya\/subelerimiz\/konya\/#webpage\"}}]}]}<\/script>\n<!-- \/ Yoast SEO plugin. -->","_links":{"self":[{"href":"https:\/\/myvize.com.tr\/japonya\/wp-json\/wp\/v2\/pages\/168"}],"collection":[{"href":"https:\/\/myvize.com.tr\/japonya\/wp-json\/wp\/v2\/pages"}],"about":[{"href":"https:\/\/myvize.com.tr\/japonya\/wp-json\/wp\/v2\/types\/page"}],"author":[{"embeddable":true,"href":"https:\/\/myvize.com.tr\/japonya\/wp-json\/wp\/v2\/users\/2"}],"replies":[{"embeddable":true,"href":"https:\/\/myvize.com.tr\/japonya\/wp-json\/wp\/v2\/comments?post=168"}],"version-history":[{"count":4,"href":"https:\/\/myvize.com.tr\/japonya\/wp-json\/wp\/v2\/pages\/168\/revisions"}],"predecessor-version":[{"id":533,"href":"https:\/\/myvize.com.tr\/japonya\/wp-json\/wp\/v2\/pages\/168\/revisions\/533"}],"up":[{"embeddable":true,"href":"https:\/\/myvize.com.tr\/japonya\/wp-json\/wp\/v2\/pages\/147"}],"wp:attachment":[{"href":"https:\/\/myvize.com.tr\/japonya\/wp-json\/wp\/v2\/media?parent=168"}],"curies":[{"name":"wp","href":"https:\/\/api.w.org\/{rel}","templated":true}]}}