{"id":162,"date":"2021-01-15T16:15:24","date_gmt":"2021-01-15T13:15:24","guid":{"rendered":"http:\/\/myvize.com.tr\/japonya\/?page_id=162"},"modified":"2021-11-09T12:43:36","modified_gmt":"2021-11-09T09:43:36","slug":"diyarbakir","status":"publish","type":"page","link":"https:\/\/myvize.com.tr\/japonya\/subelerimiz\/diyarbakir\/","title":{"rendered":"Japonya Vizesi , Diyarbak\u0131r"},"content":{"rendered":"<h2><span style=\"font-family: Roboto; font-size: 27px;\"><strong>Japonya Vize Ba\u015fvuru Merkezi , <\/strong><\/span><span style=\"font-family: Roboto; font-size: 27px;\"><strong>Diyarbak\u0131r <\/strong><\/span><\/h2>\n<p><span style=\"font-family: Roboto; font-size: 14px;\">Vize ba\u015fvuru merkezleri T\u00fcrkiye\u2019nin \u00e7ok az ilinde yer al\u0131r. Diyarbak\u0131r\u2019da vize ba\u015fvuru merkezi yoktur. Fakat<strong><span style=\"color: #2acec2;\"><a style=\"color: #2acec2;\" href=\"https:\/\/myvize.com.tr\/japonya\/vize-islemleri\/\" target=\"_blank\" rel=\"noopener\"> vize i\u015flemleri<\/a><\/span><\/strong> i\u00e7in acentelerden destek alabilmek m\u00fcmk\u00fcnd\u00fcr.\u00a0<strong>Diyarbak\u0131r Japonya vize merkezi<\/strong>\u00a0olmamas\u0131 acentelerin \u00fczerine daha fazla sorumluluk y\u00fcklemi\u015f olabilir. Fakat \u00e7al\u0131\u015fanlar bu konularda deneyimli ki\u015filerdir ve vize konular\u0131n\u0131 sorunsuz olarak halletmeye odakl\u0131d\u0131rlar. Japonya seyahatleri i\u00e7in farkl\u0131 vize se\u00e7enekleri mevcuttur. Bunun i\u00e7in <strong>vize alma<\/strong> ad\u0131mlar\u0131n\u0131n do\u011fru bir \u015fekilde takip edilmesi gerekir.<\/span><\/p>\n<p><span style=\"font-family: Roboto; font-size: 14px;\"><strong>Diyarbak\u0131r<\/strong>\u2019dan farkl\u0131 \u00fclkelere gidebilmek i\u00e7in vize ba\u015fvurular\u0131 yap\u0131labilir. Haz\u0131rlanacak olan evraklarda \u00fclkeden \u00fclkeye g\u00f6re de\u011fi\u015fiklikler olabilir. Bu konuda sorun ya\u015fanmamas\u0131 ad\u0131na g\u00fcncel evrak listesinin takip edilmesi gerekir. Bu \u015fekilde evrak haz\u0131rlama i\u015flemleri de sorunsuz olarak y\u00fcr\u00fct\u00fclebilir. Evraklarda eksiklerin olmas\u0131, <strong>vize reddi<\/strong> ya\u015fanmas\u0131na neden olabilir. Ba\u015fvuru s\u00fcrecinin olumsuz sonu\u00e7lanmamas\u0131 i\u00e7in gerekli ara\u015ft\u0131rma yap\u0131lmal\u0131d\u0131r. <span style=\"color: #2acec2;\"><strong><a style=\"color: #2acec2;\" href=\"https:\/\/myvize.com.tr\/japonya\/vize-islemleri\/japonya-vizesi\/\" target=\"_blank\" rel=\"noopener\">Japonya vizesi<\/a><\/strong><\/span> almak isteyenler evrak haz\u0131rl\u0131\u011f\u0131ndan sonra Japonya gibi \u00f6nemli bir ada \u00fclkesine gidebilmek i\u00e7in ilk ad\u0131m\u0131 atm\u0131\u015f olurlar. Evrak haz\u0131rl\u0131\u011f\u0131ndan sonra yap\u0131lmas\u0131 gereken i\u015flem, diplomatik temsilciliklere ba\u015fvurmakt\u0131r. <strong>Japonya<\/strong> bulunmak istemenin nedenleri farkl\u0131 olabilir.<\/span><\/p>\n","protected":false},"excerpt":{"rendered":"<p>Japonya Vize Ba\u015fvuru Merkezi , Diyarbak\u0131r Vize ba\u015fvuru merkezleri T\u00fcrkiye\u2019nin \u00e7ok az ilinde yer al\u0131r. Diyarbak\u0131r\u2019da vize ba\u015fvuru merkezi yoktur. Fakat vize i\u015flemleri i\u00e7in acentelerden destek alabilmek m\u00fcmk\u00fcnd\u00fcr.\u00a0Diyarbak\u0131r Japonya vize merkezi\u00a0olmamas\u0131 acentelerin \u00fczerine daha fazla sorumluluk y\u00fcklemi\u015f olabilir. Fakat \u00e7al\u0131\u015fanlar bu konularda deneyimli ki\u015filerdir ve vize konular\u0131n\u0131 sorunsuz olarak halletmeye odakl\u0131d\u0131rlar. Japonya seyahatleri i\u00e7in farkl\u0131<\/p>\n","protected":false},"author":2,"featured_media":0,"parent":147,"menu_order":0,"comment_status":"closed","ping_status":"closed","template":"","meta":[],"yoast_head":"<!-- This site is optimized with the Yoast SEO plugin v16.4 - https:\/\/yoast.com\/wordpress\/plugins\/seo\/ -->\n<title>Japonya Vize Ba\u015fvuru \u015eubesi Diyarbak\u0131r - MyVize Vize Ba\u015fvuru Merkezi<\/title>\n<meta name=\"description\" content=\"Japonya Vizesi Diyarbak\u0131r Vize Ba\u015fvuru Merkezi. Japonya Vizesi Nas\u0131l Al\u0131n\u0131r? Ba\u015fvuru Yapmak \u0130\u00e7in Diyarbak\u0131r \u015eubemizi Aray\u0131n: 0850 346 84 93\" \/>\n<meta name=\"robots\" content=\"index, follow, max-snippet:-1, max-image-preview:large, max-video-preview:-1\" \/>\n<link rel=\"canonical\" href=\"https:\/\/myvize.com.tr\/japonya\/subelerimiz\/diyarbakir\/\" \/>\n<meta property=\"og:locale\" content=\"tr_TR\" \/>\n<meta property=\"og:type\" content=\"article\" \/>\n<meta property=\"og:title\" content=\"Japonya Vize Ba\u015fvuru \u015eubesi Diyarbak\u0131r - MyVize Vize Ba\u015fvuru Merkezi\" \/>\n<meta property=\"og:description\" content=\"Japonya Vizesi Diyarbak\u0131r Vize Ba\u015fvuru Merkezi. Japonya Vizesi Nas\u0131l Al\u0131n\u0131r? Ba\u015fvuru Yapmak \u0130\u00e7in Diyarbak\u0131r \u015eubemizi Aray\u0131n: 0850 346 84 93\" \/>\n<meta property=\"og:url\" content=\"https:\/\/myvize.com.tr\/japonya\/subelerimiz\/diyarbakir\/\" \/>\n<meta property=\"og:site_name\" content=\"Japonya Vizesi\" \/>\n<meta property=\"article:modified_time\" content=\"2021-11-09T09:43:36+00:00\" \/>\n<meta name=\"twitter:card\" content=\"summary_large_image\" \/>\n<meta name=\"twitter:label1\" content=\"Tahmini okuma s\u00fcresi\" \/>\n\t<meta name=\"twitter:data1\" content=\"1 dakika\" \/>\n<script type=\"application\/ld+json\" class=\"yoast-schema-graph\">{\"@context\":\"https:\/\/schema.org\",\"@graph\":[{\"@type\":\"WebSite\",\"@id\":\"https:\/\/myvize.com.tr\/japonya\/#website\",\"url\":\"https:\/\/myvize.com.tr\/japonya\/\",\"name\":\"Japonya Vizesi\",\"description\":\"\",\"potentialAction\":[{\"@type\":\"SearchAction\",\"target\":\"https:\/\/myvize.com.tr\/japonya\/?s={search_term_string}\",\"query-input\":\"required name=search_term_string\"}],\"inLanguage\":\"tr\"},{\"@type\":\"WebPage\",\"@id\":\"https:\/\/myvize.com.tr\/japonya\/subelerimiz\/diyarbakir\/#webpage\",\"url\":\"https:\/\/myvize.com.tr\/japonya\/subelerimiz\/diyarbakir\/\",\"name\":\"Japonya Vize Ba\\u015fvuru \\u015eubesi Diyarbak\\u0131r - MyVize Vize Ba\\u015fvuru Merkezi\",\"isPartOf\":{\"@id\":\"https:\/\/myvize.com.tr\/japonya\/#website\"},\"datePublished\":\"2021-01-15T13:15:24+00:00\",\"dateModified\":\"2021-11-09T09:43:36+00:00\",\"description\":\"Japonya Vizesi Diyarbak\\u0131r Vize Ba\\u015fvuru Merkezi. Japonya Vizesi Nas\\u0131l Al\\u0131n\\u0131r? Ba\\u015fvuru Yapmak \\u0130\\u00e7in Diyarbak\\u0131r \\u015eubemizi Aray\\u0131n: 0850 346 84 93\",\"breadcrumb\":{\"@id\":\"https:\/\/myvize.com.tr\/japonya\/subelerimiz\/diyarbakir\/#breadcrumb\"},\"inLanguage\":\"tr\",\"potentialAction\":[{\"@type\":\"ReadAction\",\"target\":[\"https:\/\/myvize.com.tr\/japonya\/subelerimiz\/diyarbakir\/\"]}]},{\"@type\":\"BreadcrumbList\",\"@id\":\"https:\/\/myvize.com.tr\/japonya\/subelerimiz\/diyarbakir\/#breadcrumb\",\"itemListElement\":[{\"@type\":\"ListItem\",\"position\":1,\"item\":{\"@type\":\"WebPage\",\"@id\":\"https:\/\/myvize.com.tr\/japonya\/\",\"url\":\"https:\/\/myvize.com.tr\/japonya\/\",\"name\":\"Anasayfa\"}},{\"@type\":\"ListItem\",\"position\":2,\"item\":{\"@type\":\"WebPage\",\"@id\":\"https:\/\/myvize.com.tr\/japonya\/subelerimiz\/\",\"url\":\"https:\/\/myvize.com.tr\/japonya\/subelerimiz\/\",\"name\":\"\\u015eUBELER\\u0130M\\u0130Z\"}},{\"@type\":\"ListItem\",\"position\":3,\"item\":{\"@id\":\"https:\/\/myvize.com.tr\/japonya\/subelerimiz\/diyarbakir\/#webpage\"}}]}]}<\/script>\n<!-- \/ Yoast SEO plugin. -->","_links":{"self":[{"href":"https:\/\/myvize.com.tr\/japonya\/wp-json\/wp\/v2\/pages\/162"}],"collection":[{"href":"https:\/\/myvize.com.tr\/japonya\/wp-json\/wp\/v2\/pages"}],"about":[{"href":"https:\/\/myvize.com.tr\/japonya\/wp-json\/wp\/v2\/types\/page"}],"author":[{"embeddable":true,"href":"https:\/\/myvize.com.tr\/japonya\/wp-json\/wp\/v2\/users\/2"}],"replies":[{"embeddable":true,"href":"https:\/\/myvize.com.tr\/japonya\/wp-json\/wp\/v2\/comments?post=162"}],"version-history":[{"count":4,"href":"https:\/\/myvize.com.tr\/japonya\/wp-json\/wp\/v2\/pages\/162\/revisions"}],"predecessor-version":[{"id":536,"href":"https:\/\/myvize.com.tr\/japonya\/wp-json\/wp\/v2\/pages\/162\/revisions\/536"}],"up":[{"embeddable":true,"href":"https:\/\/myvize.com.tr\/japonya\/wp-json\/wp\/v2\/pages\/147"}],"wp:attachment":[{"href":"https:\/\/myvize.com.tr\/japonya\/wp-json\/wp\/v2\/media?parent=162"}],"curies":[{"name":"wp","href":"https:\/\/api.w.org\/{rel}","templated":true}]}}