{"id":158,"date":"2021-01-15T16:14:48","date_gmt":"2021-01-15T13:14:48","guid":{"rendered":"http:\/\/myvize.com.tr\/japonya\/?page_id=158"},"modified":"2021-11-09T13:09:44","modified_gmt":"2021-11-09T10:09:44","slug":"antalya","status":"publish","type":"page","link":"https:\/\/myvize.com.tr\/japonya\/subelerimiz\/antalya\/","title":{"rendered":"Japonya Vizesi , Antalya"},"content":{"rendered":"<h2><span style=\"font-family: Roboto; font-size: 27px;\"><strong>Japonya Vize Ba\u015fvuru Merkezi , <\/strong><\/span><span style=\"font-family: Roboto; font-size: 27px;\"><strong>Antalya <\/strong><\/span><\/h2>\n<p><span style=\"font-family: Roboto; font-size: 14px;\">Vize ba\u015fvurular\u0131n\u0131n kabul edilmesinde yetkili olan <strong>vize merkezleri<\/strong> farkl\u0131 \u015fehirlerde hizmet verir. B\u00f6ylece farkl\u0131 \u015fehirlerde ya\u015fayan ki\u015filer sorun ya\u015famadan ba\u015fvurular\u0131n\u0131 tamamlayabilirler. Vize merkezlerini konsolosluklar yetkilendirir ve vizelerin al\u0131nmas\u0131 sadece yetkili olan vize merkezlerinden m\u00fcmk\u00fcnd\u00fcr. <strong>Antalya Japonya vize merkezi<\/strong> \u00fczerinden, Japonya seyahatleri i\u00e7in vize alabilmek m\u00fcmk\u00fcnd\u00fcr. Japonya seyahatleri farkl\u0131 ama\u00e7larla olabilir. \u00dcniversite e\u011fitimi, dil e\u011fitimi ya da \u00e7al\u0131\u015fma gibi durumlar, vize almak isteyenlerin en \u00e7ok tercih etti\u011fi durumlar aras\u0131nda yer al\u0131r.<\/span><\/p>\n<p><span style=\"font-family: Roboto; font-size: 14px;\"><strong>Konsolosluk<\/strong> ad\u0131na vize ba\u015fvurular\u0131n\u0131 kabul eden\u00a0<strong>Antalya Japonya vize merkezi<\/strong>, vize \u00fccretlerini alma konusunda da yetkili kurumlard\u0131r. Bu nedenle vize ba\u015fvurusunda bulunacak olanlar\u0131n vize \u00fccretlerini de haz\u0131rlamas\u0131 gerekir. Vize merkezleri randevulu sistemle \u00e7al\u0131\u015f\u0131rlar. Vize i\u015flemlerinin yap\u0131labilmesi i\u00e7in ilk olarak randevu olu\u015fturmak gerekir. Randevular i\u00e7in \u00e7a\u011fr\u0131 merkezi ya da web site tercih edilebilir. Devletten ba\u011f\u0131ms\u0131z olarak \u00e7al\u0131\u015fan bu kurumlar idari i\u015flemleri yapma konusunda yetkiye sahiptir. Yetkili olunan konulardan baz\u0131lar\u0131 ise \u015funlard\u0131r;<\/span><\/p>\n<ul>\n<li><span style=\"font-family: Roboto; font-size: 14px;\">Vize ba\u015fvurular\u0131n\u0131 kabul etmek<\/span><\/li>\n<li><span style=\"font-family: Roboto; font-size: 14px;\">\u0130\u015flemi tamamlanm\u0131\u015f olan pasaportlar\u0131 da\u011f\u0131tmak<\/span><\/li>\n<li><span style=\"font-family: Roboto; font-size: 14px;\">Konsolosluk randevular\u0131n\u0131 y\u00f6netmek gibi i\u015flemleri ger\u00e7ekle\u015ftirirler.<\/span><\/li>\n<\/ul>\n<p><span style=\"font-family: Roboto; font-size: 14px;\"><strong>Vize merkezleri<\/strong> sayesinde vize konusu daha anla\u015f\u0131labilir bir durum olmu\u015f ve kar\u0131\u015f\u0131kl\u0131k \u00f6nlenmi\u015ftir.<\/span><\/p>\n<p><span style=\"font-size: 14px; font-family: Roboto;\"><span style=\"color: #2acec2;\"><strong><a style=\"color: #2acec2;\" href=\"https:\/\/myvize.com.tr\/japonya\/vize-islemleri\/japonya-vizesi\/\" target=\"_blank\" rel=\"noopener\">Japonya Vizesi<\/a><\/strong><\/span> ile ilgili bilgi almak i\u00e7in bizi aray\u0131n\u0131z.<\/span><\/p>\n","protected":false},"excerpt":{"rendered":"<p>Japonya Vize Ba\u015fvuru Merkezi , Antalya Vize ba\u015fvurular\u0131n\u0131n kabul edilmesinde yetkili olan vize merkezleri farkl\u0131 \u015fehirlerde hizmet verir. B\u00f6ylece farkl\u0131 \u015fehirlerde ya\u015fayan ki\u015filer sorun ya\u015famadan ba\u015fvurular\u0131n\u0131 tamamlayabilirler. Vize merkezlerini konsolosluklar yetkilendirir ve vizelerin al\u0131nmas\u0131 sadece yetkili olan vize merkezlerinden m\u00fcmk\u00fcnd\u00fcr. Antalya Japonya vize merkezi \u00fczerinden, Japonya seyahatleri i\u00e7in vize alabilmek m\u00fcmk\u00fcnd\u00fcr. Japonya seyahatleri farkl\u0131 ama\u00e7larla<\/p>\n","protected":false},"author":2,"featured_media":0,"parent":147,"menu_order":0,"comment_status":"closed","ping_status":"closed","template":"","meta":[],"yoast_head":"<!-- This site is optimized with the Yoast SEO plugin v16.4 - https:\/\/yoast.com\/wordpress\/plugins\/seo\/ -->\n<title>Japonya Vize Ba\u015fvuru \u015eubesi Antalya - MyVize Vize Ba\u015fvuru Merkezi<\/title>\n<meta name=\"description\" content=\"Japonya Vizesi Antalya Vize Ba\u015fvuru Merkezi. Japonya Vizesi Nas\u0131l Al\u0131n\u0131r? Ba\u015fvuru Yapmak \u0130\u00e7in Antalya \u015eubemizi Aray\u0131n: 0850 346 84 93\" \/>\n<meta name=\"robots\" content=\"index, follow, max-snippet:-1, max-image-preview:large, max-video-preview:-1\" \/>\n<link rel=\"canonical\" href=\"https:\/\/myvize.com.tr\/japonya\/subelerimiz\/antalya\/\" \/>\n<meta property=\"og:locale\" content=\"tr_TR\" \/>\n<meta property=\"og:type\" content=\"article\" \/>\n<meta property=\"og:title\" content=\"Japonya Vize Ba\u015fvuru \u015eubesi Antalya - MyVize Vize Ba\u015fvuru Merkezi\" \/>\n<meta property=\"og:description\" content=\"Japonya Vizesi Antalya Vize Ba\u015fvuru Merkezi. Japonya Vizesi Nas\u0131l Al\u0131n\u0131r? Ba\u015fvuru Yapmak \u0130\u00e7in Antalya \u015eubemizi Aray\u0131n: 0850 346 84 93\" \/>\n<meta property=\"og:url\" content=\"https:\/\/myvize.com.tr\/japonya\/subelerimiz\/antalya\/\" \/>\n<meta property=\"og:site_name\" content=\"Japonya Vizesi\" \/>\n<meta property=\"article:modified_time\" content=\"2021-11-09T10:09:44+00:00\" \/>\n<meta name=\"twitter:card\" content=\"summary_large_image\" \/>\n<meta name=\"twitter:label1\" content=\"Tahmini okuma s\u00fcresi\" \/>\n\t<meta name=\"twitter:data1\" content=\"1 dakika\" \/>\n<script type=\"application\/ld+json\" class=\"yoast-schema-graph\">{\"@context\":\"https:\/\/schema.org\",\"@graph\":[{\"@type\":\"WebSite\",\"@id\":\"https:\/\/myvize.com.tr\/japonya\/#website\",\"url\":\"https:\/\/myvize.com.tr\/japonya\/\",\"name\":\"Japonya Vizesi\",\"description\":\"\",\"potentialAction\":[{\"@type\":\"SearchAction\",\"target\":\"https:\/\/myvize.com.tr\/japonya\/?s={search_term_string}\",\"query-input\":\"required name=search_term_string\"}],\"inLanguage\":\"tr\"},{\"@type\":\"WebPage\",\"@id\":\"https:\/\/myvize.com.tr\/japonya\/subelerimiz\/antalya\/#webpage\",\"url\":\"https:\/\/myvize.com.tr\/japonya\/subelerimiz\/antalya\/\",\"name\":\"Japonya Vize Ba\\u015fvuru \\u015eubesi Antalya - MyVize Vize Ba\\u015fvuru Merkezi\",\"isPartOf\":{\"@id\":\"https:\/\/myvize.com.tr\/japonya\/#website\"},\"datePublished\":\"2021-01-15T13:14:48+00:00\",\"dateModified\":\"2021-11-09T10:09:44+00:00\",\"description\":\"Japonya Vizesi Antalya Vize Ba\\u015fvuru Merkezi. Japonya Vizesi Nas\\u0131l Al\\u0131n\\u0131r? Ba\\u015fvuru Yapmak \\u0130\\u00e7in Antalya \\u015eubemizi Aray\\u0131n: 0850 346 84 93\",\"breadcrumb\":{\"@id\":\"https:\/\/myvize.com.tr\/japonya\/subelerimiz\/antalya\/#breadcrumb\"},\"inLanguage\":\"tr\",\"potentialAction\":[{\"@type\":\"ReadAction\",\"target\":[\"https:\/\/myvize.com.tr\/japonya\/subelerimiz\/antalya\/\"]}]},{\"@type\":\"BreadcrumbList\",\"@id\":\"https:\/\/myvize.com.tr\/japonya\/subelerimiz\/antalya\/#breadcrumb\",\"itemListElement\":[{\"@type\":\"ListItem\",\"position\":1,\"item\":{\"@type\":\"WebPage\",\"@id\":\"https:\/\/myvize.com.tr\/japonya\/\",\"url\":\"https:\/\/myvize.com.tr\/japonya\/\",\"name\":\"Anasayfa\"}},{\"@type\":\"ListItem\",\"position\":2,\"item\":{\"@type\":\"WebPage\",\"@id\":\"https:\/\/myvize.com.tr\/japonya\/subelerimiz\/\",\"url\":\"https:\/\/myvize.com.tr\/japonya\/subelerimiz\/\",\"name\":\"\\u015eUBELER\\u0130M\\u0130Z\"}},{\"@type\":\"ListItem\",\"position\":3,\"item\":{\"@id\":\"https:\/\/myvize.com.tr\/japonya\/subelerimiz\/antalya\/#webpage\"}}]}]}<\/script>\n<!-- \/ Yoast SEO plugin. -->","_links":{"self":[{"href":"https:\/\/myvize.com.tr\/japonya\/wp-json\/wp\/v2\/pages\/158"}],"collection":[{"href":"https:\/\/myvize.com.tr\/japonya\/wp-json\/wp\/v2\/pages"}],"about":[{"href":"https:\/\/myvize.com.tr\/japonya\/wp-json\/wp\/v2\/types\/page"}],"author":[{"embeddable":true,"href":"https:\/\/myvize.com.tr\/japonya\/wp-json\/wp\/v2\/users\/2"}],"replies":[{"embeddable":true,"href":"https:\/\/myvize.com.tr\/japonya\/wp-json\/wp\/v2\/comments?post=158"}],"version-history":[{"count":4,"href":"https:\/\/myvize.com.tr\/japonya\/wp-json\/wp\/v2\/pages\/158\/revisions"}],"predecessor-version":[{"id":538,"href":"https:\/\/myvize.com.tr\/japonya\/wp-json\/wp\/v2\/pages\/158\/revisions\/538"}],"up":[{"embeddable":true,"href":"https:\/\/myvize.com.tr\/japonya\/wp-json\/wp\/v2\/pages\/147"}],"wp:attachment":[{"href":"https:\/\/myvize.com.tr\/japonya\/wp-json\/wp\/v2\/media?parent=158"}],"curies":[{"name":"wp","href":"https:\/\/api.w.org\/{rel}","templated":true}]}}