{"id":154,"date":"2021-01-15T16:14:02","date_gmt":"2021-01-15T13:14:02","guid":{"rendered":"http:\/\/myvize.com.tr\/japonya\/?page_id=154"},"modified":"2021-11-09T13:13:02","modified_gmt":"2021-11-09T10:13:02","slug":"trabzon","status":"publish","type":"page","link":"https:\/\/myvize.com.tr\/japonya\/subelerimiz\/trabzon\/","title":{"rendered":"Japonya Vizesi , Trabzon"},"content":{"rendered":"<h2><span style=\"font-family: Roboto; font-size: 27px;\"><strong>Japonya Vize Ba\u015fvuru Merkezi , <\/strong><\/span><span style=\"font-family: Roboto; font-size: 27px;\"><strong>Trabzon <\/strong><\/span><\/h2>\n<p><span style=\"font-family: Roboto; font-size: 14px;\"><strong>Trabzon Japonya vize merkezi<\/strong>\u00a0arac\u0131l\u0131\u011f\u0131yla, ger\u00e7ekle\u015ftirilecek olan Japonya seyahati i\u00e7in, farkl\u0131 vize se\u00e7eneklerini alabilmek m\u00fcmk\u00fcnd\u00fcr. Japonya vizesi al\u0131naca\u011f\u0131 zaman baz\u0131 evraklar\u0131 haz\u0131rlamak gerekli hale gelebilir. Bu evraklar al\u0131nacak olan vize t\u00fcr\u00fcne g\u00f6re de\u011fi\u015fiklikler g\u00f6sterebilir. Vize alacak ki\u015filerin bu detaya dikkat etmesi olduk\u00e7a \u00f6nemlidir.\u00a0 <strong>Vize ba\u015fvurusu<\/strong> yap\u0131laca\u011f\u0131 zaman ilk olarak talep dilek\u00e7esini haz\u0131rlamak gerekir. Sonras\u0131nda ise di\u011fer evraklar da eksiksiz olarak haz\u0131rlanmal\u0131d\u0131r. <strong>Talep dilek\u00e7esi<\/strong> haz\u0131rlan\u0131rken tarih ve imza mutlaka olmal\u0131d\u0131r.<\/span><\/p>\n<p><span style=\"font-family: Roboto; font-size: 14px;\">Al\u0131nacak olan vizeler \u00f6ncesinde, talep dilek\u00e7esi yaz\u0131l\u0131rken B\u00fcy\u00fckel\u00e7ilik ya da Ba\u015fkonsoloslu\u011fa yaz\u0131ld\u0131\u011f\u0131 unutulmamal\u0131d\u0131r. Resmi bir dil kullan\u0131lmal\u0131 ve elde ya da bilgisayarda haz\u0131rlanmal\u0131d\u0131r. <strong>Trabzon Japonya vize merkezi<\/strong> \u00fczerinden farkl\u0131 vize t\u00fcrlerinin ba\u015fvurular\u0131 yap\u0131labilir. Bunlardan baz\u0131lar\u0131 \u015funlard\u0131r;<\/span><\/p>\n<ul>\n<li><span style=\"font-family: Roboto; font-size: 14px;\">Turistik vize<\/span><\/li>\n<li><span style=\"font-family: Roboto; font-size: 14px;\">Aile birle\u015fimi vizesi<\/span><\/li>\n<li><span style=\"font-family: Roboto; font-size: 14px;\">Dil okulu vizesi<\/span><\/li>\n<li><span style=\"font-family: Roboto; font-size: 14px;\">Aile ziyareti vizesi<\/span><\/li>\n<li><span style=\"font-family: Roboto; font-size: 14px;\">\u00c7al\u0131\u015fma vizesi gibi vizelerin ba\u015fvurusu yap\u0131labilir.<\/span><\/li>\n<\/ul>\n<p><span style=\"font-family: Roboto; font-size: 14px;\">Ayr\u0131ca<strong> vatanda\u015fl\u0131k i\u015flemleri<\/strong> de yap\u0131lmak istenebilir. Bunun i\u00e7inde belli ad\u0131mlar\u0131n ilerlenmesi gerekir. \u00dcniversite e\u011fitimi ya da \u00e7al\u0131\u015fma i\u00e7in, Japonya en s\u0131k tercih edilen \u00fclkeler aras\u0131ndad\u0131r. \u00dclke refah seviyesi konusunda \u00e7ok b\u00fcy\u00fck avantaja sahiptir.<\/span><\/p>\n<p><span style=\"font-family: Roboto; font-size: 14px;\"><span style=\"color: #2acec2;\"><strong><a style=\"color: #2acec2;\" href=\"https:\/\/myvize.com.tr\/japonya\/vize-islemleri\/japonya-vatandaslik-islemleri\/\" target=\"_blank\" rel=\"noopener\">Japonya Vatanda\u015fl\u0131k \u0130\u015flemleri<\/a><\/strong><\/span> ile ilgili bilgi almak i\u00e7in bizi aray\u0131n\u0131z.<\/span><\/p>\n","protected":false},"excerpt":{"rendered":"<p>Japonya Vize Ba\u015fvuru Merkezi , Trabzon Trabzon Japonya vize merkezi\u00a0arac\u0131l\u0131\u011f\u0131yla, ger\u00e7ekle\u015ftirilecek olan Japonya seyahati i\u00e7in, farkl\u0131 vize se\u00e7eneklerini alabilmek m\u00fcmk\u00fcnd\u00fcr. Japonya vizesi al\u0131naca\u011f\u0131 zaman baz\u0131 evraklar\u0131 haz\u0131rlamak gerekli hale gelebilir. Bu evraklar al\u0131nacak olan vize t\u00fcr\u00fcne g\u00f6re de\u011fi\u015fiklikler g\u00f6sterebilir. Vize alacak ki\u015filerin bu detaya dikkat etmesi olduk\u00e7a \u00f6nemlidir.\u00a0 Vize ba\u015fvurusu yap\u0131laca\u011f\u0131 zaman ilk olarak talep<\/p>\n","protected":false},"author":2,"featured_media":0,"parent":147,"menu_order":0,"comment_status":"closed","ping_status":"closed","template":"","meta":[],"yoast_head":"<!-- This site is optimized with the Yoast SEO plugin v16.4 - https:\/\/yoast.com\/wordpress\/plugins\/seo\/ -->\n<title>Japonya Vize Ba\u015fvuru \u015eubesi Trabzon - MyVize Vize Ba\u015fvuru Merkezi<\/title>\n<meta name=\"description\" content=\"Japonya Vizesi Trabzon Vize Ba\u015fvuru Merkezi. Japonya Vizesi Nas\u0131l Al\u0131n\u0131r? Ba\u015fvuru Yapmak \u0130\u00e7in Trabzon \u015eubemizi Aray\u0131n: 0850 346 84 93\" \/>\n<meta name=\"robots\" content=\"index, follow, max-snippet:-1, max-image-preview:large, max-video-preview:-1\" \/>\n<link rel=\"canonical\" href=\"https:\/\/myvize.com.tr\/japonya\/subelerimiz\/trabzon\/\" \/>\n<meta property=\"og:locale\" content=\"tr_TR\" \/>\n<meta property=\"og:type\" content=\"article\" \/>\n<meta property=\"og:title\" content=\"Japonya Vize Ba\u015fvuru \u015eubesi Trabzon - MyVize Vize Ba\u015fvuru Merkezi\" \/>\n<meta property=\"og:description\" content=\"Japonya Vizesi Trabzon Vize Ba\u015fvuru Merkezi. Japonya Vizesi Nas\u0131l Al\u0131n\u0131r? Ba\u015fvuru Yapmak \u0130\u00e7in Trabzon \u015eubemizi Aray\u0131n: 0850 346 84 93\" \/>\n<meta property=\"og:url\" content=\"https:\/\/myvize.com.tr\/japonya\/subelerimiz\/trabzon\/\" \/>\n<meta property=\"og:site_name\" content=\"Japonya Vizesi\" \/>\n<meta property=\"article:modified_time\" content=\"2021-11-09T10:13:02+00:00\" \/>\n<meta name=\"twitter:card\" content=\"summary_large_image\" \/>\n<meta name=\"twitter:label1\" content=\"Tahmini okuma s\u00fcresi\" \/>\n\t<meta name=\"twitter:data1\" content=\"1 dakika\" \/>\n<script type=\"application\/ld+json\" class=\"yoast-schema-graph\">{\"@context\":\"https:\/\/schema.org\",\"@graph\":[{\"@type\":\"WebSite\",\"@id\":\"https:\/\/myvize.com.tr\/japonya\/#website\",\"url\":\"https:\/\/myvize.com.tr\/japonya\/\",\"name\":\"Japonya Vizesi\",\"description\":\"\",\"potentialAction\":[{\"@type\":\"SearchAction\",\"target\":\"https:\/\/myvize.com.tr\/japonya\/?s={search_term_string}\",\"query-input\":\"required name=search_term_string\"}],\"inLanguage\":\"tr\"},{\"@type\":\"WebPage\",\"@id\":\"https:\/\/myvize.com.tr\/japonya\/subelerimiz\/trabzon\/#webpage\",\"url\":\"https:\/\/myvize.com.tr\/japonya\/subelerimiz\/trabzon\/\",\"name\":\"Japonya Vize Ba\\u015fvuru \\u015eubesi Trabzon - MyVize Vize Ba\\u015fvuru Merkezi\",\"isPartOf\":{\"@id\":\"https:\/\/myvize.com.tr\/japonya\/#website\"},\"datePublished\":\"2021-01-15T13:14:02+00:00\",\"dateModified\":\"2021-11-09T10:13:02+00:00\",\"description\":\"Japonya Vizesi Trabzon Vize Ba\\u015fvuru Merkezi. Japonya Vizesi Nas\\u0131l Al\\u0131n\\u0131r? Ba\\u015fvuru Yapmak \\u0130\\u00e7in Trabzon \\u015eubemizi Aray\\u0131n: 0850 346 84 93\",\"breadcrumb\":{\"@id\":\"https:\/\/myvize.com.tr\/japonya\/subelerimiz\/trabzon\/#breadcrumb\"},\"inLanguage\":\"tr\",\"potentialAction\":[{\"@type\":\"ReadAction\",\"target\":[\"https:\/\/myvize.com.tr\/japonya\/subelerimiz\/trabzon\/\"]}]},{\"@type\":\"BreadcrumbList\",\"@id\":\"https:\/\/myvize.com.tr\/japonya\/subelerimiz\/trabzon\/#breadcrumb\",\"itemListElement\":[{\"@type\":\"ListItem\",\"position\":1,\"item\":{\"@type\":\"WebPage\",\"@id\":\"https:\/\/myvize.com.tr\/japonya\/\",\"url\":\"https:\/\/myvize.com.tr\/japonya\/\",\"name\":\"Anasayfa\"}},{\"@type\":\"ListItem\",\"position\":2,\"item\":{\"@type\":\"WebPage\",\"@id\":\"https:\/\/myvize.com.tr\/japonya\/subelerimiz\/\",\"url\":\"https:\/\/myvize.com.tr\/japonya\/subelerimiz\/\",\"name\":\"\\u015eUBELER\\u0130M\\u0130Z\"}},{\"@type\":\"ListItem\",\"position\":3,\"item\":{\"@id\":\"https:\/\/myvize.com.tr\/japonya\/subelerimiz\/trabzon\/#webpage\"}}]}]}<\/script>\n<!-- \/ Yoast SEO plugin. -->","_links":{"self":[{"href":"https:\/\/myvize.com.tr\/japonya\/wp-json\/wp\/v2\/pages\/154"}],"collection":[{"href":"https:\/\/myvize.com.tr\/japonya\/wp-json\/wp\/v2\/pages"}],"about":[{"href":"https:\/\/myvize.com.tr\/japonya\/wp-json\/wp\/v2\/types\/page"}],"author":[{"embeddable":true,"href":"https:\/\/myvize.com.tr\/japonya\/wp-json\/wp\/v2\/users\/2"}],"replies":[{"embeddable":true,"href":"https:\/\/myvize.com.tr\/japonya\/wp-json\/wp\/v2\/comments?post=154"}],"version-history":[{"count":4,"href":"https:\/\/myvize.com.tr\/japonya\/wp-json\/wp\/v2\/pages\/154\/revisions"}],"predecessor-version":[{"id":540,"href":"https:\/\/myvize.com.tr\/japonya\/wp-json\/wp\/v2\/pages\/154\/revisions\/540"}],"up":[{"embeddable":true,"href":"https:\/\/myvize.com.tr\/japonya\/wp-json\/wp\/v2\/pages\/147"}],"wp:attachment":[{"href":"https:\/\/myvize.com.tr\/japonya\/wp-json\/wp\/v2\/media?parent=154"}],"curies":[{"name":"wp","href":"https:\/\/api.w.org\/{rel}","templated":true}]}}