{"id":150,"date":"2021-06-20T12:00:36","date_gmt":"2021-06-20T09:00:36","guid":{"rendered":"http:\/\/myvize.com.tr\/japonya\/?page_id=150"},"modified":"2021-11-09T12:05:26","modified_gmt":"2021-11-09T09:05:26","slug":"duyurular","status":"publish","type":"page","link":"https:\/\/myvize.com.tr\/japonya\/duyurular\/","title":{"rendered":"DUYURULAR"},"content":{"rendered":"<p><span style=\"font-family: Roboto;\"><\/span><\/p>\r\n<h2><span style=\"font-family: Roboto; font-size: 27px;\"><strong>Japonya Covid19<\/strong><strong>\u00a0Sonras\u0131 Vize S\u00fcreci<\/strong><\/span><\/h2>\r\n<p><span style=\"font-family: Roboto; font-size: 14px;\">\r\n\r\n<\/span><\/p>\r\n<p><span style=\"font-family: Roboto; font-size: 14px;\">Covid19 salg\u0131n\u0131ndan etkilenen \u00fclkelerden biride Japonya\u2019d\u0131r. \u00d6yle ki Japonya salg\u0131nla birlikte ola\u011fan\u00fcst\u00fc h\u00e2l ilan edip uzun s\u00fcre\u00e7li karantinaya giren \u00fclkeler aras\u0131ndad\u0131r. Bu nedenle u\u00e7u\u015f yasa\u011f\u0131 da alaraktan vize i\u015flemlerini durdurmu\u015ftur. Ancak<strong>\u00a0Japonya Covid19 Sonras\u0131 Vize S\u00fcreci\u00a0<\/strong>sa\u011flayarak, g\u00fcvenli bir \u015fekilde \u00fclkeye giri\u015f yap\u0131lmas\u0131n\u0131 istemektedir. Bu y\u00fczden yolcular\u0131n vizeye ek olarak sa\u011fl\u0131k belgesi ve a\u015f\u0131 bilgilerini beyan etmelerini gerekir. Vize s\u00fcreci t\u0131pk\u0131 <strong>Covid19 \u00f6ncesi<\/strong> gibi devam etmektedir. S\u00fcre\u00e7te herhangi bir aksakl\u0131k bulunmamaktad\u0131r. Ba\u015fvurdu\u011funuz vize \u00e7e\u015fidine \u00f6re vize \u00e7\u0131k\u0131\u015f s\u00fcreci de\u011fi\u015fkenlik g\u00f6stermektedir. Bu bak\u0131mdan vize i\u00e7in m\u00fcracaat en az on be\u015f g\u00fcn evvelden yap\u0131lm\u0131\u015f olmas\u0131 gerekir.<\/span><\/p>\r\n<p><span style=\"font-family: Roboto; font-size: 14px;\">\r\n\r\n<\/span><\/p>\r\n<p><span style=\"font-family: Roboto; font-size: 14px;\"><strong>Japonya Covid19 Sonras\u0131 Vize S\u00fcreci\u00a0<\/strong>h\u0131zl\u0131 bir \u015fekilde devaml\u0131l\u0131k g\u00f6stermektedir. Ancak her \u00fclke gibi Japonya da PCR testlerine \u00f6nem vermektedir. Yetmi\u015f iki saat \u00f6ncesinden yapt\u0131raca\u011f\u0131n\u0131z test, sa\u011fl\u0131kl\u0131 oldu\u011funuza dair yap\u0131lm\u0131\u015f bir beyand\u0131r. Bu y\u00fczden \u00fclke giri\u015finden bu teste ihtiyac\u0131n\u0131z olacakt\u0131r. Ancak baz\u0131 \u00fclkelerde tedbir amac\u0131 ile test tekrarlanmaktad\u0131r. \u00dclkeye giri\u015f yapt\u0131ktan sonra \u00f6nerilen \u015fekilde karantinaya girmeniz gerekir.<\/span><\/p>\r\n<h2><span style=\"font-family: Roboto; font-size: 27px;\"><b>Japonya Konsoloslu\u011fu Duyurular\u0131<\/b><\/span><\/h2>\r\n<p><span style=\"font-family: Roboto; font-size: 14px;\">Japonya ve T\u00fcrkiye aras\u0131ndaki ili\u015fkiler her zaman \u0131l\u0131ml\u0131 ve gelecek vaat eden d\u00fczeyde olmu\u015ftur. Ge\u00e7mi\u015fteki dostane ili\u015fkilerin \u0131\u015f\u0131\u011f\u0131nda iki \u00fclke aras\u0131nda vize uygulamalar\u0131 belirli bir d\u00fczeye \u00e7ekilerek k\u0131sa s\u00fcreli ziyaretler i\u00e7in kald\u0131r\u0131lm\u0131\u015f; devam\u0131nda ise k\u00fclt\u00fcrel, ticari, teknolojik, savunma gibi bir\u00e7ok alanda geli\u015fime s\u00fcrekli a\u00e7\u0131k olan alanlar desteklenmeye devam etmi\u015ftir.<\/span><\/p>\r\n<p><span style=\"font-family: Roboto; font-size: 14px;\"><strong>Japonya T\u00fcrkiye<\/strong> aras\u0131ndaki s\u0131cak ve geli\u015fen ili\u015fkiler, s\u0131kl\u0131kla yerel ve ulusal bas\u0131nda yer bulmakta, konsolosluk ve konsolosluk d\u00fczeyindeki temsilcilikler vas\u0131tas\u0131 ile de desteklenmeye devam etmektedir.<\/span><\/p>\r\n<p><span style=\"font-family: Roboto; font-size: 14px;\">Japonya ile T\u00fcrkiye aras\u0131ndaki ili\u015fkilerin bu denli iyi olmas\u0131na ili\u015fkin \u00e7e\u015fitli bas\u0131n duyurular\u0131 ve b\u00fcltenleri yay\u0131nlanmaktad\u0131r. Ayr\u0131ca pandeminin etkileri nedeni ile de<strong> vize ba\u015fvurular\u0131<\/strong>, destek ve rehberlik talepleri gibi istekler belirli bir uygulama ve k\u0131s\u0131tlamalara tabi tutulmaktad\u0131r. Bu ve daha detayl\u0131 duyurular <strong>Japonya B\u00fcy\u00fckel\u00e7ili\u011fi<\/strong> resmi web sitesinden yap\u0131lmaktad\u0131r.<\/span><\/p>\r\n<p><span style=\"font-family: Roboto; font-size: 14px;\"><strong>Japonya konsoloslu\u011fu DUYURULAR\u00a0<\/strong>i\u00e7in <span style=\"color: #2acec2;\"><strong><a style=\"color: #2acec2;\" href=\"https:\/\/myvize.com.tr\/japonya\/konsolosluklar\/ankara-buyukelciligi\/\" target=\"_blank\" rel=\"noopener\">Japonya Ankara B\u00fcy\u00fckel\u00e7ili\u011fi <\/a><\/strong><\/span>resmi internet sayfas\u0131 mutlaka takip edilmelidir. Konsolosluklardaki uygulamalar da b\u00fcy\u00fckel\u00e7ilik onay\u0131 ile faaliyet g\u00f6sterdi\u011finden ve gerekli d\u00fczenlemeler yap\u0131ld\u0131\u011f\u0131ndan b\u00fcy\u00fckel\u00e7ilik duyurular\u0131 ayn\u0131 zamanda konsolosluklar i\u00e7in de ge\u00e7erli olacakt\u0131r.<\/span><\/p>\r\n<p><span style=\"font-family: Roboto; font-size: 14px;\"><span style=\"color: #2acec2;\"><strong><a style=\"color: #2acec2;\" href=\"https:\/\/myvize.com.tr\/japonya\/vize-islemleri\/japonya-vize-randevusu\/\" target=\"_blank\" rel=\"noopener\">Japonya Vize Randevusu<\/a><\/strong><\/span> ile ilgili bilgi almak i\u00e7in bizi aray\u0131n.<\/span><\/p>\r\n<p><span style=\"font-family: Roboto;\"><\/span><\/p>","protected":false},"excerpt":{"rendered":"<p>Japonya Covid19\u00a0Sonras\u0131 Vize S\u00fcreci Covid19 salg\u0131n\u0131ndan etkilenen \u00fclkelerden biride Japonya\u2019d\u0131r. \u00d6yle ki Japonya salg\u0131nla birlikte ola\u011fan\u00fcst\u00fc h\u00e2l ilan edip uzun s\u00fcre\u00e7li karantinaya giren \u00fclkeler aras\u0131ndad\u0131r. Bu nedenle u\u00e7u\u015f yasa\u011f\u0131 da alaraktan vize i\u015flemlerini durdurmu\u015ftur. Ancak\u00a0Japonya Covid19 Sonras\u0131 Vize S\u00fcreci\u00a0sa\u011flayarak, g\u00fcvenli bir \u015fekilde \u00fclkeye giri\u015f yap\u0131lmas\u0131n\u0131 istemektedir. Bu y\u00fczden yolcular\u0131n vizeye ek olarak sa\u011fl\u0131k belgesi ve<\/p>\n","protected":false},"author":2,"featured_media":0,"parent":0,"menu_order":0,"comment_status":"closed","ping_status":"closed","template":"","meta":[],"yoast_head":"<!-- This site is optimized with the Yoast SEO plugin v16.4 - https:\/\/yoast.com\/wordpress\/plugins\/seo\/ -->\n<title>Japonya Konsoloslu\u011fu Duyurular\u0131 - MyVize Vize Ba\u015fvuru Merkezi<\/title>\n<meta name=\"description\" content=\"Japonya Konsoloslu\u011fu Duyurular\u0131 Nelerdir? Japonya Vizesi COVID19 Duyurular\u0131. Bilgi \u0130\u00e7in Vize Uzmanlar\u0131m\u0131z\u0131 Aray\u0131n: 0850 346 84 93\" \/>\n<meta name=\"robots\" content=\"index, follow, max-snippet:-1, max-image-preview:large, max-video-preview:-1\" \/>\n<link rel=\"canonical\" href=\"https:\/\/myvize.com.tr\/japonya\/duyurular\/\" \/>\n<meta property=\"og:locale\" content=\"tr_TR\" \/>\n<meta property=\"og:type\" content=\"article\" \/>\n<meta property=\"og:title\" content=\"Japonya Konsoloslu\u011fu Duyurular\u0131 - MyVize Vize Ba\u015fvuru Merkezi\" \/>\n<meta property=\"og:description\" content=\"Japonya Konsoloslu\u011fu Duyurular\u0131 Nelerdir? Japonya Vizesi COVID19 Duyurular\u0131. Bilgi \u0130\u00e7in Vize Uzmanlar\u0131m\u0131z\u0131 Aray\u0131n: 0850 346 84 93\" \/>\n<meta property=\"og:url\" content=\"https:\/\/myvize.com.tr\/japonya\/duyurular\/\" \/>\n<meta property=\"og:site_name\" content=\"Japonya Vizesi\" \/>\n<meta property=\"article:modified_time\" content=\"2021-11-09T09:05:26+00:00\" \/>\n<meta name=\"twitter:card\" content=\"summary_large_image\" \/>\n<meta name=\"twitter:label1\" content=\"Tahmini okuma s\u00fcresi\" \/>\n\t<meta name=\"twitter:data1\" content=\"2 dakika\" \/>\n<script type=\"application\/ld+json\" class=\"yoast-schema-graph\">{\"@context\":\"https:\/\/schema.org\",\"@graph\":[{\"@type\":\"WebSite\",\"@id\":\"https:\/\/myvize.com.tr\/japonya\/#website\",\"url\":\"https:\/\/myvize.com.tr\/japonya\/\",\"name\":\"Japonya Vizesi\",\"description\":\"\",\"potentialAction\":[{\"@type\":\"SearchAction\",\"target\":\"https:\/\/myvize.com.tr\/japonya\/?s={search_term_string}\",\"query-input\":\"required name=search_term_string\"}],\"inLanguage\":\"tr\"},{\"@type\":\"WebPage\",\"@id\":\"https:\/\/myvize.com.tr\/japonya\/duyurular\/#webpage\",\"url\":\"https:\/\/myvize.com.tr\/japonya\/duyurular\/\",\"name\":\"Japonya Konsoloslu\\u011fu Duyurular\\u0131 - MyVize Vize Ba\\u015fvuru Merkezi\",\"isPartOf\":{\"@id\":\"https:\/\/myvize.com.tr\/japonya\/#website\"},\"datePublished\":\"2021-06-20T09:00:36+00:00\",\"dateModified\":\"2021-11-09T09:05:26+00:00\",\"description\":\"Japonya Konsoloslu\\u011fu Duyurular\\u0131 Nelerdir? Japonya Vizesi COVID19 Duyurular\\u0131. Bilgi \\u0130\\u00e7in Vize Uzmanlar\\u0131m\\u0131z\\u0131 Aray\\u0131n: 0850 346 84 93\",\"breadcrumb\":{\"@id\":\"https:\/\/myvize.com.tr\/japonya\/duyurular\/#breadcrumb\"},\"inLanguage\":\"tr\",\"potentialAction\":[{\"@type\":\"ReadAction\",\"target\":[\"https:\/\/myvize.com.tr\/japonya\/duyurular\/\"]}]},{\"@type\":\"BreadcrumbList\",\"@id\":\"https:\/\/myvize.com.tr\/japonya\/duyurular\/#breadcrumb\",\"itemListElement\":[{\"@type\":\"ListItem\",\"position\":1,\"item\":{\"@type\":\"WebPage\",\"@id\":\"https:\/\/myvize.com.tr\/japonya\/\",\"url\":\"https:\/\/myvize.com.tr\/japonya\/\",\"name\":\"Anasayfa\"}},{\"@type\":\"ListItem\",\"position\":2,\"item\":{\"@id\":\"https:\/\/myvize.com.tr\/japonya\/duyurular\/#webpage\"}}]}]}<\/script>\n<!-- \/ Yoast SEO plugin. -->","_links":{"self":[{"href":"https:\/\/myvize.com.tr\/japonya\/wp-json\/wp\/v2\/pages\/150"}],"collection":[{"href":"https:\/\/myvize.com.tr\/japonya\/wp-json\/wp\/v2\/pages"}],"about":[{"href":"https:\/\/myvize.com.tr\/japonya\/wp-json\/wp\/v2\/types\/page"}],"author":[{"embeddable":true,"href":"https:\/\/myvize.com.tr\/japonya\/wp-json\/wp\/v2\/users\/2"}],"replies":[{"embeddable":true,"href":"https:\/\/myvize.com.tr\/japonya\/wp-json\/wp\/v2\/comments?post=150"}],"version-history":[{"count":5,"href":"https:\/\/myvize.com.tr\/japonya\/wp-json\/wp\/v2\/pages\/150\/revisions"}],"predecessor-version":[{"id":511,"href":"https:\/\/myvize.com.tr\/japonya\/wp-json\/wp\/v2\/pages\/150\/revisions\/511"}],"wp:attachment":[{"href":"https:\/\/myvize.com.tr\/japonya\/wp-json\/wp\/v2\/media?parent=150"}],"curies":[{"name":"wp","href":"https:\/\/api.w.org\/{rel}","templated":true}]}}