{"id":144,"date":"2021-01-15T16:03:36","date_gmt":"2021-01-15T13:03:36","guid":{"rendered":"http:\/\/myvize.com.tr\/japonya\/?page_id=144"},"modified":"2021-11-09T12:02:47","modified_gmt":"2021-11-09T09:02:47","slug":"form-ve-dilekce","status":"publish","type":"page","link":"https:\/\/myvize.com.tr\/japonya\/form-ve-dilekce\/","title":{"rendered":"FORM VE D\u0130LEK\u00c7E"},"content":{"rendered":"<p><span style=\"font-family: Roboto;\"><\/span><\/p>\r\n<p><span style=\"font-family: Roboto; font-size: 14px;\">Japonya\u2019 ya ziyaret etmek istiyorsan\u0131z ve ziyaretiniz 90 g\u00fcnden az s\u00fcrecekse vize alman\u0131z gerekmemektedir. Japonya, bordo (umumi) pasaport, Gri (hizmet) pasaport, ye\u015fil (hususi) pasaport ve siyah (diplomatik) pasaport sahibi T\u00fcrk vatanda\u015flar\u0131 i\u00e7in vize \u015fart\u0131 ko\u015fmamaktad\u0131r. Yani pasaport \u00e7e\u015fidiniz ne olursa olsun e\u011fer 90 g\u00fcnden az s\u00fcre i\u00e7in Japonya ziyareti yapmak isteyen bir T\u00fcrk vatanda\u015f\u0131ysan\u0131z Japonya\u2019 ya girmek i\u00e7in vize alman\u0131z gerekmez. Ancak 90 g\u00fcnden fazla s\u00fcrecek ziyaretleriniz i\u00e7in<strong> vize \u015fart\u0131<\/strong> ko\u015fulabilir. E\u011fer Japonya\u2019 ya ta\u015f\u0131nmak ya da orada ya\u015famak istiyorsan\u0131z yani Japonya\u2019 da uzun s\u00fcre kalacaksan\u0131z Japonya ba\u015fkonsoloslu\u011fu ya Japonya B\u00fcy\u00fckel\u00e7ili\u011fi\u2019 ne vize ba\u015fvurusunda bulunman\u0131z gerekmektedir. Japonya\u2019 ya giri\u015f yaparken bulundurman\u0131z gereken baz\u0131 evraklar vard\u0131r. Bu evraklar\u0131 ise \u015fu \u015fekilde s\u0131ralayabiliriz:<\/span><\/p>\r\n<p><span style=\"font-family: Roboto; font-size: 14px;\">\r\n\r\n<\/span><\/p>\r\n<ul>\r\n<li><span style=\"font-family: Roboto; font-size: 14px;\">Japonya\u2019 ya girerken \u00f6ncelikle pasaportunuz yan\u0131n\u0131zda bulunmal\u0131d\u0131r. Bu pasaportun yeni \u00e7ipli pasaportlardan olmas\u0131 gerekmektedir. Ayr\u0131ca pasaportunuzun ge\u00e7erlilik s\u00fcresinin de ge\u00e7mi\u015f olmamas\u0131 gerekmektedir.<\/span><\/li>\r\n<li><span style=\"font-family: Roboto; font-size: 14px;\">Japonya\u2019 ya girerken n\u00fcfus c\u00fczdan\u0131 fotokopinizi de yan\u0131n\u0131zda bulundurmal\u0131s\u0131n\u0131z. N\u00fcfus c\u00fczdan\u0131n\u0131z\u0131n g\u00fcncel olmas\u0131 gerekmektedir.<\/span><\/li>\r\n<li><span style=\"font-family: Roboto; font-size: 14px;\">Japonya\u2019 ya giri\u015f, \u00e7\u0131k\u0131\u015f tarihleriniz ve konaklayaca\u011f\u0131n\u0131z yer de belirtmeniz gereken \u015feyler aras\u0131ndad\u0131r. Bunun i\u00e7in rezervasyon belgeleriniz ve u\u00e7ak biletiniz de yan\u0131n\u0131zda olmal\u0131d\u0131r.<\/span><\/li>\r\n<li><span style=\"font-family: Roboto; font-size: 14px;\">Ayr\u0131ca Japonya\u2019 ya girerken uluslar aras\u0131 ge\u00e7erlili\u011fi olan bir seyahat sa\u011fl\u0131k sigortan\u0131z da olmal\u0131d\u0131r. Bu belge opsiyon eldir ancak bulundurman\u0131z sizin lehinize olacakt\u0131r.<\/span><\/li>\r\n<li><span style=\"font-family: Roboto; font-size: 14px;\">Japonya\u2019 da 90 g\u00fcnden fazla s\u00fcre ile bulunmak isteyen vatanda\u015flar\u0131n ise vizeye ihtiyac\u0131 vard\u0131r. <span style=\"color: #2acec2;\"><strong><a style=\"color: #2acec2;\" href=\"https:\/\/myvize.com.tr\/japonya\/vize-islemleri\/japonya-vizesi\/\" target=\"_blank\" rel=\"noopener\">Japonya vizesi<\/a><\/strong><\/span> i\u00e7in gerekli olan belgeler alaca\u011f\u0131n\u0131z vize \u00e7e\u015fidine g\u00f6re de\u011fi\u015fiklik g\u00f6sterir. Japonya ziyaretinizin sebebine g\u00f6re \u00e7e\u015fitli vizeler vard\u0131r. Bu vizeler ise diplomatik vize, \u00e7al\u0131\u015fma vizesi, resmi g\u00f6revli vizesi, konaklama vizesi, genel vize, <span style=\"color: #2acec2;\"><strong><a style=\"color: #2acec2;\" href=\"https:\/\/myvize.com.tr\/japonya\/vize-islemleri\/japonya-transit-vize\/\" target=\"_blank\" rel=\"noopener\">Japonya transit vize<\/a><\/strong><\/span> ve \u00f6zel vize olmak \u00fczere \u00e7e\u015fit \u00e7e\u015fittir. Bu vizeler i\u00e7in takip etmeniz gerek prosed\u00fcr\u00fc ve haz\u0131rlaman\u0131z gereken belgeleri ise Japonya diplomatik temsilciklerinden \u00f6\u011frenebilirsiniz.<\/span><\/li>\r\n<\/ul>\r\n<h2><strong><span style=\"font-family: Roboto; font-size: 27px;\">Japonya Konsoloslu\u011fu Form ve Dilek\u00e7e<\/span><\/strong><\/h2>\r\n<p><span style=\"font-family: Roboto; font-size: 14px;\">Japonya seyahatleri \u00f6ncesinde, seyahat edecek olan ki\u015filerin Japonya vizesi almas\u0131 gerekmektedir.<strong> Japonya vizesi<\/strong> ba\u015fvurular\u0131nda bir\u00e7ok vize istenmektedir. Ancak bunlar\u0131n i\u00e7erisinde en \u00f6nemli olan iki tanesi <span style=\"color: #2acec2;\"><strong><a style=\"color: #2acec2;\" href=\"https:\/\/myvize.com.tr\/japonya\/vize-islemleri\/japonya-vize-basvuru-formu\/\" target=\"_blank\" rel=\"noopener\">Japonya vize ba\u015fvuru formu <\/a><\/strong><\/span>ve Japonya vize talep dilek\u00e7esidir. Bu belgeler olmadan ba\u015fvurunuz kabul dahi edilmemektedir.<\/span><\/p>\r\n<p><span style=\"font-family: Roboto; font-size: 14px;\"><strong>Japonya vize ba\u015fvuru formu<\/strong>, seyahat amac\u0131na g\u00f6re doldurulmal\u0131d\u0131r. Japonya Konsoloslu\u011fu ba\u015fvuru sahibini bu form ile tan\u0131r. Bu formda ki\u015finin kimlik bilgileri, aile bilgileri, ikamet bilgileri, ileti\u015fim bilgileri, pasaport bilgileri yer al\u0131r. Ayr\u0131ca formda ki\u015finin seyahat amac\u0131, ne kadar Japonya\u2019da kalaca\u011f\u0131, Japonya\u2019ya ne zaman giri\u015f yapaca\u011f\u0131 gibi seyahat plan\u0131n\u0131 a\u00e7\u0131klayan bilgiler yer almal\u0131d\u0131r. Bu forma yanl\u0131\u015f bilgi ya da eksik bilgi girilmemelidir. Form doldurulduktan sonra tarih at\u0131l\u0131p imzalanmal\u0131d\u0131r. <strong>Japonya vize<\/strong> ba\u015fvuru formu \u0130ngilizce olarak el yaz\u0131s\u0131 ile doldurulmal\u0131d\u0131r.<\/span><\/p>\r\n<p><span style=\"font-family: Roboto; font-size: 14px;\"><strong>Vize talep dilek\u00e7esi<\/strong>, seyahat amac\u0131na g\u00f6re doldurulmal\u0131 ve seyahat amac\u0131n\u0131 a\u00e7\u0131klamal\u0131d\u0131r. Vize ba\u015fvurusu yapaca\u011f\u0131n\u0131z temsilcili\u011fe hitaben yaz\u0131lmal\u0131d\u0131r. Yaz\u0131m dili \u0130ngilizce olmal\u0131d\u0131r. Hangi tarihlerde Japonya\u2019da kalaca\u011f\u0131n\u0131z bu dilek\u00e7ede yer almal\u0131d\u0131r. Bu dilek\u00e7ede kendi masraflar\u0131n\u0131z\u0131 kar\u015f\u0131layaca\u011f\u0131n\u0131z\u0131 bildirmelisiniz. Dilek\u00e7e yaz\u0131ld\u0131ktan sonra tarih at\u0131larak imzalanmal\u0131d\u0131r.<\/span><\/p>\r\n<h2><span style=\"font-family: Roboto; font-size: 27px;\"><b>Japonya Konsoloslu\u011fu Formlar Ve Dilek\u00e7eler<\/b><\/span><\/h2>\r\n<p><span style=\"font-family: Roboto; font-size: 14px;\">T\u00fcrk vatanda\u015flar\u0131n\u0131n <strong>Japonya seyahatlerini<\/strong> ger\u00e7ekle\u015ftirmeden \u00f6nce, k\u0131sa s\u00fcreli de\u011fil ise mutlak surette vize almalar\u0131 gerekmektedir. Vize ba\u015fvurular\u0131nda ise birden fazla vize t\u00fcr\u00fc vard\u0131r ve bu vize t\u00fcrleri aras\u0131ndan do\u011fru olan vizeye ba\u015fvurmak ve evraklar\u0131 buna g\u00f6re do\u011fru bi\u00e7imde doldurmak gereklidir. <strong>Japonya konsolosluklar\u0131na<\/strong> yap\u0131labilecek ba\u015fvurularda baz\u0131<strong> form ve belgeler<\/strong> taraf\u0131n\u0131za temin edilebilmektedir. Bu belgeler i\u00e7erisindeki en \u00f6nemli evraklardan birisi Japonya vize ba\u015fvuru formu, di\u011feri ise Japonya vize talep dilek\u00e7esidir.<\/span><\/p>\r\n<p><span style=\"font-family: Roboto; font-size: 14px;\"><strong>Japonya Konsoloslu\u011fu FORM VE D\u0130LEK\u00c7Eler\u00a0<\/strong>\u00f6nemli bir tak\u0131m bilgileri i\u00e7ermektedir.<\/span><\/p>\r\n<p><span style=\"font-family: Roboto; font-size: 14px;\">Vize i\u00e7in ba\u015fvuracaklar i\u00e7in gerekli evraklardan olan <strong>Japonya vize ba\u015fvuru formu<\/strong>, seyahat nedeni ve amac\u0131na g\u00f6re dikkatlice doldurulmal\u0131d\u0131r. Japonya Konsoloslu\u011fu ba\u015fvuru sahiplerini, ba\u015fvuru formu ile tan\u0131r ve ara\u015ft\u0131r\u0131r. Bu formda ba\u015fvuru sahiplerinin kimlik detay bilgileri ile aile, ikamet, ileti\u015fim ve pasaport bilgileri yer almaktad\u0131r. Bunlara ek olarak formda ba\u015fvuru sahibinin seyahat amac\u0131 ve nedeni ile \u00fclkede ne kadar kalaca\u011f\u0131, \u00fclkeye ne zaman girece\u011fi gibi seyahat plan\u0131n\u0131 detaylar\u0131 da yer almaktad\u0131r.<strong> Vize ba\u015fvuru formunda<\/strong> yanl\u0131\u015f veya eksik bilgi olmamal\u0131d\u0131r. Form, \u0130ngilizce olarak el yaz\u0131s\u0131 ile doldurulmal\u0131, ayr\u0131ca tarih ve \u0131slak imza bulunmal\u0131d\u0131r.\u00a0<\/span><\/p>\r\n<p><span style=\"font-family: Roboto; font-size: 14px;\"><strong>Vize talep dilek\u00e7esi<\/strong> ise, seyahat amac\u0131n\u0131 i\u00e7eren bilgilere g\u00f6re doldurulmal\u0131 ve a\u00e7\u0131klay\u0131c\u0131 olmal\u0131d\u0131r. Vize ba\u015fvurusunun yap\u0131laca\u011f\u0131 diplomatik temsilcili\u011fe hitap etmeli ve yaz\u0131m dili de \u0130ngilizce olmal\u0131d\u0131r. Japonya\u2019da kal\u0131nacak tarih aral\u0131\u011f\u0131 da dilek\u00e7ede yer almal\u0131d\u0131r. Dilek\u00e7e yaz\u0131m\u0131ndan sonra tarih yaz\u0131lmal\u0131 ve imzalanmal\u0131d\u0131r.<\/span><\/p>\r\n<p><span style=\"font-family: Roboto;\"><\/span><\/p>","protected":false},"excerpt":{"rendered":"<p>Japonya\u2019 ya ziyaret etmek istiyorsan\u0131z ve ziyaretiniz 90 g\u00fcnden az s\u00fcrecekse vize alman\u0131z gerekmemektedir. Japonya, bordo (umumi) pasaport, Gri (hizmet) pasaport, ye\u015fil (hususi) pasaport ve siyah (diplomatik) pasaport sahibi T\u00fcrk vatanda\u015flar\u0131 i\u00e7in vize \u015fart\u0131 ko\u015fmamaktad\u0131r. Yani pasaport \u00e7e\u015fidiniz ne olursa olsun e\u011fer 90 g\u00fcnden az s\u00fcre i\u00e7in Japonya ziyareti yapmak isteyen bir T\u00fcrk vatanda\u015f\u0131ysan\u0131z Japonya\u2019<\/p>\n","protected":false},"author":2,"featured_media":0,"parent":0,"menu_order":0,"comment_status":"closed","ping_status":"closed","template":"","meta":[],"yoast_head":"<!-- This site is optimized with the Yoast SEO plugin v16.4 - https:\/\/yoast.com\/wordpress\/plugins\/seo\/ -->\n<title>Japonya Konsoloslu\u011fu Form ve Dilek\u00e7e - MyVize Vize Ba\u015fvuru Merkezi<\/title>\n<meta name=\"description\" content=\"Japonya Konsoloslu\u011fu Form ve Dilek\u00e7eleri Nas\u0131l Yaz\u0131l\u0131r? Japonya Konsoloslu\u011fu Formu Nas\u0131l Doldurulur? Japonya Form ve Dilek\u00e7e 2022.\" \/>\n<meta name=\"robots\" content=\"index, follow, max-snippet:-1, max-image-preview:large, max-video-preview:-1\" \/>\n<link rel=\"canonical\" href=\"https:\/\/myvize.com.tr\/japonya\/form-ve-dilekce\/\" \/>\n<meta property=\"og:locale\" content=\"tr_TR\" \/>\n<meta property=\"og:type\" content=\"article\" \/>\n<meta property=\"og:title\" content=\"Japonya Konsoloslu\u011fu Form ve Dilek\u00e7e - MyVize Vize Ba\u015fvuru Merkezi\" \/>\n<meta property=\"og:description\" content=\"Japonya Konsoloslu\u011fu Form ve Dilek\u00e7eleri Nas\u0131l Yaz\u0131l\u0131r? Japonya Konsoloslu\u011fu Formu Nas\u0131l Doldurulur? Japonya Form ve Dilek\u00e7e 2022.\" \/>\n<meta property=\"og:url\" content=\"https:\/\/myvize.com.tr\/japonya\/form-ve-dilekce\/\" \/>\n<meta property=\"og:site_name\" content=\"Japonya Vizesi\" \/>\n<meta property=\"article:modified_time\" content=\"2021-11-09T09:02:47+00:00\" \/>\n<meta name=\"twitter:card\" content=\"summary_large_image\" \/>\n<meta name=\"twitter:label1\" content=\"Tahmini okuma s\u00fcresi\" \/>\n\t<meta name=\"twitter:data1\" content=\"3 dakika\" \/>\n<script type=\"application\/ld+json\" class=\"yoast-schema-graph\">{\"@context\":\"https:\/\/schema.org\",\"@graph\":[{\"@type\":\"WebSite\",\"@id\":\"https:\/\/myvize.com.tr\/japonya\/#website\",\"url\":\"https:\/\/myvize.com.tr\/japonya\/\",\"name\":\"Japonya Vizesi\",\"description\":\"\",\"potentialAction\":[{\"@type\":\"SearchAction\",\"target\":\"https:\/\/myvize.com.tr\/japonya\/?s={search_term_string}\",\"query-input\":\"required name=search_term_string\"}],\"inLanguage\":\"tr\"},{\"@type\":\"WebPage\",\"@id\":\"https:\/\/myvize.com.tr\/japonya\/form-ve-dilekce\/#webpage\",\"url\":\"https:\/\/myvize.com.tr\/japonya\/form-ve-dilekce\/\",\"name\":\"Japonya Konsoloslu\\u011fu Form ve Dilek\\u00e7e - MyVize Vize Ba\\u015fvuru Merkezi\",\"isPartOf\":{\"@id\":\"https:\/\/myvize.com.tr\/japonya\/#website\"},\"datePublished\":\"2021-01-15T13:03:36+00:00\",\"dateModified\":\"2021-11-09T09:02:47+00:00\",\"description\":\"Japonya Konsoloslu\\u011fu Form ve Dilek\\u00e7eleri Nas\\u0131l Yaz\\u0131l\\u0131r? Japonya Konsoloslu\\u011fu Formu Nas\\u0131l Doldurulur? Japonya Form ve Dilek\\u00e7e 2022.\",\"breadcrumb\":{\"@id\":\"https:\/\/myvize.com.tr\/japonya\/form-ve-dilekce\/#breadcrumb\"},\"inLanguage\":\"tr\",\"potentialAction\":[{\"@type\":\"ReadAction\",\"target\":[\"https:\/\/myvize.com.tr\/japonya\/form-ve-dilekce\/\"]}]},{\"@type\":\"BreadcrumbList\",\"@id\":\"https:\/\/myvize.com.tr\/japonya\/form-ve-dilekce\/#breadcrumb\",\"itemListElement\":[{\"@type\":\"ListItem\",\"position\":1,\"item\":{\"@type\":\"WebPage\",\"@id\":\"https:\/\/myvize.com.tr\/japonya\/\",\"url\":\"https:\/\/myvize.com.tr\/japonya\/\",\"name\":\"Anasayfa\"}},{\"@type\":\"ListItem\",\"position\":2,\"item\":{\"@id\":\"https:\/\/myvize.com.tr\/japonya\/form-ve-dilekce\/#webpage\"}}]}]}<\/script>\n<!-- \/ Yoast SEO plugin. -->","_links":{"self":[{"href":"https:\/\/myvize.com.tr\/japonya\/wp-json\/wp\/v2\/pages\/144"}],"collection":[{"href":"https:\/\/myvize.com.tr\/japonya\/wp-json\/wp\/v2\/pages"}],"about":[{"href":"https:\/\/myvize.com.tr\/japonya\/wp-json\/wp\/v2\/types\/page"}],"author":[{"embeddable":true,"href":"https:\/\/myvize.com.tr\/japonya\/wp-json\/wp\/v2\/users\/2"}],"replies":[{"embeddable":true,"href":"https:\/\/myvize.com.tr\/japonya\/wp-json\/wp\/v2\/comments?post=144"}],"version-history":[{"count":6,"href":"https:\/\/myvize.com.tr\/japonya\/wp-json\/wp\/v2\/pages\/144\/revisions"}],"predecessor-version":[{"id":378,"href":"https:\/\/myvize.com.tr\/japonya\/wp-json\/wp\/v2\/pages\/144\/revisions\/378"}],"wp:attachment":[{"href":"https:\/\/myvize.com.tr\/japonya\/wp-json\/wp\/v2\/media?parent=144"}],"curies":[{"name":"wp","href":"https:\/\/api.w.org\/{rel}","templated":true}]}}